{"id":6841,"date":"2025-06-03T01:40:53","date_gmt":"2025-06-03T01:40:53","guid":{"rendered":"https:\/\/sinoextrud.com\/product\/extruded-aluminium-profile-tube-pipe-with-oval-trigle-square-round-shape-manufacturer-price\/"},"modified":"2025-06-24T06:11:49","modified_gmt":"2025-06-24T06:11:49","slug":"stranggepresstes-aluminiumprofil-rohr-mit-ovaler-dreieckiger-runder-form-herstellerpreis","status":"publish","type":"product","link":"https:\/\/sinoextrud.com\/de\/product\/extruded-aluminium-profile-tube-pipe-with-oval-trigle-square-round-shape-manufacturer-price\/","title":{"rendered":"Stranggepresstes Aluminiumprofil Rohr mit ovaler, dreieckiger, runder Form Herstellerpreis"},"content":{"rendered":"<h2>Produkte Details<\/h2>\n<table class=\"custom-table\">\n<tr>\n<td class=\"label\">Artikel:<\/td>\n<td> Aluminium Rundrohr Profil\/Extrudierte Aluminium Profil Rohr Rohr mit Oval Trigle Quadrat Runde Form Hersteller Preis<\/td>\n<\/tr>\n<tr>\n<td class=\"label\">Note:<\/td>\n<td> Serie 6000<\/td>\n<\/tr>\n<tr>\n<td class=\"label\">Temperament:<\/td>\n<td> T3-T8<\/td>\n<\/tr>\n<tr>\n<td class=\"label\">Legierung:<\/td>\n<td> Legierung<\/td>\n<\/tr>\n<tr>\n<td class=\"label\">Profil aus poliertem Aluminium:<\/td>\n<td> Mechanisches Polieren<\/td>\n<\/tr>\n<tr>\n<td class=\"label\">Produktionszeit:<\/td>\n<td> 20 bis 25 Tage<\/td>\n<\/tr>\n<tr>\n<td class=\"label\">Transport-Paket:<\/td>\n<td> Standard-Export-Verpackung<\/td>\n<\/tr>\n<tr>\n<td class=\"label\">Herkunft:<\/td>\n<td> Foshan, China<\/td>\n<\/tr>\n<tr>\n<td class=\"label\">Extra Service:<\/td>\n<td> OEM<\/td>\n<\/tr>\n<tr>\n<td class=\"label\">Material:<\/td>\n<td> 6063-T5, 6061-T6, 6463-T5, 7075-T6, 6082<\/td>\n<\/tr>\n<tr>\n<td class=\"label\">Oberfl\u00e4chenveredelung:<\/td>\n<td> als Bedingung<\/td>\n<\/tr>\n<tr>\n<td class=\"label\">Zertifizierung:<\/td>\n<td> CE, ISO, TUV<\/td>\n<\/tr>\n<tr>\n<td class=\"label\">L\u00e4nge:<\/td>\n<td> 1~9 Meter oder nach Bedarf<\/td>\n<\/tr>\n<tr>\n<td class=\"label\">Verarbeitung:<\/td>\n<td> Qualit\u00e4t beim Aluminium-Strangpressen<\/td>\n<\/tr>\n<tr>\n<td class=\"label\">Fob Port:<\/td>\n<td> Shenzhen, Foshan, Guangzhou<\/td>\n<\/tr>\n<\/table>\n<h2>Unsere Produktionsbasis<\/h2>\n<h3>Fabrik-Panorama<\/h3>\n<p><img decoding=\"async\" src=\"\/wp-content\/uploads\/factory-01.webp\"\/><\/p>\n<h3>Werkstatt zur Herstellung von Aluminiumstangen<\/h3>\n<p><img decoding=\"async\" src=\"\/wp-content\/uploads\/factory-02.webp\"\/><\/p>\n<\/p>\n<p><img decoding=\"async\" src=\"\/wp-content\/uploads\/factory-03.webp\"\/><\/p>\n<h3>Lagerhaus f\u00fcr Formen<\/h3>\n<p><img decoding=\"async\" src=\"\/wp-content\/uploads\/factory-04.webp\"\/><\/p>\n<h3>43 Aluminium-Strangpressanlagen (500-5500 Tonnen)<\/h3>\n<p><img decoding=\"async\" src=\"\/wp-content\/uploads\/factory-05.webp\"\/><\/p>\n<p><img decoding=\"async\" src=\"\/wp-content\/uploads\/factory-06.webp\"\/><\/p>\n<p><img decoding=\"async\" src=\"\/wp-content\/uploads\/factory-07.webp\"\/><\/p>\n<h3>Werkstatt f\u00fcr Pulverbeschichtung<\/h3>\n<p><img decoding=\"async\" src=\"\/wp-content\/uploads\/factory-09.webp\"\/><\/p>\n<h3>Eloxal-Werkstatt<\/h3>\n<p><img decoding=\"async\" src=\"\/wp-content\/uploads\/factory-10.webp\"\/><\/p>\n<h3>Workshop zur Tiefenverarbeitung<\/h3>\n<p><img decoding=\"async\" src=\"\/wp-content\/uploads\/factory-11.webp\"\/><\/p>\n<h3>CNC-Pr\u00e4zisionsbearbeitungswerkstatt<\/h3>\n<p><img decoding=\"async\" src=\"\/wp-content\/uploads\/factory-11.5.webp\"\/><\/p>\n<h3>Lager f\u00fcr Fertigprodukte und Export<\/h3>\n<p><img decoding=\"async\" src=\"\/wp-content\/uploads\/factory-12.webp\"\/><\/p>\n<p><img decoding=\"async\" src=\"\/wp-content\/uploads\/factory-13.webp\"\/><\/p>\n<p><img decoding=\"async\" src=\"\/wp-content\/uploads\/factory-14.webp\"\/><\/p>\n<h2>FAQ<\/h2>\n<p><b>1. was sind stranggepresste Aluminium-Profilrohre? <\/b><\/p>\n<p> Dies sind Aluminiumhohlprofile in verschiedenen Formen wie rund, quadratisch, oval und dreieckig, die durch Strangpressen f\u00fcr strukturelle oder dekorative Zwecke hergestellt werden.\n<\/p>\n<p><\/p>\n<p><b>2. welche Legierungen werden f\u00fcr Aluminiumrohre verwendet? <\/b><\/p>\n<p> Zu den h\u00e4ufig verwendeten Legierungen geh\u00f6ren 6061 und 6063, die ein gutes Gleichgewicht zwischen Festigkeit, Bearbeitbarkeit und Korrosionsbest\u00e4ndigkeit bieten.\n<\/p>\n<p><\/p>\n<p><b>3. welche Formen gibt es f\u00fcr Aluminiumprofilrohre? <\/b><\/p>\n<p> Typische Formen sind rund, quadratisch, oval, dreieckig und kundenspezifische Querschnitte je nach Projektanforderungen.\n<\/p>\n<p><\/p>\n<p><b>4. welche Oberfl\u00e4chenbehandlungen werden f\u00fcr Aluminiumtuben angeboten? <\/b><\/p>\n<p> Die Oberfl\u00e4chen sind je nach funktionalen und \u00e4sthetischen Anforderungen walzblank, eloxiert, pulverbeschichtet, geb\u00fcrstet und poliert.\n<\/p>\n<p><\/p>\n<p><b>5. k\u00f6nnen diese Aluminiumtuben im Freien verwendet werden? <\/b><\/p>\n<p> Ja, mit entsprechenden Oberfl\u00e4chenbehandlungen wie Eloxierung oder Pulverbeschichtung sind diese Profile aufgrund ihrer Witterungsbest\u00e4ndigkeit ideal f\u00fcr Au\u00dfenanwendungen.\n<\/p>\n<p><\/p>\n<p><b>6. sind die Gr\u00f6\u00dfen und Wandst\u00e4rken anpassbar? <\/b><\/p>\n<p> Auf jeden Fall bieten die Hersteller eine vollst\u00e4ndige Anpassung an mechanische, architektonische oder industrielle Spezifikationen an.\n<\/p>\n<p><\/p>\n<p><b>7. welche Verwendungszwecke gibt es f\u00fcr stranggepresste Aluminium-Rohrprofile? <\/b><\/p>\n<p> Sie werden in M\u00f6beln, Handl\u00e4ufen, Schildern, Ausstellungsst\u00e4nden, Konstruktionsrahmen und Transportkomponenten verwendet.\n<\/p>\n<p><\/p>\n<p><b>8. wo kann ich Aluminium-Rohrprofile zu Herstellerpreisen finden? <\/b><\/p>\n<p> F\u00fchrende chinesische Hersteller bieten Massenpreise, OEM-Produktion und Exportservices f\u00fcr kundenspezifische Aluminiumrohrprofile an.\n<\/p>\n<p><\/p>","protected":false},"featured_media":6840,"template":"","categories":[67],"class_list":["post-6841","product","type-product","status-publish","has-post-thumbnail","hentry","category-architectural-aluminium-profile"],"meta_box":{"hilight_text_group":{"product_hilight_text":"<li>Extruded aluminium profile tubes available in oval, triangle, square, and round shapes for versatile applications<\/li>\r\r\n<li>Made from high-quality 6061 or 6063 alloys offering excellent strength and corrosion resistance<\/li>\r\r\n<li>Customizable sizes, wall thicknesses, and finishes to meet structural, decorative, or mechanical needs<\/li>\r\r\n<li>Available in mill finish, anodized, brushed, or powder-coated surfaces<\/li>\r\r\n<li>Manufacturer-direct pricing with bulk production capability for OEM and industrial projects<\/li>","product_chanpin_blog":"<ul>\r\r\n<li><a href=\"https:\/\/sinoextrud.com\/t-slot-v-slot-differences\/\" target=\"_blank\">t slot vs v slot<\/a><\/li>\r\r\n<li><a href=\"https:\/\/sinoextrud.com\/what-is-4040-aluminium-extrud\/\" target=\"_blank\">4040 aluminium extrusion<\/a><\/li>\r\r\n<li><a href=\"https:\/\/sinoextrud.com\/what-is-4040-aluminium-extrud\/\" target=\"_blank\">aluminum extrusions for industrial racks<\/a><\/li>\r\r\n<li><a href=\"https:\/\/sinoextrud.com\/powder-coating-aluminium-process\/\" target=\"_blank\">powder coating aluminium<\/a><\/li>\r\r\n<li><a href=\"https:\/\/sinoextrud.com\/what-is-an-aluminium-strip-ceiling\/\" target=\"_blank\">aluminium strip ceiling<\/a><\/li>\r\r\n<li><a href=\"https:\/\/sinoextrud.com\/what-is-a-heat-sink\/\" target=\"_blank\">what is a heat sink<\/a><\/li>\r\r\n<\/ul>","product_chanpin_chanpin":"<li><a href=\"https:\/\/sinoextrud.com\/product\/6000-series-alloy-extruded-aluminium-profile-for-industrial-solar-panel-frame-structure\/\" target=\"_blank\">6000 Series Alloy Extruded Aluminium Profile For Industrial Solar Panel Frame Structure<\/a><\/li>\r\n<li><a href=\"https:\/\/sinoextrud.com\/product\/aluminium-sliding-door-matt-black\/\" target=\"_blank\">Aluminium Sliding Door Matt Black<\/a><\/li>\r\n<li><a href=\"https:\/\/sinoextrud.com\/product\/aluminium-sliding-door-champagne-colour\/\" target=\"_blank\">Aluminium Sliding Door Champagne colour<\/a><\/li>\r\n<li><a href=\"https:\/\/sinoextrud.com\/product\/aluminium-sliding-door-electrophoresis-golden\/\" target=\"_blank\">Aluminium Sliding Door Electrophoresis Golden<\/a><\/li>\r\n<li><a href=\"https:\/\/sinoextrud.com\/product\/extruded-aluminium-profile-tube-pipe-with-oval-trigle-square-round-shape-manufacturer-price\/\" target=\"_blank\">Extruded Aluminium Profile Tube Pipe With Oval Trigle Square Round Shape Manufacturer Price<\/a><\/li>\r\n<li><a href=\"https:\/\/sinoextrud.com\/product\/aluminium-sliding-door-brushed-grey\/\" target=\"_blank\">Aluminium Sliding Door Brushed Grey<\/a><\/li>\r\n<li><a href=\"https:\/\/sinoextrud.com\/product\/aluminium-sliding-door-matt-grey\/\" target=\"_blank\">Aluminium Sliding Door Matt Grey<\/a><\/li>\r\n<li><a href=\"https:\/\/sinoextrud.com\/product\/oem-aluminium-extrusion-profile-for-furniture-knobs-door-pull-handle\/\" target=\"_blank\">OEM Aluminium Extrusion Profile For Furniture Knobs Door Pull Handle<\/a><\/li>\r\n<li><a href=\"https:\/\/sinoextrud.com\/product\/aluminium-profile-for-glass-roof\/\" target=\"_blank\">Aluminium Profile For Glass Roof<\/a><\/li>\r\n<li><a href=\"https:\/\/sinoextrud.com\/product\/aluminum-alloy-6061-h-beams-aluminum-for-medical-clean-room-aluminum-extrusion-t-slot-i-beams-profile-dust-free-frame\/\" target=\"_blank\">Aluminum Alloy 6061 H Beams Aluminum For Medical Clean Room Aluminum Extrusion T Slot I Beams Profile Dust-free Frame<\/a><\/li>\r\n<li><a href=\"https:\/\/sinoextrud.com\/product\/20mm-x-20mm-aluminum-extrusion\/\" target=\"_blank\">20mm X 20mm Aluminum Extrusion<\/a><\/li>"},"feature_list":[]},"_links":{"self":[{"href":"https:\/\/sinoextrud.com\/de\/wp-json\/wp\/v2\/product\/6841","targetHints":{"allow":["GET"]}}],"collection":[{"href":"https:\/\/sinoextrud.com\/de\/wp-json\/wp\/v2\/product"}],"about":[{"href":"https:\/\/sinoextrud.com\/de\/wp-json\/wp\/v2\/types\/product"}],"wp:featuredmedia":[{"embeddable":true,"href":"https:\/\/sinoextrud.com\/de\/wp-json\/wp\/v2\/media\/6840"}],"wp:attachment":[{"href":"https:\/\/sinoextrud.com\/de\/wp-json\/wp\/v2\/media?parent=6841"}],"wp:term":[{"taxonomy":"category","embeddable":true,"href":"https:\/\/sinoextrud.com\/de\/wp-json\/wp\/v2\/categories?post=6841"}],"curies":[{"name":"wp","href":"https:\/\/api.w.org\/{rel}","templated":true}]}}