{"id":6829,"date":"2025-06-02T13:28:06","date_gmt":"2025-06-02T13:28:06","guid":{"rendered":"https:\/\/sinoextrud.com\/product\/6000-series-alloy-extruded-aluminium-profile-for-industrial-solar-panel-frame-structure\/"},"modified":"2025-06-24T06:11:47","modified_gmt":"2025-06-24T06:11:47","slug":"stranggepresstes-aluminiumprofil-der-serie-6000-fur-die-rahmenstruktur-von-industriellen-solarpanels","status":"publish","type":"product","link":"https:\/\/sinoextrud.com\/de\/product\/6000-series-alloy-extruded-aluminium-profile-for-industrial-solar-panel-frame-structure\/","title":{"rendered":"6000 Serie Legierung stranggepresstes Aluminiumprofil f\u00fcr industrielle Solarpanel Rahmenstruktur"},"content":{"rendered":"<h2>Produkte Details<\/h2>\n<table class=\"custom-table\">\n<tr>\n<td class=\"label\">Artikel<\/td>\n<td>6000 Serie Legierung stranggepresstes Aluminiumprofil f\u00fcr industrielle Solarpanel Rahmenstruktur<\/td>\n<\/tr>\n<tr>\n<td class=\"label\">Material<\/td>\n<td>Legierung 6063 T5<\/td>\n<\/tr>\n<tr>\n<td class=\"label\">Anmeldung<\/td>\n<td>Stranggepresstes Aluminium Sandgestrahltes Profil<\/td>\n<\/tr>\n<tr>\n<td class=\"label\">Zertifikat<\/td>\n<td>ISO9001, ISO14001<\/td>\n<\/tr>\n<tr>\n<td class=\"label\">F\u00e4higkeit<\/td>\n<td>Jahresproduktion mehr als 200.000 Tonnen<\/td>\n<\/tr>\n<tr>\n<td class=\"label\">Farbe<\/td>\n<td>Kundenspezifisch verf\u00fcgbar<\/td>\n<\/tr>\n<tr>\n<td class=\"label\">L\u00e4nge<\/td>\n<td>1-9 Meter oder kundenspezifisch<\/td>\n<\/tr>\n<tr>\n<td class=\"label\">Dicke<\/td>\n<td>Kundenspezifisch<\/td>\n<\/tr>\n<tr>\n<td class=\"label\">Oberfl\u00e4che<\/td>\n<td>Walzoberfl\u00e4che, Eloxierung, Pulverbeschichtung, Holzmaserung, Beschichtung, etc.<\/td>\n<\/tr>\n<tr>\n<td class=\"label\">Anmeldung<\/td>\n<td>Fenster- und T\u00fcrprofile, Gel\u00e4nder, Vorhangfassaden<br \/>Verladung, Hafen Foshan<\/td>\n<\/tr>\n<tr>\n<td class=\"label\">Zahlung<\/td>\n<td>T\/T, 30% Anzahlung, der Restbetrag ist vor der Lieferung zu begleichen<\/td>\n<\/tr>\n<tr>\n<td class=\"label\">Paket<\/td>\n<td>1. innen: mit Kunststoff-Schutzfolie verpackt, um jedes Profil zu sch\u00fctzen<br \/>2. au\u00dfen: mit wasserfestem Bastelpapier verpackt<\/td>\n<\/tr>\n<tr>\n<td class=\"label\">Reihenfolge der Bestellung<\/td>\n<td>1. Best\u00e4tigen Sie die Zeichnungen, die Oberfl\u00e4chenbehandlung und den Preis;<br \/>2. Bezahlen Sie die Formgeb\u00fchr und wir beginnen mit der Herstellung der Formen;<br \/>3. Wir senden Ihnen Muster f\u00fcr Ihre Best\u00e4tigung;<br \/>4. Machen Sie die Zahlung von 30% Kaution, die Produktion zu starten;<\/td>\n<\/tr>\n<\/table>\n<h2>Unsere Produktionsbasis<\/h2>\n<h3>Fabrik-Panorama<\/h3>\n<p><img decoding=\"async\" src=\"\/wp-content\/uploads\/factory-01.webp\"\/><\/p>\n<h3>Werkstatt zur Herstellung von Aluminiumstangen<\/h3>\n<p><img decoding=\"async\" src=\"\/wp-content\/uploads\/factory-02.webp\"\/><\/p>\n<\/p>\n<p><img decoding=\"async\" src=\"\/wp-content\/uploads\/factory-03.webp\"\/><\/p>\n<h3>Lagerhaus f\u00fcr Formen<\/h3>\n<p><img decoding=\"async\" src=\"\/wp-content\/uploads\/factory-04.webp\"\/><\/p>\n<h3>43 Aluminium-Strangpressanlagen (500\u00e2\u20ac\"5500 Tonnen)<\/h3>\n<p><img decoding=\"async\" src=\"\/wp-content\/uploads\/factory-05.webp\"\/><\/p>\n<p><img decoding=\"async\" src=\"\/wp-content\/uploads\/factory-06.webp\"\/><\/p>\n<p><img decoding=\"async\" src=\"\/wp-content\/uploads\/factory-07.webp\"\/><\/p>\n<h3>Werkstatt f\u00fcr Pulverbeschichtung<\/h3>\n<p><img decoding=\"async\" src=\"\/wp-content\/uploads\/factory-09.webp\"\/><\/p>\n<h3>Eloxal-Werkstatt<\/h3>\n<p><img decoding=\"async\" src=\"\/wp-content\/uploads\/factory-10.webp\"\/><\/p>\n<h3>Workshop zur Tiefenverarbeitung<\/h3>\n<p><img decoding=\"async\" src=\"\/wp-content\/uploads\/factory-11.webp\"\/><\/p>\n<h3>CNC-Pr\u00e4zisionsbearbeitungswerkstatt<\/h3>\n<p><img decoding=\"async\" src=\"\/wp-content\/uploads\/factory-11.5.webp\"\/><\/p>\n<h3>Lager f\u00fcr Fertigprodukte und Export<\/h3>\n<p><img decoding=\"async\" src=\"\/wp-content\/uploads\/factory-12.webp\"\/><\/p>\n<p><img decoding=\"async\" src=\"\/wp-content\/uploads\/factory-13.webp\"\/><\/p>\n<p><img decoding=\"async\" src=\"\/wp-content\/uploads\/factory-14.webp\"\/><\/p>\n<h2>FAQ<\/h2>\n<p><b>1. was sind stranggepresste Aluminiumprofile der Serie 6000 f\u00fcr Solarpanelrahmen? <\/b><\/p>\n<p> Dabei handelt es sich um Aluminium-Strangpressprofile aus einer 6061- oder 6063-Legierung, die speziell f\u00fcr die Halterung und Befestigung von Solarmodulen in industriellen und gewerblichen Anlagen entwickelt wurden.\n<\/p>\n<p><\/p>\n<p><b>2. warum ist Aluminium der Serie 6000 ideal f\u00fcr Solarmodulrahmen? <\/b><\/p>\n<p> Die 6000er Serie bietet eine optimale Mischung aus Festigkeit, Korrosionsbest\u00e4ndigkeit und Extrudierbarkeit und ist damit f\u00fcr den langfristigen Au\u00dfeneinsatz in Solaranwendungen geeignet.\n<\/p>\n<p><\/p>\n<p><b>3. welche Oberfl\u00e4chen sind f\u00fcr Aluminiumrahmen f\u00fcr Solarmodule erh\u00e4ltlich? <\/b><\/p>\n<p> G\u00e4ngige Oberfl\u00e4chenbehandlungen sind Eloxieren, Walzen und Pulverbeschichten, die alle witterungsbest\u00e4ndig sind und die Haltbarkeit der Oberfl\u00e4che verbessern.\n<\/p>\n<p><\/p>\n<p><b>4 Sind diese Profile f\u00fcr gro\u00dfe Solaranlagen geeignet? <\/b><\/p>\n<p> Ja, ihr geringes Gewicht und ihre strukturelle St\u00e4rke machen sie ideal f\u00fcr Aufdach-, Freifl\u00e4chen- und nachgef\u00fchrte Solarsysteme.\n<\/p>\n<p><\/p>\n<p><b>5. kann ich individuelle Solarrahmenprofile bestellen? <\/b><\/p>\n<p> Auf jeden Fall bieten die Hersteller OEM-Services f\u00fcr kundenspezifische L\u00e4ngen, Lochmuster, Montagenuten und Profilformen an, die zu bestimmten Solarmodellen passen.\n<\/p>\n<p><\/p>\n<p><b>6. wie verbessern Aluminium-Solarrahmen die Effizienz der Installation? <\/b><\/p>\n<p> Ihre leichte und modulare Bauweise reduziert den Arbeitsaufwand, erleichtert den Transport und erm\u00f6glicht eine schnelle Montage vor Ort.\n<\/p>\n<p><\/p>\n<p><b>7 Welche Umweltvorteile bietet die Verwendung von Aluminium in Solarkonstruktionen? <\/b><\/p>\n<p> Aluminium ist vollst\u00e4ndig recycelbar und tr\u00e4gt zur Nachhaltigkeit von Solarenergiesystemen bei, indem es den gesamten Kohlenstoff-Fu\u00dfabdruck reduziert.\n<\/p>\n<p><\/p>\n<p><b>8. liefern chinesische Hersteller diese Profile f\u00fcr den Export? <\/b><\/p>\n<p> Ja, erstklassige chinesische Hersteller bieten Massenproduktion, wettbewerbsf\u00e4hige Preise und internationalen Versand f\u00fcr Solar-Aluminium-Strangpressprofile.\n<\/p>\n<p><\/p>","protected":false},"featured_media":6828,"template":"","categories":[67],"class_list":["post-6829","product","type-product","status-publish","has-post-thumbnail","hentry","category-architectural-aluminium-profile"],"meta_box":{"hilight_text_group":{"product_hilight_text":"<li>Engineered 6000 series alloy aluminum profiles for high-performance solar panel frame structures<\/li>\r\r\n<li>Manufactured from 6061 or 6063 alloy offering excellent strength, corrosion resistance, and weather durability<\/li>\r\r\n<li>Lightweight yet robust, simplifying installation and transportation in solar mounting systems<\/li>\r\r\n<li>Available in anodized or mill finish to enhance lifespan in harsh outdoor environments<\/li>\r\r\n<li>OEM customization available for frame size, thickness, and cross-sectional design to fit various solar modules<\/li>","product_chanpin_blog":"<ul>\r\r\n<li><a href=\"https:\/\/sinoextrud.com\/t-slot-v-slot-differences\/\" target=\"_blank\">t slot vs v slot<\/a><\/li>\r\r\n<li><a href=\"https:\/\/sinoextrud.com\/what-is-4040-aluminium-extrud\/\" target=\"_blank\">4040 aluminium extrusion<\/a><\/li>\r\r\n<li><a href=\"https:\/\/sinoextrud.com\/what-is-4040-aluminium-extrud\/\" target=\"_blank\">aluminum extrusions for industrial racks<\/a><\/li>\r\r\n<li><a href=\"https:\/\/sinoextrud.com\/powder-coating-aluminium-process\/\" target=\"_blank\">powder coating aluminium<\/a><\/li>\r\r\n<li><a href=\"https:\/\/sinoextrud.com\/what-is-an-aluminium-strip-ceiling\/\" target=\"_blank\">aluminium strip ceiling<\/a><\/li>\r\r\n<li><a href=\"https:\/\/sinoextrud.com\/what-is-a-heat-sink\/\" target=\"_blank\">what is a heat sink<\/a><\/li>\r\r\n<\/ul>","product_chanpin_chanpin":"<li><a href=\"https:\/\/sinoextrud.com\/product\/heavy-duty-aluminium-sliding-door-golden\/\" target=\"_blank\">Heavy Duty Aluminium Sliding Door Golden<\/a><\/li>\r\n<li><a href=\"https:\/\/sinoextrud.com\/product\/aluminium-sliding-door-brushed-silver\/\" target=\"_blank\">Aluminium Sliding Door Brushed Silver<\/a><\/li>\r\n<li><a href=\"https:\/\/sinoextrud.com\/product\/aluminium-sliding-door-matt-bronze\/\" target=\"_blank\">Aluminium Sliding Door Matt Bronze<\/a><\/li>\r\n<li><a href=\"https:\/\/sinoextrud.com\/product\/aluminium-extrusion-connectors\/\" target=\"_blank\">Aluminium Extrusion Connectors<\/a><\/li>\r\n<li><a href=\"https:\/\/sinoextrud.com\/product\/6000-series-alloy-extruded-aluminium-profile-for-industrial-solar-panel-frame-structure\/\" target=\"_blank\">6000 Series Alloy Extruded Aluminium Profile For Industrial Solar Panel Frame Structure<\/a><\/li>\r\n<li><a href=\"https:\/\/sinoextrud.com\/product\/aluminium-sliding-door-matt-black\/\" target=\"_blank\">Aluminium Sliding Door Matt Black<\/a><\/li>\r\n<li><a href=\"https:\/\/sinoextrud.com\/product\/aluminium-sliding-door-champagne-colour\/\" target=\"_blank\">Aluminium Sliding Door Champagne colour<\/a><\/li>\r\n<li><a href=\"https:\/\/sinoextrud.com\/product\/aluminium-sliding-door-electrophoresis-golden\/\" target=\"_blank\">Aluminium Sliding Door Electrophoresis Golden<\/a><\/li>\r\n<li><a href=\"https:\/\/sinoextrud.com\/product\/extruded-aluminium-profile-tube-pipe-with-oval-trigle-square-round-shape-manufacturer-price\/\" target=\"_blank\">Extruded Aluminium Profile Tube Pipe With Oval Trigle Square Round Shape Manufacturer Price<\/a><\/li>\r\n<li><a href=\"https:\/\/sinoextrud.com\/product\/u-shape-extruded-aluminum-wall-panels\/\" target=\"_blank\">U Shape Extruded Aluminum Wall Panels<\/a><\/li>\r\n<li><a href=\"https:\/\/sinoextrud.com\/product\/aluminum-profile-solar\/\" target=\"_blank\">Aluminum Profile Solar<\/a><\/li>"},"feature_list":[]},"_links":{"self":[{"href":"https:\/\/sinoextrud.com\/de\/wp-json\/wp\/v2\/product\/6829","targetHints":{"allow":["GET"]}}],"collection":[{"href":"https:\/\/sinoextrud.com\/de\/wp-json\/wp\/v2\/product"}],"about":[{"href":"https:\/\/sinoextrud.com\/de\/wp-json\/wp\/v2\/types\/product"}],"wp:featuredmedia":[{"embeddable":true,"href":"https:\/\/sinoextrud.com\/de\/wp-json\/wp\/v2\/media\/6828"}],"wp:attachment":[{"href":"https:\/\/sinoextrud.com\/de\/wp-json\/wp\/v2\/media?parent=6829"}],"wp:term":[{"taxonomy":"category","embeddable":true,"href":"https:\/\/sinoextrud.com\/de\/wp-json\/wp\/v2\/categories?post=6829"}],"curies":[{"name":"wp","href":"https:\/\/api.w.org\/{rel}","templated":true}]}}