{"id":6815,"date":"2025-06-02T13:09:17","date_gmt":"2025-06-02T13:09:17","guid":{"rendered":"https:\/\/sinoextrud.com\/product\/top-grade-expanded-metal-aluminium-profiles-partition-frame-for-doors-and-windows\/"},"modified":"2025-06-24T06:11:44","modified_gmt":"2025-06-24T06:11:44","slug":"hochwertige-aluminium-streckmetallprofile-fur-turen-und-fenster","status":"publish","type":"product","link":"https:\/\/sinoextrud.com\/de\/product\/top-grade-expanded-metal-aluminium-profiles-partition-frame-for-doors-and-windows\/","title":{"rendered":"Hochwertiges Streckmetall Aluminium-Profile Trennwandrahmen f\u00fcr T\u00fcren und Fenster"},"content":{"rendered":"<h2>Produkte Details<\/h2>\n<table class=\"custom-table\">\n<tr>\n<td class=\"label\">Artikel:<\/td>\n<td>6000 Serie Top Grade Streckmetall Aluminiumprofile Trennwandrahmen f\u00fcr T\u00fcren und Fenster<\/td>\n<\/tr>\n<tr>\n<td class=\"label\">Temperament:<\/td>\n<td>T4-T6<\/td>\n<\/tr>\n<tr>\n<td class=\"label\">Die Dimension:<\/td>\n<td>nach Zeichnung des Kunden oder ODM-Service.<\/td>\n<\/tr>\n<tr>\n<td class=\"label\">Oberfl\u00e4chenbearbeitung:<\/td>\n<td>Walzoberfl\u00e4che, Pulverbeschichtung, Eloxieren, Sandstrahlen, geb\u00fcrstet, poliert, usw.<\/td>\n<\/tr>\n<tr>\n<td class=\"label\">Tiefe Verarbeitung:<\/td>\n<td>Schneiden, Bohren, Stanzen, CNC-Maschinen, Gewindeschneiden, Biegen, Schwei\u00dfen, Drehen usw.<\/td>\n<\/tr>\n<tr>\n<td class=\"label\">Paket:<\/td>\n<td>Entsprechend den Anforderungen des Kunden. Wie zum Beispiel: Schaumstoff-Papier und Karton-Box-Paket, Kraft-Papier-Paket, Kunststoff-Folie und die Kunststoff-Verpackung etc.<\/td>\n<\/tr>\n<tr>\n<td class=\"label\">Zertifizierung:<\/td>\n<td>ISO9001:2008,SGS.<\/td>\n<\/tr>\n<tr>\n<td class=\"label\">Anwendung:<\/td>\n<td>Industrie, Bauwesen, Elektronen, Transport, Raumfahrt, M\u00f6bel, Energie, usw.<\/td>\n<\/tr>\n<tr>\n<td class=\"label\">Vorteile:<\/td>\n<td>1. professioneller Hersteller<br \/>2. niedriges MOQ<br \/>3. Schnelle Lieferung<br \/>4. Qualit\u00e4ts- und Servicegarantie<br \/>5. Service aus einer Hand<\/td>\n<\/tr>\n<\/table>\n<h2>Unsere Produktionsbasis<\/h2>\n<h3>Fabrik-Panorama<\/h3>\n<p><img decoding=\"async\" src=\"\/wp-content\/uploads\/factory-01.webp\"\/><\/p>\n<h3>Werkstatt zur Herstellung von Aluminiumstangen<\/h3>\n<p><img decoding=\"async\" src=\"\/wp-content\/uploads\/factory-02.webp\"\/><\/p>\n<p><img decoding=\"async\" src=\"\/wp-content\/uploads\/factory-03.webp\"\/><\/p>\n<h3>Lagerhaus f\u00fcr Formen<\/h3>\n<p><img decoding=\"async\" src=\"\/wp-content\/uploads\/factory-04.webp\"\/><\/p>\n<h3>43 Aluminium-Strangpressanlagen (500\u00e2\u20ac\"5500 Tonnen)<\/h3>\n<p><img decoding=\"async\" src=\"\/wp-content\/uploads\/factory-05.webp\"\/><\/p>\n<p><img decoding=\"async\" src=\"\/wp-content\/uploads\/factory-06.webp\"\/><\/p>\n<p><img decoding=\"async\" src=\"\/wp-content\/uploads\/factory-07.webp\"\/><\/p>\n<h3>Werkstatt f\u00fcr Pulverbeschichtung<\/h3>\n<p><img decoding=\"async\" src=\"\/wp-content\/uploads\/factory-09.webp\"\/><\/p>\n<h3>Eloxal-Werkstatt<\/h3>\n<p><img decoding=\"async\" src=\"\/wp-content\/uploads\/factory-10.webp\"\/><\/p>\n<h3>Workshop zur Tiefenverarbeitung<\/h3>\n<p><img decoding=\"async\" src=\"\/wp-content\/uploads\/factory-11.webp\"\/><\/p>\n<h3>CNC-Pr\u00e4zisionsbearbeitungswerkstatt<\/h3>\n<p><img decoding=\"async\" src=\"\/wp-content\/uploads\/factory-11.5.webp\"\/><\/p>\n<h3>Lager f\u00fcr Fertigprodukte und Export<\/h3>\n<p><img decoding=\"async\" src=\"\/wp-content\/uploads\/factory-12.webp\"\/><\/p>\n<p><img decoding=\"async\" src=\"\/wp-content\/uploads\/factory-13.webp\"\/><\/p>\n<p><img decoding=\"async\" src=\"\/wp-content\/uploads\/factory-14.webp\"\/><\/p>\n<h2>FAQ<\/h2>\n<p><p><b>1. was sind Aluminium-Streckmetallprofile f\u00fcr Trennw\u00e4nde? <\/b><\/p>\n<p> Dabei handelt es sich um stranggepresste Aluminiumrahmen, die mit Streckmetallgewebe ausgestattet sind und zur Herstellung von Trennw\u00e4nden oder Paneelen in T\u00fcren und Fenstern verwendet werden, die sowohl Luftdurchlass als auch Sicherheit bieten.<br \/>\n<\/p><br \/>\n<br \/>\n<p><b>2. welche Vorteile bietet die Verwendung von Streckmetallprofilen in T\u00fcren und Fenstern? <\/b><\/p>\n<p> Sie bieten Bel\u00fcftung, Lichtdurchlass und zus\u00e4tzliche Festigkeit bei gleichzeitiger Wahrung von Sicherheit und Privatsph\u00e4re und sind daher ideal f\u00fcr gewerbliche und industrielle Umgebungen.<br \/>\n<\/p><br \/>\n<br \/>\n<p><b>3. welche Legierung wird f\u00fcr diese Aluminiumprofile verwendet? <\/b><\/p>\n<p> Die Profile werden aus der Aluminiumlegierung 6063-T5 hergestellt, die f\u00fcr ihre hervorragende Oberfl\u00e4chenqualit\u00e4t, Korrosionsbest\u00e4ndigkeit und Strangpressleistung bekannt ist.<br \/>\n<\/p><br \/>\n<br \/>\n<p><b>4. k\u00f6nnen die Streckmetallmuster individuell angepasst werden? <\/b><\/p>\n<p> Ja, Maschenweite, Muster und Rahmenform k\u00f6nnen je nach Designvorlieben und funktionalen Anforderungen angepasst werden.<br \/>\n<\/p><br \/>\n<br \/>\n<p><b>5. welche Oberfl\u00e4chen sind f\u00fcr Aluminium-Wandrahmen aus Streckmetall erh\u00e4ltlich? <\/b><\/p>\n<p> G\u00e4ngige Oberfl\u00e4chenbehandlungen sind Eloxieren, Pulverbeschichtung und PVDF f\u00fcr verbesserte Haltbarkeit und \u00c4sthetik.<br \/>\n<\/p><br \/>\n<br \/>\n<p><b>6. sind diese Aluminiumprofile f\u00fcr die Au\u00dfenmontage geeignet? <\/b><\/p>\n<p> Mit der richtigen Beschichtung sind sie absolut korrosions- und witterungsbest\u00e4ndig und eignen sich daher sowohl f\u00fcr Innen- als auch f\u00fcr Au\u00dfenanwendungen.<br \/>\n<\/p><br \/>\n<br \/>\n<p><b>7 Entsprechen diese Profile den Bau- und Sicherheitsnormen? <\/b><\/p>\n<p> Ja, hochwertige Streckmetallprofile werden nach internationalen Sicherheits- und Architekturstandards hergestellt.<br \/>\n<\/p><br \/>\n<br \/>\n<p><b>8. f\u00fcr welche Anwendungen werden diese Arten von Aluminiumtrennw\u00e4nden verwendet? <\/b><\/p>\n<p> Sie werden f\u00fcr gewerbliche Eing\u00e4nge, industrielle Sicherheitsabdeckungen, Sicherheitsfenster im Wohnbereich und L\u00fcftungspaneele verwendet.<br \/>\n<\/p><br \/><\/p>","protected":false},"featured_media":6814,"template":"","categories":[67],"class_list":["post-6815","product","type-product","status-publish","has-post-thumbnail","hentry","category-architectural-aluminium-profile"],"meta_box":{"hilight_text_group":{"product_hilight_text":"<li>Top-grade expanded metal aluminium profiles designed for strong yet lightweight partition frames<\/li>\r\r\n<li>Ideal for doors and windows requiring ventilation, visibility, and structural durability<\/li>\r\r\n<li>Manufactured from premium 6063-T5 alloy for corrosion resistance and long-term performance<\/li>\r\r\n<li>Available in multiple mesh patterns and frame designs to suit architectural and security needs<\/li>\r\r\n<li>Supplied with customizable sizes and finishes including anodized and powder-coated options<\/li>","product_chanpin_blog":"<ul>\r\r\n<li><a href=\"https:\/\/sinoextrud.com\/t-slot-v-slot-differences\/\" target=\"_blank\">t slot vs v slot<\/a><\/li>\r\r\n<li><a href=\"https:\/\/sinoextrud.com\/what-is-4040-aluminium-extrud\/\" target=\"_blank\">4040 aluminium extrusion<\/a><\/li>\r\r\n<li><a href=\"https:\/\/sinoextrud.com\/what-is-4040-aluminium-extrud\/\" target=\"_blank\">aluminum extrusions for industrial racks<\/a><\/li>\r\r\n<li><a href=\"https:\/\/sinoextrud.com\/powder-coating-aluminium-process\/\" target=\"_blank\">powder coating aluminium<\/a><\/li>\r\r\n<li><a href=\"https:\/\/sinoextrud.com\/what-is-an-aluminium-strip-ceiling\/\" target=\"_blank\">aluminium strip ceiling<\/a><\/li>\r\r\n<li><a href=\"https:\/\/sinoextrud.com\/what-is-a-heat-sink\/\" target=\"_blank\">what is a heat sink<\/a><\/li>\r\r\n<\/ul>","product_chanpin_chanpin":"<li><a href=\"https:\/\/sinoextrud.com\/product\/aluminium-profile-louver\/\" target=\"_blank\">Aluminium Profile Louver<\/a><\/li>\r\n<li><a href=\"https:\/\/sinoextrud.com\/product\/aluminum-sliding-door-frames-extrusion-profile-with-custom-shape-alloy-6063-for-furnitures-decoration\/\" target=\"_blank\">Aluminum Sliding Door Frames Extrusion Profile With Custom Shape Alloy 6063 For Furnitures Decoration<\/a><\/li>\r\n<li><a href=\"https:\/\/sinoextrud.com\/product\/aluminium-alloy-profile-for-cleaning-room-with-good-quality-manufacturer-china\/\" target=\"_blank\">Aluminium Alloy Profile For Cleaning Room With Good Quality Manufacturer China<\/a><\/li>\r\n<li><a href=\"https:\/\/sinoextrud.com\/product\/wood-grain-allow-box-aluminium-section\/\" target=\"_blank\">Wood Grain Allow Box aluminium Section<\/a><\/li>\r\n<li><a href=\"https:\/\/sinoextrud.com\/product\/top-grade-expanded-metal-aluminium-profiles-partition-frame-for-doors-and-windows\/\" target=\"_blank\">Top Grade Expanded Metal Aluminium Profiles Partition Frame For Doors And Windows<\/a><\/li>\r\n<li><a href=\"https:\/\/sinoextrud.com\/product\/6000-series-extrusion-of-aluminum-alloy-profile-for-furniture\/\" target=\"_blank\">6000 Series Extrusion Of Aluminum Alloy Profile for Furniture<\/a><\/li>\r\n<li><a href=\"https:\/\/sinoextrud.com\/product\/sliding-door-aluminium-profile-bronze-colour\/\" target=\"_blank\">Sliding Door Aluminium Profile Bronze Colour<\/a><\/li>\r\n<li><a href=\"https:\/\/sinoextrud.com\/product\/heavy-duty-aluminium-sliding-door-golden\/\" target=\"_blank\">Heavy Duty Aluminium Sliding Door Golden<\/a><\/li>\r\n<li><a href=\"https:\/\/sinoextrud.com\/product\/aluminium-sliding-door-brushed-silver\/\" target=\"_blank\">Aluminium Sliding Door Brushed Silver<\/a><\/li>\r\n<li><a href=\"https:\/\/sinoextrud.com\/product\/extruded-aluminum-t-track\/\" target=\"_blank\">Extruded Aluminum T Track<\/a><\/li>\r\n<li><a href=\"https:\/\/sinoextrud.com\/product\/square-extruded-aluminum\/\" target=\"_blank\">Square Extruded Aluminum<\/a><\/li>"},"feature_list":[]},"_links":{"self":[{"href":"https:\/\/sinoextrud.com\/de\/wp-json\/wp\/v2\/product\/6815","targetHints":{"allow":["GET"]}}],"collection":[{"href":"https:\/\/sinoextrud.com\/de\/wp-json\/wp\/v2\/product"}],"about":[{"href":"https:\/\/sinoextrud.com\/de\/wp-json\/wp\/v2\/types\/product"}],"wp:featuredmedia":[{"embeddable":true,"href":"https:\/\/sinoextrud.com\/de\/wp-json\/wp\/v2\/media\/6814"}],"wp:attachment":[{"href":"https:\/\/sinoextrud.com\/de\/wp-json\/wp\/v2\/media?parent=6815"}],"wp:term":[{"taxonomy":"category","embeddable":true,"href":"https:\/\/sinoextrud.com\/de\/wp-json\/wp\/v2\/categories?post=6815"}],"curies":[{"name":"wp","href":"https:\/\/api.w.org\/{rel}","templated":true}]}}