{"id":6811,"date":"2025-06-02T13:02:40","date_gmt":"2025-06-02T13:02:40","guid":{"rendered":"https:\/\/sinoextrud.com\/product\/aluminium-alloy-profile-for-cleaning-room-with-good-quality-manufacturer-china\/"},"modified":"2025-06-24T06:11:44","modified_gmt":"2025-06-24T06:11:44","slug":"aluminium-legierung-profil-fur-reinigungsraum-mit-guter-qualitat-hersteller-china","status":"publish","type":"product","link":"https:\/\/sinoextrud.com\/de\/product\/aluminium-alloy-profile-for-cleaning-room-with-good-quality-manufacturer-china\/","title":{"rendered":"Aluminium-Legierung Profil f\u00fcr Reinigungsraum mit guter Qualit\u00e4t Hersteller China"},"content":{"rendered":"<h2>Produkte Details<\/h2>\n<table class=\"custom-table\">\n<tr>\n<td class=\"label\">Artikel:<\/td>\n<td> Aluminium-Legierung Profil f\u00fcr Reinigungsraum mit guter Qualit\u00e4t Hersteller China<\/td>\n<\/tr>\n<tr>\n<td class=\"label\">Die Form:<\/td>\n<td> nach Zeichnung des Kunden<\/td>\n<\/tr>\n<tr>\n<td class=\"label\">Temperament:<\/td>\n<td> T3-T8<\/td>\n<\/tr>\n<tr>\n<td class=\"label\">Legierung:<\/td>\n<td> Legierung<\/td>\n<\/tr>\n<tr>\n<td class=\"label\">L\u00e4nge:<\/td>\n<td> 1-9 Meter oder kundenspezifisch<\/td>\n<\/tr>\n<tr>\n<td class=\"label\">OEM-Design\/Muster:<\/td>\n<td> Willkommen\/Akzeptabel<\/td>\n<\/tr>\n<tr>\n<td class=\"label\">Warenzeichen:<\/td>\n<td>Sinoextrud(Sinoextrud)\/ OEM<\/td>\n<\/tr>\n<tr>\n<td class=\"label\">Note:<\/td>\n<td> Serie 6000<\/td>\n<\/tr>\n<tr>\n<td class=\"label\">Oberfl\u00e4chenveredelung:<\/td>\n<td> Mill Finish , Eloxiert , Pulverbeschichtet etc<\/td>\n<\/tr>\n<tr>\n<td class=\"label\">Zertifizierung:<\/td>\n<td> CE, ISO, RoHS<\/td>\n<\/tr>\n<tr>\n<td class=\"label\">Testbericht:<\/td>\n<td>100% Inspektion vor der Auslieferung<\/td>\n<\/tr>\n<tr>\n<td class=\"label\">Transport-Paket:<\/td>\n<td> Kunststoff-Schutzfolie &amp; wasserfestes Bastelpapier<\/td>\n<\/tr>\n<tr>\n<td class=\"label\">Herkunft:<\/td>\n<td> Foshan, Guangdong, China<\/td>\n<\/tr>\n<\/table>\n<h2>Unsere Produktionsbasis<\/h2>\n<h3>Fabrik-Panorama<\/h3>\n<p><img decoding=\"async\" src=\"\/wp-content\/uploads\/factory-01.webp\"\/><\/p>\n<h3>Werkstatt zur Herstellung von Aluminiumstangen<\/h3>\n<p><img decoding=\"async\" src=\"\/wp-content\/uploads\/factory-02.webp\"\/><\/p>\n<p><img decoding=\"async\" src=\"\/wp-content\/uploads\/factory-03.webp\"\/><\/p>\n<h3>Lagerhaus f\u00fcr Formen<\/h3>\n<p><img decoding=\"async\" src=\"\/wp-content\/uploads\/factory-04.webp\"\/><\/p>\n<h3>43 Aluminium-Strangpressanlagen (500-5500 Tonnen)<\/h3>\n<p><img decoding=\"async\" src=\"\/wp-content\/uploads\/factory-05.webp\"\/><\/p>\n<p><img decoding=\"async\" src=\"\/wp-content\/uploads\/factory-06.webp\"\/><\/p>\n<p><img decoding=\"async\" src=\"\/wp-content\/uploads\/factory-07.webp\"\/><\/p>\n<h3>Werkstatt f\u00fcr Pulverbeschichtung<\/h3>\n<p><img decoding=\"async\" src=\"\/wp-content\/uploads\/factory-09.webp\"\/><\/p>\n<h3>Eloxal-Werkstatt<\/h3>\n<p><img decoding=\"async\" src=\"\/wp-content\/uploads\/factory-10.webp\"\/><\/p>\n<h3>Workshop zur Tiefenverarbeitung<\/h3>\n<p><img decoding=\"async\" src=\"\/wp-content\/uploads\/factory-11.webp\"\/><\/p>\n<h3>CNC-Pr\u00e4zisionsbearbeitungswerkstatt<\/h3>\n<p><img decoding=\"async\" src=\"\/wp-content\/uploads\/factory-11.5.webp\"\/><\/p>\n<h3>Lager f\u00fcr Fertigprodukte und Export<\/h3>\n<p><img decoding=\"async\" src=\"\/wp-content\/uploads\/factory-12.webp\"\/><\/p>\n<p><img decoding=\"async\" src=\"\/wp-content\/uploads\/factory-13.webp\"\/><\/p>\n<p><img decoding=\"async\" src=\"\/wp-content\/uploads\/factory-14.webp\"\/><\/p>\n<h2>FAQ<\/h2>\n<p><p><b>1. was ist ein Profil aus einer Aluminiumlegierung f\u00fcr Reinr\u00e4ume? <\/b><\/p>\n<p> Es handelt sich um ein speziell entwickeltes Aluminium-Strangpressprofil, das f\u00fcr den Bau von Reinraumw\u00e4nden, -decken, -t\u00fcren und St\u00fctzstrukturen in sterilen Umgebungen verwendet wird.<br \/>\n<\/p><br \/>\n<br \/>\n<p><b>2. warum die Aluminiumlegierung 6063-T5 f\u00fcr Reinraumprofile? <\/b><\/p>\n<p> 6063-T5 bietet eine glatte Oberfl\u00e4che, hohe Korrosionsbest\u00e4ndigkeit und nicht reaktive Eigenschaften, wodurch es sich f\u00fcr hygienische und kontaminationsempfindliche Anwendungen eignet.<br \/>\n<\/p><br \/>\n<br \/>\n<p><b>3. eignen sich diese Profile f\u00fcr die Pharma- und Halbleiterindustrie? <\/b><\/p>\n<p> Ja, Aluminiumprofile f\u00fcr Reinr\u00e4ume werden h\u00e4ufig in der Medizin-, Pharma-, Elektronik- und Lebensmittelindustrie verwendet, die eine strenge Kontaminationskontrolle erfordern.<br \/>\n<\/p><br \/>\n<br \/>\n<p><b>4. k\u00f6nnen Aluminium-Reinraumprofile individuell angepasst werden? <\/b><\/p>\n<p> Nat\u00fcrlich k\u00f6nnen die Profile in Form, Ausf\u00fchrung und Integrationsmerkmalen wie Kabelkan\u00e4len oder Dichtungsschienen auf spezifische Reinraumdesigns zugeschnitten werden.<br \/>\n<\/p><br \/>\n<br \/>\n<p><b>5. welche Oberfl\u00e4chen sind f\u00fcr Reinraum-Aluminiumprofile erh\u00e4ltlich? <\/b><\/p>\n<p> G\u00e4ngige Oberfl\u00e4chenbehandlungen sind Eloxieren und Pulverbeschichten, die beide eine leicht zu reinigende Oberfl\u00e4che und erh\u00f6hte Haltbarkeit bieten.<br \/>\n<\/p><br \/>\n<br \/>\n<p><b>6. lassen sich diese Profile leicht in modulare Reinraumsysteme einbauen? <\/b><\/p>\n<p> Ja, sie sind leicht, pr\u00e4zise extrudiert und kompatibel mit Platten- und Dichtungssystemen f\u00fcr eine schnelle, saubere Installation.<br \/>\n<\/p><br \/>\n<br \/>\n<p><b>7. welche Vorteile bietet die Beschaffung bei chinesischen Aluminiumherstellern? <\/b><\/p>\n<p> Chinesische Fabriken bieten wettbewerbsf\u00e4hige Preise, hohe Produktionskapazit\u00e4ten und umfangreiche Erfahrung in der Herstellung von OEM-Reinraum-Aluminiumprofilen.<br \/>\n<\/p><br \/>\n<br \/>\n<p><b>8. wie verbessern Aluminiumprofile die Effizienz von Reinr\u00e4umen? <\/b><\/p>\n<p> Ihre nahtlosen Oberfl\u00e4chen und ihre Widerstandsf\u00e4higkeit gegen Korrosion und Partikelablagerungen tragen dazu bei, die Sterilit\u00e4ts- und Luftreinheitsstandards von Reinraumumgebungen zu wahren.<br \/>\n<\/p><br \/><\/p>","protected":false},"featured_media":6810,"template":"","categories":[67],"class_list":["post-6811","product","type-product","status-publish","has-post-thumbnail","hentry","category-architectural-aluminium-profile"],"meta_box":{"hilight_text_group":{"product_hilight_text":"<li>High-precision aluminium alloy profiles engineered for cleanroom structures and partitions<\/li>\r\r\n<li>Manufactured from high-quality 6063-T5 alloy offering excellent corrosion resistance and cleanliness<\/li>\r\r\n<li>Smooth surface finish and sealed joints reduce contamination risks in controlled environments<\/li>\r\r\n<li>Customizable cross-sections and finishes to meet cleanroom design specifications<\/li>\r\r\n<li>Supplied by top-tier Chinese manufacturers with consistent quality and OEM production capacity<\/li>","product_chanpin_blog":"<ul>\r\r\n<li><a href=\"https:\/\/sinoextrud.com\/t-slot-v-slot-differences\/\" target=\"_blank\">t slot vs v slot<\/a><\/li>\r\r\n<li><a href=\"https:\/\/sinoextrud.com\/what-is-4040-aluminium-extrud\/\" target=\"_blank\">4040 aluminium extrusion<\/a><\/li>\r\r\n<li><a href=\"https:\/\/sinoextrud.com\/what-is-4040-aluminium-extrud\/\" target=\"_blank\">aluminum extrusions for industrial racks<\/a><\/li>\r\r\n<li><a href=\"https:\/\/sinoextrud.com\/powder-coating-aluminium-process\/\" target=\"_blank\">powder coating aluminium<\/a><\/li>\r\r\n<li><a href=\"https:\/\/sinoextrud.com\/what-is-an-aluminium-strip-ceiling\/\" target=\"_blank\">aluminium strip ceiling<\/a><\/li>\r\r\n<li><a href=\"https:\/\/sinoextrud.com\/what-is-a-heat-sink\/\" target=\"_blank\">what is a heat sink<\/a><\/li>\r\r\n<\/ul>","product_chanpin_chanpin":"<li><a href=\"https:\/\/sinoextrud.com\/product\/aluminum-thermal-break-profile-for-window-and-door\/\" target=\"_blank\">Aluminum Thermal Break Profile for Window And Door<\/a><\/li>\r\n<li><a href=\"https:\/\/sinoextrud.com\/product\/aluminium-louver-profile\/\" target=\"_blank\">Aluminium Louver Profile<\/a><\/li>\r\n<li><a href=\"https:\/\/sinoextrud.com\/product\/aluminium-profile-louver\/\" target=\"_blank\">Aluminium Profile Louver<\/a><\/li>\r\n<li><a href=\"https:\/\/sinoextrud.com\/product\/aluminum-sliding-door-frames-extrusion-profile-with-custom-shape-alloy-6063-for-furnitures-decoration\/\" target=\"_blank\">Aluminum Sliding Door Frames Extrusion Profile With Custom Shape Alloy 6063 For Furnitures Decoration<\/a><\/li>\r\n<li><a href=\"https:\/\/sinoextrud.com\/product\/aluminium-alloy-profile-for-cleaning-room-with-good-quality-manufacturer-china\/\" target=\"_blank\">Aluminium Alloy Profile For Cleaning Room With Good Quality Manufacturer China<\/a><\/li>\r\n<li><a href=\"https:\/\/sinoextrud.com\/product\/wood-grain-allow-box-aluminium-section\/\" target=\"_blank\">Wood Grain Allow Box aluminium Section<\/a><\/li>\r\n<li><a href=\"https:\/\/sinoextrud.com\/product\/top-grade-expanded-metal-aluminium-profiles-partition-frame-for-doors-and-windows\/\" target=\"_blank\">Top Grade Expanded Metal Aluminium Profiles Partition Frame For Doors And Windows<\/a><\/li>\r\n<li><a href=\"https:\/\/sinoextrud.com\/product\/6000-series-extrusion-of-aluminum-alloy-profile-for-furniture\/\" target=\"_blank\">6000 Series Extrusion Of Aluminum Alloy Profile for Furniture<\/a><\/li>\r\n<li><a href=\"https:\/\/sinoextrud.com\/product\/sliding-door-aluminium-profile-bronze-colour\/\" target=\"_blank\">Sliding Door Aluminium Profile Bronze Colour<\/a><\/li>\r\n<li><a href=\"https:\/\/sinoextrud.com\/product\/solar-panel-frame-aluminum-profile\/\" target=\"_blank\">Solar Panel Frame Aluminum Profile<\/a><\/li>\r\n<li><a href=\"https:\/\/sinoextrud.com\/product\/aluminum-profil-louver-roof\/\" target=\"_blank\">Aluminum Profil Louver Roof<\/a><\/li>"},"feature_list":[]},"_links":{"self":[{"href":"https:\/\/sinoextrud.com\/de\/wp-json\/wp\/v2\/product\/6811","targetHints":{"allow":["GET"]}}],"collection":[{"href":"https:\/\/sinoextrud.com\/de\/wp-json\/wp\/v2\/product"}],"about":[{"href":"https:\/\/sinoextrud.com\/de\/wp-json\/wp\/v2\/types\/product"}],"wp:featuredmedia":[{"embeddable":true,"href":"https:\/\/sinoextrud.com\/de\/wp-json\/wp\/v2\/media\/6810"}],"wp:attachment":[{"href":"https:\/\/sinoextrud.com\/de\/wp-json\/wp\/v2\/media?parent=6811"}],"wp:term":[{"taxonomy":"category","embeddable":true,"href":"https:\/\/sinoextrud.com\/de\/wp-json\/wp\/v2\/categories?post=6811"}],"curies":[{"name":"wp","href":"https:\/\/api.w.org\/{rel}","templated":true}]}}