{"id":6801,"date":"2025-06-02T12:42:44","date_gmt":"2025-06-02T12:42:44","guid":{"rendered":"https:\/\/sinoextrud.com\/product\/sand-blastedsand-blastedaluminium-profile-extuded-for-handrail-and-barrier-with-internation-standard\/"},"modified":"2025-06-24T06:11:43","modified_gmt":"2025-06-24T06:11:43","slug":"sandgestrahltes-und-gestrahltesaluminiumprofil-fur-gelander-und-absperrungen-mit-internationalem-standard","status":"publish","type":"product","link":"https:\/\/sinoextrud.com\/de\/product\/sand-blastedsand-blastedaluminium-profile-extuded-for-handrail-and-barrier-with-internation-standard\/","title":{"rendered":"SandgestrahltSandgestrahltesAluminiumprofil f\u00fcr Gel\u00e4nder und Absperrungen mit internationalem Standard extrudiert"},"content":{"rendered":"<h2>Produkte Details<\/h2>\n<table class=\"custom-table\">\n<tr>\n<td class=\"label\">Name:<\/td>\n<td>SandgestrahltSandgestrahltesAluminiumprofil f\u00fcr Gel\u00e4nder und Absperrungen mit internationalem Standard extrudiert<\/td>\n<\/tr>\n<\/table>\n<h2>Unsere Produktionsbasis<\/h2>\n<h3>Fabrik-Panorama<\/h3>\n<p><img decoding=\"async\" src=\"\/wp-content\/uploads\/factory-01.webp\"\/><\/p>\n<h3>Werkstatt zur Herstellung von Aluminiumstangen<\/h3>\n<p><img decoding=\"async\" src=\"\/wp-content\/uploads\/factory-02.webp\"\/><\/p>\n<p><img decoding=\"async\" src=\"\/wp-content\/uploads\/factory-03.webp\"\/><\/p>\n<h3>Lagerhaus f\u00fcr Formen<\/h3>\n<p><img decoding=\"async\" src=\"\/wp-content\/uploads\/factory-04.webp\"\/><\/p>\n<h3>43 Aluminium-Strangpressanlagen (500\u00e2\u20ac\"5500 Tonnen)<\/h3>\n<p><img decoding=\"async\" src=\"\/wp-content\/uploads\/factory-05.webp\"\/><\/p>\n<p><img decoding=\"async\" src=\"\/wp-content\/uploads\/factory-06.webp\"\/><\/p>\n<p><img decoding=\"async\" src=\"\/wp-content\/uploads\/factory-07.webp\"\/><\/p>\n<h3>Werkstatt f\u00fcr Pulverbeschichtung<\/h3>\n<p><img decoding=\"async\" src=\"\/wp-content\/uploads\/factory-09.webp\"\/><\/p>\n<h3>Eloxal-Werkstatt<\/h3>\n<p><img decoding=\"async\" src=\"\/wp-content\/uploads\/factory-10.webp\"\/><\/p>\n<h3>Workshop zur Tiefenverarbeitung<\/h3>\n<p><img decoding=\"async\" src=\"\/wp-content\/uploads\/factory-11.webp\"\/><\/p>\n<h3>CNC-Pr\u00e4zisionsbearbeitungswerkstatt<\/h3>\n<p><img decoding=\"async\" src=\"\/wp-content\/uploads\/factory-11.5.webp\"\/><\/p>\n<h3>Lager f\u00fcr Fertigprodukte und Export<\/h3>\n<p><img decoding=\"async\" src=\"\/wp-content\/uploads\/factory-12.webp\"\/><\/p>\n<p><img decoding=\"async\" src=\"\/wp-content\/uploads\/factory-13.webp\"\/><\/p>\n<p><img decoding=\"async\" src=\"\/wp-content\/uploads\/factory-14.webp\"\/><\/p>\n<h2>FAQ<\/h2>\n<p><p><b>1. was ist ein sandgestrahltes Aluminiumprofil f\u00fcr Handl\u00e4ufe und Absperrungen? <\/b><\/p>\n<p> Es handelt sich um ein stranggepresstes Aluminium, das einem Sandstrahlverfahren unterzogen wurde, um eine matte, strukturierte Oberfl\u00e4che zu erhalten, die ideal f\u00fcr Handl\u00e4ufe und Sicherheitsbarrieren ist.<br \/>\n<\/p><br \/>\n<br \/>\n<p><b>2. warum wird Sandstrahlen bei Aluminiumhandlaufprofilen verwendet? <\/b><\/p>\n<p> Sandstrahlen verbessert die Griffigkeit, verringert die Blendwirkung und sorgt f\u00fcr eine einheitliche Oberfl\u00e4che, die sowohl die Sicherheit als auch das Erscheinungsbild in \u00f6ffentlichen und gewerblichen R\u00e4umen verbessert.<br \/>\n<\/p><br \/>\n<br \/>\n<p><b>3. welche Legierung wird normalerweise f\u00fcr diese Aluminiumprofile verwendet? <\/b><\/p>\n<p> Die Aluminiumlegierung 6063-T5 wird aufgrund ihrer hervorragenden Festigkeit, Korrosionsbest\u00e4ndigkeit und Eignung zum Eloxieren oder Beschichten bevorzugt.<br \/>\n<\/p><br \/>\n<br \/>\n<p><b>4) Entsprechen diese Aluminiumprofile den internationalen Normen? <\/b><\/p>\n<p> Ja, sie werden so hergestellt, dass sie die internationalen Sicherheits- und Leistungsstandards f\u00fcr architektonische und sicherheitstechnische Anlagen erf\u00fcllen oder \u00fcbertreffen.<br \/>\n<\/p><br \/>\n<br \/>\n<p><b>5) Kann die sandgestrahlte Oberfl\u00e4che mit Eloxierung oder Pulverbeschichtung kombiniert werden? <\/b><\/p>\n<p> Nat\u00fcrlich k\u00f6nnen sandgestrahlte Profile auch durch Eloxieren oder Pulverbeschichten veredelt werden, um die Haltbarkeit zu erh\u00f6hen und bestimmte Farb- oder Strukturanforderungen zu erf\u00fcllen.<br \/>\n<\/p><br \/>\n<br \/>\n<p><b>6. wo werden sandgestrahlte Aluminiumhandlaufprofile \u00fcblicherweise verwendet? <\/b><\/p>\n<p> Sie werden in Treppenh\u00e4usern, Balkonen, Fu\u00dfg\u00e4ngersperren, Bahnh\u00f6fen des \u00f6ffentlichen Nahverkehrs und in Sicherheitseinrichtungen von Gesch\u00e4ftsgeb\u00e4uden eingesetzt.<br \/>\n<\/p><br \/>\n<br \/>\n<p><b>7 Ist die Installation dieser Profile einfach? <\/b><\/p>\n<p> Ja, sie sind leicht und f\u00fcr den modularen Einbau konzipiert, was den Prozess vereinfacht und die Arbeitskosten senkt.<br \/>\n<\/p><br \/>\n<br \/>\n<p><b>8. ist sandgestrahltes Aluminium umweltvertr\u00e4glich? <\/b><\/p>\n<p> Ja, Aluminium ist 100% recycelbar, und beim Sandstrahlen werden keine sch\u00e4dlichen Chemikalien verwendet, was es zu einer umweltfreundlichen L\u00f6sung macht.<br \/>\n<\/p><br \/><\/p>","protected":false},"featured_media":6800,"template":"","categories":[67],"class_list":["post-6801","product","type-product","status-publish","has-post-thumbnail","hentry","category-architectural-aluminium-profile"],"meta_box":{"hilight_text_group":{"product_hilight_text":"<li>Sand blasted aluminum profiles designed for handrails and barriers in commercial and public infrastructure<\/li>\r\r\n<li>Manufactured to international standards using high-grade 6063-T5 aluminum alloy<\/li>\r\r\n<li>Non-reflective sandblasted finish provides enhanced grip and aesthetic appeal<\/li>\r\r\n<li>Corrosion-resistant and durable, suitable for both indoor and outdoor environments<\/li>\r\r\n<li>Custom lengths, shapes, and finishes available to meet diverse architectural requirements<\/li>","product_chanpin_blog":"<ul>\r\r\n<li><a href=\"https:\/\/sinoextrud.com\/t-slot-v-slot-differences\/\" target=\"_blank\">t slot vs v slot<\/a><\/li>\r\r\n<li><a href=\"https:\/\/sinoextrud.com\/what-is-4040-aluminium-extrud\/\" target=\"_blank\">4040 aluminium extrusion<\/a><\/li>\r\r\n<li><a href=\"https:\/\/sinoextrud.com\/what-is-4040-aluminium-extrud\/\" target=\"_blank\">aluminum extrusions for industrial racks<\/a><\/li>\r\r\n<li><a href=\"https:\/\/sinoextrud.com\/powder-coating-aluminium-process\/\" target=\"_blank\">powder coating aluminium<\/a><\/li>\r\r\n<li><a href=\"https:\/\/sinoextrud.com\/what-is-an-aluminium-strip-ceiling\/\" target=\"_blank\">aluminium strip ceiling<\/a><\/li>\r\r\n<li><a href=\"https:\/\/sinoextrud.com\/what-is-a-heat-sink\/\" target=\"_blank\">what is a heat sink<\/a><\/li>\r\r\n<\/ul>","product_chanpin_chanpin":"<li><a href=\"https:\/\/sinoextrud.com\/product\/aluminum-angle-extrusion\/\" target=\"_blank\">Aluminum Angle Extrusion<\/a><\/li>\r\n<li><a href=\"https:\/\/sinoextrud.com\/product\/aluminium-sliding-door-pictures-new-update-sliding-wardrobe-doors-profile-manufacturers-oem-value-frame-extrusion\/\" target=\"_blank\">aluminium sliding door pictures new update sliding wardrobe doors profile manufacturers OEM value frame extrusion<\/a><\/li>\r\n<li><a href=\"https:\/\/sinoextrud.com\/product\/anodized-aluminum-frame-extrusion-for-picture-price-per-pound\/\" target=\"_blank\">anodized aluminum frame extrusion for picture price per pound<\/a><\/li>\r\n<li><a href=\"https:\/\/sinoextrud.com\/product\/anodise-aluminum-curtain-wall-profile-with-custom-shape-alloy-6063\/\" target=\"_blank\">Anodise Aluminum Curtain Wall Profile With Custom Shape Alloy 6063<\/a><\/li>\r\n<li><a href=\"https:\/\/sinoextrud.com\/product\/sand-blastedsand-blastedaluminium-profile-extuded-for-handrail-and-barrier-with-internation-standard\/\" target=\"_blank\">Sand BlastedSand BlastedAluminium Profile Extuded For Handrail And Barrier With Internation Standard<\/a><\/li>\r\n<li><a href=\"https:\/\/sinoextrud.com\/product\/aluminum-thermal-break-profile-for-window-and-door\/\" target=\"_blank\">Aluminum Thermal Break Profile for Window And Door<\/a><\/li>\r\n<li><a href=\"https:\/\/sinoextrud.com\/product\/aluminium-louver-profile\/\" target=\"_blank\">Aluminium Louver Profile<\/a><\/li>\r\n<li><a href=\"https:\/\/sinoextrud.com\/product\/aluminium-profile-louver\/\" target=\"_blank\">Aluminium Profile Louver<\/a><\/li>\r\n<li><a href=\"https:\/\/sinoextrud.com\/product\/aluminum-sliding-door-frames-extrusion-profile-with-custom-shape-alloy-6063-for-furnitures-decoration\/\" target=\"_blank\">Aluminum Sliding Door Frames Extrusion Profile With Custom Shape Alloy 6063 For Furnitures Decoration<\/a><\/li>\r\n<li><a href=\"https:\/\/sinoextrud.com\/product\/alloy-aluminium\/\" target=\"_blank\">Alloy Aluminium<\/a><\/li>\r\n<li><a href=\"https:\/\/sinoextrud.com\/product\/aluminum-cabinet-extrusions\/\" target=\"_blank\">Aluminum Cabinet Extrusions<\/a><\/li>"},"feature_list":[]},"_links":{"self":[{"href":"https:\/\/sinoextrud.com\/de\/wp-json\/wp\/v2\/product\/6801","targetHints":{"allow":["GET"]}}],"collection":[{"href":"https:\/\/sinoextrud.com\/de\/wp-json\/wp\/v2\/product"}],"about":[{"href":"https:\/\/sinoextrud.com\/de\/wp-json\/wp\/v2\/types\/product"}],"wp:featuredmedia":[{"embeddable":true,"href":"https:\/\/sinoextrud.com\/de\/wp-json\/wp\/v2\/media\/6800"}],"wp:attachment":[{"href":"https:\/\/sinoextrud.com\/de\/wp-json\/wp\/v2\/media?parent=6801"}],"wp:term":[{"taxonomy":"category","embeddable":true,"href":"https:\/\/sinoextrud.com\/de\/wp-json\/wp\/v2\/categories?post=6801"}],"curies":[{"name":"wp","href":"https:\/\/api.w.org\/{rel}","templated":true}]}}