{"id":6797,"date":"2025-06-02T12:32:19","date_gmt":"2025-06-02T12:32:19","guid":{"rendered":"https:\/\/sinoextrud.com\/product\/anodized-aluminum-frame-extrusion-for-picture-price-per-pound\/"},"modified":"2025-06-24T06:11:42","modified_gmt":"2025-06-24T06:11:42","slug":"eloxierte-aluminiumrahmen-fur-bilder-preis-pro-pfund","status":"publish","type":"product","link":"https:\/\/sinoextrud.com\/de\/product\/anodized-aluminum-frame-extrusion-for-picture-price-per-pound\/","title":{"rendered":"Eloxierte Aluminiumrahmen f\u00fcr Bilder Preis pro Pfund"},"content":{"rendered":"<h2>Produkte Details<\/h2>\n<table class=\"custom-table\">\n<tr>\n<td class=\"label\">Artikel:<\/td>\n<td> Eloxierte Aluminiumrahmen f\u00fcr Bilder Preis pro Pfund<\/td>\n<\/tr>\n<tr>\n<td class=\"label\">Profil aus poliertem Aluminium:<\/td>\n<td> Mechanisches Polieren<\/td>\n<\/tr>\n<tr>\n<td class=\"label\">Material:<\/td>\n<td> 6063-T5, 6463-t5<\/td>\n<\/tr>\n<tr>\n<td class=\"label\">Tiefgreifender Prozess:<\/td>\n<td> Bohren, Gewindeschneiden, Stanzen, Schneiden, Biegen<\/td>\n<\/tr>\n<tr>\n<td class=\"label\">Herkunft:<\/td>\n<td> China<\/td>\n<\/tr>\n<tr>\n<td class=\"label\">Art:<\/td>\n<td> Dekoration Aluminiumprofil<\/td>\n<\/tr>\n<tr>\n<td class=\"label\">Temperament:<\/td>\n<td> T3-T8<\/td>\n<\/tr>\n<tr>\n<td class=\"label\">Legierung:<\/td>\n<td> Legierung<\/td>\n<\/tr>\n<tr>\n<td class=\"label\">Zertifizierung:<\/td>\n<td> SONCAP, ISO, CIQ, RoHS, TUV<\/td>\n<\/tr>\n<tr>\n<td class=\"label\">Produkt:<\/td>\n<td> Aluminium-Strangpressprofile f\u00fcr Bilderrahmen<\/td>\n<\/tr>\n<tr>\n<td class=\"label\">HS-Code:<\/td>\n<td> 7604210000<\/td>\n<\/tr>\n<\/table>\n<h2>Unsere Produktionsbasis<\/h2>\n<h3>Fabrik-Panorama<\/h3>\n<p><img decoding=\"async\" src=\"\/wp-content\/uploads\/factory-01.webp\"\/><\/p>\n<h3>Werkstatt zur Herstellung von Aluminiumstangen<\/h3>\n<p><img decoding=\"async\" src=\"\/wp-content\/uploads\/factory-02.webp\"\/><\/p>\n<p><img decoding=\"async\" src=\"\/wp-content\/uploads\/factory-03.webp\"\/><\/p>\n<h3>Lagerhaus f\u00fcr Formen<\/h3>\n<p><img decoding=\"async\" src=\"\/wp-content\/uploads\/factory-04.webp\"\/><\/p>\n<h3>43 Aluminium-Strangpressanlagen (500-5500 Tonnen)<\/h3>\n<p><img decoding=\"async\" src=\"\/wp-content\/uploads\/factory-05.webp\"\/><\/p>\n<p><img decoding=\"async\" src=\"\/wp-content\/uploads\/factory-06.webp\"\/><\/p>\n<p><img decoding=\"async\" src=\"\/wp-content\/uploads\/factory-07.webp\"\/><\/p>\n<h3>Werkstatt f\u00fcr Pulverbeschichtung<\/h3>\n<p><img decoding=\"async\" src=\"\/wp-content\/uploads\/factory-09.webp\"\/><\/p>\n<h3>Eloxal-Werkstatt<\/h3>\n<p><img decoding=\"async\" src=\"\/wp-content\/uploads\/factory-10.webp\"\/><\/p>\n<h3>Workshop zur Tiefenverarbeitung<\/h3>\n<p><img decoding=\"async\" src=\"\/wp-content\/uploads\/factory-11.webp\"\/><\/p>\n<h3>CNC-Pr\u00e4zisionsbearbeitungswerkstatt<\/h3>\n<p><img decoding=\"async\" src=\"\/wp-content\/uploads\/factory-11.5.webp\"\/><\/p>\n<h3>Lager f\u00fcr Fertigprodukte und Export<\/h3>\n<p><img decoding=\"async\" src=\"\/wp-content\/uploads\/factory-12.webp\"\/><\/p>\n<p><img decoding=\"async\" src=\"\/wp-content\/uploads\/factory-13.webp\"\/><\/p>\n<p><img decoding=\"async\" src=\"\/wp-content\/uploads\/factory-14.webp\"\/><\/p>\n<h2>FAQ<\/h2>\n<p><p><b>1. wie hoch ist der Durchschnittspreis pro Pfund f\u00fcr eloxierte Bilderrahmen aus Aluminium? <\/b><\/p>\n<p> Der Durchschnittspreis liegt zwischen $3 und $5 pro Pfund, abh\u00e4ngig von der Komplexit\u00e4t des Profils, der Ausf\u00fchrung und dem Auftragsvolumen.<br \/>\n<\/p><br \/>\n<br \/>\n<p><b>2. warum eloxiertes Aluminium f\u00fcr Bilderrahmen w\u00e4hlen? <\/b><\/p>\n<p> Eloxiertes Aluminium bietet verbesserte Korrosionsbest\u00e4ndigkeit, ein professionelles Finish und leichte Haltbarkeit - ideal f\u00fcr die Einrahmung.<br \/>\n<\/p><br \/>\n<br \/>\n<p><b>3. welche Legierung wird f\u00fcr die Extrusion von Aluminium-Bilderrahmen verwendet? <\/b><\/p>\n<p> 6063-T5 wird aufgrund seiner hervorragenden Oberfl\u00e4chenqualit\u00e4t und der einfachen Extrusion zu komplexen Zierprofilen h\u00e4ufig verwendet.<br \/>\n<\/p><br \/>\n<br \/>\n<p><b>4. k\u00f6nnen diese Profile in Design und Ausf\u00fchrung individuell angepasst werden? <\/b><\/p>\n<p> Ja, die Hersteller bieten OEM-Services f\u00fcr kundenspezifische Gr\u00f6\u00dfen, Querschnitte und eloxierte Farboptionen wie Silber, Schwarz und Gold.<br \/>\n<\/p><br \/>\n<br \/>\n<p><b>5) Sind eloxierte Aluminiumrahmen f\u00fcr gewerbliche Anwendungen geeignet? <\/b><\/p>\n<p> Aufgrund ihrer Langlebigkeit und \u00c4sthetik werden sie gerne in Galerien, Ausstellungen und im Einzelhandel eingesetzt.<br \/>\n<\/p><br \/>\n<br \/>\n<p><b>6. ist es kosteng\u00fcnstiger, eloxierte Aluminiumrahmen in gro\u00dfen Mengen zu kaufen? <\/b><\/p>\n<p> Ja, der Einkauf von Gro\u00dfmengen bei den Fabriken senkt die Kosten pro Pfund erheblich und gew\u00e4hrleistet eine gleichbleibende Qualit\u00e4t und Versorgung.<br \/>\n<\/p><br \/>\n<br \/>\n<p><b>7. wie wirkt sich die Eloxierung auf die Haltbarkeit von Aluminiumrahmen aus? <\/b><\/p>\n<p> Die Eloxierung erh\u00f6ht die Oberfl\u00e4chenh\u00e4rte, sch\u00fctzt vor Kratzern und verhindert Oxidation und verl\u00e4ngert so die Lebensdauer des Rahmens.<br \/>\n<\/p><br \/>\n<br \/>\n<p><b>8. welche Branchen verwenden eloxiertes Aluminium Bilderrahmen Strangpressprofile? <\/b><\/p>\n<p> Diese Profile werden h\u00e4ufig in der Heimdekoration, bei der Einrahmung von Kunstwerken, bei der Beschilderung und bei der Pr\u00e4sentation von Unternehmensmarken verwendet.<br \/>\n<\/p><br \/><\/p>","protected":false},"featured_media":6796,"template":"","categories":[67],"class_list":["post-6797","product","type-product","status-publish","has-post-thumbnail","hentry","category-architectural-aluminium-profile"],"meta_box":{"hilight_text_group":{"product_hilight_text":"<li>Lightweight and corrosion-resistant anodized aluminum frame extrusions designed for picture framing<\/li>\r\r\n<li>Manufactured using high-quality 6063-T5 alloy for excellent formability and surface finish<\/li>\r\r\n<li>Available in custom shapes and colors with a durable anodized coating<\/li>\r\r\n<li>Perfect for both decorative and functional use in galleries, retail, and personal framing<\/li>\r\r\n<li>Cost-efficient production with factory-direct pricing per pound for bulk orders<\/li>","product_chanpin_blog":"<ul>\r\r\n<li><a href=\"https:\/\/sinoextrud.com\/t-slot-v-slot-differences\/\" target=\"_blank\">t slot vs v slot<\/a><\/li>\r\r\n<li><a href=\"https:\/\/sinoextrud.com\/what-is-4040-aluminium-extrud\/\" target=\"_blank\">4040 aluminium extrusion<\/a><\/li>\r\r\n<li><a href=\"https:\/\/sinoextrud.com\/what-is-4040-aluminium-extrud\/\" target=\"_blank\">aluminum extrusions for industrial racks<\/a><\/li>\r\r\n<li><a href=\"https:\/\/sinoextrud.com\/powder-coating-aluminium-process\/\" target=\"_blank\">powder coating aluminium<\/a><\/li>\r\r\n<li><a href=\"https:\/\/sinoextrud.com\/what-is-an-aluminium-strip-ceiling\/\" target=\"_blank\">aluminium strip ceiling<\/a><\/li>\r\r\n<li><a href=\"https:\/\/sinoextrud.com\/what-is-a-heat-sink\/\" target=\"_blank\">what is a heat sink<\/a><\/li>\r\r\n<\/ul>","product_chanpin_chanpin":"<li><a href=\"https:\/\/sinoextrud.com\/product\/aluminium-sliding-door-profiles\/\" target=\"_blank\">Aluminium Sliding Door Profiles<\/a><\/li>\r\n<li><a href=\"https:\/\/sinoextrud.com\/product\/aluminium-window-parts-names-sliding-6063-material-framing-profile\/\" target=\"_blank\">aluminium window parts names sliding 6063 material framing profile<\/a><\/li>\r\n<li><a href=\"https:\/\/sinoextrud.com\/product\/aluminum-angle-extrusion\/\" target=\"_blank\">Aluminum Angle Extrusion<\/a><\/li>\r\n<li><a href=\"https:\/\/sinoextrud.com\/product\/aluminium-sliding-door-pictures-new-update-sliding-wardrobe-doors-profile-manufacturers-oem-value-frame-extrusion\/\" target=\"_blank\">aluminium sliding door pictures new update sliding wardrobe doors profile manufacturers OEM value frame extrusion<\/a><\/li>\r\n<li><a href=\"https:\/\/sinoextrud.com\/product\/anodized-aluminum-frame-extrusion-for-picture-price-per-pound\/\" target=\"_blank\">anodized aluminum frame extrusion for picture price per pound<\/a><\/li>\r\n<li><a href=\"https:\/\/sinoextrud.com\/product\/anodise-aluminum-curtain-wall-profile-with-custom-shape-alloy-6063\/\" target=\"_blank\">Anodise Aluminum Curtain Wall Profile With Custom Shape Alloy 6063<\/a><\/li>\r\n<li><a href=\"https:\/\/sinoextrud.com\/product\/sand-blastedsand-blastedaluminium-profile-extuded-for-handrail-and-barrier-with-internation-standard\/\" target=\"_blank\">Sand BlastedSand BlastedAluminium Profile Extuded For Handrail And Barrier With Internation Standard<\/a><\/li>\r\n<li><a href=\"https:\/\/sinoextrud.com\/product\/aluminum-thermal-break-profile-for-window-and-door\/\" target=\"_blank\">Aluminum Thermal Break Profile for Window And Door<\/a><\/li>\r\n<li><a href=\"https:\/\/sinoextrud.com\/product\/aluminium-louver-profile\/\" target=\"_blank\">Aluminium Louver Profile<\/a><\/li>\r\n<li><a href=\"https:\/\/sinoextrud.com\/product\/aluminium-profile-rail\/\" target=\"_blank\">Aluminium Profile Rail<\/a><\/li>\r\n<li><a href=\"https:\/\/sinoextrud.com\/product\/cnc-machined-6063-aluminium-extrusion-product\/\" target=\"_blank\">CNC Machined 6063 Aluminium Extrusion Product<\/a><\/li>"},"feature_list":[]},"_links":{"self":[{"href":"https:\/\/sinoextrud.com\/de\/wp-json\/wp\/v2\/product\/6797","targetHints":{"allow":["GET"]}}],"collection":[{"href":"https:\/\/sinoextrud.com\/de\/wp-json\/wp\/v2\/product"}],"about":[{"href":"https:\/\/sinoextrud.com\/de\/wp-json\/wp\/v2\/types\/product"}],"wp:featuredmedia":[{"embeddable":true,"href":"https:\/\/sinoextrud.com\/de\/wp-json\/wp\/v2\/media\/6796"}],"wp:attachment":[{"href":"https:\/\/sinoextrud.com\/de\/wp-json\/wp\/v2\/media?parent=6797"}],"wp:term":[{"taxonomy":"category","embeddable":true,"href":"https:\/\/sinoextrud.com\/de\/wp-json\/wp\/v2\/categories?post=6797"}],"curies":[{"name":"wp","href":"https:\/\/api.w.org\/{rel}","templated":true}]}}