{"id":6791,"date":"2025-06-02T12:21:38","date_gmt":"2025-06-02T12:21:38","guid":{"rendered":"https:\/\/sinoextrud.com\/product\/aluminium-window-parts-names-sliding-6063-material-framing-profile\/"},"modified":"2025-06-24T06:11:42","modified_gmt":"2025-06-24T06:11:42","slug":"aluminium-fensterteile-namen-schiebefenster-6063-material-rahmenprofil","status":"publish","type":"product","link":"https:\/\/sinoextrud.com\/de\/product\/aluminium-window-parts-names-sliding-6063-material-framing-profile\/","title":{"rendered":"Aluminium Fensterteile Namen Schiebefenster 6063 Material Rahmenprofil"},"content":{"rendered":"<h2>Produkte Details<\/h2>\n<table class=\"custom-table\">\n<tr>\n<td class=\"label\">Modell Nr.:<\/td>\n<td>TL 800 Aluminium Fensterteile Namen Schiebe 6063 Material Rahmenprofil und Zubeh\u00f6r Fabrikpreis<\/td>\n<\/tr>\n<tr>\n<td class=\"label\">Anwendung:<\/td>\n<td>Namen von Aluminium-Fensterteilen<\/td>\n<\/tr>\n<tr>\n<td class=\"label\">Note:<\/td>\n<td>Serie 6000<\/td>\n<\/tr>\n<tr>\n<td class=\"label\">Die Technik:<\/td>\n<td>Stranggepresste Aluminiumprofile und Zubeh\u00f6r<\/td>\n<\/tr>\n<tr>\n<td class=\"label\">Temperament:<\/td>\n<td>T3 - T8<\/td>\n<\/tr>\n<tr>\n<td class=\"label\">Gr\u00f6\u00dfen:<\/td>\n<td>Es k\u00f6nnte als mitgeliefertes Design angepasst werden<\/td>\n<\/tr>\n<tr>\n<td class=\"label\">Bearbeitende Dienstleistungen:<\/td>\n<td>Bohren, Gewindeschneiden, Nieten, Montage, etc.<\/td>\n<\/tr>\n<tr>\n<td class=\"label\">Warenzeichen:<\/td>\n<td>N\/A.<\/td>\n<\/tr>\n<tr>\n<td class=\"label\">Herkunft:<\/td>\n<td>Guangdong<\/td>\n<\/tr>\n<tr>\n<td class=\"label\">Art:<\/td>\n<td>Aluprofile f\u00fcr Liebhaber<\/td>\n<\/tr>\n<tr>\n<td class=\"label\">Die Form:<\/td>\n<td>Hergestellt nach Kundenwunsch<\/td>\n<\/tr>\n<tr>\n<td class=\"label\">Oberfl\u00e4chenbehandlung:<\/td>\n<td>Holzmaserung<\/td>\n<\/tr>\n<tr>\n<td class=\"label\">Legierung:<\/td>\n<td>Legierung<\/td>\n<\/tr>\n<tr>\n<td class=\"label\">Zertifizierung:<\/td>\n<td>ISO, RoHS<\/td>\n<\/tr>\n<tr>\n<td class=\"label\">L\u00e4nge:<\/td>\n<td>Es kann auf spezifische Bed\u00fcrfnisse zugeschnitten werden<\/td>\n<\/tr>\n<tr>\n<td class=\"label\">Farben:<\/td>\n<td>Hergestellt nach Vorgabe Farbnummer<\/td>\n<\/tr>\n<tr>\n<td class=\"label\">Spezifikation:<\/td>\n<td>SGS, Rohs, ISO<\/td>\n<\/tr>\n<tr>\n<td class=\"label\">HS-Code:<\/td>\n<td>76042990<\/td>\n<\/tr>\n<\/table>\n<h2>Unsere Produktionsbasis<\/h2>\n<h3>Fabrik-Panorama<\/h3>\n<p><img decoding=\"async\" src=\"\/wp-content\/uploads\/factory-01.webp\"\/><\/p>\n<h3>Werkstatt zur Herstellung von Aluminiumstangen<\/h3>\n<p><img decoding=\"async\" src=\"\/wp-content\/uploads\/factory-02.webp\"\/><\/p>\n<p><img decoding=\"async\" src=\"\/wp-content\/uploads\/factory-03.webp\"\/><\/p>\n<h3>Lagerhaus f\u00fcr Formen<\/h3>\n<p><img decoding=\"async\" src=\"\/wp-content\/uploads\/factory-04.webp\"\/><\/p>\n<h3>43 Aluminium-Strangpressanlagen (500\u00e2\u20ac\"5500 Tonnen)<\/h3>\n<p><img decoding=\"async\" src=\"\/wp-content\/uploads\/factory-05.webp\"\/><\/p>\n<p><img decoding=\"async\" src=\"\/wp-content\/uploads\/factory-06.webp\"\/><\/p>\n<p><img decoding=\"async\" src=\"\/wp-content\/uploads\/factory-07.webp\"\/><\/p>\n<h3>Werkstatt f\u00fcr Pulverbeschichtung<\/h3>\n<p><img decoding=\"async\" src=\"\/wp-content\/uploads\/factory-09.webp\"\/><\/p>\n<h3>Eloxal-Werkstatt<\/h3>\n<p><img decoding=\"async\" src=\"\/wp-content\/uploads\/factory-10.webp\"\/><\/p>\n<h3>Workshop zur Tiefenverarbeitung<\/h3>\n<p><img decoding=\"async\" src=\"\/wp-content\/uploads\/factory-11.webp\"\/><\/p>\n<h3>CNC-Pr\u00e4zisionsbearbeitungswerkstatt<\/h3>\n<p><img decoding=\"async\" src=\"\/wp-content\/uploads\/factory-11.5.webp\"\/><\/p>\n<h3>Lager f\u00fcr Fertigprodukte und Export<\/h3>\n<p><img decoding=\"async\" src=\"\/wp-content\/uploads\/factory-12.webp\"\/><\/p>\n<p><img decoding=\"async\" src=\"\/wp-content\/uploads\/factory-13.webp\"\/><\/p>\n<p><img decoding=\"async\" src=\"\/wp-content\/uploads\/factory-14.webp\"\/><\/p>\n<h2>FAQ<\/h2>\n<p><p><b>1. was ist die Aluminiumlegierung 6063, die f\u00fcr Schiebefensterprofile verwendet wird?<\/b><\/p>\n<p>Die Aluminiumlegierung 6063 wird aufgrund ihrer hervorragenden Festigkeit, Korrosionsbest\u00e4ndigkeit und glatten Oberfl\u00e4che h\u00e4ufig f\u00fcr Schiebefensterprofile verwendet.<br \/>\n<\/p><br \/>\n<br \/>\n<p><b>2. warum 6063 Material f\u00fcr Aluminium-Fensterrahmenprofile w\u00e4hlen?<\/b><\/p>\n<p>Das Material 6063 bietet ein perfektes Gleichgewicht zwischen Festigkeit, Haltbarkeit und thermischer Leistung und ist damit ideal f\u00fcr Aluminium-Fensterrahmenprofile.<br \/>\n<\/p><br \/>\n<br \/>\n<p><b>3. wie verbessert die Schiebefunktion die Aluminiumfensterteile?<\/b><\/p>\n<p>Das Schiebedesign der Aluminium-Fensterteile erm\u00f6glicht eine einfache Bedienung und platzsparende Funktionalit\u00e4t und erh\u00f6ht den Benutzerkomfort.<br \/>\n<\/p><br \/>\n<br \/>\n<p><b>4. sind 6063 Aluminium-Fensterprofile korrosionsbest\u00e4ndig?<\/b><\/p>\n<p>Ja, 6063-Aluminium-Fensterprofile haben eine hohe Korrosionsbest\u00e4ndigkeit und eignen sich daher f\u00fcr verschiedene Umgebungen und eine langfristige Nutzung.<br \/>\n<\/p><br \/>\n<br \/>\n<p><b>5. k\u00f6nnen die Einfassungsprofile individuell angepasst werden?<\/b><\/p>\n<p>Ja, Aluminium-Rahmenprofile aus der Legierung 6063 k\u00f6nnen in Form, Gr\u00f6\u00dfe und L\u00e4nge an spezifische architektonische Designs angepasst werden.<br \/>\n<\/p><br \/>\n<br \/>\n<p><b>6. welche Oberfl\u00e4chenbeschaffenheit ist f\u00fcr Fensterteile aus 6063 Aluminium erh\u00e4ltlich?<\/b><\/p>\n<p>Fensterteile aus 6063er Aluminium sind oft eloxiert, was eine Schutzschicht und ein einheitliches Farbbild ergibt.<br \/>\n<\/p><br \/>\n<br \/>\n<p><b>7. ist das Material f\u00fcr energieeffiziente Geb\u00e4ude geeignet?<\/b><\/p>\n<p>Ja, die Mehrkammerstruktur der 6063 Aluminium-Fensterprofile bietet eine verbesserte W\u00e4rmed\u00e4mmung und unterst\u00fctzt damit energieeffiziente Geb\u00e4udekonzepte.<br \/>\n<\/p><br \/><\/p>","protected":false},"featured_media":6786,"template":"","categories":[67],"class_list":["post-6791","product","type-product","status-publish","has-post-thumbnail","hentry","category-architectural-aluminium-profile"],"meta_box":{"hilight_text_group":{"product_hilight_text":"<li>Made of 6063 aluminum alloy with high strength and excellent corrosion resistance<\/li>\r\r\n<li>Smooth sliding mechanism with silent operation for better user experience<\/li>\r\r\n<li>Multi-chamber structure for superior thermal insulation<\/li>\r\r\n<li>Anodized surface finish for uniform color and long-lasting durability<\/li>\r\r\n<li>Customizable profiles and lengths to meet diverse project requirements<\/li>\r\r\n<li>Compatible with various hardware fittings for easy installation<\/li>\r\r\n<li>Eco-friendly material compliant with ROHS and international building standards<\/li>","product_chanpin_blog":"<ul>\r\r\n<li><a href=\"https:\/\/sinoextrud.com\/t-slot-v-slot-differences\/\" target=\"_blank\">t slot vs v slot<\/a><\/li>\r\r\n<li><a href=\"https:\/\/sinoextrud.com\/what-is-4040-aluminium-extrud\/\" target=\"_blank\">4040 aluminium extrusion<\/a><\/li>\r\r\n<li><a href=\"https:\/\/sinoextrud.com\/what-is-4040-aluminium-extrud\/\" target=\"_blank\">aluminum extrusions for industrial racks<\/a><\/li>\r\r\n<li><a href=\"https:\/\/sinoextrud.com\/powder-coating-aluminium-process\/\" target=\"_blank\">powder coating aluminium<\/a><\/li>\r\r\n<li><a href=\"https:\/\/sinoextrud.com\/what-is-an-aluminium-strip-ceiling\/\" target=\"_blank\">aluminium strip ceiling<\/a><\/li>\r\r\n<li><a href=\"https:\/\/sinoextrud.com\/what-is-a-heat-sink\/\" target=\"_blank\">what is a heat sink<\/a><\/li>\r\r\n<\/ul>","product_chanpin_chanpin":"<li><a href=\"https:\/\/sinoextrud.com\/product\/extruded-aluminum-handrail\/\" target=\"_blank\">Extruded Aluminum Handrail<\/a><\/li>\r\n<li><a href=\"https:\/\/sinoextrud.com\/product\/aluminum-mill-finish\/\" target=\"_blank\">Aluminum Mill Finish<\/a><\/li>\r\n<li><a href=\"https:\/\/sinoextrud.com\/product\/extruded-aluminum-profiles-prices-competitive-99-pure-aluminum-ingot-curtain-wall-aluminum-profile-extrusion-manufacturers\/\" target=\"_blank\">Extruded aluminum profiles prices competitive 99% pure aluminum ingot curtain wall aluminum profile extrusion manufacturers<\/a><\/li>\r\n<li><a href=\"https:\/\/sinoextrud.com\/product\/aluminium-sliding-door-profiles\/\" target=\"_blank\">Aluminium Sliding Door Profiles<\/a><\/li>\r\n<li><a href=\"https:\/\/sinoextrud.com\/product\/aluminium-window-parts-names-sliding-6063-material-framing-profile\/\" target=\"_blank\">aluminium window parts names sliding 6063 material framing profile<\/a><\/li>\r\n<li><a href=\"https:\/\/sinoextrud.com\/product\/aluminum-angle-extrusion\/\" target=\"_blank\">Aluminum Angle Extrusion<\/a><\/li>\r\n<li><a href=\"https:\/\/sinoextrud.com\/product\/aluminium-sliding-door-pictures-new-update-sliding-wardrobe-doors-profile-manufacturers-oem-value-frame-extrusion\/\" target=\"_blank\">aluminium sliding door pictures new update sliding wardrobe doors profile manufacturers OEM value frame extrusion<\/a><\/li>\r\n<li><a href=\"https:\/\/sinoextrud.com\/product\/anodized-aluminum-frame-extrusion-for-picture-price-per-pound\/\" target=\"_blank\">anodized aluminum frame extrusion for picture price per pound<\/a><\/li>\r\n<li><a href=\"https:\/\/sinoextrud.com\/product\/anodise-aluminum-curtain-wall-profile-with-custom-shape-alloy-6063\/\" target=\"_blank\">Anodise Aluminum Curtain Wall Profile With Custom Shape Alloy 6063<\/a><\/li>\r\n<li><a href=\"https:\/\/sinoextrud.com\/product\/wholesale-electrophoresis-aluminium-profile-price\/\" target=\"_blank\">Wholesale Electrophoresis Aluminium Profile Price<\/a><\/li>\r\n<li><a href=\"https:\/\/sinoextrud.com\/product\/greenhouse-aluminium-extrusions-aluminium-sunroom-profile\/\" target=\"_blank\">Greenhouse Aluminium Extrusions Aluminium Sunroom Profile<\/a><\/li>"},"feature_list":[]},"_links":{"self":[{"href":"https:\/\/sinoextrud.com\/de\/wp-json\/wp\/v2\/product\/6791","targetHints":{"allow":["GET"]}}],"collection":[{"href":"https:\/\/sinoextrud.com\/de\/wp-json\/wp\/v2\/product"}],"about":[{"href":"https:\/\/sinoextrud.com\/de\/wp-json\/wp\/v2\/types\/product"}],"wp:featuredmedia":[{"embeddable":true,"href":"https:\/\/sinoextrud.com\/de\/wp-json\/wp\/v2\/media\/6786"}],"wp:attachment":[{"href":"https:\/\/sinoextrud.com\/de\/wp-json\/wp\/v2\/media?parent=6791"}],"wp:term":[{"taxonomy":"category","embeddable":true,"href":"https:\/\/sinoextrud.com\/de\/wp-json\/wp\/v2\/categories?post=6791"}],"curies":[{"name":"wp","href":"https:\/\/api.w.org\/{rel}","templated":true}]}}