{"id":6787,"date":"2025-06-01T15:26:29","date_gmt":"2025-06-01T15:26:29","guid":{"rendered":"https:\/\/sinoextrud.com\/product\/aluminium-sliding-door-profiles\/"},"modified":"2025-06-24T06:11:41","modified_gmt":"2025-06-24T06:11:41","slug":"aluminium-schiebeturprofile","status":"publish","type":"product","link":"https:\/\/sinoextrud.com\/de\/product\/aluminium-sliding-door-profiles\/","title":{"rendered":"Aluminium-Schiebet\u00fcr-Profile"},"content":{"rendered":"<h2>Produkte Details<\/h2>\n<table class=\"custom-table\">\n<tr>\n<td class=\"label\">Artikel:<\/td>\n<td>Aluminium-Schiebet\u00fcr-Profile<\/td>\n<\/tr>\n<tr>\n<td class=\"label\">Materila:<\/td>\n<td>6063-t5, 6063-t6<\/td>\n<\/tr>\n<tr>\n<td class=\"label\">Temperament:<\/td>\n<td>T4, T5, T6<\/td>\n<\/tr>\n<tr>\n<td class=\"label\">Die Form:<\/td>\n<td>wie auf den Bildern. Kundenspezifisch verf\u00fcgbar.<\/td>\n<\/tr>\n<tr>\n<td class=\"label\">Das Profil wird dicker:<\/td>\n<td>0,8 mm dar\u00fcber.<\/td>\n<\/tr>\n<tr>\n<td class=\"label\">Oberfl\u00e4chenbehandlung:<\/td>\n<td>Eloxiertes Aluminium Elektrophorese<\/td>\n<\/tr>\n<tr>\n<td class=\"label\">Farbe:<\/td>\n<td>Splitter, Gold, Holzmaserung, Champagner, Bronze, Schwarz, kundenspezifische Farbe verf\u00fcgbar.<\/td>\n<\/tr>\n<tr>\n<td class=\"label\">Beschichtungsfirma:<\/td>\n<td>10-13um.<\/td>\n<\/tr>\n<tr>\n<td class=\"label\">Verwendung:<\/td>\n<td>Bau, Dekoration, Transport usw.<\/td>\n<\/tr>\n<tr>\n<td class=\"label\">MOQ:<\/td>\n<td>1000 kg f\u00fcr jede Position<\/td>\n<\/tr>\n<tr>\n<td class=\"label\">Zertifikat und Norm:<\/td>\n<td>ISO 9008-2001. CQM, SGS<\/td>\n<\/tr>\n<tr>\n<td class=\"label\">B\u00fcrgschaft:<\/td>\n<td>Die Oberfl\u00e4chenfarbe kann 10 Jahre lang im Innenbereich stabil bleiben.<\/td>\n<\/tr>\n<tr>\n<td class=\"label\">Verwendung:<\/td>\n<td>Geh\u00e4use Dekoration Aluminium-Strangpressprofil Rahmenschiene<\/td>\n<\/tr>\n<tr>\n<td class=\"label\">Tiefgehende Verarbeitung<\/td>\n<td>wie Bohren, Fr\u00e4sen, Schneiden, Schwei\u00dfen, Biegen verf\u00fcgbar.<\/td>\n<\/tr>\n<tr>\n<td class=\"label\">Herkunft:<\/td>\n<td>Foshan, Guangdong.<\/td>\n<\/tr>\n<tr>\n<td class=\"label\">Passende Klassenst\u00e4rke:<\/td>\n<td>5-25mm<\/td>\n<\/tr>\n<tr>\n<td class=\"label\">Zug\u00e4nge:<\/td>\n<td>Ma\u00dfgeschneidert.<\/td>\n<\/tr>\n<tr>\n<td class=\"label\">HS-Code:<\/td>\n<td>761699000<\/td>\n<\/tr>\n<\/table>\n<h2>Unsere Produktionsbasis<\/h2>\n<h3>Fabrik-Panorama<\/h3>\n<p><img decoding=\"async\" src=\"\/wp-content\/uploads\/factory-01.webp\"\/><\/p>\n<h3>Werkstatt zur Herstellung von Aluminiumstangen<\/h3>\n<p><img decoding=\"async\" src=\"\/wp-content\/uploads\/factory-02.webp\"\/><\/p>\n<p><img decoding=\"async\" src=\"\/wp-content\/uploads\/factory-03.webp\"\/><\/p>\n<h3>Lagerhaus f\u00fcr Formen<\/h3>\n<p><img decoding=\"async\" src=\"\/wp-content\/uploads\/factory-04.webp\"\/><\/p>\n<h3>43 Aluminium-Strangpressanlagen (500\u00e2\u20ac\"5500 Tonnen)<\/h3>\n<p><img decoding=\"async\" src=\"\/wp-content\/uploads\/factory-05.webp\"\/><\/p>\n<p><img decoding=\"async\" src=\"\/wp-content\/uploads\/factory-06.webp\"\/><\/p>\n<p><img decoding=\"async\" src=\"\/wp-content\/uploads\/factory-07.webp\"\/><\/p>\n<h3>Werkstatt f\u00fcr Pulverbeschichtung<\/h3>\n<p><img decoding=\"async\" src=\"\/wp-content\/uploads\/factory-09.webp\"\/><\/p>\n<h3>Eloxal-Werkstatt<\/h3>\n<p><img decoding=\"async\" src=\"\/wp-content\/uploads\/factory-10.webp\"\/><\/p>\n<h3>Workshop zur Tiefenverarbeitung<\/h3>\n<p><img decoding=\"async\" src=\"\/wp-content\/uploads\/factory-11.webp\"\/><\/p>\n<h3>CNC-Pr\u00e4zisionsbearbeitungswerkstatt<\/h3>\n<p><img decoding=\"async\" src=\"\/wp-content\/uploads\/factory-11.5.webp\"\/><\/p>\n<h3>Lager f\u00fcr Fertigprodukte und Export<\/h3>\n<p><img decoding=\"async\" src=\"\/wp-content\/uploads\/factory-12.webp\"\/><\/p>\n<p><img decoding=\"async\" src=\"\/wp-content\/uploads\/factory-13.webp\"\/><\/p>\n<p><img decoding=\"async\" src=\"\/wp-content\/uploads\/factory-14.webp\"\/><\/p>\n<h2>FAQ<\/h2>\n<p><p><b>1. was sind Aluminium-Schiebet\u00fcrprofile?<\/b><\/p>\n<p>Aluminium-Schiebet\u00fcrprofile sind speziell entwickelte Rahmen und Schienen, die einen reibungslosen, dauerhaften und effizienten Betrieb von Schiebet\u00fcren erm\u00f6glichen.<br \/>\n<\/p><br \/>\n<br \/>\n<p><b>2. warum sollte ich Aluminium-Schiebet\u00fcrprofile f\u00fcr mein Projekt w\u00e4hlen?<\/b><\/p>\n<p>Aluminium-Schiebet\u00fcrprofile sind leicht, stabil, korrosionsbest\u00e4ndig und anpassbar, was sie zu einer vielseitigen und langlebigen Wahl f\u00fcr Schiebet\u00fcrsysteme macht.<br \/>\n<\/p><br \/>\n<br \/>\n<p><b>3. sind Aluminium-Schiebet\u00fcrprofile energieeffizient?<\/b><\/p>\n<p>Ja, diese Profile dienen der W\u00e4rmed\u00e4mmung und tragen durch eine bessere Temperaturregulierung im Inneren von Geb\u00e4uden zur Senkung des Energieverbrauchs bei.<br \/>\n<\/p><br \/>\n<br \/>\n<p><b>4. kann ich Aluminium-Schiebet\u00fcr-Profile f\u00fcr verschiedene T\u00fcrdesigns anpassen?<\/b><\/p>\n<p>Ja, Aluminium-Schiebet\u00fcrprofile k\u00f6nnen an die spezifischen Gr\u00f6\u00dfen- und Stilanforderungen eines jeden Projekts angepasst werden und bieten somit Flexibilit\u00e4t im Design.<br \/>\n<\/p><br \/>\n<br \/>\n<p><b>5. wie haltbar sind Aluminium-Schiebet\u00fcrprofile?<\/b><\/p>\n<p>Aluminium-Schiebet\u00fcrprofile sind \u00e4u\u00dferst langlebig und verschlei\u00dffest, so dass sie auch bei h\u00e4ufigem Gebrauch und rauen Witterungsbedingungen eine lange Lebensdauer haben.<br \/>\n<\/p><br \/>\n<br \/>\n<p><b>6. sind Aluminium-Schiebet\u00fcrprofile leicht zu pflegen?<\/b><\/p>\n<p>Ja, sie sind leicht zu reinigen und zu pflegen und tragen dazu bei, dass Ihre Schiebet\u00fcren lange Zeit gut funktionieren und \u00e4sthetisch ansprechend aussehen.<br \/>\n<\/p><br \/>\n<br \/>\n<p><b>7. was macht Aluminium-Schiebet\u00fcrprofile korrosionsbest\u00e4ndig?<\/b><\/p>\n<p>Die nat\u00fcrliche Korrosionsbest\u00e4ndigkeit von Aluminium in Verbindung mit Schutzbeschichtungen macht diese Profile ideal f\u00fcr den langfristigen Einsatz in einer Vielzahl von Umgebungen.<br \/>\n<\/p><br \/>\n<br \/>\n<p><b>8. warum sollte ich Aluminium-Schiebet\u00fcrprofile anderen Materialien vorziehen?<\/b><\/p>\n<p>Aluminium-Schiebet\u00fcrprofile bieten ein hervorragendes Gleichgewicht zwischen Festigkeit, Leichtbauweise und Langlebigkeit, mit zus\u00e4tzlichen Vorteilen wie Korrosionsbest\u00e4ndigkeit und Wartungsfreundlichkeit.<br \/>\n<\/p><br \/><\/p>","protected":false},"featured_media":6786,"template":"","categories":[67],"class_list":["post-6787","product","type-product","status-publish","has-post-thumbnail","hentry","category-architectural-aluminium-profile"],"meta_box":{"hilight_text_group":{"product_hilight_text":"<li>High-strength aluminium profiles designed for smooth and durable sliding door systems.<\/li>\r\r\n<li>Lightweight yet robust, offering easy installation and long-term performance.<\/li>\r\r\n<li>Corrosion-resistant properties, ensuring longevity even in harsh environmental conditions.<\/li>\r\r\n<li>Customizable designs to match various door styles and sizes, providing flexibility for diverse projects.<\/li>\r\r\n<li>Energy-efficient, with thermal insulation properties that help improve energy savings in buildings.<\/li>\r\r\n<li>Easy to maintain and clean, ensuring the sliding doors remain functional and aesthetically pleasing over time.<\/li>","product_chanpin_blog":"<ul>\r\r\n<li><a href=\"https:\/\/sinoextrud.com\/t-slot-v-slot-differences\/\" target=\"_blank\">t slot vs v slot<\/a><\/li>\r\r\n<li><a href=\"https:\/\/sinoextrud.com\/what-is-4040-aluminium-extrud\/\" target=\"_blank\">4040 aluminium extrusion<\/a><\/li>\r\r\n<li><a href=\"https:\/\/sinoextrud.com\/what-is-4040-aluminium-extrud\/\" target=\"_blank\">aluminum extrusions for industrial racks<\/a><\/li>\r\r\n<li><a href=\"https:\/\/sinoextrud.com\/powder-coating-aluminium-process\/\" target=\"_blank\">powder coating aluminium<\/a><\/li>\r\r\n<li><a href=\"https:\/\/sinoextrud.com\/what-is-an-aluminium-strip-ceiling\/\" target=\"_blank\">aluminium strip ceiling<\/a><\/li>\r\r\n<li><a href=\"https:\/\/sinoextrud.com\/what-is-a-heat-sink\/\" target=\"_blank\">what is a heat sink<\/a><\/li>\r\r\n<\/ul>","product_chanpin_chanpin":"<li><a href=\"https:\/\/sinoextrud.com\/product\/aluminium-shop-front-extrusions\/\" target=\"_blank\">Aluminium Shop Front Extrusions<\/a><\/li>\r\n<li><a href=\"https:\/\/sinoextrud.com\/product\/extruded-aluminum-handrail\/\" target=\"_blank\">Extruded Aluminum Handrail<\/a><\/li>\r\n<li><a href=\"https:\/\/sinoextrud.com\/product\/aluminum-mill-finish\/\" target=\"_blank\">Aluminum Mill Finish<\/a><\/li>\r\n<li><a href=\"https:\/\/sinoextrud.com\/product\/extruded-aluminum-profiles-prices-competitive-99-pure-aluminum-ingot-curtain-wall-aluminum-profile-extrusion-manufacturers\/\" target=\"_blank\">Extruded aluminum profiles prices competitive 99% pure aluminum ingot curtain wall aluminum profile extrusion manufacturers<\/a><\/li>\r\n<li><a href=\"https:\/\/sinoextrud.com\/product\/aluminium-sliding-door-profiles\/\" target=\"_blank\">Aluminium Sliding Door Profiles<\/a><\/li>\r\n<li><a href=\"https:\/\/sinoextrud.com\/product\/aluminium-window-parts-names-sliding-6063-material-framing-profile\/\" target=\"_blank\">aluminium window parts names sliding 6063 material framing profile<\/a><\/li>\r\n<li><a href=\"https:\/\/sinoextrud.com\/product\/aluminum-angle-extrusion\/\" target=\"_blank\">Aluminum Angle Extrusion<\/a><\/li>\r\n<li><a href=\"https:\/\/sinoextrud.com\/product\/aluminium-sliding-door-pictures-new-update-sliding-wardrobe-doors-profile-manufacturers-oem-value-frame-extrusion\/\" target=\"_blank\">aluminium sliding door pictures new update sliding wardrobe doors profile manufacturers OEM value frame extrusion<\/a><\/li>\r\n<li><a href=\"https:\/\/sinoextrud.com\/product\/anodized-aluminum-frame-extrusion-for-picture-price-per-pound\/\" target=\"_blank\">anodized aluminum frame extrusion for picture price per pound<\/a><\/li>\r\n<li><a href=\"https:\/\/sinoextrud.com\/product\/aluminum-profile-windows-and-door-powder-coated-sliding-way\/\" target=\"_blank\">aluminum profile windows and door powder coated sliding way<\/a><\/li>\r\n<li><a href=\"https:\/\/sinoextrud.com\/product\/cabinet-furniture-aluminium-extrusions-aluminum-handle-profile-for-kitchen-cabinet-horizontal-g-handle-system\/\" target=\"_blank\">Cabinet Furniture Aluminium Extrusions Aluminum Handle Profile For Kitchen Cabinet Horizontal G Handle System<\/a><\/li>"},"feature_list":[]},"_links":{"self":[{"href":"https:\/\/sinoextrud.com\/de\/wp-json\/wp\/v2\/product\/6787","targetHints":{"allow":["GET"]}}],"collection":[{"href":"https:\/\/sinoextrud.com\/de\/wp-json\/wp\/v2\/product"}],"about":[{"href":"https:\/\/sinoextrud.com\/de\/wp-json\/wp\/v2\/types\/product"}],"wp:featuredmedia":[{"embeddable":true,"href":"https:\/\/sinoextrud.com\/de\/wp-json\/wp\/v2\/media\/6786"}],"wp:attachment":[{"href":"https:\/\/sinoextrud.com\/de\/wp-json\/wp\/v2\/media?parent=6787"}],"wp:term":[{"taxonomy":"category","embeddable":true,"href":"https:\/\/sinoextrud.com\/de\/wp-json\/wp\/v2\/categories?post=6787"}],"curies":[{"name":"wp","href":"https:\/\/api.w.org\/{rel}","templated":true}]}}