{"id":6779,"date":"2025-06-01T15:15:51","date_gmt":"2025-06-01T15:15:51","guid":{"rendered":"https:\/\/sinoextrud.com\/product\/aluminium-shop-front-extrusions\/"},"modified":"2025-06-24T06:11:40","modified_gmt":"2025-06-24T06:11:40","slug":"strangpressprofile-aus-aluminium-fur-schaufenster","status":"publish","type":"product","link":"https:\/\/sinoextrud.com\/de\/product\/aluminium-shop-front-extrusions\/","title":{"rendered":"Aluminium-Ladenfrontprofile"},"content":{"rendered":"<h2>Produkte Details<\/h2>\n<table class=\"custom-table\">\n<tr>\n<td class=\"label\">Die Form:<\/td>\n<td>Trennwandprofil Aluminiumprofil<\/td>\n<\/tr>\n<tr>\n<td class=\"label\">Temperament:<\/td>\n<td>T3-T8<\/td>\n<\/tr>\n<tr>\n<td class=\"label\">Legierung:<\/td>\n<td>Legierung<\/td>\n<\/tr>\n<tr>\n<td class=\"label\">Legierungsbestandteil:<\/td>\n<td>6063<\/td>\n<\/tr>\n<tr>\n<td class=\"label\">Oberfl\u00e4chenveredelung:<\/td>\n<td>pulverbeschichtet, poliert, eloxiert<\/td>\n<\/tr>\n<tr>\n<td class=\"label\">Ehre:<\/td>\n<td>China Top 10 Lieferant<\/td>\n<\/tr>\n<tr>\n<td class=\"label\">Andere Ausf\u00fchrung:<\/td>\n<td>Eloxieren, Sandstrahlen, Pulverbeschichten, Polieren<\/td>\n<\/tr>\n<tr>\n<td class=\"label\">Qualit\u00e4tsgarantie:<\/td>\n<td>100% Gutes Produkt vor dem Versand<\/td>\n<\/tr>\n<tr>\n<td class=\"label\">Akzeptierte W\u00e4hrung:<\/td>\n<td>USD, Chinesischer RMB, EUR<\/td>\n<\/tr>\n<tr>\n<td class=\"label\">Zertifizierung:<\/td>\n<td>ISO 9001<\/td>\n<\/tr>\n<tr>\n<td class=\"label\">HS-Code:<\/td>\n<td>760429900<\/td>\n<\/tr>\n<tr>\n<td class=\"label\">Art:<\/td>\n<td>Dekoration Aluminiumprofil, Geb\u00e4udeschiene<\/td>\n<\/tr>\n<tr>\n<td class=\"label\">Note:<\/td>\n<td>Serie 6000<\/td>\n<\/tr>\n<tr>\n<td class=\"label\">Produkt:<\/td>\n<td>Aluminium-Extrusionsprofil<\/td>\n<\/tr>\n<tr>\n<td class=\"label\">Bearbeitungen:<\/td>\n<td>Verfeinertes Schneiden, Fr\u00e4sen, Bohren, Stanzen, C<\/td>\n<\/tr>\n<tr>\n<td class=\"label\">Verglasung:<\/td>\n<td>8-12mm<\/td>\n<\/tr>\n<tr>\n<td class=\"label\">Herkunft:<\/td>\n<td>Foshan, Guangdong.<\/td>\n<\/tr>\n<\/table>\n<h2>Unsere Produktionsbasis<\/h2>\n<h3>Fabrik-Panorama<\/h3>\n<p><img decoding=\"async\" src=\"\/wp-content\/uploads\/factory-01.webp\"\/><\/p>\n<h3>Werkstatt zur Herstellung von Aluminiumstangen<\/h3>\n<p><img decoding=\"async\" src=\"\/wp-content\/uploads\/factory-02.webp\"\/><\/p>\n<p><img decoding=\"async\" src=\"\/wp-content\/uploads\/factory-03.webp\"\/><\/p>\n<h3>Lagerhaus f\u00fcr Formen<\/h3>\n<p><img decoding=\"async\" src=\"\/wp-content\/uploads\/factory-04.webp\"\/><\/p>\n<h3>43 Aluminium-Strangpressanlagen (500-5500 Tonnen)<\/h3>\n<p><img decoding=\"async\" src=\"\/wp-content\/uploads\/factory-05.webp\"\/><\/p>\n<p><img decoding=\"async\" src=\"\/wp-content\/uploads\/factory-06.webp\"\/><\/p>\n<p><img decoding=\"async\" src=\"\/wp-content\/uploads\/factory-07.webp\"\/><\/p>\n<h3>Werkstatt f\u00fcr Pulverbeschichtung<\/h3>\n<p><img decoding=\"async\" src=\"\/wp-content\/uploads\/factory-09.webp\"\/><\/p>\n<h3>Eloxal-Werkstatt<\/h3>\n<p><img decoding=\"async\" src=\"\/wp-content\/uploads\/factory-10.webp\"\/><\/p>\n<h3>Workshop zur Tiefenverarbeitung<\/h3>\n<p><img decoding=\"async\" src=\"\/wp-content\/uploads\/factory-11.webp\"\/><\/p>\n<h3>CNC-Pr\u00e4zisionsbearbeitungswerkstatt<\/h3>\n<p><img decoding=\"async\" src=\"\/wp-content\/uploads\/factory-11.5.webp\"\/><\/p>\n<h3>Lager f\u00fcr Fertigprodukte und Export<\/h3>\n<p><img decoding=\"async\" src=\"\/wp-content\/uploads\/factory-12.webp\"\/><\/p>\n<p><img decoding=\"async\" src=\"\/wp-content\/uploads\/factory-13.webp\"\/><\/p>\n<p><img decoding=\"async\" src=\"\/wp-content\/uploads\/factory-14.webp\"\/><\/p>\n<h2>FAQ<\/h2>\n<p><p><b>1. was sind Aluminium-Schaufensterprofilen? <\/b><\/p>\n<p> Strangpressprofile aus Aluminium sind strukturelle Aluminiumprofile, die f\u00fcr den Bau von Gesch\u00e4ftsfassaden, einschlie\u00dflich T\u00fcren, Fenstern und Verglasungsrahmen, verwendet werden.<br \/>\n<\/p><br \/>\n<br \/>\n<p><b>2. warum Aluminium-Strangpressprofile f\u00fcr Ladenfronten verwenden? <\/b><\/p>\n<p> Aluminium ist leicht, stabil, korrosionsbest\u00e4ndig und individuell anpassbar, was es ideal f\u00fcr stark frequentierte Gesch\u00e4ftseing\u00e4nge und Schaufenster macht.<br \/>\n<\/p><br \/>\n<br \/>\n<p><b>3. welche Oberfl\u00e4chen gibt es bei den Aluminiumprofilen f\u00fcr Ladenfronten? <\/b><\/p>\n<p> Zu den g\u00e4ngigen Oberfl\u00e4chen geh\u00f6ren Eloxierung, Pulverbeschichtung und Holzmaserung, die sowohl Haltbarkeit als auch \u00e4sthetische Flexibilit\u00e4t bieten.<br \/>\n<\/p><br \/>\n<br \/>\n<p><b>4. k\u00f6nnen Aluminium-Schaufensterprofile individuell angepasst werden? <\/b><\/p>\n<p> Ja, Profile k\u00f6nnen in Bezug auf Abmessungen, Farbe und Design an architektonische Vorgaben und Markenanforderungen angepasst werden.<br \/>\n<\/p><br \/>\n<br \/>\n<p><b>5. sind diese Profile mit Glas- und T\u00fcrsystemen kompatibel? <\/b><\/p>\n<p> Die Aluminiumprofile f\u00fcr Schaufensterfronten sind so konzipiert, dass sie sich mit verschiedenen Glasdicken und T\u00fcrbeschlagsystemen kombinieren lassen.<br \/>\n<\/p><br \/>\n<br \/>\n<p><b>6. ist Aluminium f\u00fcr die Verwendung als Au\u00dfenfassade geeignet? <\/b><\/p>\n<p> Ja, die nat\u00fcrliche Korrosionsbest\u00e4ndigkeit und die sch\u00fctzenden Oberfl\u00e4chenbehandlungen von Aluminium machen es ideal f\u00fcr gewerbliche Au\u00dfenanwendungen.<br \/>\n<\/p><br \/>\n<br \/>\n<p><b>7. welche Arten von Unternehmen verwenden Aluminium-Strangpressprofile? <\/b><\/p>\n<p> Einzelhandelsgesch\u00e4fte, Ausstellungsr\u00e4ume, B\u00fcrogeb\u00e4ude, Banken und Restaurants verwenden h\u00e4ufig Aluminium-Schaufensterfronten, weil sie langlebig und stilvoll sind.<br \/>\n<\/p><br \/>\n<br \/>\n<p><b>8. ist Aluminium eine nachhaltige Wahl f\u00fcr den Bau von Ladenfassaden? <\/b><\/p>\n<p> Ja, Aluminium ist recycelbar und unterst\u00fctzt Initiativen f\u00fcr umweltfreundliches Bauen, indem es die Umweltbelastung reduziert und gleichzeitig eine langfristige Leistung bietet.<br \/>\n<\/p><br \/><\/p>","protected":false},"featured_media":6778,"template":"","categories":[67],"class_list":["post-6779","product","type-product","status-publish","has-post-thumbnail","hentry","category-architectural-aluminium-profile"],"meta_box":{"hilight_text_group":{"product_hilight_text":"<li>Engineered aluminum extrusions designed specifically for modern shop front systems<\/li>\r\r\n<li>Offers high structural strength and corrosion resistance for long-term durability<\/li>\r\r\n<li>Available in anodized, powder-coated, and custom finishes for premium aesthetics<\/li>\r\r\n<li>Compatible with glazing systems and door hardware for seamless installation<\/li>\r\r\n<li>Lightweight and easy to fabricate, reducing labor and installation time<\/li>","product_chanpin_blog":"<ul>\r\r\n<li><a href=\"https:\/\/sinoextrud.com\/t-slot-v-slot-differences\/\" target=\"_blank\">t slot vs v slot<\/a><\/li>\r\r\n<li><a href=\"https:\/\/sinoextrud.com\/what-is-4040-aluminium-extrud\/\" target=\"_blank\">4040 aluminium extrusion<\/a><\/li>\r\r\n<li><a href=\"https:\/\/sinoextrud.com\/what-is-4040-aluminium-extrud\/\" target=\"_blank\">aluminum extrusions for industrial racks<\/a><\/li>\r\r\n<li><a href=\"https:\/\/sinoextrud.com\/powder-coating-aluminium-process\/\" target=\"_blank\">powder coating aluminium<\/a><\/li>\r\r\n<li><a href=\"https:\/\/sinoextrud.com\/what-is-an-aluminium-strip-ceiling\/\" target=\"_blank\">aluminium strip ceiling<\/a><\/li>\r\r\n<li><a href=\"https:\/\/sinoextrud.com\/what-is-a-heat-sink\/\" target=\"_blank\">what is a heat sink<\/a><\/li>\r\r\n<\/ul>","product_chanpin_chanpin":"<li><a href=\"https:\/\/sinoextrud.com\/product\/anodizing-aluminium-section-sliding-window\/\" target=\"_blank\">Anodizing Aluminium Section Sliding Window<\/a><\/li>\r\n<li><a href=\"https:\/\/sinoextrud.com\/product\/wholesale-aluminium-extrusion-corner-profile\/\" target=\"_blank\">Wholesale Aluminium Extrusion Corner Profile<\/a><\/li>\r\n<li><a href=\"https:\/\/sinoextrud.com\/product\/anodizing-housings-large-aluminum-extrusions\/\" target=\"_blank\">Anodizing Housings Large Aluminum Extrusions<\/a><\/li>\r\n<li><a href=\"https:\/\/sinoextrud.com\/product\/aluminium-extrusion-profile-for-furniture-aluminum-profile-with-alloy-6063-t5-supplied-by-china-factory\/\" target=\"_blank\">Aluminium Extrusion Profile for Furniture Aluminum Profile With Alloy 6063 T5 Supplied By China Factory<\/a><\/li>\r\n<li><a href=\"https:\/\/sinoextrud.com\/product\/aluminium-shop-front-extrusions\/\" target=\"_blank\">Aluminium Shop Front Extrusions<\/a><\/li>\r\n<li><a href=\"https:\/\/sinoextrud.com\/product\/extruded-aluminum-handrail\/\" target=\"_blank\">Extruded Aluminum Handrail<\/a><\/li>\r\n<li><a href=\"https:\/\/sinoextrud.com\/product\/aluminum-mill-finish\/\" target=\"_blank\">Aluminum Mill Finish<\/a><\/li>\r\n<li><a href=\"https:\/\/sinoextrud.com\/product\/extruded-aluminum-profiles-prices-competitive-99-pure-aluminum-ingot-curtain-wall-aluminum-profile-extrusion-manufacturers\/\" target=\"_blank\">Extruded aluminum profiles prices competitive 99% pure aluminum ingot curtain wall aluminum profile extrusion manufacturers<\/a><\/li>\r\n<li><a href=\"https:\/\/sinoextrud.com\/product\/aluminium-sliding-door-profiles\/\" target=\"_blank\">Aluminium Sliding Door Profiles<\/a><\/li>\r\n<li><a href=\"https:\/\/sinoextrud.com\/product\/aluminium-extrusion-handles-for-closet\/\" target=\"_blank\">Aluminium Extrusion Handles for Closet<\/a><\/li>\r\n<li><a href=\"https:\/\/sinoextrud.com\/product\/aluminium-window-and-door-profiles\/\" target=\"_blank\">Aluminium Window And Door Profiles<\/a><\/li>"},"feature_list":[]},"_links":{"self":[{"href":"https:\/\/sinoextrud.com\/de\/wp-json\/wp\/v2\/product\/6779","targetHints":{"allow":["GET"]}}],"collection":[{"href":"https:\/\/sinoextrud.com\/de\/wp-json\/wp\/v2\/product"}],"about":[{"href":"https:\/\/sinoextrud.com\/de\/wp-json\/wp\/v2\/types\/product"}],"wp:featuredmedia":[{"embeddable":true,"href":"https:\/\/sinoextrud.com\/de\/wp-json\/wp\/v2\/media\/6778"}],"wp:attachment":[{"href":"https:\/\/sinoextrud.com\/de\/wp-json\/wp\/v2\/media?parent=6779"}],"wp:term":[{"taxonomy":"category","embeddable":true,"href":"https:\/\/sinoextrud.com\/de\/wp-json\/wp\/v2\/categories?post=6779"}],"curies":[{"name":"wp","href":"https:\/\/api.w.org\/{rel}","templated":true}]}}