{"id":6777,"date":"2025-06-01T15:13:02","date_gmt":"2025-06-01T15:13:02","guid":{"rendered":"https:\/\/sinoextrud.com\/product\/aluminium-extrusion-profile-for-furniture-aluminum-profile-with-alloy-6063-t5-supplied-by-china-factory\/"},"modified":"2025-06-24T06:11:40","modified_gmt":"2025-06-24T06:11:40","slug":"aluminium-strangpressprofil-fur-mobel-aluminiumprofil-mit-legierung-6063-t5-geliefert-von-china-fabrik","status":"publish","type":"product","link":"https:\/\/sinoextrud.com\/de\/product\/aluminium-extrusion-profile-for-furniture-aluminum-profile-with-alloy-6063-t5-supplied-by-china-factory\/","title":{"rendered":"Aluminium-Extrusionsprofil f\u00fcr M\u00f6bel Aluminiumprofil mit Legierung 6063 T5 geliefert von China Factory"},"content":{"rendered":"<h2>Produkte Details<\/h2>\n<table class=\"custom-table\">\n<tr>\n<td class=\"label\">Beschreibung<\/td>\n<td>Aluminium-Extrusionsprofil f\u00fcr M\u00f6bel Aluminiumprofil mit Legierung 6063 T5 geliefert von China Factory<\/td>\n<\/tr>\n<tr>\n<td class=\"label\">Legierung\/Temperierung<\/td>\n<td>6063-T5\/6060-T5; 6063-T6\/6060-T6<\/td>\n<\/tr>\n<tr>\n<td class=\"label\">Oberfl\u00e4chenbehandlung<\/td>\n<td>Eloxiert; Pulverbeschichtet; Holzmaserung, maschinell\/s\u00e4urepoliert und etc.<\/td>\n<\/tr>\n<tr>\n<td class=\"label\">Die Norm gilt<\/td>\n<td>EN755;DIN;ASTMB221;GB5237-2008 und andere.<\/td>\n<\/tr>\n<tr>\n<td class=\"label\">Preis<\/td>\n<td>SMM\/LME Prim\u00e4raluminiumpreis + die wettbewerbsf\u00e4higsten Umwandlungskosten<\/td>\n<\/tr>\n<tr>\n<td class=\"label\">Schimmelpilzpolitik<\/td>\n<td>Jeder Artikel gekauft Volumen erhalten, um 3tons, Erstattung Schimmel Zahlung<\/td>\n<\/tr>\n<tr>\n<td class=\"label\">Zeitplan f\u00fcr die Lieferung<\/td>\n<td>Muster: innerhalb von 15 Tagen; Bestellung: innerhalb von 15-20 Tagen<\/td>\n<\/tr>\n<tr>\n<td class=\"label\">Zahlungsfrist<\/td>\n<td>20% Anzahlung, der Restbetrag wird gegen B\/L Kopie innerhalb von 7 Tagen bezahlt<\/td>\n<\/tr>\n<tr>\n<td class=\"label\">Standard-Verpackung<\/td>\n<td>Gesch\u00fctzte Folie und Perlwatte innen und Schrumpffolie au\u00dfen<\/td>\n<\/tr>\n<tr>\n<td class=\"label\">Laufzeit der B\u00fcrgschaft<\/td>\n<td>Sollte die gelieferte Ware nicht den Anforderungen entsprechen, wird der Gesamtbetrag der Bestellung unverz\u00fcglich zur\u00fcckerstattet, oder es werden stattdessen neue Ersatzlieferungen vereinbart.<\/td>\n<\/tr>\n<\/table>\n<h2>Unsere Produktionsbasis<\/h2>\n<h3>Fabrik-Panorama<\/h3>\n<p><img decoding=\"async\" src=\"\/wp-content\/uploads\/factory-01.webp\"\/><\/p>\n<h3>Werkstatt zur Herstellung von Aluminiumstangen<\/h3>\n<p><img decoding=\"async\" src=\"\/wp-content\/uploads\/factory-02.webp\"\/><\/p>\n<\/p>\n<p><img decoding=\"async\" src=\"\/wp-content\/uploads\/factory-03.webp\"\/><\/p>\n<h3>Lagerhaus f\u00fcr Formen<\/h3>\n<p><img decoding=\"async\" src=\"\/wp-content\/uploads\/factory-04.webp\"\/><\/p>\n<h3>43 Aluminium-Strangpressanlagen (500\u00e2\u20ac\"5500 Tonnen)<\/h3>\n<p><img decoding=\"async\" src=\"\/wp-content\/uploads\/factory-05.webp\"\/><\/p>\n<p><img decoding=\"async\" src=\"\/wp-content\/uploads\/factory-06.webp\"\/><\/p>\n<p><img decoding=\"async\" src=\"\/wp-content\/uploads\/factory-07.webp\"\/><\/p>\n<h3>Werkstatt f\u00fcr Pulverbeschichtung<\/h3>\n<p><img decoding=\"async\" src=\"\/wp-content\/uploads\/factory-09.webp\"\/><\/p>\n<h3>Eloxal-Werkstatt<\/h3>\n<p><img decoding=\"async\" src=\"\/wp-content\/uploads\/factory-10.webp\"\/><\/p>\n<h3>Workshop zur Tiefenverarbeitung<\/h3>\n<p><img decoding=\"async\" src=\"\/wp-content\/uploads\/factory-11.webp\"\/><\/p>\n<h3>CNC-Pr\u00e4zisionsbearbeitungswerkstatt<\/h3>\n<p><img decoding=\"async\" src=\"\/wp-content\/uploads\/factory-11.5.webp\"\/><\/p>\n<h3>Lager f\u00fcr Fertigprodukte und Export<\/h3>\n<p><img decoding=\"async\" src=\"\/wp-content\/uploads\/factory-12.webp\"\/><\/p>\n<p><img decoding=\"async\" src=\"\/wp-content\/uploads\/factory-13.webp\"\/><\/p>\n<p><img decoding=\"async\" src=\"\/wp-content\/uploads\/factory-14.webp\"\/><\/p>\n<h2>FAQ<\/h2>\n<p><b>1. was ist ein Aluminium-Strangpressprofil f\u00fcr M\u00f6bel? <\/b><\/p>\n<p> Es handelt sich um ein individuell geformtes Aluminiumprofil, das bei der Konstruktion und Montage von M\u00f6belrahmen, Paneelen und Strukturen verwendet wird.\n<\/p>\n<p><\/p>\n<p><b>2. warum 6063 T5 Legierung f\u00fcr M\u00f6bel Aluminium-Profile w\u00e4hlen? <\/b><\/p>\n<p> Die Legierung 6063 T5 bietet eine perfekte Kombination aus Festigkeit, Korrosionsbest\u00e4ndigkeit und Oberfl\u00e4chenbeschaffenheit und ist damit ideal f\u00fcr M\u00f6belanwendungen.\n<\/p>\n<p><\/p>\n<p><b>3. werden diese M\u00f6belprofile in China hergestellt? <\/b><\/p>\n<p> Ja, sie werden von erfahrenen chinesischen Fabriken hergestellt, die f\u00fcr hohe St\u00fcckzahlen und kosteng\u00fcnstige L\u00f6sungen bekannt sind.\n<\/p>\n<p><\/p>\n<p><b>4. welche Arten von Oberfl\u00e4chenbehandlungen gibt es f\u00fcr Aluminium-M\u00f6belprofile? <\/b><\/p>\n<p> Zu den g\u00e4ngigen Oberfl\u00e4chen geh\u00f6ren eloxiert (Silber, Schwarz, Bronze), geb\u00fcrstet, sandgestrahlt und pulverbeschichtet, um verschiedenen Designthemen gerecht zu werden.\n<\/p>\n<p><\/p>\n<p><b>5. ist es m\u00f6glich, M\u00f6belprofile aus Aluminium individuell zu gestalten? <\/b><\/p>\n<p> Nat\u00fcrlich k\u00f6nnen diese Profile in Bezug auf Gr\u00f6\u00dfe, Querschnitt und Ausf\u00fchrung auf spezifische M\u00f6beldesigns und Funktionalit\u00e4ten zugeschnitten werden.\n<\/p>\n<p><\/p>\n<p><b>6. sind Aluminiumprofile f\u00fcr M\u00f6bel leicht zu montieren? <\/b><\/p>\n<p> Ja, sie sind leicht, einfach zu schneiden und zu bohren und f\u00fcr eine einfache Montage mit handels\u00fcblichen Verbindungselementen und Befestigungsmitteln kompatibel.\n<\/p>\n<p><\/p>\n<p><b>7. wo werden Aluminium-Strangpressprofile in M\u00f6beln verwendet? <\/b><\/p>\n<p> Sie werden h\u00e4ufig in Kleiderschr\u00e4nken, Schr\u00e4nken, Schiebet\u00fcren, B\u00fcroschreibtischen und modularen Regalsystemen verwendet.\n<\/p>\n<p><\/p>\n<p><b>8. ist Aluminium ein nachhaltiges Material f\u00fcr die M\u00f6belherstellung? <\/b><\/p>\n<p> Ja, Aluminium ist vollst\u00e4ndig recycelbar und umweltfreundlich, was es zu einer guten Wahl f\u00fcr eine nachhaltige M\u00f6belproduktion macht.\n<\/p>\n<p><\/p>","protected":false},"featured_media":6776,"template":"","categories":[67],"class_list":["post-6777","product","type-product","status-publish","has-post-thumbnail","hentry","category-architectural-aluminium-profile"],"meta_box":{"hilight_text_group":{"product_hilight_text":"<li>Precision aluminum extrusion profiles designed specifically for modern furniture applications<\/li>\r\r\n<li>Manufactured using high-quality 6063 T5 aluminum alloy for excellent strength and formability<\/li>\r\r\n<li>Supplied directly by Chinese factories with competitive pricing and bulk production capacity<\/li>\r\r\n<li>Available in a variety of finishes including anodized, brushed, and powder-coated<\/li>\r\r\n<li>Lightweight, corrosion-resistant, and easy to assemble, ideal for modular furniture design<\/li>","product_chanpin_blog":"<ul>\r\r\n<li><a href=\"https:\/\/sinoextrud.com\/t-slot-v-slot-differences\/\" target=\"_blank\">t slot vs v slot<\/a><\/li>\r\r\n<li><a href=\"https:\/\/sinoextrud.com\/what-is-4040-aluminium-extrud\/\" target=\"_blank\">4040 aluminium extrusion<\/a><\/li>\r\r\n<li><a href=\"https:\/\/sinoextrud.com\/what-is-4040-aluminium-extrud\/\" target=\"_blank\">aluminum extrusions for industrial racks<\/a><\/li>\r\r\n<li><a href=\"https:\/\/sinoextrud.com\/powder-coating-aluminium-process\/\" target=\"_blank\">powder coating aluminium<\/a><\/li>\r\r\n<li><a href=\"https:\/\/sinoextrud.com\/what-is-an-aluminium-strip-ceiling\/\" target=\"_blank\">aluminium strip ceiling<\/a><\/li>\r\r\n<li><a href=\"https:\/\/sinoextrud.com\/what-is-a-heat-sink\/\" target=\"_blank\">what is a heat sink<\/a><\/li>\r\r\n<\/ul>","product_chanpin_chanpin":"<li><a href=\"https:\/\/sinoextrud.com\/product\/v-slot-aluminum-profile-factory-bulk-business\/\" target=\"_blank\">v-slot aluminum profile Factory bulk business<\/a><\/li>\r\n<li><a href=\"https:\/\/sinoextrud.com\/product\/anodizing-aluminium-section-sliding-window\/\" target=\"_blank\">Anodizing Aluminium Section Sliding Window<\/a><\/li>\r\n<li><a href=\"https:\/\/sinoextrud.com\/product\/wholesale-aluminium-extrusion-corner-profile\/\" target=\"_blank\">Wholesale Aluminium Extrusion Corner Profile<\/a><\/li>\r\n<li><a href=\"https:\/\/sinoextrud.com\/product\/anodizing-housings-large-aluminum-extrusions\/\" target=\"_blank\">Anodizing Housings Large Aluminum Extrusions<\/a><\/li>\r\n<li><a href=\"https:\/\/sinoextrud.com\/product\/aluminium-extrusion-profile-for-furniture-aluminum-profile-with-alloy-6063-t5-supplied-by-china-factory\/\" target=\"_blank\">Aluminium Extrusion Profile for Furniture Aluminum Profile With Alloy 6063 T5 Supplied By China Factory<\/a><\/li>\r\n<li><a href=\"https:\/\/sinoextrud.com\/product\/aluminium-shop-front-extrusions\/\" target=\"_blank\">Aluminium Shop Front Extrusions<\/a><\/li>\r\n<li><a href=\"https:\/\/sinoextrud.com\/product\/extruded-aluminum-handrail\/\" target=\"_blank\">Extruded Aluminum Handrail<\/a><\/li>\r\n<li><a href=\"https:\/\/sinoextrud.com\/product\/aluminum-mill-finish\/\" target=\"_blank\">Aluminum Mill Finish<\/a><\/li>\r\n<li><a href=\"https:\/\/sinoextrud.com\/product\/extruded-aluminum-profiles-prices-competitive-99-pure-aluminum-ingot-curtain-wall-aluminum-profile-extrusion-manufacturers\/\" target=\"_blank\">Extruded aluminum profiles prices competitive 99% pure aluminum ingot curtain wall aluminum profile extrusion manufacturers<\/a><\/li>\r\n<li><a href=\"https:\/\/sinoextrud.com\/product\/aluminium-z-section-extrusions\/\" target=\"_blank\">Aluminium Z Section Extrusions<\/a><\/li>\r\n<li><a href=\"https:\/\/sinoextrud.com\/product\/40x40-aluminium-profile\/\" target=\"_blank\">40\u00c3\u201440 Aluminium Profile<\/a><\/li>"},"feature_list":[]},"_links":{"self":[{"href":"https:\/\/sinoextrud.com\/de\/wp-json\/wp\/v2\/product\/6777","targetHints":{"allow":["GET"]}}],"collection":[{"href":"https:\/\/sinoextrud.com\/de\/wp-json\/wp\/v2\/product"}],"about":[{"href":"https:\/\/sinoextrud.com\/de\/wp-json\/wp\/v2\/types\/product"}],"wp:featuredmedia":[{"embeddable":true,"href":"https:\/\/sinoextrud.com\/de\/wp-json\/wp\/v2\/media\/6776"}],"wp:attachment":[{"href":"https:\/\/sinoextrud.com\/de\/wp-json\/wp\/v2\/media?parent=6777"}],"wp:term":[{"taxonomy":"category","embeddable":true,"href":"https:\/\/sinoextrud.com\/de\/wp-json\/wp\/v2\/categories?post=6777"}],"curies":[{"name":"wp","href":"https:\/\/api.w.org\/{rel}","templated":true}]}}