{"id":6771,"date":"2025-06-01T15:07:53","date_gmt":"2025-06-01T15:07:53","guid":{"rendered":"https:\/\/sinoextrud.com\/product\/anodizing-aluminium-section-sliding-window\/"},"modified":"2025-06-24T06:11:39","modified_gmt":"2025-06-24T06:11:39","slug":"eloxieren-von-aluminiumprofilen-schiebefenster","status":"publish","type":"product","link":"https:\/\/sinoextrud.com\/de\/product\/anodizing-aluminium-section-sliding-window\/","title":{"rendered":"Eloxieren Aluminiumprofil Schiebefenster"},"content":{"rendered":"<h2>Produkte Details<\/h2>\n<table class=\"custom-table\">\n<tr>\n<td class=\"label\">Artikel:<\/td>\n<td> Eloxieren Aluminiumprofil Schiebefenster<br \/>Grundlegende Informationen<\/td>\n<\/tr>\n<tr>\n<td class=\"label\">Die Form:<\/td>\n<td> Benutzerdefiniert<\/td>\n<\/tr>\n<tr>\n<td class=\"label\">Temperament:<\/td>\n<td> T3-T8<\/td>\n<\/tr>\n<tr>\n<td class=\"label\">Legierung oder nicht:<\/td>\n<td> Ist Legierung<\/td>\n<\/tr>\n<tr>\n<td class=\"label\">Note:<\/td>\n<td> Serie 6000<\/td>\n<\/tr>\n<tr>\n<td class=\"label\">L\u00e4nge:<\/td>\n<td> 1-9 Meter oder nach Kundenwunsch<\/td>\n<\/tr>\n<tr>\n<td class=\"label\">Farbe:<\/td>\n<td> Hergestellt nach Vorgabe Farbnummer<\/td>\n<\/tr>\n<tr>\n<td class=\"label\">Verwendung\/Anwendung:<\/td>\n<td> Eloxieren Aluminiumprofil Schiebefenster<\/td>\n<\/tr>\n<tr>\n<td class=\"label\">Vorlaufzeit der Lieferung:<\/td>\n<td> 20-30 Tage (je nach Ihrer Menge)<\/td>\n<\/tr>\n<tr>\n<td class=\"label\">Packung Detail:<\/td>\n<td> Standard-Export-Verpackung<\/td>\n<\/tr>\n<tr>\n<td class=\"label\">Herkunft:<\/td>\n<td> Foshan China<\/td>\n<\/tr>\n<tr>\n<td class=\"label\">Oberfl\u00e4chenveredelung:<\/td>\n<td> Eloxiert, Pulverbeschichtet, etc.<\/td>\n<\/tr>\n<tr>\n<td class=\"label\">Zertifizierungen:<\/td>\n<td> ISO Rohs SGS TUV<\/td>\n<\/tr>\n<\/table>\n<h2>Unsere Produktionsbasis<\/h2>\n<h3>Fabrik-Panorama<\/h3>\n<p><img decoding=\"async\" src=\"\/wp-content\/uploads\/factory-01.webp\"\/><\/p>\n<h3>Werkstatt zur Herstellung von Aluminiumstangen<\/h3>\n<p><img decoding=\"async\" src=\"\/wp-content\/uploads\/factory-02.webp\"\/><\/p>\n<p><img decoding=\"async\" src=\"\/wp-content\/uploads\/factory-03.webp\"\/><\/p>\n<h3>Lagerhaus f\u00fcr Formen<\/h3>\n<p><img decoding=\"async\" src=\"\/wp-content\/uploads\/factory-04.webp\"\/><\/p>\n<h3>43 Aluminium-Strangpressanlagen (500-5500 Tonnen)<\/h3>\n<p><img decoding=\"async\" src=\"\/wp-content\/uploads\/factory-05.webp\"\/><\/p>\n<p><img decoding=\"async\" src=\"\/wp-content\/uploads\/factory-06.webp\"\/><\/p>\n<p><img decoding=\"async\" src=\"\/wp-content\/uploads\/factory-07.webp\"\/><\/p>\n<h3>Werkstatt f\u00fcr Pulverbeschichtung<\/h3>\n<p><img decoding=\"async\" src=\"\/wp-content\/uploads\/factory-09.webp\"\/><\/p>\n<h3>Eloxal-Werkstatt<\/h3>\n<p><img decoding=\"async\" src=\"\/wp-content\/uploads\/factory-10.webp\"\/><\/p>\n<h3>Workshop zur Tiefenverarbeitung<\/h3>\n<p><img decoding=\"async\" src=\"\/wp-content\/uploads\/factory-11.webp\"\/><\/p>\n<h3>CNC-Pr\u00e4zisionsbearbeitungswerkstatt<\/h3>\n<p><img decoding=\"async\" src=\"\/wp-content\/uploads\/factory-11.5.webp\"\/><\/p>\n<h3>Lager f\u00fcr Fertigprodukte und Export<\/h3>\n<p><img decoding=\"async\" src=\"\/wp-content\/uploads\/factory-12.webp\"\/><\/p>\n<p><img decoding=\"async\" src=\"\/wp-content\/uploads\/factory-13.webp\"\/><\/p>\n<p><img decoding=\"async\" src=\"\/wp-content\/uploads\/factory-14.webp\"\/><\/p>\n<h2>FAQ<\/h2>\n<p><p><b>1. was ist ein eloxiertes Aluminiumprofil f\u00fcr Schiebefenster? <\/b><\/p>\n<p> Es handelt sich um ein stranggepresstes Aluminiumprofil, das zur Verbesserung der Korrosionsbest\u00e4ndigkeit eloxiert und speziell f\u00fcr Schiebefenstersysteme verwendet wird.<br \/>\n<\/p><br \/>\n<br \/>\n<p><b>2. warum ist die Eloxierung f\u00fcr Schiebefenster wichtig? <\/b><\/p>\n<p> Die Eloxierung erh\u00f6ht die Oberfl\u00e4chenh\u00e4rte und sch\u00fctzt vor Korrosion, Abnutzung und Verf\u00e4rbung, wodurch die Lebensdauer der Schiebefenster verl\u00e4ngert wird.<br \/>\n<\/p><br \/>\n<br \/>\n<p><b>3. welche Aluminiumlegierung wird f\u00fcr eloxierte Schiebefensterprofile verwendet? <\/b><\/p>\n<p> 6063-T5 wird h\u00e4ufig wegen seiner ausgezeichneten Ausgewogenheit von Festigkeit, Verarbeitbarkeit und Eloxalf\u00e4higkeit verwendet.<br \/>\n<\/p><br \/>\n<br \/>\n<p><b>4. sind eloxierte Aluminium-Fensterprofile f\u00fcr den Au\u00dfeneinsatz geeignet? <\/b><\/p>\n<p> Ja, eloxierte Oberfl\u00e4chen sind witterungsbest\u00e4ndig und daher ideal f\u00fcr Au\u00dfenschiebefenster, die den Elementen ausgesetzt sind.<br \/>\n<\/p><br \/>\n<br \/>\n<p><b>5. kann ich eloxierte Schiebefensterprofile in verschiedenen Farben erhalten? <\/b><\/p>\n<p> Eloxiertes Aluminium kann in verschiedenen Farben wie Silber, Bronze, Schwarz und Champagner hergestellt werden, um architektonischen Designs gerecht zu werden.<br \/>\n<\/p><br \/>\n<br \/>\n<p><b>6) Wie verh\u00e4lt sich eloxiertes Aluminium im Vergleich zu lackierten oder pulverbeschichteten Profilen? <\/b><\/p>\n<p> Eloxierte Profile bieten eine h\u00e4rtere, haltbarere Oberfl\u00e4che, die besser vor Verblassen und Kratzern gesch\u00fctzt ist als lackierte oder pulverbeschichtete Alternativen.<br \/>\n<\/p><br \/>\n<br \/>\n<p><b>7. ist eine Wartung f\u00fcr eloxierte Schiebefensterprofile erforderlich? <\/b><\/p>\n<p> Der Wartungsaufwand ist minimal - es gen\u00fcgt eine regelm\u00e4\u00dfige Reinigung mit Wasser und einem milden Reinigungsmittel, um Aussehen und Funktion zu erhalten.<br \/>\n<\/p><br \/>\n<br \/>\n<p><b>Welche Vorteile hat die Verwendung von Aluminium gegen\u00fcber anderen Materialien f\u00fcr Schiebefenster? <\/b><\/p>\n<p> Aluminium ist leicht, stabil, korrosionsbest\u00e4ndig und recycelbar und bietet im Vergleich zu Holz oder Kunststoff eine bessere Leistung und Nachhaltigkeit.<br \/>\n<\/p><br \/><\/p>","protected":false},"featured_media":6770,"template":"","categories":[67],"class_list":["post-6771","product","type-product","status-publish","has-post-thumbnail","hentry","category-architectural-aluminium-profile"],"meta_box":{"hilight_text_group":{"product_hilight_text":"<li>Anodized aluminum sections provide enhanced corrosion resistance and surface durability<\/li>\r\r\n<li>Designed specifically for smooth, long-lasting sliding window performance<\/li>\r\r\n<li>High-strength 6063-T5 alloy ensures structural integrity and precision fitting<\/li>\r\r\n<li>Custom colors and finishes available for architectural and aesthetic flexibility<\/li>\r\r\n<li>Low maintenance and weather-resistant, ideal for residential and commercial use<\/li>","product_chanpin_blog":"<ul>\r\r\n<li><a href=\"https:\/\/sinoextrud.com\/t-slot-v-slot-differences\/\" target=\"_blank\">t slot vs v slot<\/a><\/li>\r\r\n<li><a href=\"https:\/\/sinoextrud.com\/what-is-4040-aluminium-extrud\/\" target=\"_blank\">4040 aluminium extrusion<\/a><\/li>\r\r\n<li><a href=\"https:\/\/sinoextrud.com\/what-is-4040-aluminium-extrud\/\" target=\"_blank\">aluminum extrusions for industrial racks<\/a><\/li>\r\r\n<li><a href=\"https:\/\/sinoextrud.com\/powder-coating-aluminium-process\/\" target=\"_blank\">powder coating aluminium<\/a><\/li>\r\r\n<li><a href=\"https:\/\/sinoextrud.com\/what-is-an-aluminium-strip-ceiling\/\" target=\"_blank\">aluminium strip ceiling<\/a><\/li>\r\r\n<li><a href=\"https:\/\/sinoextrud.com\/what-is-a-heat-sink\/\" target=\"_blank\">what is a heat sink<\/a><\/li>\r\r\n<\/ul>","product_chanpin_chanpin":"<li><a href=\"https:\/\/sinoextrud.com\/product\/expanded-metal-aluminium-profiles-partition-frame-for-bathroom-doors-busch-polish-light-top-a-grade\/\" target=\"_blank\">expanded metal aluminium profiles partition frame for bathroom doors busch polish light top a grade<\/a><\/li>\r\n<li><a href=\"https:\/\/sinoextrud.com\/product\/extude-aluminum-t-slot-and-v-slot-profile\/\" target=\"_blank\">Extude-Aluminum T Slot And V Slot Profile<\/a><\/li>\r\n<li><a href=\"https:\/\/sinoextrud.com\/product\/aluminium-square-tube-extrusion-profile-with-6063-t5-alloy-anodized-extruded-aluminium-profile\/\" target=\"_blank\">Aluminium Square Tube Extrusion Profile With 6063 T5 Alloy  Anodized Extruded Aluminium Profile<\/a><\/li>\r\n<li><a href=\"https:\/\/sinoextrud.com\/product\/v-slot-aluminum-profile-factory-bulk-business\/\" target=\"_blank\">v-slot aluminum profile Factory bulk business<\/a><\/li>\r\n<li><a href=\"https:\/\/sinoextrud.com\/product\/anodizing-aluminium-section-sliding-window\/\" target=\"_blank\">Anodizing Aluminium Section Sliding Window<\/a><\/li>\r\n<li><a href=\"https:\/\/sinoextrud.com\/product\/wholesale-aluminium-extrusion-corner-profile\/\" target=\"_blank\">Wholesale Aluminium Extrusion Corner Profile<\/a><\/li>\r\n<li><a href=\"https:\/\/sinoextrud.com\/product\/anodizing-housings-large-aluminum-extrusions\/\" target=\"_blank\">Anodizing Housings Large Aluminum Extrusions<\/a><\/li>\r\n<li><a href=\"https:\/\/sinoextrud.com\/product\/aluminium-extrusion-profile-for-furniture-aluminum-profile-with-alloy-6063-t5-supplied-by-china-factory\/\" target=\"_blank\">Aluminium Extrusion Profile for Furniture Aluminum Profile With Alloy 6063 T5 Supplied By China Factory<\/a><\/li>\r\n<li><a href=\"https:\/\/sinoextrud.com\/product\/aluminium-shop-front-extrusions\/\" target=\"_blank\">Aluminium Shop Front Extrusions<\/a><\/li>\r\n<li><a href=\"https:\/\/sinoextrud.com\/product\/standard-aluminum-extrusions\/\" target=\"_blank\">Standard Aluminum Extrusions<\/a><\/li>\r\n<li><a href=\"https:\/\/sinoextrud.com\/product\/standard-aluminium-extrusions\/\" target=\"_blank\">Standard Aluminium Extrusions<\/a><\/li>"},"feature_list":[]},"_links":{"self":[{"href":"https:\/\/sinoextrud.com\/de\/wp-json\/wp\/v2\/product\/6771","targetHints":{"allow":["GET"]}}],"collection":[{"href":"https:\/\/sinoextrud.com\/de\/wp-json\/wp\/v2\/product"}],"about":[{"href":"https:\/\/sinoextrud.com\/de\/wp-json\/wp\/v2\/types\/product"}],"wp:featuredmedia":[{"embeddable":true,"href":"https:\/\/sinoextrud.com\/de\/wp-json\/wp\/v2\/media\/6770"}],"wp:attachment":[{"href":"https:\/\/sinoextrud.com\/de\/wp-json\/wp\/v2\/media?parent=6771"}],"wp:term":[{"taxonomy":"category","embeddable":true,"href":"https:\/\/sinoextrud.com\/de\/wp-json\/wp\/v2\/categories?post=6771"}],"curies":[{"name":"wp","href":"https:\/\/api.w.org\/{rel}","templated":true}]}}