{"id":6763,"date":"2025-06-01T14:56:31","date_gmt":"2025-06-01T14:56:31","guid":{"rendered":"https:\/\/sinoextrud.com\/product\/expanded-metal-aluminium-profiles-partition-frame-for-bathroom-doors-busch-polish-light-top-a-grade\/"},"modified":"2025-06-24T06:22:42","modified_gmt":"2025-06-24T06:22:42","slug":"streckmetall-aluminiumprofile-trennwandrahmen-fur-badezimmerturen-busch-polish-light-top-a-grade","status":"publish","type":"product","link":"https:\/\/sinoextrud.com\/de\/product\/expanded-metal-aluminium-profiles-partition-frame-for-bathroom-doors-busch-polish-light-top-a-grade\/","title":{"rendered":"streckmetall aluminiumprofile trennwandrahmen f\u00fcr badezimmert\u00fcren busch polish light top a grade"},"content":{"rendered":"<h2>Produkte Details<\/h2>\n<table class=\"custom-table\">\n<tr>\n<td class=\"label\">Modell Nr.:<\/td>\n<td> streckmetall aluminiumprofile trennwandrahmen f\u00fcr badezimmert\u00fcren busch polish light top a grade<\/td>\n<\/tr>\n<tr>\n<td class=\"label\">Anwendung:<\/td>\n<td> Dekorationen, K\u00fchlk\u00f6rper, Transportwerkzeuge, T\u00fcr &amp; Fenster, Glaswand<\/td>\n<\/tr>\n<tr>\n<td class=\"label\">Note:<\/td>\n<td> Serie 6000<\/td>\n<\/tr>\n<tr>\n<td class=\"label\">Die Technik:<\/td>\n<td> Stranggepresstes Aluminium-Streckmetall<\/td>\n<\/tr>\n<tr>\n<td class=\"label\">Temperament:<\/td>\n<td> T3 - T8<\/td>\n<\/tr>\n<tr>\n<td class=\"label\">Die Dimension:<\/td>\n<td> Nach Zeichnung des Kunden oder ODM-Service.<\/td>\n<\/tr>\n<tr>\n<td class=\"label\">Zertifizierung:<\/td>\n<td> ISO9001,2008, SGS<\/td>\n<\/tr>\n<tr>\n<td class=\"label\">Warenzeichen:<\/td>\n<td> Sinoextrud<\/td>\n<\/tr>\n<tr>\n<td class=\"label\">Herkunft:<\/td>\n<td> China<\/td>\n<\/tr>\n<tr>\n<td class=\"label\">Art:<\/td>\n<td> Aluminiumprofile<\/td>\n<\/tr>\n<tr>\n<td class=\"label\">Die Form:<\/td>\n<td> angepasst<\/td>\n<\/tr>\n<tr>\n<td class=\"label\">Oberfl\u00e4chenbehandlung:<\/td>\n<td> busch aluminium polieren Anodische Oxidation<\/td>\n<\/tr>\n<tr>\n<td class=\"label\">Legierung:<\/td>\n<td> Legierung<\/td>\n<\/tr>\n<tr>\n<td class=\"label\">Oberfl\u00e4chenbearbeitung:<\/td>\n<td> Mill Finish, Pulverbeschichtung, Eloxieren, etc.<\/td>\n<\/tr>\n<tr>\n<td class=\"label\">Tiefe Verarbeitung:<\/td>\n<td> Schneiden, Bohren, Stanzen, CNC-Maschinen usw.<\/td>\n<\/tr>\n<tr>\n<td class=\"label\">Das Datum der Lieferung:<\/td>\n<td> Etwa 10 Tage<\/td>\n<\/tr>\n<tr>\n<td class=\"label\">Spezifikation:<\/td>\n<td> nach Kundenzeichnung oder ODM-Service<\/td>\n<\/tr>\n<tr>\n<td class=\"label\">HS-Code:<\/td>\n<td> 7604299000<\/td>\n<\/tr>\n<\/table>\n<h2>Unsere Produktionsbasis<\/h2>\n<h3>Fabrik-Panorama<\/h3>\n<p><img decoding=\"async\" src=\"\/wp-content\/uploads\/factory-01.webp\"\/><\/p>\n<h3>Werkstatt zur Herstellung von Aluminiumstangen<\/h3>\n<p><img decoding=\"async\" src=\"\/wp-content\/uploads\/factory-02.webp\"\/><\/p>\n<\/p>\n<p><img decoding=\"async\" src=\"\/wp-content\/uploads\/factory-03.webp\"\/><\/p>\n<h3>Lagerhaus f\u00fcr Formen<\/h3>\n<p><img decoding=\"async\" src=\"\/wp-content\/uploads\/factory-04.webp\"\/><\/p>\n<h3>43 Aluminium-Strangpressanlagen (500-5500 Tonnen)<\/h3>\n<p><img decoding=\"async\" src=\"\/wp-content\/uploads\/factory-05.webp\"\/><\/p>\n<p><img decoding=\"async\" src=\"\/wp-content\/uploads\/factory-06.webp\"\/><\/p>\n<p><img decoding=\"async\" src=\"\/wp-content\/uploads\/factory-07.webp\"\/><\/p>\n<h3>Werkstatt f\u00fcr Pulverbeschichtung<\/h3>\n<p><img decoding=\"async\" src=\"\/wp-content\/uploads\/factory-09.webp\"\/><\/p>\n<h3>Eloxal-Werkstatt<\/h3>\n<p><img decoding=\"async\" src=\"\/wp-content\/uploads\/factory-10.webp\"\/><\/p>\n<h3>Workshop zur Tiefenverarbeitung<\/h3>\n<p><img decoding=\"async\" src=\"\/wp-content\/uploads\/factory-11.webp\"\/><\/p>\n<h3>CNC-Pr\u00e4zisionsbearbeitungswerkstatt<\/h3>\n<p><img decoding=\"async\" src=\"\/wp-content\/uploads\/factory-11.5.webp\"\/><\/p>\n<h3>Lager f\u00fcr Fertigprodukte und Export<\/h3>\n<p><img decoding=\"async\" src=\"\/wp-content\/uploads\/factory-12.webp\"\/><\/p>\n<p><img decoding=\"async\" src=\"\/wp-content\/uploads\/factory-13.webp\"\/><\/p>\n<p><img decoding=\"async\" src=\"\/wp-content\/uploads\/factory-14.webp\"\/><\/p>\n<h2>FAQ<\/h2>\n<p><b>1. wof\u00fcr werden Aluminiumprofile aus Streckmetall f\u00fcr Badezimmerabtrennungen verwendet? <\/b><\/p>\n<p> Streckmetall-Aluminiumprofile werden in Badezimmerabtrennungen verwendet, um eine Kombination aus Sichtschutz und Luftstrom zu bieten und die Bel\u00fcftung zu verbessern, w\u00e4hrend die strukturelle Integrit\u00e4t erhalten bleibt.\n<\/p>\n<p><\/p>\n<p><b>2. warum die Aluminiumlegierung 6063-T5 f\u00fcr Trennwandrahmen? <\/b><\/p>\n<p> Die Aluminiumlegierung 6063-T5 wird wegen ihrer ausgezeichneten Festigkeit, Korrosionsbest\u00e4ndigkeit und leichten Verarbeitbarkeit bevorzugt und ist daher ideal f\u00fcr die Herstellung von Trennw\u00e4nden f\u00fcr Badezimmer.\n<\/p>\n<p><\/p>\n<p><b>3. was ist der Vorteil von Busch Polish Light Top A Grade Finish? <\/b><\/p>\n<p> Busch Polish Light Top A Grade Finish bietet ein hochgl\u00e4nzendes, spiegel\u00e4hnliches Erscheinungsbild, das die \u00c4sthetik verbessert und eine hervorragende Best\u00e4ndigkeit gegen Anlaufen und Korrosion bietet.\n<\/p>\n<p><\/p>\n<p><b>4. sind diese Aluminiumprofile f\u00fcr feuchte Badezimmer geeignet? <\/b><\/p>\n<p> Ja, die korrosionsbest\u00e4ndigen Eigenschaften der Aluminiumlegierung 6063-T5 und die sch\u00fctzende Busch-Polish-Beschichtung machen diese Profile ideal f\u00fcr feuchte Badezimmer.\n<\/p>\n<p><\/p>\n<p><b>5. k\u00f6nnen die Aluminiumprofile aus Streckmetall individuell angepasst werden? <\/b><\/p>\n<p> Nat\u00fcrlich k\u00f6nnen diese Profile in Bezug auf Gr\u00f6\u00dfe, Form und Ausf\u00fchrung auf die spezifischen Design- und Architekturanforderungen zugeschnitten werden.\n<\/p>\n<p><\/p>\n<p><b>6. wie wirkt sich das geringe Gewicht von Aluminium auf die Installation aus? <\/b><\/p>\n<p> Das geringe Gewicht von Aluminium vereinfacht die Handhabung und Installation, wodurch die Arbeitskosten und die strukturelle Belastung des Geb\u00e4udes reduziert werden.\n<\/p>\n<p><\/p>\n<p><b>7. ist eine Wartung f\u00fcr Busch Polish fertige Aluminiumprofile erforderlich? <\/b><\/p>\n<p> Der Pflegeaufwand ist minimal; eine regelm\u00e4\u00dfige Reinigung mit milder Seife und Wasser erh\u00e4lt die Hochglanzoberfl\u00e4che und verhindert Schmutzablagerungen.\n<\/p>\n<p><\/p>\n<p><b>8. sind diese Profile umweltfreundlich? <\/b><\/p>\n<p> Ja, Aluminium ist ein recycelbares Material, und seine Verwendung im Bauwesen tr\u00e4gt zu einer nachhaltigen Bauweise bei.\n<\/p>\n<p><\/p>","protected":false},"featured_media":6762,"template":"","categories":[67],"class_list":["post-6763","product","type-product","status-publish","has-post-thumbnail","hentry","category-architectural-aluminium-profile"],"meta_box":{"hilight_text_group":{"product_hilight_text":"<li>Expanded metal aluminum profiles provide enhanced ventilation and privacy for bathroom partitions<\/li>\r\r\n<li>Constructed from high-grade 6063-T5 aluminum alloy for superior strength and corrosion resistance<\/li>\r\r\n<li>Busch Polish Light Top A Grade finish ensures a high-gloss, mirror-like surface for premium aesthetics<\/li>\r\r\n<li>Lightweight design facilitates easy installation and reduces structural load<\/li>\r\r\n<li>Customizable sizes and finishes available to meet diverse architectural requirements<\/li>","product_chanpin_blog":"<ul>\r\r\n<li><a href=\"https:\/\/sinoextrud.com\/t-slot-v-slot-differences\/\" target=\"_blank\">t slot vs v slot<\/a><\/li>\r\r\n<li><a href=\"https:\/\/sinoextrud.com\/what-is-4040-aluminium-extrud\/\" target=\"_blank\">4040 aluminium extrusion<\/a><\/li>\r\r\n<li><a href=\"https:\/\/sinoextrud.com\/what-is-4040-aluminium-extrud\/\" target=\"_blank\">aluminum extrusions for industrial racks<\/a><\/li>\r\r\n<li><a href=\"https:\/\/sinoextrud.com\/powder-coating-aluminium-process\/\" target=\"_blank\">powder coating aluminium<\/a><\/li>\r\r\n<li><a href=\"https:\/\/sinoextrud.com\/what-is-an-aluminium-strip-ceiling\/\" target=\"_blank\">aluminium strip ceiling<\/a><\/li>\r\r\n<li><a href=\"https:\/\/sinoextrud.com\/what-is-a-heat-sink\/\" target=\"_blank\">what is a heat sink<\/a><\/li>\r\r\n<\/ul>","product_chanpin_chanpin":"<li><a href=\"https:\/\/sinoextrud.com\/product\/construction-aluminum-profile\/\" target=\"_blank\">Construction Aluminum Profile<\/a><\/li>\r\n<li><a href=\"https:\/\/sinoextrud.com\/product\/architectural-aluminum-profile\/\" target=\"_blank\">Architectural Aluminum Profile<\/a><\/li>\r\n<li><a href=\"https:\/\/sinoextrud.com\/product\/color-anodized-structural-aluminum-extrusions-profile-for-window-frame-extruded-aluminium-alloys-6063\/\" target=\"_blank\">Color Anodized structural aluminum extrusions Profile for Window Frame extruded aluminium alloys 6063<\/a><\/li>\r\n<li><a href=\"https:\/\/sinoextrud.com\/product\/building-material-aluminium-extrusion-profiles\/\" target=\"_blank\">Building Material Aluminium Extrusion Profiles<\/a><\/li>\r\n<li><a href=\"https:\/\/sinoextrud.com\/product\/expanded-metal-aluminium-profiles-partition-frame-for-bathroom-doors-busch-polish-light-top-a-grade\/\" target=\"_blank\">expanded metal aluminium profiles partition frame for bathroom doors busch polish light top a grade<\/a><\/li>\r\n<li><a href=\"https:\/\/sinoextrud.com\/product\/extude-aluminum-t-slot-and-v-slot-profile\/\" target=\"_blank\">Extude-Aluminum T Slot And V Slot Profile<\/a><\/li>\r\n<li><a href=\"https:\/\/sinoextrud.com\/product\/aluminium-square-tube-extrusion-profile-with-6063-t5-alloy-anodized-extruded-aluminium-profile\/\" target=\"_blank\">Aluminium Square Tube Extrusion Profile With 6063 T5 Alloy  Anodized Extruded Aluminium Profile<\/a><\/li>\r\n<li><a href=\"https:\/\/sinoextrud.com\/product\/v-slot-aluminum-profile-factory-bulk-business\/\" target=\"_blank\">v-slot aluminum profile Factory bulk business<\/a><\/li>\r\n<li><a href=\"https:\/\/sinoextrud.com\/product\/anodizing-aluminium-section-sliding-window\/\" target=\"_blank\">Anodizing Aluminium Section Sliding Window<\/a><\/li>\r\n<li><a href=\"https:\/\/sinoextrud.com\/product\/aluminium-profile-material\/\" target=\"_blank\">Aluminium Profile Material<\/a><\/li>\r\n<li><a href=\"https:\/\/sinoextrud.com\/product\/custom-high-quality-aluminum-shower-room-mirror-frame-aluminum-profile\/\" target=\"_blank\">Custom High-quality Aluminum Shower Room Mirror Frame Aluminum Profile<\/a><\/li>"},"feature_list":[]},"_links":{"self":[{"href":"https:\/\/sinoextrud.com\/de\/wp-json\/wp\/v2\/product\/6763","targetHints":{"allow":["GET"]}}],"collection":[{"href":"https:\/\/sinoextrud.com\/de\/wp-json\/wp\/v2\/product"}],"about":[{"href":"https:\/\/sinoextrud.com\/de\/wp-json\/wp\/v2\/types\/product"}],"wp:featuredmedia":[{"embeddable":true,"href":"https:\/\/sinoextrud.com\/de\/wp-json\/wp\/v2\/media\/6762"}],"wp:attachment":[{"href":"https:\/\/sinoextrud.com\/de\/wp-json\/wp\/v2\/media?parent=6763"}],"wp:term":[{"taxonomy":"category","embeddable":true,"href":"https:\/\/sinoextrud.com\/de\/wp-json\/wp\/v2\/categories?post=6763"}],"curies":[{"name":"wp","href":"https:\/\/api.w.org\/{rel}","templated":true}]}}