{"id":6759,"date":"2025-06-01T14:52:13","date_gmt":"2025-06-01T14:52:13","guid":{"rendered":"https:\/\/sinoextrud.com\/product\/color-anodized-structural-aluminum-extrusions-profile-for-window-frame-extruded-aluminium-alloys-6063\/"},"modified":"2025-06-24T06:11:36","modified_gmt":"2025-06-24T06:11:36","slug":"farbig-eloxierte-aluminium-strangpressprofile-fur-fensterrahmen-aus-stranggepressten-aluminiumlegierungen-6063","status":"publish","type":"product","link":"https:\/\/sinoextrud.com\/de\/product\/color-anodized-structural-aluminum-extrusions-profile-for-window-frame-extruded-aluminium-alloys-6063\/","title":{"rendered":"Farbe eloxiert strukturelle Aluminium-Strangpressprofile f\u00fcr Fensterrahmen stranggepresste Aluminiumlegierungen 6063"},"content":{"rendered":"<h2>Produkte Details<\/h2>\n<table class=\"custom-table\">\n<tr>\n<td class=\"label\">Artikel:<\/td>\n<td> Farbe eloxiert strukturelle Aluminium-Strangpressprofile f\u00fcr Fensterrahmen stranggepresste Aluminiumlegierungen 6063<\/td>\n<\/tr>\n<tr>\n<td class=\"label\">Art:<\/td>\n<td> Aluminium-Strangpressprofile<\/td>\n<\/tr>\n<tr>\n<td class=\"label\">Note:<\/td>\n<td> Serie 6000<\/td>\n<\/tr>\n<tr>\n<td class=\"label\">Fensterextrusionen:<\/td>\n<td> Serie 80<\/td>\n<\/tr>\n<tr>\n<td class=\"label\">Oberfl\u00e4chenveredelung:<\/td>\n<td> Farbe Eloxiertes Splitter<\/td>\n<\/tr>\n<tr>\n<td class=\"label\">Zertifizierung:<\/td>\n<td> CE, ISO<\/td>\n<\/tr>\n<tr>\n<td class=\"label\">Warenzeichen:<\/td>\n<td> Sinoextrud<\/td>\n<\/tr>\n<tr>\n<td class=\"label\">Spezifikation:<\/td>\n<td> OEM<\/td>\n<\/tr>\n<tr>\n<td class=\"label\">HS-Code:<\/td>\n<td> 7606125900<\/td>\n<\/tr>\n<tr>\n<td class=\"label\">Die Form:<\/td>\n<td> Baureihe Sinoextrud 80<\/td>\n<\/tr>\n<tr>\n<td class=\"label\">Temperament:<\/td>\n<td> T3-T8<\/td>\n<\/tr>\n<tr>\n<td class=\"label\">Legierung:<\/td>\n<td> Legierung<\/td>\n<\/tr>\n<tr>\n<td class=\"label\">Legierungsbestandteil:<\/td>\n<td> Aluminium und Aluminiumlegierungen 6063<\/td>\n<\/tr>\n<tr>\n<td class=\"label\">Herkunft:<\/td>\n<td> China<\/td>\n<\/tr>\n<\/table>\n<h2>Unsere Produktionsbasis<\/h2>\n<h3>Fabrik-Panorama<\/h3>\n<p><img decoding=\"async\" src=\"\/wp-content\/uploads\/factory-01.webp\"\/><\/p>\n<h3>Werkstatt zur Herstellung von Aluminiumstangen<\/h3>\n<p><img decoding=\"async\" src=\"\/wp-content\/uploads\/factory-02.webp\"\/><\/p>\n<p><img decoding=\"async\" src=\"\/wp-content\/uploads\/factory-03.webp\"\/><\/p>\n<h3>Lagerhaus f\u00fcr Formen<\/h3>\n<p><img decoding=\"async\" src=\"\/wp-content\/uploads\/factory-04.webp\"\/><\/p>\n<h3>43 Aluminium-Strangpressanlagen (500\u00e2\u20ac\"5500 Tonnen)<\/h3>\n<p><img decoding=\"async\" src=\"\/wp-content\/uploads\/factory-05.webp\"\/><\/p>\n<p><img decoding=\"async\" src=\"\/wp-content\/uploads\/factory-06.webp\"\/><\/p>\n<p><img decoding=\"async\" src=\"\/wp-content\/uploads\/factory-07.webp\"\/><\/p>\n<h3>Werkstatt f\u00fcr Pulverbeschichtung<\/h3>\n<p><img decoding=\"async\" src=\"\/wp-content\/uploads\/factory-09.webp\"\/><\/p>\n<h3>Eloxal-Werkstatt<\/h3>\n<p><img decoding=\"async\" src=\"\/wp-content\/uploads\/factory-10.webp\"\/><\/p>\n<h3>Workshop zur Tiefenverarbeitung<\/h3>\n<p><img decoding=\"async\" src=\"\/wp-content\/uploads\/factory-11.webp\"\/><\/p>\n<h3>CNC-Pr\u00e4zisionsbearbeitungswerkstatt<\/h3>\n<p><img decoding=\"async\" src=\"\/wp-content\/uploads\/factory-11.5.webp\"\/><\/p>\n<h3>Lager f\u00fcr Fertigprodukte und Export<\/h3>\n<p><img decoding=\"async\" src=\"\/wp-content\/uploads\/factory-12.webp\"\/><\/p>\n<p><img decoding=\"async\" src=\"\/wp-content\/uploads\/factory-13.webp\"\/><\/p>\n<p><img decoding=\"async\" src=\"\/wp-content\/uploads\/factory-14.webp\"\/><\/p>\n<h2>FAQ<\/h2>\n<p><p><b>1. was sind farbig eloxierte Strangpressprofile aus Aluminium f\u00fcr Fensterrahmen? <\/b><\/p>\n<p> Dabei handelt es sich um Aluminiumprofile aus 6063-Legierungen, die in verschiedenen Farben eloxiert sind, um die Haltbarkeit und die optische Attraktivit\u00e4t von Fensterrahmen zu verbessern.<br \/>\n<\/p><br \/>\n<br \/>\n<p><b>2. warum 6063 stranggepresste Aluminiumlegierungen f\u00fcr Fensterrahmen verwenden? <\/b><\/p>\n<p> Die Legierung 6063 bietet eine hervorragende Korrosionsbest\u00e4ndigkeit, Oberfl\u00e4cheng\u00fcte und Festigkeit und eignet sich daher ideal f\u00fcr die Extrusion von Pr\u00e4zisionsfensterrahmen.<br \/>\n<\/p><br \/>\n<br \/>\n<p><b>3. was ist der Vorteil der Farbanodisierung von Aluminiumprofilen? <\/b><\/p>\n<p> Die farbige Eloxierung erh\u00f6ht die Oberfl\u00e4chenh\u00e4rte, sch\u00fctzt vor Korrosion und bietet eine dekorative Oberfl\u00e4che f\u00fcr architektonische Zwecke.<br \/>\n<\/p><br \/>\n<br \/>\n<p><b>4. sind diese Aluminiumprofile f\u00fcr Au\u00dfenfensterrahmen geeignet? <\/b><\/p>\n<p> Ja, farbig eloxierte Profile sind UV- und witterungsbest\u00e4ndig und damit ideal f\u00fcr die Montage von Fensterrahmen im Au\u00dfenbereich.<br \/>\n<\/p><br \/>\n<br \/>\n<p><b>5. kann ich kundenspezifische Farben f\u00fcr eloxierte Aluminium-Fensterprofile bestellen? <\/b><\/p>\n<p> Nat\u00fcrlich sind auch kundenspezifische Eloxalfarben erh\u00e4ltlich, um der \u00c4sthetik des Geb\u00e4udes und dem architektonischen Stil zu entsprechen.<br \/>\n<\/p><br \/>\n<br \/>\n<p><b>6. ist die Eloxierung umweltfreundlich? <\/b><\/p>\n<p> Ja, das Eloxieren ist ein sauberes und sicheres Verfahren, das eine dauerhafte, ungiftige und recycelbare Oberfl\u00e4che ohne sch\u00e4dliche Emissionen erzeugt.<br \/>\n<\/p><br \/>\n<br \/>\n<p><b>7. wie lange halten farbig eloxierte Aluminiumfensterprofile? <\/b><\/p>\n<p> Bei ordnungsgem\u00e4\u00dfer Montage k\u00f6nnen eloxierte Aluminiumprofile jahrzehntelang halten, ohne zu verblassen, abzubl\u00e4ttern oder zu korrodieren.<br \/>\n<\/p><br \/>\n<br \/>\n<p><b>8. welche Oberfl\u00e4chenbehandlungen sind neben der Farbanodisierung m\u00f6glich? <\/b><\/p>\n<p> Weitere Oberfl\u00e4chenbehandlungen sind Pulverbeschichtung, mechanisches Polieren und B\u00fcrsten, die eine weitere Anpassung an Design und Funktion erm\u00f6glichen.<br \/>\n<\/p><br \/><\/p>","protected":false},"featured_media":6758,"template":"","categories":[67],"class_list":["post-6759","product","type-product","status-publish","has-post-thumbnail","hentry","category-architectural-aluminium-profile"],"meta_box":{"hilight_text_group":{"product_hilight_text":"<li>Made from premium 6063 extruded aluminum alloys for optimal strength and formability<\/li>\r\r\n<li>Color anodized finish enhances corrosion resistance and aesthetic appeal<\/li>\r\r\n<li>Designed specifically for window frame structures in architectural applications<\/li>\r\r\n<li>Durable and weather-resistant, suitable for long-term outdoor use<\/li>\r\r\n<li>Custom colors and profiles available to match various design requirements<\/li>","product_chanpin_blog":"<ul>\r\r\n<li><a href=\"https:\/\/sinoextrud.com\/t-slot-v-slot-differences\/\" target=\"_blank\">t slot vs v slot<\/a><\/li>\r\r\n<li><a href=\"https:\/\/sinoextrud.com\/what-is-4040-aluminium-extrud\/\" target=\"_blank\">4040 aluminium extrusion<\/a><\/li>\r\r\n<li><a href=\"https:\/\/sinoextrud.com\/what-is-4040-aluminium-extrud\/\" target=\"_blank\">aluminum extrusions for industrial racks<\/a><\/li>\r\r\n<li><a href=\"https:\/\/sinoextrud.com\/powder-coating-aluminium-process\/\" target=\"_blank\">powder coating aluminium<\/a><\/li>\r\r\n<li><a href=\"https:\/\/sinoextrud.com\/what-is-an-aluminium-strip-ceiling\/\" target=\"_blank\">aluminium strip ceiling<\/a><\/li>\r\r\n<li><a href=\"https:\/\/sinoextrud.com\/what-is-a-heat-sink\/\" target=\"_blank\">what is a heat sink<\/a><\/li>\r\r\n<\/ul>","product_chanpin_chanpin":"<li><a href=\"https:\/\/sinoextrud.com\/product\/powder-coating-aluminium-profiles-for-industrial\/\" target=\"_blank\">Powder Coating Aluminium Profiles For Industrial<\/a><\/li>\r\n<li><a href=\"https:\/\/sinoextrud.com\/product\/c-beam-v-slot-aluminium-profile\/\" target=\"_blank\">C Beam V Slot Aluminium Profile<\/a><\/li>\r\n<li><a href=\"https:\/\/sinoextrud.com\/product\/construction-aluminum-profile\/\" target=\"_blank\">Construction Aluminum Profile<\/a><\/li>\r\n<li><a href=\"https:\/\/sinoextrud.com\/product\/architectural-aluminum-profile\/\" target=\"_blank\">Architectural Aluminum Profile<\/a><\/li>\r\n<li><a href=\"https:\/\/sinoextrud.com\/product\/color-anodized-structural-aluminum-extrusions-profile-for-window-frame-extruded-aluminium-alloys-6063\/\" target=\"_blank\">Color Anodized structural aluminum extrusions Profile for Window Frame extruded aluminium alloys 6063<\/a><\/li>\r\n<li><a href=\"https:\/\/sinoextrud.com\/product\/building-material-aluminium-extrusion-profiles\/\" target=\"_blank\">Building Material Aluminium Extrusion Profiles<\/a><\/li>\r\n<li><a href=\"https:\/\/sinoextrud.com\/product\/expanded-metal-aluminium-profiles-partition-frame-for-bathroom-doors-busch-polish-light-top-a-grade\/\" target=\"_blank\">expanded metal aluminium profiles partition frame for bathroom doors busch polish light top a grade<\/a><\/li>\r\n<li><a href=\"https:\/\/sinoextrud.com\/product\/extude-aluminum-t-slot-and-v-slot-profile\/\" target=\"_blank\">Extude-Aluminum T Slot And V Slot Profile<\/a><\/li>\r\n<li><a href=\"https:\/\/sinoextrud.com\/product\/aluminium-square-tube-extrusion-profile-with-6063-t5-alloy-anodized-extruded-aluminium-profile\/\" target=\"_blank\">Aluminium Square Tube Extrusion Profile With 6063 T5 Alloy  Anodized Extruded Aluminium Profile<\/a><\/li>\r\n<li><a href=\"https:\/\/sinoextrud.com\/product\/aluminium-handrail-profiles\/\" target=\"_blank\">Aluminium Handrail Profiles<\/a><\/li>\r\n<li><a href=\"https:\/\/sinoextrud.com\/product\/aluminium-v-slot-extrusion\/\" target=\"_blank\">Aluminium V Slot Extrusion<\/a><\/li>"},"feature_list":[]},"_links":{"self":[{"href":"https:\/\/sinoextrud.com\/de\/wp-json\/wp\/v2\/product\/6759","targetHints":{"allow":["GET"]}}],"collection":[{"href":"https:\/\/sinoextrud.com\/de\/wp-json\/wp\/v2\/product"}],"about":[{"href":"https:\/\/sinoextrud.com\/de\/wp-json\/wp\/v2\/types\/product"}],"wp:featuredmedia":[{"embeddable":true,"href":"https:\/\/sinoextrud.com\/de\/wp-json\/wp\/v2\/media\/6758"}],"wp:attachment":[{"href":"https:\/\/sinoextrud.com\/de\/wp-json\/wp\/v2\/media?parent=6759"}],"wp:term":[{"taxonomy":"category","embeddable":true,"href":"https:\/\/sinoextrud.com\/de\/wp-json\/wp\/v2\/categories?post=6759"}],"curies":[{"name":"wp","href":"https:\/\/api.w.org\/{rel}","templated":true}]}}