{"id":6755,"date":"2025-06-01T14:46:19","date_gmt":"2025-06-01T14:46:19","guid":{"rendered":"https:\/\/sinoextrud.com\/product\/construction-aluminum-profile\/"},"modified":"2025-06-24T06:11:36","modified_gmt":"2025-06-24T06:11:36","slug":"konstruktion-aluminiumprofil","status":"publish","type":"product","link":"https:\/\/sinoextrud.com\/de\/product\/construction-aluminum-profile\/","title":{"rendered":"Konstruktion Aluminiumprofil"},"content":{"rendered":"<h2>Produkte Details<\/h2>\n<table class=\"custom-table\">\n<tr>\n<td class=\"label\">Gegenstand\/Material:<\/td>\n<td>Konstruktion Aluminiumprofil\/Aluminiumlegierung 6063, 6061.<\/td>\n<\/tr>\n<tr>\n<td class=\"label\">Temperament:<\/td>\n<td>T5, T6.<\/td>\n<\/tr>\n<tr>\n<td class=\"label\">Qualit\u00e4tsstandard:<\/td>\n<td>ISO 9001-2008, ROHS, CE, SGS<\/td>\n<\/tr>\n<tr>\n<td class=\"label\">Oberfl\u00e4chenbehandlung:<\/td>\n<td>Feinstbearbeitung, Eloxierung, Pulverbeschichtung, Elektrophorese, Sandstrahlen usw.<\/td>\n<\/tr>\n<tr>\n<td class=\"label\">Erh\u00e4ltlich in Farbe:<\/td>\n<td>Silber, Jede ist verf\u00fcgbar.<\/td>\n<\/tr>\n<tr>\n<td class=\"label\">Einzelheiten zur Verpackung:<\/td>\n<td>Schrumpffolie; Kunststoff &amp; Kraftpapier; Holzpalette. Kartonverpackung; Nach Kundenwunsch.<\/td>\n<\/tr>\n<tr>\n<td class=\"label\">Zeit der Probenahme:<\/td>\n<td>Etwa zwei Wochen.<\/td>\n<\/tr>\n<tr>\n<td class=\"label\">Lieferung:<\/td>\n<td>20-25 Tage f\u00fcr die Massenproduktion.<\/td>\n<\/tr>\n<tr>\n<td class=\"label\">Produktionskapazit\u00e4t:<\/td>\n<td>3000MT\/Monat<\/td>\n<\/tr>\n<tr>\n<td class=\"label\">MOQ:<\/td>\n<td>1 TONNE<\/td>\n<\/tr>\n<tr>\n<td class=\"label\">Zahlungsbedingungen:<\/td>\n<td>T\/T<\/td>\n<\/tr>\n<tr>\n<td class=\"label\">Hafen:<\/td>\n<td>Foshan, Guangzhou, Shenzhen, usw.<\/td>\n<\/tr>\n<\/table>\n<h2>Unsere Produktionsbasis<\/h2>\n<h3>Fabrik-Panorama<\/h3>\n<p><img decoding=\"async\" src=\"\/wp-content\/uploads\/factory-01.webp\"\/><\/p>\n<h3>Werkstatt zur Herstellung von Aluminiumstangen<\/h3>\n<p><img decoding=\"async\" src=\"\/wp-content\/uploads\/factory-02.webp\"\/><\/p>\n<p><img decoding=\"async\" src=\"\/wp-content\/uploads\/factory-03.webp\"\/><\/p>\n<h3>Lagerhaus f\u00fcr Formen<\/h3>\n<p><img decoding=\"async\" src=\"\/wp-content\/uploads\/factory-04.webp\"\/><\/p>\n<h3>43 Aluminium-Strangpressanlagen (500\u00e2\u20ac\"5500 Tonnen)<\/h3>\n<p><img decoding=\"async\" src=\"\/wp-content\/uploads\/factory-05.webp\"\/><\/p>\n<p><img decoding=\"async\" src=\"\/wp-content\/uploads\/factory-06.webp\"\/><\/p>\n<p><img decoding=\"async\" src=\"\/wp-content\/uploads\/factory-07.webp\"\/><\/p>\n<h3>Werkstatt f\u00fcr Pulverbeschichtung<\/h3>\n<p><img decoding=\"async\" src=\"\/wp-content\/uploads\/factory-09.webp\"\/><\/p>\n<h3>Eloxal-Werkstatt<\/h3>\n<p><img decoding=\"async\" src=\"\/wp-content\/uploads\/factory-10.webp\"\/><\/p>\n<h3>Workshop zur Tiefenverarbeitung<\/h3>\n<p><img decoding=\"async\" src=\"\/wp-content\/uploads\/factory-11.webp\"\/><\/p>\n<h3>CNC-Pr\u00e4zisionsbearbeitungswerkstatt<\/h3>\n<p><img decoding=\"async\" src=\"\/wp-content\/uploads\/factory-11.5.webp\"\/><\/p>\n<h3>Lager f\u00fcr Fertigprodukte und Export<\/h3>\n<p><img decoding=\"async\" src=\"\/wp-content\/uploads\/factory-12.webp\"\/><\/p>\n<p><img decoding=\"async\" src=\"\/wp-content\/uploads\/factory-13.webp\"\/><\/p>\n<p><img decoding=\"async\" src=\"\/wp-content\/uploads\/factory-14.webp\"\/><\/p>\n<h2>FAQ<\/h2>\n<p><p><b>1. was ist ein Aluminiumprofil f\u00fcr den Bau? <\/b><\/p>\n<p> Ein Konstruktionsprofil aus Aluminium ist ein stranggepresstes Aluminiumprofil, das in Bau- und Architekturprojekten zur strukturellen Unterst\u00fctzung und Einrahmung verwendet wird.<br \/>\n<\/p><br \/>\n<br \/>\n<p><b>2. warum Aluminiumprofile im Bauwesen verwenden? <\/b><\/p>\n<p> Aluminiumprofile sind stabil, leicht, korrosionsbest\u00e4ndig und einfach zu verarbeiten, was sie ideal f\u00fcr moderne Bauprojekte macht.<br \/>\n<\/p><br \/>\n<br \/>\n<p><b>3. sind Bau-Aluminiumprofile witterungsbest\u00e4ndig? <\/b><\/p>\n<p> Ja, Baualuminiumprofile sind sehr witterungsbest\u00e4ndig, UV-best\u00e4ndig und feuchtigkeitsbest\u00e4ndig und daher f\u00fcr den Au\u00dfeneinsatz geeignet.<br \/>\n<\/p><br \/>\n<br \/>\n<p><b>4. k\u00f6nnen Aluminiumprofile f\u00fcr die Bauindustrie angepasst werden? <\/b><\/p>\n<p> Sie k\u00f6nnen in verschiedenen Formen, Gr\u00f6\u00dfen und Ausf\u00fchrungen hergestellt werden, um spezifischen architektonischen und strukturellen Anforderungen gerecht zu werden.<br \/>\n<\/p><br \/>\n<br \/>\n<p><b>5. f\u00fcr welche Anwendungen werden Bau-Aluminiumprofile verwendet? <\/b><\/p>\n<p> Diese Profile werden in Vorhangfassaden, Fensterrahmen, Fassaden, Ger\u00fcsten und anderen Bauteilen im Bauwesen verwendet.<br \/>\n<\/p><br \/>\n<br \/>\n<p><b>6. ist Aluminium ein nachhaltiges Material f\u00fcr den Bau? <\/b><\/p>\n<p> Ja, Aluminium ist 100% recycelbar, ohne an Qualit\u00e4t zu verlieren, was es zu einer umweltfreundlichen Wahl f\u00fcr nachhaltige Bauprojekte macht.<br \/>\n<\/p><br \/>\n<br \/>\n<p><b>7. wie sind Aluminiumprofile im Vergleich zu Stahl im Bauwesen? <\/b><\/p>\n<p> Aluminium ist leichter, einfacher zu installieren und korrosionsbest\u00e4ndiger als Stahl, bietet aber dennoch eine hervorragende Festigkeit f\u00fcr viele strukturelle Anwendungen.<br \/>\n<\/p><br \/>\n<br \/>\n<p><b>8. welche Oberfl\u00e4chen sind f\u00fcr Baualuminiumprofile erh\u00e4ltlich? <\/b><\/p>\n<p> Konstruktionsaluminiumprofile k\u00f6nnen eloxiert, pulverbeschichtet oder gefr\u00e4st werden, um \u00c4sthetik und Schutz zu verbessern.<br \/>\n<\/p><br \/><\/p>","protected":false},"featured_media":6754,"template":"","categories":[67],"class_list":["post-6755","product","type-product","status-publish","has-post-thumbnail","hentry","category-architectural-aluminium-profile"],"meta_box":{"hilight_text_group":{"product_hilight_text":"<li>High-strength aluminum profiles designed for demanding construction environments<\/li>\r\r\n<li>Corrosion-resistant for long-term durability in outdoor and industrial applications<\/li>\r\r\n<li>Lightweight yet robust, simplifying transportation and installation<\/li>\r\r\n<li>Available in custom shapes and sizes to meet diverse architectural needs<\/li>\r\r\n<li>Eco-friendly and recyclable material supports sustainable building practices<\/li>","product_chanpin_blog":"<ul>\r\r\n<li><a href=\"https:\/\/sinoextrud.com\/t-slot-v-slot-differences\/\" target=\"_blank\">t slot vs v slot<\/a><\/li>\r\r\n<li><a href=\"https:\/\/sinoextrud.com\/what-is-4040-aluminium-extrud\/\" target=\"_blank\">4040 aluminium extrusion<\/a><\/li>\r\r\n<li><a href=\"https:\/\/sinoextrud.com\/what-is-4040-aluminium-extrud\/\" target=\"_blank\">aluminum extrusions for industrial racks<\/a><\/li>\r\r\n<li><a href=\"https:\/\/sinoextrud.com\/powder-coating-aluminium-process\/\" target=\"_blank\">powder coating aluminium<\/a><\/li>\r\r\n<li><a href=\"https:\/\/sinoextrud.com\/what-is-an-aluminium-strip-ceiling\/\" target=\"_blank\">aluminium strip ceiling<\/a><\/li>\r\r\n<li><a href=\"https:\/\/sinoextrud.com\/what-is-a-heat-sink\/\" target=\"_blank\">what is a heat sink<\/a><\/li>\r\r\n<\/ul>","product_chanpin_chanpin":"<li><a href=\"https:\/\/sinoextrud.com\/product\/kitchen-cabinet-aluminum-profile\/\" target=\"_blank\">Kitchen Cabinet Aluminum Profile<\/a><\/li>\r\n<li><a href=\"https:\/\/sinoextrud.com\/product\/aluminium-supplier-china-offer-aluminium-u-channel-extrusion-shapes-profile-for-show-enclosure-cabin\/\" target=\"_blank\">Aluminium Supplier China Offer Aluminium U Channel Extrusion Shapes Profile For Show Enclosure Cabin<\/a><\/li>\r\n<li><a href=\"https:\/\/sinoextrud.com\/product\/powder-coating-aluminium-profiles-for-industrial\/\" target=\"_blank\">Powder Coating Aluminium Profiles For Industrial<\/a><\/li>\r\n<li><a href=\"https:\/\/sinoextrud.com\/product\/c-beam-v-slot-aluminium-profile\/\" target=\"_blank\">C Beam V Slot Aluminium Profile<\/a><\/li>\r\n<li><a href=\"https:\/\/sinoextrud.com\/product\/construction-aluminum-profile\/\" target=\"_blank\">Construction Aluminum Profile<\/a><\/li>\r\n<li><a href=\"https:\/\/sinoextrud.com\/product\/architectural-aluminum-profile\/\" target=\"_blank\">Architectural Aluminum Profile<\/a><\/li>\r\n<li><a href=\"https:\/\/sinoextrud.com\/product\/color-anodized-structural-aluminum-extrusions-profile-for-window-frame-extruded-aluminium-alloys-6063\/\" target=\"_blank\">Color Anodized structural aluminum extrusions Profile for Window Frame extruded aluminium alloys 6063<\/a><\/li>\r\n<li><a href=\"https:\/\/sinoextrud.com\/product\/building-material-aluminium-extrusion-profiles\/\" target=\"_blank\">Building Material Aluminium Extrusion Profiles<\/a><\/li>\r\n<li><a href=\"https:\/\/sinoextrud.com\/product\/expanded-metal-aluminium-profiles-partition-frame-for-bathroom-doors-busch-polish-light-top-a-grade\/\" target=\"_blank\">expanded metal aluminium profiles partition frame for bathroom doors busch polish light top a grade<\/a><\/li>\r\n<li><a href=\"https:\/\/sinoextrud.com\/product\/extruded-h-beam-aluminum-profile\/\" target=\"_blank\">Extruded H Beam Aluminum Profile<\/a><\/li>\r\n<li><a href=\"https:\/\/sinoextrud.com\/product\/extruded-aluminum-framing\/\" target=\"_blank\">Extruded Aluminum Framing<\/a><\/li>"},"feature_list":[]},"_links":{"self":[{"href":"https:\/\/sinoextrud.com\/de\/wp-json\/wp\/v2\/product\/6755","targetHints":{"allow":["GET"]}}],"collection":[{"href":"https:\/\/sinoextrud.com\/de\/wp-json\/wp\/v2\/product"}],"about":[{"href":"https:\/\/sinoextrud.com\/de\/wp-json\/wp\/v2\/types\/product"}],"wp:featuredmedia":[{"embeddable":true,"href":"https:\/\/sinoextrud.com\/de\/wp-json\/wp\/v2\/media\/6754"}],"wp:attachment":[{"href":"https:\/\/sinoextrud.com\/de\/wp-json\/wp\/v2\/media?parent=6755"}],"wp:term":[{"taxonomy":"category","embeddable":true,"href":"https:\/\/sinoextrud.com\/de\/wp-json\/wp\/v2\/categories?post=6755"}],"curies":[{"name":"wp","href":"https:\/\/api.w.org\/{rel}","templated":true}]}}