{"id":6749,"date":"2025-06-01T14:34:42","date_gmt":"2025-06-01T14:34:42","guid":{"rendered":"https:\/\/sinoextrud.com\/product\/aluminium-supplier-china-offer-aluminium-u-channel-extrusion-shapes-profile-for-show-enclosure-cabin\/"},"modified":"2025-06-24T06:11:34","modified_gmt":"2025-06-24T06:11:34","slug":"aluminium-lieferant-china-angebot-aluminium-u-kanal-strangpressprofile-profil-fur-kabine-zeigen","status":"publish","type":"product","link":"https:\/\/sinoextrud.com\/de\/product\/aluminium-supplier-china-offer-aluminium-u-channel-extrusion-shapes-profile-for-show-enclosure-cabin\/","title":{"rendered":"Aluminium Lieferant China Angebot Aluminium U Kanal Extrusion Formen Profil f\u00fcr Show Geh\u00e4use Kabine"},"content":{"rendered":"<h2>Produkte Details<\/h2>\n<table class=\"custom-table\">\n<tr>\n<td class=\"label\">Artikel:<\/td>\n<td>Aluminium Lieferant China Angebot Aluminium U Kanal Extrusion Formen Profil f\u00fcr Show Geh\u00e4use Kabine<\/td>\n<\/tr>\n<tr>\n<td class=\"label\">Material:<\/td>\n<td>100% Aluminiumprofil-Legierung: 6063-T5, 6061-T6, 6463-T5,<\/td>\n<\/tr>\n<tr>\n<td class=\"label\">Marke :<\/td>\n<td>Sinoextrud Aluminium\/Sinoextrud Aluminium-Profile Co.<\/td>\n<\/tr>\n<tr>\n<td class=\"label\">Gr\u00f6\u00dfe:<\/td>\n<td>1m-9m oder kundenspezifische Gr\u00f6\u00dfe<\/td>\n<\/tr>\n<tr>\n<td class=\"label\">Anmeldung<\/td>\n<td>M\u00f6bel, Fenster und T\u00fcren, Dekoration, Industrie, Bauwesen und mehr.<\/td>\n<\/tr>\n<tr>\n<td class=\"label\">Farben:<\/td>\n<td>Eloxiert, Holzmaserung, Pulverbeschichtung, eloxiert, poliert und geb\u00fcrstet, Elektrophorese, Fluorkohlenstoffpulverbeschichtung und mehr.<\/td>\n<\/tr>\n<tr>\n<td class=\"label\">MOQ:<\/td>\n<td>200KG f\u00fcr jedes Profil<\/td>\n<\/tr>\n<tr>\n<td class=\"label\">OEM-Service<\/td>\n<td>auf der Grundlage von Zeichnungen oder Mustern des Kunden<\/td>\n<\/tr>\n<tr>\n<td class=\"label\">Zertifizierung verf\u00fcgbar<\/td>\n<td>ISO:9001, SONCAP, BV-Zertifikat oder Zertifikat des Kunden verf\u00fcgbar<\/td>\n<\/tr>\n<tr>\n<td class=\"label\">Einzelheiten zur Verpackung<\/td>\n<td>(1) Innen: verpackt mit Plastikschutzfolie zum Schutz jedes Profils<br \/>(2) Au\u00dfen: mit wasserfestem Bastelpapier verpackt<\/td>\n<\/tr>\n<tr>\n<td class=\"label\">Lieferfrist:<\/td>\n<td>(1) Die Entwicklung und Musterpr\u00fcfung: 12-18 Tage.<br \/>(2) Produktionsdauer: 25-30 Tage nach Best\u00e4tigung des Musters durch den K\u00e4ufer.<\/td>\n<\/tr>\n<tr>\n<td class=\"label\">Zahlungsbedingungen:<\/td>\n<td>T\/T, 30% Anzahlung, w\u00e4hrend der Restbetrag vor der Lieferung zu zahlen ist.<\/td>\n<\/tr>\n<tr>\n<td class=\"label\">Abrechnungszeitraum:<\/td>\n<td>Die Abschlusszahlung erfolgt auf der Grundlage des tats\u00e4chlichen Endgewichts.<\/td>\n<\/tr>\n<tr>\n<td class=\"label\">Produktionskapazit\u00e4t:<\/td>\n<td>2400-3000 Tonnen pro Monat.<\/td>\n<\/tr>\n<tr>\n<td class=\"label\">Produktionsgarantie<\/td>\n<td>Die Farbe der Oberfl\u00e4che kann bei Verwendung in Innenr\u00e4umen 10 bis 20 Jahre lang erhalten bleiben.<\/td>\n<\/tr>\n<tr>\n<td class=\"label\">Hafen:<\/td>\n<td>FOB, Guangzhou, Foshan<\/td>\n<\/tr>\n<\/table>\n<h2>Unsere Produktionsbasis<\/h2>\n<h3>Fabrik-Panorama<\/h3>\n<p><img decoding=\"async\" src=\"\/wp-content\/uploads\/factory-01.webp\"\/><\/p>\n<h3>Werkstatt zur Herstellung von Aluminiumstangen<\/h3>\n<p><img decoding=\"async\" src=\"\/wp-content\/uploads\/factory-02.webp\"\/><\/p>\n<p><img decoding=\"async\" src=\"\/wp-content\/uploads\/factory-03.webp\"\/><\/p>\n<h3>Lagerhaus f\u00fcr Formen<\/h3>\n<p><img decoding=\"async\" src=\"\/wp-content\/uploads\/factory-04.webp\"\/><\/p>\n<h3>43 Aluminium-Strangpressanlagen (500\u00e2\u20ac\"5500 Tonnen)<\/h3>\n<p><img decoding=\"async\" src=\"\/wp-content\/uploads\/factory-05.webp\"\/><\/p>\n<p><img decoding=\"async\" src=\"\/wp-content\/uploads\/factory-06.webp\"\/><\/p>\n<p><img decoding=\"async\" src=\"\/wp-content\/uploads\/factory-07.webp\"\/><\/p>\n<h3>Werkstatt f\u00fcr Pulverbeschichtung<\/h3>\n<p><img decoding=\"async\" src=\"\/wp-content\/uploads\/factory-09.webp\"\/><\/p>\n<h3>Eloxal-Werkstatt<\/h3>\n<p><img decoding=\"async\" src=\"\/wp-content\/uploads\/factory-10.webp\"\/><\/p>\n<h3>Workshop zur Tiefenverarbeitung<\/h3>\n<p><img decoding=\"async\" src=\"\/wp-content\/uploads\/factory-11.webp\"\/><\/p>\n<h3>CNC-Pr\u00e4zisionsbearbeitungswerkstatt<\/h3>\n<p><img decoding=\"async\" src=\"\/wp-content\/uploads\/factory-11.5.webp\"\/><\/p>\n<h3>Lager f\u00fcr Fertigprodukte und Export<\/h3>\n<p><img decoding=\"async\" src=\"\/wp-content\/uploads\/factory-12.webp\"\/><\/p>\n<p><img decoding=\"async\" src=\"\/wp-content\/uploads\/factory-13.webp\"\/><\/p>\n<p><img decoding=\"async\" src=\"\/wp-content\/uploads\/factory-14.webp\"\/><\/p>\n<h2>FAQ<\/h2>\n<p><p><b>1. was ist ein U-Profil aus Aluminium? <\/b><\/p>\n<p> Ein U-Profil aus Aluminium ist ein U-f\u00f6rmiges Aluminiumprofil, das h\u00e4ufig in Konstruktions- und Geh\u00e4usesystemen wie Kabinen und Ausstellungseinheiten verwendet wird.<br \/>\n<\/p><br \/>\n<br \/>\n<p><b>2. warum Aluminium U-Kan\u00e4le von einem chinesischen Anbieter beziehen? <\/b><\/p>\n<p> Chinesische Aluminiumlieferanten bieten kosteng\u00fcnstige, qualitativ hochwertige U-Kanal-Strangpressprofile mit anpassbaren Optionen f\u00fcr Gro\u00dfauftr\u00e4ge.<br \/>\n<\/p><br \/>\n<br \/>\n<p><b>Was sind die Vorteile der Verwendung von Aluminium U-Kan\u00e4len f\u00fcr Schauk\u00e4sten? <\/b><\/p>\n<p> U-Profile aus Aluminium sind leicht, korrosionsbest\u00e4ndig und strukturell zuverl\u00e4ssig und eignen sich daher perfekt f\u00fcr die Abst\u00fctzung von Schauk\u00e4sten.<br \/>\n<\/p><br \/>\n<br \/>\n<p><b>4. kann ich kundenspezifische Formen und Gr\u00f6\u00dfen f\u00fcr meine U-Profile aus Aluminium erhalten? <\/b><\/p>\n<p> Ja, es sind kundenspezifische Extrusionsformen und -gr\u00f6\u00dfen erh\u00e4ltlich, um spezifische strukturelle und konstruktive Anforderungen zu erf\u00fcllen.<br \/>\n<\/p><br \/>\n<br \/>\n<p><b>5. ist das in diesen U-Profilen verwendete Aluminium haltbar? <\/b><\/p>\n<p> Auf jeden Fall ist das Aluminium hochfest und korrosionsbest\u00e4ndig behandelt, um eine lange Lebensdauer zu gew\u00e4hrleisten.<br \/>\n<\/p><br \/>\n<br \/>\n<p><b>6. sind U-Profile aus Aluminium f\u00fcr den Au\u00dfeneinsatz geeignet? <\/b><\/p>\n<p> Ja, diese Profile sind so behandelt, dass sie witterungs- und korrosionsbest\u00e4ndig sind, so dass sie sich f\u00fcr H\u00fctten und Auslagen im Freien eignen.<br \/>\n<\/p><br \/>\n<br \/>\n<p><b>7. wie sind U-Profile aus Aluminium im Vergleich zu Stahlprofilen? <\/b><\/p>\n<p> U-Profile aus Aluminium sind leichter, korrosionsbest\u00e4ndiger und einfacher zu installieren als Stahl, bieten aber dennoch eine solide strukturelle Leistung.<br \/>\n<\/p><br \/>\n<br \/>\n<p><b>8. bieten chinesische Aluminiumlieferanten internationalen Versand an? <\/b><\/p>\n<p> Ja, seri\u00f6se chinesische Aluminiumlieferanten bieten internationale Logistik- und Exportdienstleistungen f\u00fcr globale Kunden an.<br \/>\n<\/p><br \/><\/p>","protected":false},"featured_media":6701,"template":"","categories":[67],"class_list":["post-6749","product","type-product","status-publish","has-post-thumbnail","hentry","category-architectural-aluminium-profile"],"meta_box":{"hilight_text_group":{"product_hilight_text":"<li>Precision aluminum U channel extrusions ideal for show enclosures and cabins<\/li>\r\r\n<li>High-strength profiles manufactured in China with strict quality control<\/li>\r\r\n<li>Custom shapes and sizes available to meet specific project needs<\/li>\r\r\n<li>Corrosion-resistant and lightweight for easy handling and long-term use<\/li>\r\r\n<li>Cost-effective bulk supply directly from a trusted Chinese aluminum supplier<\/li>","product_chanpin_blog":"<ul>\r\r\n<li><a href=\"https:\/\/sinoextrud.com\/t-slot-v-slot-differences\/\" target=\"_blank\">t slot vs v slot<\/a><\/li>\r\r\n<li><a href=\"https:\/\/sinoextrud.com\/what-is-4040-aluminium-extrud\/\" target=\"_blank\">4040 aluminium extrusion<\/a><\/li>\r\r\n<li><a href=\"https:\/\/sinoextrud.com\/what-is-4040-aluminium-extrud\/\" target=\"_blank\">aluminum extrusions for industrial racks<\/a><\/li>\r\r\n<li><a href=\"https:\/\/sinoextrud.com\/powder-coating-aluminium-process\/\" target=\"_blank\">powder coating aluminium<\/a><\/li>\r\r\n<li><a href=\"https:\/\/sinoextrud.com\/what-is-an-aluminium-strip-ceiling\/\" target=\"_blank\">aluminium strip ceiling<\/a><\/li>\r\r\n<li><a href=\"https:\/\/sinoextrud.com\/what-is-a-heat-sink\/\" target=\"_blank\">what is a heat sink<\/a><\/li>\r\r\n<\/ul>","product_chanpin_chanpin":"<li><a href=\"https:\/\/sinoextrud.com\/product\/500-degree-brightness-polished-aluminum-profile\/\" target=\"_blank\">500 Degree Brightness Polished Aluminum Profile<\/a><\/li>\r\n<li><a href=\"https:\/\/sinoextrud.com\/product\/aluminium-profile\/\" target=\"_blank\">Aluminium profile<\/a><\/li>\r\n<li><a href=\"https:\/\/sinoextrud.com\/product\/aluminium-handrail-tubing\/\" target=\"_blank\">Aluminium Handrail Tubing<\/a><\/li>\r\n<li><a href=\"https:\/\/sinoextrud.com\/product\/kitchen-cabinet-aluminum-profile\/\" target=\"_blank\">Kitchen Cabinet Aluminum Profile<\/a><\/li>\r\n<li><a href=\"https:\/\/sinoextrud.com\/product\/aluminium-supplier-china-offer-aluminium-u-channel-extrusion-shapes-profile-for-show-enclosure-cabin\/\" target=\"_blank\">Aluminium Supplier China Offer Aluminium U Channel Extrusion Shapes Profile For Show Enclosure Cabin<\/a><\/li>\r\n<li><a href=\"https:\/\/sinoextrud.com\/product\/powder-coating-aluminium-profiles-for-industrial\/\" target=\"_blank\">Powder Coating Aluminium Profiles For Industrial<\/a><\/li>\r\n<li><a href=\"https:\/\/sinoextrud.com\/product\/c-beam-v-slot-aluminium-profile\/\" target=\"_blank\">C Beam V Slot Aluminium Profile<\/a><\/li>\r\n<li><a href=\"https:\/\/sinoextrud.com\/product\/construction-aluminum-profile\/\" target=\"_blank\">Construction Aluminum Profile<\/a><\/li>\r\n<li><a href=\"https:\/\/sinoextrud.com\/product\/architectural-aluminum-profile\/\" target=\"_blank\">Architectural Aluminum Profile<\/a><\/li>\r\n<li><a href=\"https:\/\/sinoextrud.com\/product\/aluminum-t-slot-channel\/\" target=\"_blank\">Aluminum T Slot Channel<\/a><\/li>\r\n<li><a href=\"https:\/\/sinoextrud.com\/product\/aluminum-cabinet-frame-extrusions\/\" target=\"_blank\">Aluminum Cabinet Frame Extrusions<\/a><\/li>"},"feature_list":[]},"_links":{"self":[{"href":"https:\/\/sinoextrud.com\/de\/wp-json\/wp\/v2\/product\/6749","targetHints":{"allow":["GET"]}}],"collection":[{"href":"https:\/\/sinoextrud.com\/de\/wp-json\/wp\/v2\/product"}],"about":[{"href":"https:\/\/sinoextrud.com\/de\/wp-json\/wp\/v2\/types\/product"}],"wp:featuredmedia":[{"embeddable":true,"href":"https:\/\/sinoextrud.com\/de\/wp-json\/wp\/v2\/media\/6701"}],"wp:attachment":[{"href":"https:\/\/sinoextrud.com\/de\/wp-json\/wp\/v2\/media?parent=6749"}],"wp:term":[{"taxonomy":"category","embeddable":true,"href":"https:\/\/sinoextrud.com\/de\/wp-json\/wp\/v2\/categories?post=6749"}],"curies":[{"name":"wp","href":"https:\/\/api.w.org\/{rel}","templated":true}]}}