{"id":6698,"date":"2025-05-30T09:56:45","date_gmt":"2025-05-30T09:56:45","guid":{"rendered":"https:\/\/sinoextrud.com\/product\/aluminium-profile\/"},"modified":"2025-06-24T06:11:34","modified_gmt":"2025-06-24T06:11:34","slug":"aluminiumprofil","status":"publish","type":"product","link":"https:\/\/sinoextrud.com\/de\/product\/aluminium-profile\/","title":{"rendered":"Aluminium-Profil"},"content":{"rendered":"<h2>Produkte Details<\/h2>\n<table class=\"custom-table\">\n<tr>\n<td class=\"label\">Marke<\/td>\n<td>Sinoextrud ALUMINIUM<\/td>\n<\/tr>\n<tr>\n<td class=\"label\">Original<\/td>\n<td>Foshan\/China<\/td>\n<\/tr>\n<tr>\n<td class=\"label\">Kapazit\u00e4t<\/td>\n<td>10000+ Tonne\/Monat<\/td>\n<\/tr>\n<tr>\n<td class=\"label\">Dicke<\/td>\n<td>angepasst<\/td>\n<\/tr>\n<tr>\n<td class=\"label\">L\u00e4nge<\/td>\n<td>1-9M \/ kundenspezifisch<\/td>\n<\/tr>\n<tr>\n<td class=\"label\">H\u00e4rte<\/td>\n<td>&gt;8HW<\/td>\n<\/tr>\n<tr>\n<td class=\"label\">Gr\u00f6\u00dfe<\/td>\n<td>angepasst<\/td>\n<\/tr>\n<tr>\n<td class=\"label\">Farbe<\/td>\n<td>Silber, Wei\u00df, Schwarz, Bronze, Champagner, Holz und jede andere gew\u00fcnschte Farbe<\/td>\n<\/tr>\n<\/table>\n<h2>Unsere Produktionsbasis<\/h2>\n<h3>Fabrik-Panorama<\/h3>\n<p><img decoding=\"async\" src=\"\/wp-content\/uploads\/factory-01.webp\"\/><\/p>\n<h3>Werkstatt zur Herstellung von Aluminiumstangen<\/h3>\n<p><img decoding=\"async\" src=\"\/wp-content\/uploads\/factory-02.webp\"\/><\/p>\n<p><img decoding=\"async\" src=\"\/wp-content\/uploads\/factory-03.webp\"\/><\/p>\n<h3>Lagerhaus f\u00fcr Formen<\/h3>\n<p><img decoding=\"async\" src=\"\/wp-content\/uploads\/factory-04.webp\"\/><\/p>\n<h3>43 Aluminium-Strangpressanlagen (500\u00e2\u20ac\"5500 Tonnen)<\/h3>\n<p><img decoding=\"async\" src=\"\/wp-content\/uploads\/factory-05.webp\"\/><\/p>\n<p><img decoding=\"async\" src=\"\/wp-content\/uploads\/factory-06.webp\"\/><\/p>\n<p><img decoding=\"async\" src=\"\/wp-content\/uploads\/factory-07.webp\"\/><\/p>\n<h3>Werkstatt f\u00fcr Pulverbeschichtung<\/h3>\n<p><img decoding=\"async\" src=\"\/wp-content\/uploads\/factory-09.webp\"\/><\/p>\n<h3>Eloxal-Werkstatt<\/h3>\n<p><img decoding=\"async\" src=\"\/wp-content\/uploads\/factory-10.webp\"\/><\/p>\n<h3>Workshop zur Tiefenverarbeitung<\/h3>\n<p><img decoding=\"async\" src=\"\/wp-content\/uploads\/factory-11.webp\"\/><\/p>\n<h3>CNC-Pr\u00e4zisionsbearbeitungswerkstatt<\/h3>\n<p><img decoding=\"async\" src=\"\/wp-content\/uploads\/factory-11.5.webp\"\/><\/p>\n<h3>Lager f\u00fcr Fertigprodukte und Export<\/h3>\n<p><img decoding=\"async\" src=\"\/wp-content\/uploads\/factory-12.webp\"\/><\/p>\n<p><img decoding=\"async\" src=\"\/wp-content\/uploads\/factory-13.webp\"\/><\/p>\n<p><img decoding=\"async\" src=\"\/wp-content\/uploads\/factory-14.webp\"\/><\/p>\n<h2>FAQ<\/h2>\n<p><p><b>1. was ist ein Aluminiumprofil? <\/b><\/p>\n<p>Ein Aluminiumprofil ist ein geformtes Strangpressprofil aus einer Aluminiumlegierung, das in einer Vielzahl von Anwendungen wie dem Bauwesen, dem Transportwesen, der Elektronik und der M\u00f6belindustrie eingesetzt wird.<br \/>\n<\/p><br \/>\n<br \/>\n<p><b>2. warum wird Aluminium f\u00fcr Profile verwendet? <\/b><\/p>\n<p>Aluminium ist leicht, stabil, korrosionsbest\u00e4ndig und einfach zu verarbeiten und eignet sich daher ideal f\u00fcr den industriellen und gewerblichen Einsatz.<br \/>\n<\/p><br \/>\n<br \/>\n<p><b>3. was sind die \u00fcblichen Anwendungen von Aluminiumprofilen? <\/b><\/p>\n<p>Sie werden in Fenstern und T\u00fcren, Vorhangfassaden, Rahmensystemen, LED-Geh\u00e4usen, Maschinen und M\u00f6beln verwendet.<br \/>\n<\/p><br \/>\n<br \/>\n<p><b>4. k\u00f6nnen Aluminiumprofile individuell angepasst werden? <\/b><\/p>\n<p>Ja, Profile k\u00f6nnen in kundenspezifischen Formen, Gr\u00f6\u00dfen und Legierungen extrudiert werden, um spezifische Projektanforderungen zu erf\u00fcllen.<br \/>\n<\/p><br \/>\n<br \/>\n<p><b>5. welche Oberfl\u00e4chenbehandlungen gibt es? <\/b><\/p>\n<p>Zu den Optionen geh\u00f6ren Eloxieren, Pulverbeschichten, Polieren, B\u00fcrsten und Elektrophorese zur Verbesserung von Aussehen und Haltbarkeit.<br \/>\n<\/p><br \/>\n<br \/>\n<p><b>6. sind Aluminiumprofile witterungsbest\u00e4ndig? <\/b><\/p>\n<p>Ja, insbesondere wenn sie mit einer Eloxierung oder Beschichtung versehen sind, bieten sie eine ausgezeichnete Best\u00e4ndigkeit gegen UV-Strahlen, Feuchtigkeit und Verschmutzung.<br \/>\n<\/p><br \/>\n<br \/>\n<p><b>7. ist Aluminium f\u00fcr strukturelle Anwendungen geeignet? <\/b><\/p>\n<p>Ja, bestimmte Legierungen und Profilkonstruktionen bieten die f\u00fcr tragende Strukturen erforderliche Festigkeit.<br \/>\n<\/p><br \/>\n<br \/>\n<p><b>8. sind diese Profile recycelbar? <\/b><\/p>\n<p>Ja, Aluminium ist 100% recycelbar und beh\u00e4lt seine Eigenschaften durch das Recycling, was es umweltfreundlich macht.<br \/>\n<\/p><br \/>\n<br \/>\n<p><b>9. kann ich Aluminiumprofile in gro\u00dfen Mengen bestellen? <\/b><\/p>\n<p>Ja, die Hersteller bieten Gro\u00dfeinkaufsoptionen mit wettbewerbsf\u00e4higen Preisen und Verpackungsl\u00f6sungen f\u00fcr B2B-Kunden.<br \/>\n<\/p><br \/>\n<br \/>\n<p><b>10. wie lange ist die Vorlaufzeit f\u00fcr die Herstellung von Aluminiumprofilen? <\/b><\/p>\n<p>Typische Vorlaufzeiten liegen zwischen 2 und 6 Wochen, je nach Kundenwunsch und Auftragsvolumen.<br \/>\n<\/p><br \/>\n<br \/>\n<p><b>11. unterst\u00fctzen Aluminiumprofile eine pr\u00e4zise Bearbeitung? <\/b><\/p>\n<p>Ja, Aluminium ist leicht zu fr\u00e4sen, zu bohren und zu schneiden, was detaillierte Herstellungs- und Montageprozesse unterst\u00fctzt.<br \/>\n<\/p><br \/>\n<br \/>\n<p><b>12. gibt es Installationszubeh\u00f6r? <\/b><\/p>\n<p>Ja, viele Anbieter bieten Zubeh\u00f6r wie Stecker, Halterungen und Abdeckungen an, um die Montage zu erleichtern.<br \/>\n<\/p><br \/>\n<br \/>\n<p><b>13. was ist der Unterschied zwischen 6061 und 6063 Aluminium? <\/b><\/p>\n<p>6061 ist fester und eignet sich besser f\u00fcr strukturelle Anwendungen, w\u00e4hrend 6063 eine bessere Oberfl\u00e4chenbeschaffenheit bietet und ideal f\u00fcr dekorative oder architektonische Anwendungen ist.<br \/>\n<\/p><br \/>\n<br \/>\n<p><b>14. K\u00f6nnen Aluminiumprofile in Gebieten mit hoher Luftfeuchtigkeit verwendet werden? <\/b><\/p>\n<p>Ja, insbesondere bei entsprechender Oberfl\u00e4chenbehandlung sind Aluminiumprofile auch bei N\u00e4sse korrosionsbest\u00e4ndig.<br \/>\n<\/p><br \/>\n<br \/>\n<p><b>Entsprechen die Aluminiumprofile den internationalen Normen? <\/b><\/p>\n<p>Ja, Qualit\u00e4tsprofile entsprechen h\u00e4ufig den ISO-, ASTM-, CE- und RoHS-Normen f\u00fcr Leistung und Sicherheit.<br \/>\n<\/p><br \/><\/p>","protected":false},"featured_media":6697,"template":"","categories":[67],"class_list":["post-6698","product","type-product","status-publish","has-post-thumbnail","hentry","category-architectural-aluminium-profile"],"meta_box":{"hilight_text_group":{"product_hilight_text":"<li>Lightweight yet strong material suitable for a wide range of structural and decorative applications<\/li>\r\r\n<li>Excellent corrosion resistance, ideal for both indoor and outdoor environments<\/li>\r\r\n<li>Highly customizable in terms of shape, size, alloy, and surface treatment<\/li>\r\r\n<li>Easy to machine, cut, and assemble, saving manufacturing and installation time<\/li>\r\r\n<li>Environmentally friendly and 100% recyclable, supporting green construction practices<\/li>","product_chanpin_blog":"<ul>\r\r\n<li><a href=\"https:\/\/sinoextrud.com\/t-slot-v-slot-differences\/\" target=\"_blank\">t slot vs v slot<\/a><\/li>\r\r\n<li><a href=\"https:\/\/sinoextrud.com\/what-is-4040-aluminium-extrud\/\" target=\"_blank\">4040 aluminium extrusion<\/a><\/li>\r\r\n<li><a href=\"https:\/\/sinoextrud.com\/what-is-4040-aluminium-extrud\/\" target=\"_blank\">aluminum extrusions for industrial racks<\/a><\/li>\r\r\n<li><a href=\"https:\/\/sinoextrud.com\/powder-coating-aluminium-process\/\" target=\"_blank\">powder coating aluminium<\/a><\/li>\r\r\n<li><a href=\"https:\/\/sinoextrud.com\/what-is-an-aluminium-strip-ceiling\/\" target=\"_blank\">aluminium strip ceiling<\/a><\/li>\r\r\n<li><a href=\"https:\/\/sinoextrud.com\/what-is-a-heat-sink\/\" target=\"_blank\">what is a heat sink<\/a><\/li>\r\r\n<\/ul>","product_chanpin_chanpin":"<li><a href=\"https:\/\/sinoextrud.com\/product\/polished-aluminium-profiles\/\" target=\"_blank\">Polished Aluminium Profiles<\/a><\/li>\r\n<li><a href=\"https:\/\/sinoextrud.com\/product\/6063-t5-extruded-aluminium-profile-with-polish-surface\/\" target=\"_blank\">6063 T5 Extruded Aluminium Profile with Polish Surface<\/a><\/li>\r\n<li><a href=\"https:\/\/sinoextrud.com\/product\/6463-brightness-polished-shower-room-u-channel-aluminum-profile\/\" target=\"_blank\">6463 Brightness Polished Shower Room U Channel Aluminum Profile<\/a><\/li>\r\n<li><a href=\"https:\/\/sinoextrud.com\/product\/500-degree-brightness-polished-aluminum-profile\/\" target=\"_blank\">500 Degree Brightness Polished Aluminum Profile<\/a><\/li>\r\n<li><a href=\"https:\/\/sinoextrud.com\/product\/aluminium-profile\/\" target=\"_blank\">Aluminium profile<\/a><\/li>\r\n<li><a href=\"https:\/\/sinoextrud.com\/product\/aluminium-handrail-tubing\/\" target=\"_blank\">Aluminium Handrail Tubing<\/a><\/li>\r\n<li><a href=\"https:\/\/sinoextrud.com\/product\/kitchen-cabinet-aluminum-profile\/\" target=\"_blank\">Kitchen Cabinet Aluminum Profile<\/a><\/li>\r\n<li><a href=\"https:\/\/sinoextrud.com\/product\/aluminium-supplier-china-offer-aluminium-u-channel-extrusion-shapes-profile-for-show-enclosure-cabin\/\" target=\"_blank\">Aluminium Supplier China Offer Aluminium U Channel Extrusion Shapes Profile For Show Enclosure Cabin<\/a><\/li>\r\n<li><a href=\"https:\/\/sinoextrud.com\/product\/powder-coating-aluminium-profiles-for-industrial\/\" target=\"_blank\">Powder Coating Aluminium Profiles For Industrial<\/a><\/li>\r\n<li><a href=\"https:\/\/sinoextrud.com\/product\/t-slot-industrial-extruded-aluminum-profile\/\" target=\"_blank\">T-slot Industrial Extruded Aluminum Profile<\/a><\/li>\r\n<li><a href=\"https:\/\/sinoextrud.com\/product\/powder-coated-aluminum-tube\/\" target=\"_blank\">Powder Coated Aluminum Tube<\/a><\/li>"},"feature_list":[]},"_links":{"self":[{"href":"https:\/\/sinoextrud.com\/de\/wp-json\/wp\/v2\/product\/6698","targetHints":{"allow":["GET"]}}],"collection":[{"href":"https:\/\/sinoextrud.com\/de\/wp-json\/wp\/v2\/product"}],"about":[{"href":"https:\/\/sinoextrud.com\/de\/wp-json\/wp\/v2\/types\/product"}],"wp:featuredmedia":[{"embeddable":true,"href":"https:\/\/sinoextrud.com\/de\/wp-json\/wp\/v2\/media\/6697"}],"wp:attachment":[{"href":"https:\/\/sinoextrud.com\/de\/wp-json\/wp\/v2\/media?parent=6698"}],"wp:term":[{"taxonomy":"category","embeddable":true,"href":"https:\/\/sinoextrud.com\/de\/wp-json\/wp\/v2\/categories?post=6698"}],"curies":[{"name":"wp","href":"https:\/\/api.w.org\/{rel}","templated":true}]}}