{"id":6686,"date":"2025-05-30T09:39:48","date_gmt":"2025-05-30T09:39:48","guid":{"rendered":"https:\/\/sinoextrud.com\/product\/polished-aluminum-u-channel\/"},"modified":"2025-06-24T06:11:32","modified_gmt":"2025-06-24T06:11:32","slug":"u-kanal-aus-poliertem-aluminium","status":"publish","type":"product","link":"https:\/\/sinoextrud.com\/de\/product\/polished-aluminum-u-channel\/","title":{"rendered":"U-Kanal aus poliertem Aluminium"},"content":{"rendered":"<h2>Produkte Details<\/h2>\n<table class=\"custom-table\">\n<tr>\n<td class=\"label\">Produktname<\/td>\n<td>U-Kanal aus poliertem Aluminium<\/td>\n<\/tr>\n<tr>\n<td class=\"label\">Material<\/td>\n<td>6063, 6061, 6463, 6082 Aluminiumlegierung<\/td>\n<\/tr>\n<tr>\n<td class=\"label\">Farbe<\/td>\n<td>Kundenspezifisch<\/td>\n<\/tr>\n<tr>\n<td class=\"label\">Standard<\/td>\n<td>GB2008<\/td>\n<\/tr>\n<tr>\n<td class=\"label\">Klasse<\/td>\n<td>Serie 6000<\/td>\n<\/tr>\n<tr>\n<td class=\"label\">Dicke<\/td>\n<td>Kundenspezifisch<\/td>\n<\/tr>\n<tr>\n<td class=\"label\">Verwendung<\/td>\n<td>Dekoration<\/td>\n<\/tr>\n<tr>\n<td class=\"label\">Temperament<\/td>\n<td>T3-T8<\/td>\n<\/tr>\n<tr>\n<td class=\"label\">L\u00e4nge<\/td>\n<td>Kundenspezifisch<\/td>\n<\/tr>\n<tr>\n<td class=\"label\">Oberfl\u00e4chenbehandlung<\/td>\n<td>Pulverbeschichtung, Mill Finish, PVDF, Eloxiert, Holzmaserung, Poliert, Geb\u00fcrstet, etc<\/td>\n<\/tr>\n<tr>\n<td class=\"label\">Orgin<\/td>\n<td>CHINA<\/td>\n<\/tr>\n<tr>\n<td class=\"label\">Ist legiert oder nicht<\/td>\n<td>Ist Legierung<\/td>\n<\/tr>\n<tr>\n<td class=\"label\">Hafen<\/td>\n<td>Guangzhou, Shenzhen, Foshan<\/td>\n<\/tr>\n<\/table>\n<h2>Unsere Produktionsbasis<\/h2>\n<h3>Fabrik-Panorama<\/h3>\n<p><img decoding=\"async\" src=\"\/wp-content\/uploads\/factory-01.webp\"\/><\/p>\n<h3>Werkstatt zur Herstellung von Aluminiumstangen<\/h3>\n<p><img decoding=\"async\" src=\"\/wp-content\/uploads\/factory-02.webp\"\/><\/p>\n<p><img decoding=\"async\" src=\"\/wp-content\/uploads\/factory-03.webp\"\/><\/p>\n<h3>Lagerhaus f\u00fcr Formen<\/h3>\n<p><img decoding=\"async\" src=\"\/wp-content\/uploads\/factory-04.webp\"\/><\/p>\n<h3>43 Aluminium-Strangpressanlagen (500-5500 Tonnen)<\/h3>\n<p><img decoding=\"async\" src=\"\/wp-content\/uploads\/factory-05.webp\"\/><\/p>\n<p><img decoding=\"async\" src=\"\/wp-content\/uploads\/factory-06.webp\"\/><\/p>\n<p><img decoding=\"async\" src=\"\/wp-content\/uploads\/factory-07.webp\"\/><\/p>\n<h3>Werkstatt f\u00fcr Pulverbeschichtung<\/h3>\n<p><img decoding=\"async\" src=\"\/wp-content\/uploads\/factory-09.webp\"\/><\/p>\n<h3>Eloxal-Werkstatt<\/h3>\n<p><img decoding=\"async\" src=\"\/wp-content\/uploads\/factory-10.webp\"\/><\/p>\n<h3>Workshop zur Tiefenverarbeitung<\/h3>\n<p><img decoding=\"async\" src=\"\/wp-content\/uploads\/factory-11.webp\"\/><\/p>\n<h3>CNC-Pr\u00e4zisionsbearbeitungswerkstatt<\/h3>\n<p><img decoding=\"async\" src=\"\/wp-content\/uploads\/factory-11.5.webp\"\/><\/p>\n<h3>Lager f\u00fcr Fertigprodukte und Export<\/h3>\n<p><img decoding=\"async\" src=\"\/wp-content\/uploads\/factory-12.webp\"\/><\/p>\n<p><img decoding=\"async\" src=\"\/wp-content\/uploads\/factory-13.webp\"\/><\/p>\n<p><img decoding=\"async\" src=\"\/wp-content\/uploads\/factory-14.webp\"\/><\/p>\n<h2>FAQ<\/h2>\n<p><p><b>1. was ist ein polierter Aluminium U-Kanal? <\/b><\/p>\n<p>Es handelt sich um ein U-f\u00f6rmiges Aluminium-Strangpressprofil mit einer spiegelglatten Oberfl\u00e4che, das f\u00fcr strukturelle Einfassungen, Kantenschutz und dekorative Verkleidungen verwendet wird.<br \/>\n<\/p><br \/>\n<br \/>\n<p><b>2. wo werden polierte Aluminium U-Kan\u00e4le \u00fcblicherweise verwendet? <\/b><\/p>\n<p>Sie werden f\u00fcr Schr\u00e4nke, Displays, Inneneinrichtungen, Beschilderungen und Einrahmungen verwendet.<br \/>\n<\/p><br \/>\n<br \/>\n<p><b>3. was macht die polierte Oberfl\u00e4che so vorteilhaft? <\/b><\/p>\n<p>Die hochgl\u00e4nzende Oberfl\u00e4che verbessert die \u00c4sthetik, sorgt f\u00fcr ein elegantes Aussehen und ist anlauf- und verf\u00e4rbungsbest\u00e4ndig.<br \/>\n<\/p><br \/>\n<br \/>\n<p><b>4. sind polierte Aluminium U-Profile rostfrei? <\/b><\/p>\n<p>Ja, Aluminium ist von Natur aus korrosionsbest\u00e4ndig und eignet sich daher sowohl f\u00fcr den Innen- als auch f\u00fcr den Au\u00dfenbereich.<br \/>\n<\/p><br \/>\n<br \/>\n<p><b>5. kann ich kundenspezifische Gr\u00f6\u00dfen f\u00fcr U-Profile erhalten? <\/b><\/p>\n<p>Ja, die Lieferanten bieten kundenspezifische Breiten, Tiefen und L\u00e4ngen an, um den spezifischen Projektanforderungen gerecht zu werden.<br \/>\n<\/p><br \/>\n<br \/>\n<p><b>6. welche Materialien sind mit Aluminium U-Profilen kompatibel? <\/b><\/p>\n<p>Sie k\u00f6nnen f\u00fcr Glas, Acryl, Holz und andere Platten oder Oberfl\u00e4chen verwendet werden.<br \/>\n<\/p><br \/>\n<br \/>\n<p><b>7. sind diese Kan\u00e4le f\u00fcr Heimwerkerprojekte geeignet? <\/b><\/p>\n<p>Ja, sie sind leicht, einfach zu handhaben und k\u00f6nnen mit handels\u00fcblichen Werkzeugen geschnitten werden, was sie ideal f\u00fcr den Heimwerker und den professionellen Einsatz macht.<br \/>\n<\/p><br \/>\n<br \/>\n<p><b>8. m\u00fcssen polierte Aluminium U-Profile gewartet werden? <\/b><\/p>\n<p>Der Pflegeaufwand ist minimal: Reinigen Sie sie einfach mit einem weichen Tuch und einem milden Reinigungsmittel, um den Glanz zu erhalten.<br \/>\n<\/p><br \/>\n<br \/>\n<p><b>9. k\u00f6nnen diese U-Profile eloxiert oder beschichtet werden? <\/b><\/p>\n<p>Ja, sie k\u00f6nnen nicht nur poliert, sondern auch eloxiert oder pulverbeschichtet werden, um die Haltbarkeit und die Farbauswahl zu erh\u00f6hen.<br \/>\n<\/p><br \/>\n<br \/>\n<p><b>10. sind sie in verschiedenen Ausf\u00fchrungen erh\u00e4ltlich? <\/b><\/p>\n<p>Ja, die Optionen umfassen polierte, geb\u00fcrstete, eloxierte und rohe Oberfl\u00e4chen, um Designvorlieben zu erf\u00fcllen.<br \/>\n<\/p><br \/>\n<br \/>\n<p><b>11. wie lange ist die Vorlaufzeit f\u00fcr Gro\u00dfauftr\u00e4ge? <\/b><\/p>\n<p>Die Vorlaufzeit betr\u00e4gt in der Regel zwischen 2 und 4 Wochen, je nach Kundenwunsch und Auftragsvolumen.<br \/>\n<\/p><br \/>\n<br \/>\n<p><b>12. bieten die Lieferanten Verpackungsoptionen f\u00fcr B2B-K\u00e4ufer an? <\/b><\/p>\n<p>Ja, wir bieten ma\u00dfgeschneiderte und sch\u00fctzende Verpackungen an, um eine sichere Lieferung f\u00fcr Gro\u00df- oder internationale Sendungen zu gew\u00e4hrleisten.<br \/>\n<\/p><br \/>\n<br \/>\n<p><b>13. sind polierte U-Profile aus Aluminium recycelbar? <\/b><\/p>\n<p>Ja, Aluminium ist vollst\u00e4ndig recycelbar, was es zu einer umweltfreundlichen Option f\u00fcr verschiedene Branchen macht.<br \/>\n<\/p><br \/>\n<br \/>\n<p><b>14. welche Branchen verwenden polierte U-Rinnen? <\/b><\/p>\n<p>Sie werden h\u00e4ufig im Baugewerbe, in der M\u00f6belherstellung, im Einzelhandel und bei architektonischen Details verwendet.<br \/>\n<\/p><br \/>\n<br \/>\n<p><b>15. tragen polierte Aluminium U-Kan\u00e4le schwere Platten? <\/b><\/p>\n<p>Ja, je nach St\u00e4rke und Ausf\u00fchrung k\u00f6nnen sie eine zuverl\u00e4ssige Unterst\u00fctzung f\u00fcr mittelschwere bis schwere Materialien bieten.<br \/>\n<\/p><br \/><\/p>","protected":false},"featured_media":6685,"template":"","categories":[66],"class_list":["post-6686","product","type-product","status-publish","has-post-thumbnail","hentry","category-brushed-aluminum-profile"],"meta_box":{"hilight_text_group":{"product_hilight_text":"<li>High-gloss polished finish for premium visual appeal in decorative applications<\/li>\r\r\n<li>Corrosion-resistant aluminum ideal for indoor and outdoor use<\/li>\r\r\n<li>U-shaped design provides structural support and edge protection<\/li>\r\r\n<li>Lightweight and easy to fabricate, cut, and install<\/li>\r\r\n<li>Available in various sizes and customizable lengths for B2B requirements<\/li>","product_chanpin_blog":"<ul>\r\r\n<li><a href=\"https:\/\/sinoextrud.com\/t-slot-v-slot-differences\/\" target=\"_blank\">t slot vs v slot<\/a><\/li>\r\r\n<li><a href=\"https:\/\/sinoextrud.com\/what-is-4040-aluminium-extrud\/\" target=\"_blank\">4040 aluminium extrusion<\/a><\/li>\r\r\n<li><a href=\"https:\/\/sinoextrud.com\/what-is-4040-aluminium-extrud\/\" target=\"_blank\">aluminum extrusions for industrial racks<\/a><\/li>\r\r\n<li><a href=\"https:\/\/sinoextrud.com\/powder-coating-aluminium-process\/\" target=\"_blank\">powder coating aluminium<\/a><\/li>\r\r\n<li><a href=\"https:\/\/sinoextrud.com\/what-is-an-aluminium-strip-ceiling\/\" target=\"_blank\">aluminium strip ceiling<\/a><\/li>\r\r\n<li><a href=\"https:\/\/sinoextrud.com\/what-is-a-heat-sink\/\" target=\"_blank\">what is a heat sink<\/a><\/li>\r\r\n<\/ul>","product_chanpin_chanpin":"<li><a href=\"https:\/\/sinoextrud.com\/product\/brushed-aluminum-profiles\/\" target=\"_blank\">Brushed Aluminum Profiles<\/a><\/li>\r\n<li><a href=\"https:\/\/sinoextrud.com\/product\/aluminum-photo-frame-profile\/\" target=\"_blank\">Aluminum Photo Frame Profile<\/a><\/li>\r\n<li><a href=\"https:\/\/sinoextrud.com\/product\/f-channel-aluminum-extrusion\/\" target=\"_blank\">F Channel Aluminum Extrusion<\/a><\/li>\r\n<li><a href=\"https:\/\/sinoextrud.com\/product\/aluminum-glazing-extrusions\/\" target=\"_blank\">Aluminum Glazing Extrusions<\/a><\/li>\r\n<li><a href=\"https:\/\/sinoextrud.com\/product\/polished-aluminum-u-channel\/\" target=\"_blank\">Polished Aluminum U Channel<\/a><\/li>\r\n<li><a href=\"https:\/\/sinoextrud.com\/product\/mirror-like-polished-aluminium-extrusion-profiles\/\" target=\"_blank\">Mirror like Polished aluminium extrusion profiles<\/a><\/li>\r\n<li><a href=\"https:\/\/sinoextrud.com\/product\/polished-aluminium-profiles\/\" target=\"_blank\">Polished Aluminium Profiles<\/a><\/li>\r\n<li><a href=\"https:\/\/sinoextrud.com\/product\/6063-t5-extruded-aluminium-profile-with-polish-surface\/\" target=\"_blank\">6063 T5 Extruded Aluminium Profile with Polish Surface<\/a><\/li>\r\n<li><a href=\"https:\/\/sinoextrud.com\/product\/6463-brightness-polished-shower-room-u-channel-aluminum-profile\/\" target=\"_blank\">6463 Brightness Polished Shower Room U Channel Aluminum Profile<\/a><\/li>\r\n<li><a href=\"https:\/\/sinoextrud.com\/product\/aluminium-extrusion-motor-body\/\" target=\"_blank\">Aluminium Extrusion Motor Body<\/a><\/li>\r\n<li><a href=\"https:\/\/sinoextrud.com\/product\/extruded-aluminum-louver-blade-profile\/\" target=\"_blank\">Extruded Aluminum Louver Blade Profile<\/a><\/li>"},"feature_list":[]},"_links":{"self":[{"href":"https:\/\/sinoextrud.com\/de\/wp-json\/wp\/v2\/product\/6686","targetHints":{"allow":["GET"]}}],"collection":[{"href":"https:\/\/sinoextrud.com\/de\/wp-json\/wp\/v2\/product"}],"about":[{"href":"https:\/\/sinoextrud.com\/de\/wp-json\/wp\/v2\/types\/product"}],"wp:featuredmedia":[{"embeddable":true,"href":"https:\/\/sinoextrud.com\/de\/wp-json\/wp\/v2\/media\/6685"}],"wp:attachment":[{"href":"https:\/\/sinoextrud.com\/de\/wp-json\/wp\/v2\/media?parent=6686"}],"wp:term":[{"taxonomy":"category","embeddable":true,"href":"https:\/\/sinoextrud.com\/de\/wp-json\/wp\/v2\/categories?post=6686"}],"curies":[{"name":"wp","href":"https:\/\/api.w.org\/{rel}","templated":true}]}}