{"id":6644,"date":"2025-05-30T02:49:25","date_gmt":"2025-05-30T02:49:25","guid":{"rendered":"https:\/\/sinoextrud.com\/product\/custom-high-quality-aluminum-shower-room-mirror-frame-aluminum-profile\/"},"modified":"2025-06-24T06:11:24","modified_gmt":"2025-06-24T06:11:24","slug":"hochwertiger-aluminium-spiegelrahmen-fur-duschraume-aluminiumprofil","status":"publish","type":"product","link":"https:\/\/sinoextrud.com\/de\/product\/custom-high-quality-aluminum-shower-room-mirror-frame-aluminum-profile\/","title":{"rendered":"Benutzerdefinierte hochwertige Aluminium Dusche Zimmer Spiegel Frame Aluminium-Profil"},"content":{"rendered":"<h2>Produkte Details<\/h2>\n<table class=\"custom-table\">\n<tr>\n<td class=\"label\">Artikel Typ<\/td>\n<td>Benutzerdefinierte hochwertige Aluminium Dusche Zimmer Spiegel Frame Aluminium-Profil<\/td>\n<\/tr>\n<tr>\n<td class=\"label\">Material<\/td>\n<td>Aluminium-Legierung 6063<\/td>\n<\/tr>\n<tr>\n<td class=\"label\">Klasse<\/td>\n<td>Serie 6000<\/td>\n<\/tr>\n<tr>\n<td class=\"label\">Gr\u00f6\u00dfe<\/td>\n<td>Kundenspezifisch<\/td>\n<\/tr>\n<tr>\n<td class=\"label\">Form<\/td>\n<td>Quadratisch, oval, oder individuell<\/td>\n<\/tr>\n<tr>\n<td class=\"label\">Oberfl\u00e4che<\/td>\n<td>Eloxieren, Pulverbeschichten, Polieren, Galvanisieren, Sandstrahlen oder kundenspezifische Anpassung.<\/td>\n<\/tr>\n<tr>\n<td class=\"label\">L\u00e4nge<\/td>\n<td>Auf der Grundlage von Zeichnungen<\/td>\n<\/tr>\n<tr>\n<td class=\"label\">Lieferfrist<\/td>\n<td>15-25 Tage oder verhandelt<\/td>\n<\/tr>\n<tr>\n<td class=\"label\">Tiefgreifender Prozess<\/td>\n<td>CNC, Bohren, Fr\u00e4sen, Schneiden, Stanzen, Schwei\u00dfen, Biegen, Montieren<\/td>\n<\/tr>\n<tr>\n<td class=\"label\">Toleranz<\/td>\n<td>\u00b10,01 mm<\/td>\n<\/tr>\n<tr>\n<td class=\"label\">OEM &amp; ODM<\/td>\n<td>Ja, OEM\/ODM-Service ist willkommen<\/td>\n<\/tr>\n<tr>\n<td class=\"label\">Verpackung<\/td>\n<td>Standard-Exportverpackung<\/td>\n<\/tr>\n<\/table>\n<h2>Unsere Produktionsbasis<\/h2>\n<h3>Fabrik-Panorama<\/h3>\n<p><img decoding=\"async\" src=\"\/wp-content\/uploads\/factory-01.webp\"\/><\/p>\n<h3>Werkstatt zur Herstellung von Aluminiumstangen<\/h3>\n<p><img decoding=\"async\" src=\"\/wp-content\/uploads\/factory-02.webp\"\/><\/p>\n<p><img decoding=\"async\" src=\"\/wp-content\/uploads\/factory-03.webp\"\/><\/p>\n<h3>Lagerhaus f\u00fcr Formen<\/h3>\n<p><img decoding=\"async\" src=\"\/wp-content\/uploads\/factory-04.webp\"\/><\/p>\n<h3>43 Aluminium-Strangpressanlagen (500-5500 Tonnen)<\/h3>\n<p><img decoding=\"async\" src=\"\/wp-content\/uploads\/factory-05.webp\"\/><\/p>\n<p><img decoding=\"async\" src=\"\/wp-content\/uploads\/factory-06.webp\"\/><\/p>\n<p><img decoding=\"async\" src=\"\/wp-content\/uploads\/factory-07.webp\"\/><\/p>\n<h3>Werkstatt f\u00fcr Pulverbeschichtung<\/h3>\n<p><img decoding=\"async\" src=\"\/wp-content\/uploads\/factory-09.webp\"\/><\/p>\n<h3>Eloxal-Werkstatt<\/h3>\n<p><img decoding=\"async\" src=\"\/wp-content\/uploads\/factory-10.webp\"\/><\/p>\n<h3>Workshop zur Tiefenverarbeitung<\/h3>\n<p><img decoding=\"async\" src=\"\/wp-content\/uploads\/factory-11.webp\"\/><\/p>\n<h3>CNC-Pr\u00e4zisionsbearbeitungswerkstatt<\/h3>\n<p><img decoding=\"async\" src=\"\/wp-content\/uploads\/factory-11.5.webp\"\/><\/p>\n<h3>Lager f\u00fcr Fertigprodukte und Export<\/h3>\n<p><img decoding=\"async\" src=\"\/wp-content\/uploads\/factory-12.webp\"\/><\/p>\n<p><img decoding=\"async\" src=\"\/wp-content\/uploads\/factory-13.webp\"\/><\/p>\n<p><img decoding=\"async\" src=\"\/wp-content\/uploads\/factory-14.webp\"\/><\/p>\n<h2>FAQ<\/h2>\n<p><p><b>1. was ist ein hochwertiges Aluminium-Duschkabinen-Spiegelrahmen-Aluminium-Profil?<\/b><\/p>\n<p>Es handelt sich dabei um ein speziell entwickeltes Aluminium-Strangpressprofil, das zur Herstellung von haltbaren, korrosionsbest\u00e4ndigen und \u00e4sthetisch ansprechenden Rahmen f\u00fcr Duschkabinenspiegel verwendet wird.<br \/>\n<\/p><br \/>\n<br \/>\n<p><b>2. was sind die Hauptvorteile von kundenspezifischen Aluminiumprofilen f\u00fcr Spiegelrahmen in Duschr\u00e4umen?<\/b><\/p>\n<p>Sie bieten eine hervorragende Korrosionsbest\u00e4ndigkeit, ein geringes Gewicht, eine einfache Anpassung, eine glatte Oberfl\u00e4che und eine lange Lebensdauer in feuchten Badezimmern.<br \/>\n<\/p><br \/>\n<br \/>\n<p><b>3. warum Aluminiumprofile f\u00fcr Spiegelrahmen in Duschr\u00e4umen w\u00e4hlen?<\/b><\/p>\n<p>Aluminium ist rost- und feuchtigkeitsbest\u00e4ndig, l\u00e4sst sich leicht in verschiedene Formen bringen und bietet ein modernes, sauberes Aussehen, das ideal f\u00fcr B\u00e4der ist.<br \/>\n<\/p><br \/>\n<br \/>\n<p><b>4. k\u00f6nnen die Rahmenprofile f\u00fcr Duschkabinen aus Aluminium auf spezifische Designs zugeschnitten werden?<\/b><\/p>\n<p>Ja, sie k\u00f6nnen in Gr\u00f6\u00dfe, Form, Ausf\u00fchrung, Farbe und Biegung individuell angepasst werden, um den einzigartigen Anforderungen an die Badezimmereinrichtung und -funktion gerecht zu werden.<br \/>\n<\/p><br \/>\n<br \/>\n<p><b>5. wie verbessert die Verwendung von hochwertigem Aluminium die Leistung von Spiegelrahmen f\u00fcr Duschr\u00e4ume?<\/b><\/p>\n<p>Hochwertiges Aluminium sorgt f\u00fcr strukturelle Integrit\u00e4t, ist korrosionsbest\u00e4ndig und beh\u00e4lt sein Aussehen trotz Feuchtigkeit \u00fcber lange Zeit.<br \/>\n<\/p><br \/>\n<br \/>\n<p><b>6. sind ma\u00dfgeschneiderte Aluminium-Spiegelrahmenprofile f\u00fcr alle Arten von Duschr\u00e4umen geeignet?<\/b><\/p>\n<p>Ja, sie sind vielseitig und passen zu verschiedenen Spiegelgr\u00f6\u00dfen und -stilen, die in privaten und gewerblichen B\u00e4dern verwendet werden.<br \/>\n<\/p><br \/>\n<br \/>\n<p><b>7. in welchen Branchen werden \u00fcblicherweise hochwertige Aluminium-Duschraum-Spiegelrahmenprofile verwendet?<\/b><\/p>\n<p>Hersteller von Badarmaturen, Innenarchitekten, Baum\u00e4rkte und individuelle M\u00f6belhersteller verwenden diese Profile.<br \/>\n<\/p><br \/>\n<br \/>\n<p><b>8. wie unterst\u00fctzen ma\u00dfgeschneiderte Aluminiumprofile f\u00fcr Duschkabinenspiegel eine nachhaltige Badgestaltung?<\/b><\/p>\n<p>Aluminium ist vollst\u00e4ndig recycelbar und langlebig, was die Abfallmenge und die H\u00e4ufigkeit des Austauschs reduziert und gleichzeitig umweltfreundliche Badezimmerl\u00f6sungen f\u00f6rdert.<br \/>\n<\/p><br \/><\/p>","protected":false},"featured_media":6643,"template":"","categories":[64],"class_list":["post-6644","product","type-product","status-publish","has-post-thumbnail","hentry","category-new-trend-aluminium-products"],"meta_box":{"hilight_text_group":{"product_hilight_text":"<li>High-quality aluminum ensures durability and corrosion resistance in humid environments<\/li>\r\r\n<li>Customizable sizes and shapes for perfect fit in various shower room designs<\/li>\r\r\n<li>Lightweight and strong, facilitating easy installation and long-lasting use<\/li>\r\r\n<li>Available in multiple surface finishes for enhanced aesthetics and protection<\/li>\r\r\n<li>Precision extrusion guarantees consistent dimensions and smooth edges<\/li>","product_chanpin_blog":"<ul>\r\r\n<li><a href=\"https:\/\/sinoextrud.com\/t-slot-v-slot-differences\/\" target=\"_blank\">t slot vs v slot<\/a><\/li>\r\r\n<li><a href=\"https:\/\/sinoextrud.com\/what-is-4040-aluminium-extrud\/\" target=\"_blank\">4040 aluminium extrusion<\/a><\/li>\r\r\n<li><a href=\"https:\/\/sinoextrud.com\/what-is-4040-aluminium-extrud\/\" target=\"_blank\">aluminum extrusions for industrial racks<\/a><\/li>\r\r\n<li><a href=\"https:\/\/sinoextrud.com\/powder-coating-aluminium-process\/\" target=\"_blank\">powder coating aluminium<\/a><\/li>\r\r\n<li><a href=\"https:\/\/sinoextrud.com\/what-is-an-aluminium-strip-ceiling\/\" target=\"_blank\">aluminium strip ceiling<\/a><\/li>\r\r\n<li><a href=\"https:\/\/sinoextrud.com\/what-is-a-heat-sink\/\" target=\"_blank\">what is a heat sink<\/a><\/li>\r\r\n<\/ul>","product_chanpin_chanpin":"<li><a href=\"https:\/\/sinoextrud.com\/product\/telescopic-aluminium-square-tube\/\" target=\"_blank\">Telescopic Aluminium Square Tube<\/a><\/li>\r\n<li><a href=\"https:\/\/sinoextrud.com\/product\/customizable-bathroom-mirror-frame-bent-aluminum-profiles\/\" target=\"_blank\">Customizable Bathroom Mirror Frame Bent Aluminum Profiles<\/a><\/li>\r\n<li><a href=\"https:\/\/sinoextrud.com\/product\/china-factory-wholesale-6063-aluminum-fence-panels\/\" target=\"_blank\">China Factory Wholesale 6063 Aluminum Fence Panels<\/a><\/li>\r\n<li><a href=\"https:\/\/sinoextrud.com\/product\/aluminum-slatwall-panel-insert-profile\/\" target=\"_blank\">Aluminum Slatwall Panel Insert Profile<\/a><\/li>\r\n<li><a href=\"https:\/\/sinoextrud.com\/product\/custom-high-quality-aluminum-shower-room-mirror-frame-aluminum-profile\/\" target=\"_blank\">Custom High-quality Aluminum Shower Room Mirror Frame Aluminum Profile<\/a><\/li>\r\n<li><a href=\"https:\/\/sinoextrud.com\/product\/20-year-warranty-6061-6063-aluminum-wood-grain-look-aluminum-extruded-square-rectangular-tube\/\" target=\"_blank\">20-Year Warranty 6061 6063 Aluminum Wood Grain Look Aluminum Extruded Square Rectangular Tube<\/a><\/li>\r\n<li><a href=\"https:\/\/sinoextrud.com\/product\/aluminum-h-shaped-connected-panels-profile-for-safe-non-slip-walkway-panel-temporary-ground-road\/\" target=\"_blank\">Aluminum H-shaped Connected Panels Profile For Safe Non-slip Walkway Panel Temporary Ground Road<\/a><\/li>\r\n<li><a href=\"https:\/\/sinoextrud.com\/product\/customizable-minimalist-office-aluminum-partition-profiles\/\" target=\"_blank\">Customizable Minimalist Office Aluminum Partition Profiles<\/a><\/li>\r\n<li><a href=\"https:\/\/sinoextrud.com\/product\/cnc-bending-aluminum-frame-profile-for-suitcase-luggage\/\" target=\"_blank\">CNC Bending Aluminum Frame Profile For Suitcase Luggage<\/a><\/li>\r\n<li><a href=\"https:\/\/sinoextrud.com\/product\/aluminum-window-frame-extrusions\/\" target=\"_blank\">Aluminum Window Frame Extrusions<\/a><\/li>\r\n<li><a href=\"https:\/\/sinoextrud.com\/product\/cutting-extruded-aluminum-for-led\/\" target=\"_blank\">Cutting Extruded Aluminum For LED<\/a><\/li>"},"feature_list":[]},"_links":{"self":[{"href":"https:\/\/sinoextrud.com\/de\/wp-json\/wp\/v2\/product\/6644","targetHints":{"allow":["GET"]}}],"collection":[{"href":"https:\/\/sinoextrud.com\/de\/wp-json\/wp\/v2\/product"}],"about":[{"href":"https:\/\/sinoextrud.com\/de\/wp-json\/wp\/v2\/types\/product"}],"wp:featuredmedia":[{"embeddable":true,"href":"https:\/\/sinoextrud.com\/de\/wp-json\/wp\/v2\/media\/6643"}],"wp:attachment":[{"href":"https:\/\/sinoextrud.com\/de\/wp-json\/wp\/v2\/media?parent=6644"}],"wp:term":[{"taxonomy":"category","embeddable":true,"href":"https:\/\/sinoextrud.com\/de\/wp-json\/wp\/v2\/categories?post=6644"}],"curies":[{"name":"wp","href":"https:\/\/api.w.org\/{rel}","templated":true}]}}