{"id":6642,"date":"2025-05-30T02:47:15","date_gmt":"2025-05-30T02:47:15","guid":{"rendered":"https:\/\/sinoextrud.com\/product\/aluminum-slatwall-panel-insert-profile\/"},"modified":"2025-06-24T06:11:24","modified_gmt":"2025-06-24T06:11:24","slug":"aluminium-lamellenwand-einsatzprofil","status":"publish","type":"product","link":"https:\/\/sinoextrud.com\/de\/product\/aluminum-slatwall-panel-insert-profile\/","title":{"rendered":"Aluminium-Lamellenwand-Einsatzprofil"},"content":{"rendered":"<h2>Produkte Details<\/h2>\n<table class=\"custom-table\">\n<tr>\n<td class=\"label\">Artikel<\/td>\n<td>Aluminium-Lamellenwand-Einsatzprofil<\/td>\n<\/tr>\n<tr>\n<td class=\"label\">Material<\/td>\n<td>Hochwertige 6063-Aluminium-Legierung<\/td>\n<\/tr>\n<tr>\n<td class=\"label\">Profil Abmessungen<\/td>\n<td>Anpassbar (z. B. Breite: 3\u2033, 4\u2033, 6\u2033; H\u00f6he: 1\u2033)<\/td>\n<\/tr>\n<tr>\n<td class=\"label\">Dicke<\/td>\n<td>Standarddicke: 0,08\u2033 - 0,12\u2033.<\/td>\n<\/tr>\n<tr>\n<td class=\"label\">Gewicht<\/td>\n<td>Geringes Gewicht (z. B. 0,5 lbs pro linearem Fu\u00df)<\/td>\n<\/tr>\n<tr>\n<td class=\"label\">Tragf\u00e4higkeit<\/td>\n<td>Bis zu 50 lbs pro Paneel (je nach Installation)<\/td>\n<\/tr>\n<tr>\n<td class=\"label\">Oberfl\u00e4chenbehandlung<\/td>\n<td>Eloxiert, pulverbeschichtet, geb\u00fcrstet<\/td>\n<\/tr>\n<tr>\n<td class=\"label\">Farboptionen<\/td>\n<td>Silber, Schwarz, Wei\u00df, kundenspezifische Farben verf\u00fcgbar<\/td>\n<\/tr>\n<tr>\n<td class=\"label\">CNC-Bearbeitung<\/td>\n<td>Ja, Sonderanfertigungen m\u00f6glich, Biegen, Abwickeln, Schwei\u00dfen, Stanzen, Schneiden usw.<\/td>\n<\/tr>\n<tr>\n<td class=\"label\">Einbauverfahren<\/td>\n<td>Einfache Installation mit Standard-Hardware<\/td>\n<\/tr>\n<tr>\n<td class=\"label\">Verpackung<\/td>\n<td>Sicher verpackt zum Schutz vor Besch\u00e4digung<\/td>\n<\/tr>\n<tr>\n<td class=\"label\">Zertifizierungen<\/td>\n<td>ISO 9001, Einhaltung der Umweltvorschriften<\/td>\n<\/tr>\n<tr>\n<td class=\"label\">Anwendungsbereiche<\/td>\n<td>Einzelhandelsdisplays, Ausstellungen, Heim- und B\u00fcroanwendungen<\/td>\n<\/tr>\n<tr>\n<td class=\"label\">Anpassungsoptionen<\/td>\n<td>Gr\u00f6\u00dfe, Form, Oberfl\u00e4chenbeschaffenheit und Farbe<\/td>\n<\/tr>\n<tr>\n<td class=\"label\">Vorlaufzeit<\/td>\n<td>Normalerweise 2-4 Wochen (je nach Auftragsgr\u00f6\u00dfe)<\/td>\n<\/tr>\n<tr>\n<td class=\"label\">MOQ<\/td>\n<td>200KG<\/td>\n<\/tr>\n<\/table>\n<h2>Unsere Produktionsbasis<\/h2>\n<h3>Fabrik-Panorama<\/h3>\n<p><img decoding=\"async\" src=\"\/wp-content\/uploads\/factory-01.webp\"\/><\/p>\n<h3>Werkstatt zur Herstellung von Aluminiumstangen<\/h3>\n<p><img decoding=\"async\" src=\"\/wp-content\/uploads\/factory-02.webp\"\/><\/p>\n<p><img decoding=\"async\" src=\"\/wp-content\/uploads\/factory-03.webp\"\/><\/p>\n<h3>Lagerhaus f\u00fcr Formen<\/h3>\n<p><img decoding=\"async\" src=\"\/wp-content\/uploads\/factory-04.webp\"\/><\/p>\n<h3>43 Aluminium-Strangpressanlagen (500\u00e2\u20ac\"5500 Tonnen)<\/h3>\n<p><img decoding=\"async\" src=\"\/wp-content\/uploads\/factory-05.webp\"\/><\/p>\n<p><img decoding=\"async\" src=\"\/wp-content\/uploads\/factory-06.webp\"\/><\/p>\n<p><img decoding=\"async\" src=\"\/wp-content\/uploads\/factory-07.webp\"\/><\/p>\n<h3>Werkstatt f\u00fcr Pulverbeschichtung<\/h3>\n<p><img decoding=\"async\" src=\"\/wp-content\/uploads\/factory-09.webp\"\/><\/p>\n<h3>Eloxal-Werkstatt<\/h3>\n<p><img decoding=\"async\" src=\"\/wp-content\/uploads\/factory-10.webp\"\/><\/p>\n<h3>Workshop zur Tiefenverarbeitung<\/h3>\n<p><img decoding=\"async\" src=\"\/wp-content\/uploads\/factory-11.webp\"\/><\/p>\n<h3>CNC-Pr\u00e4zisionsbearbeitungswerkstatt<\/h3>\n<p><img decoding=\"async\" src=\"\/wp-content\/uploads\/factory-11.5.webp\"\/><\/p>\n<h3>Lager f\u00fcr Fertigprodukte und Export<\/h3>\n<p><img decoding=\"async\" src=\"\/wp-content\/uploads\/factory-12.webp\"\/><\/p>\n<p><img decoding=\"async\" src=\"\/wp-content\/uploads\/factory-13.webp\"\/><\/p>\n<p><img decoding=\"async\" src=\"\/wp-content\/uploads\/factory-14.webp\"\/><\/p>\n<h2>FAQ<\/h2>\n<p><p><b>1. was ist ein Aluminium-Lamellenwand-Einsatzprofil?<\/b><\/p>\n<p>Es handelt sich dabei um ein Aluminium-Strangpressprofil, das in Lamellenw\u00e4nde eingepasst werden kann und eine strukturelle Unterst\u00fctzung und \u00e4sthetische Aufwertung f\u00fcr Einzelhandels- und Ausstellungssysteme bietet.<br \/>\n<\/p><br \/>\n<br \/>\n<p><b>2. was sind die Hauptvorteile der Aluminium-Einlegeprofile f\u00fcr Lamellenw\u00e4nde?<\/b><\/p>\n<p>Sie zeichnen sich durch hohe Haltbarkeit, Korrosionsbest\u00e4ndigkeit, geringes Gewicht, pr\u00e4zise Abmessungen und ein elegantes Finish aus, das die Funktionalit\u00e4t des Displays verbessert.<br \/>\n<\/p><br \/>\n<br \/>\n<p><b>3. warum sollte man sich f\u00fcr Aluminium-Einsatzprofile f\u00fcr Lamellenwandplatten entscheiden?<\/b><\/p>\n<p>Aluminiumprofile bieten im Vergleich zu Kunststoff- oder Holzeinlagen eine h\u00f6here Festigkeit, einfache Installation, Verschlei\u00dffestigkeit und eine bessere Optik.<br \/>\n<\/p><br \/>\n<br \/>\n<p><b>4. k\u00f6nnen die Profile der Aluminium-Lamellenwand-Eins\u00e4tze individuell angepasst werden?<\/b><\/p>\n<p>Ja, sie k\u00f6nnen in Gr\u00f6\u00dfe, Form, Ausf\u00fchrung, Farbe und L\u00e4nge an die spezifischen Anforderungen des Einzelhandels oder der gewerblichen Auslage angepasst werden.<br \/>\n<\/p><br \/>\n<br \/>\n<p><b>5. wie verbessern Aluminium-Einlegeprofile die Leistung von Lamellenw\u00e4nden?<\/b><\/p>\n<p>Sie verst\u00e4rken die Paneelstruktur, erm\u00f6glichen die sichere Befestigung von Zubeh\u00f6r und tragen zu einem polierten, professionellen Aussehen bei.<br \/>\n<\/p><br \/>\n<br \/>\n<p><b>6. eignen sich die Einlegeprofile von Aluminium-Lamellenw\u00e4nden f\u00fcr hochfrequentierte Einzelhandelsbereiche?<\/b><\/p>\n<p>Ja, ihre Langlebigkeit und Korrosionsbest\u00e4ndigkeit machen sie ideal f\u00fcr stark frequentierte Gesch\u00e4ftsr\u00e4ume, die zuverl\u00e4ssige und attraktive Displays ben\u00f6tigen.<br \/>\n<\/p><br \/>\n<br \/>\n<p><b>7. in welchen Branchen werden \u00fcblicherweise Einlegeprofile f\u00fcr Aluminiumlamellenw\u00e4nde verwendet?<\/b><\/p>\n<p>Im Einzelhandel, auf Messen, in Ausstellungsr\u00e4umen und in der kommerziellen Innenarchitektur werden diese Profile f\u00fcr vielseitige und dauerhafte Displayl\u00f6sungen verwendet.<br \/>\n<\/p><br \/>\n<br \/>\n<p><b>8. wie unterst\u00fctzen die Einlegeprofile von Aluminium-Lamellenw\u00e4nden eine nachhaltige Einzelhandelsgestaltung?<\/b><\/p>\n<p>Aluminium ist vollst\u00e4ndig recycelbar, und seine Langlebigkeit reduziert die H\u00e4ufigkeit des Austauschs, was umweltfreundliche und kosteneffektive Einzelhandelseinrichtungen f\u00f6rdert.<br \/>\n<\/p><br \/><\/p>","protected":false},"featured_media":6641,"template":"","categories":[64],"class_list":["post-6642","product","type-product","status-publish","has-post-thumbnail","hentry","category-new-trend-aluminium-products"],"meta_box":{"hilight_text_group":{"product_hilight_text":"<li>Wholesale pricing from a trusted China factory for cost-effective sourcing<\/li>\r\r\n<li>Made from durable 6063 aluminum alloy with excellent corrosion resistance<\/li>\r\r\n<li>Lightweight yet strong panels suitable for residential and commercial fencing<\/li>\r\r\n<li>Custom sizes and finishes available to meet diverse project needs<\/li>\r\r\n<li>Reliable bulk supply with consistent quality and timely delivery<\/li>","product_chanpin_blog":"<ul>\r\r\n<li><a href=\"https:\/\/sinoextrud.com\/t-slot-v-slot-differences\/\" target=\"_blank\">t slot vs v slot<\/a><\/li>\r\r\n<li><a href=\"https:\/\/sinoextrud.com\/what-is-4040-aluminium-extrud\/\" target=\"_blank\">4040 aluminium extrusion<\/a><\/li>\r\r\n<li><a href=\"https:\/\/sinoextrud.com\/what-is-4040-aluminium-extrud\/\" target=\"_blank\">aluminum extrusions for industrial racks<\/a><\/li>\r\r\n<li><a href=\"https:\/\/sinoextrud.com\/powder-coating-aluminium-process\/\" target=\"_blank\">powder coating aluminium<\/a><\/li>\r\r\n<li><a href=\"https:\/\/sinoextrud.com\/what-is-an-aluminium-strip-ceiling\/\" target=\"_blank\">aluminium strip ceiling<\/a><\/li>\r\r\n<li><a href=\"https:\/\/sinoextrud.com\/what-is-a-heat-sink\/\" target=\"_blank\">what is a heat sink<\/a><\/li>\r\r\n<\/ul>","product_chanpin_chanpin":"<li><a href=\"https:\/\/sinoextrud.com\/product\/aluminium-extrusion-and-aluminium-profile\/\" target=\"_blank\">Aluminium Extrusion and Aluminium Profile<\/a><\/li>\r\n<li><a href=\"https:\/\/sinoextrud.com\/product\/telescopic-aluminium-square-tube\/\" target=\"_blank\">Telescopic Aluminium Square Tube<\/a><\/li>\r\n<li><a href=\"https:\/\/sinoextrud.com\/product\/customizable-bathroom-mirror-frame-bent-aluminum-profiles\/\" target=\"_blank\">Customizable Bathroom Mirror Frame Bent Aluminum Profiles<\/a><\/li>\r\n<li><a href=\"https:\/\/sinoextrud.com\/product\/china-factory-wholesale-6063-aluminum-fence-panels\/\" target=\"_blank\">China Factory Wholesale 6063 Aluminum Fence Panels<\/a><\/li>\r\n<li><a href=\"https:\/\/sinoextrud.com\/product\/aluminum-slatwall-panel-insert-profile\/\" target=\"_blank\">Aluminum Slatwall Panel Insert Profile<\/a><\/li>\r\n<li><a href=\"https:\/\/sinoextrud.com\/product\/custom-high-quality-aluminum-shower-room-mirror-frame-aluminum-profile\/\" target=\"_blank\">Custom High-quality Aluminum Shower Room Mirror Frame Aluminum Profile<\/a><\/li>\r\n<li><a href=\"https:\/\/sinoextrud.com\/product\/20-year-warranty-6061-6063-aluminum-wood-grain-look-aluminum-extruded-square-rectangular-tube\/\" target=\"_blank\">20-Year Warranty 6061 6063 Aluminum Wood Grain Look Aluminum Extruded Square Rectangular Tube<\/a><\/li>\r\n<li><a href=\"https:\/\/sinoextrud.com\/product\/aluminum-h-shaped-connected-panels-profile-for-safe-non-slip-walkway-panel-temporary-ground-road\/\" target=\"_blank\">Aluminum H-shaped Connected Panels Profile For Safe Non-slip Walkway Panel Temporary Ground Road<\/a><\/li>\r\n<li><a href=\"https:\/\/sinoextrud.com\/product\/customizable-minimalist-office-aluminum-partition-profiles\/\" target=\"_blank\">Customizable Minimalist Office Aluminum Partition Profiles<\/a><\/li>\r\n<li><a href=\"https:\/\/sinoextrud.com\/product\/aluminium-cladding-wall-profile\/\" target=\"_blank\">Aluminium Cladding Wall Profile<\/a><\/li>\r\n<li><a href=\"https:\/\/sinoextrud.com\/product\/triangle-aluminum-profile\/\" target=\"_blank\">Triangle Aluminum Profile<\/a><\/li>"},"feature_list":[]},"_links":{"self":[{"href":"https:\/\/sinoextrud.com\/de\/wp-json\/wp\/v2\/product\/6642","targetHints":{"allow":["GET"]}}],"collection":[{"href":"https:\/\/sinoextrud.com\/de\/wp-json\/wp\/v2\/product"}],"about":[{"href":"https:\/\/sinoextrud.com\/de\/wp-json\/wp\/v2\/types\/product"}],"wp:featuredmedia":[{"embeddable":true,"href":"https:\/\/sinoextrud.com\/de\/wp-json\/wp\/v2\/media\/6641"}],"wp:attachment":[{"href":"https:\/\/sinoextrud.com\/de\/wp-json\/wp\/v2\/media?parent=6642"}],"wp:term":[{"taxonomy":"category","embeddable":true,"href":"https:\/\/sinoextrud.com\/de\/wp-json\/wp\/v2\/categories?post=6642"}],"curies":[{"name":"wp","href":"https:\/\/api.w.org\/{rel}","templated":true}]}}