{"id":6640,"date":"2025-05-30T02:45:03","date_gmt":"2025-05-30T02:45:03","guid":{"rendered":"https:\/\/sinoextrud.com\/product\/china-factory-wholesale-6063-aluminum-fence-panels\/"},"modified":"2025-06-24T06:11:23","modified_gmt":"2025-06-24T06:11:23","slug":"porzellan-fabrik-groshandel-6063-aluminium-zaunplatten","status":"publish","type":"product","link":"https:\/\/sinoextrud.com\/de\/product\/china-factory-wholesale-6063-aluminum-fence-panels\/","title":{"rendered":"China Fabrik Gro\u00dfhandel 6063 Aluminium Zaun Panels"},"content":{"rendered":"<h2>Produkte Details<\/h2>\n<table class=\"custom-table\">\n<tr>\n<td class=\"label\">Produktname<\/td>\n<td>China Fabrik Gro\u00dfhandel 6063 Aluminium Zaunplatten<\/td>\n<\/tr>\n<tr>\n<td class=\"label\">Material<\/td>\n<td>Hochwertige 6063 Aluminiumlegierung<\/td>\n<\/tr>\n<tr>\n<td class=\"label\">Abmessungen<\/td>\n<td>Anpassbare Gr\u00f6\u00dfen verf\u00fcgbar; Standardgr\u00f6\u00dfen sind 6ft x 4ft, 8ft x 4ft, etc.<\/td>\n<\/tr>\n<tr>\n<td class=\"label\">Gewicht<\/td>\n<td>Leichtes Design f\u00fcr einfache Handhabung und Installation<\/td>\n<\/tr>\n<tr>\n<td class=\"label\">Gestaltungsm\u00f6glichkeiten<\/td>\n<td>Verschiedene Stile erh\u00e4ltlich, darunter Lattenzaun-, Sichtschutz- und dekorative Designs<\/td>\n<\/tr>\n<tr>\n<td class=\"label\">Oberfl\u00e4chenbehandlung<\/td>\n<td>- Pulverbeschichtung (verschiedene Farben)<br \/>- Eloxieren<br \/>- Holzmaserung<\/td>\n<\/tr>\n<tr>\n<td class=\"label\">Dauerhaftigkeit<\/td>\n<td>- Korrosionsbest\u00e4ndig<br \/>- Rostfrei<br \/>- UV-best\u00e4ndig<\/td>\n<\/tr>\n<tr>\n<td class=\"label\">Wartung<\/td>\n<td>Geringer Wartungsaufwand; leicht mit Wasser und Seife zu reinigen<\/td>\n<\/tr>\n<tr>\n<td class=\"label\">Einrichtung<\/td>\n<td>Einfacher Installationsprozess; kann von Heimwerkern oder Profis installiert werden<\/td>\n<\/tr>\n<tr>\n<td class=\"label\">Qualit\u00e4tssicherung<\/td>\n<td>- ISO 9001 zertifiziert<br \/>- CE-zertifiziert<br \/>- Strenge Qualit\u00e4tskontrolle in jeder Produktionsphase<\/td>\n<\/tr>\n<tr>\n<td class=\"label\">Verpackung<\/td>\n<td>- In Schutzmaterialien verpackt<br \/>- Verpackt in stabilen Kartons oder auf Paletten<br \/>- Kundenspezifische Verpackungsoptionen verf\u00fcgbar<\/td>\n<\/tr>\n<tr>\n<td class=\"label\">Vorlaufzeit<\/td>\n<td>In der Regel 15-30 Tage, abh\u00e4ngig von der Bestellmenge und der individuellen Gestaltung<\/td>\n<\/tr>\n<tr>\n<td class=\"label\">Mindestbestellmenge<\/td>\n<td>10m2 oder 6m (verhandelbar bei gr\u00f6\u00dferen Bestellungen)<\/td>\n<\/tr>\n<tr>\n<td class=\"label\">Versandoptionen<\/td>\n<td>- Seefracht<br \/>- Luftfracht<br \/>- Expresslieferung verf\u00fcgbar<\/td>\n<\/tr>\n<tr>\n<td class=\"label\">Globale Reichweite<\/td>\n<td>Produkte werden nach Nordamerika, Europa, Asien und in andere Regionen weltweit versandt<\/td>\n<\/tr>\n<tr>\n<td class=\"label\">Kunden-Feedback<\/td>\n<td>Hoch bewertet f\u00fcr Qualit\u00e4t, Haltbarkeit und Kundenservice<\/td>\n<\/tr>\n<tr>\n<td class=\"label\">Warum uns w\u00e4hlen<\/td>\n<td>- 30 Jahre Branchenerfahrung<br \/>- ODM\/OEM-Dienste verf\u00fcgbar<br \/>- Wettbewerbsf\u00e4hige Preise<br \/>- Bekenntnis zur Nachhaltigkeit<\/td>\n<\/tr>\n<\/table>\n<h2>Unsere Produktionsbasis<\/h2>\n<h3>Fabrik-Panorama<\/h3>\n<p><img decoding=\"async\" src=\"\/wp-content\/uploads\/factory-01.webp\"\/><\/p>\n<h3>Werkstatt zur Herstellung von Aluminiumstangen<\/h3>\n<p><img decoding=\"async\" src=\"\/wp-content\/uploads\/factory-02.webp\"\/><\/p>\n<p><img decoding=\"async\" src=\"\/wp-content\/uploads\/factory-03.webp\"\/><\/p>\n<h3>Lagerhaus f\u00fcr Formen<\/h3>\n<p><img decoding=\"async\" src=\"\/wp-content\/uploads\/factory-04.webp\"\/><\/p>\n<h3>43 Aluminium-Strangpressanlagen (500\u00e2\u20ac\"5500 Tonnen)<\/h3>\n<p><img decoding=\"async\" src=\"\/wp-content\/uploads\/factory-05.webp\"\/><\/p>\n<p><img decoding=\"async\" src=\"\/wp-content\/uploads\/factory-06.webp\"\/><\/p>\n<p><img decoding=\"async\" src=\"\/wp-content\/uploads\/factory-07.webp\"\/><\/p>\n<h3>Werkstatt f\u00fcr Pulverbeschichtung<\/h3>\n<p><img decoding=\"async\" src=\"\/wp-content\/uploads\/factory-09.webp\"\/><\/p>\n<h3>Eloxal-Werkstatt<\/h3>\n<p><img decoding=\"async\" src=\"\/wp-content\/uploads\/factory-10.webp\"\/><\/p>\n<h3>Workshop zur Tiefenverarbeitung<\/h3>\n<p><img decoding=\"async\" src=\"\/wp-content\/uploads\/factory-11.webp\"\/><\/p>\n<h3>CNC-Pr\u00e4zisionsbearbeitungswerkstatt<\/h3>\n<p><img decoding=\"async\" src=\"\/wp-content\/uploads\/factory-11.5.webp\"\/><\/p>\n<h3>Lager f\u00fcr Fertigprodukte und Export<\/h3>\n<p><img decoding=\"async\" src=\"\/wp-content\/uploads\/factory-12.webp\"\/><\/p>\n<p><img decoding=\"async\" src=\"\/wp-content\/uploads\/factory-13.webp\"\/><\/p>\n<p><img decoding=\"async\" src=\"\/wp-content\/uploads\/factory-14.webp\"\/><\/p>\n<h2>FAQ<\/h2>\n<p><p><b>1. was sind China Fabrik Gro\u00dfhandel 6063 Aluminium Zaunplatten?<\/b><\/p>\n<p>Es handelt sich um in China hergestellte Zaunpaneele aus einer 6063-Aluminiumlegierung, die zu Gro\u00dfhandelspreisen f\u00fcr verschiedene Zaunanwendungen angeboten werden.<br \/>\n<\/p><br \/>\n<br \/>\n<p><b>2. was sind die wichtigsten Vorteile von 6063 Aluminium-Zaunplatten?<\/b><\/p>\n<p>6063-Aluminiumplatten bieten eine hervorragende Korrosionsbest\u00e4ndigkeit, leichte Festigkeit, gute Schwei\u00dfbarkeit und eine glatte, f\u00fcr den Au\u00dfeneinsatz geeignete Oberfl\u00e4che.<br \/>\n<\/p><br \/>\n<br \/>\n<p><b>3. warum 6063 Aluminiumlegierung f\u00fcr Zaunpaneele w\u00e4hlen?<\/b><\/p>\n<p>Die Legierung 6063 bietet ein perfektes Gleichgewicht zwischen Festigkeit, Korrosionsbest\u00e4ndigkeit und \u00c4sthetik und ist damit ideal f\u00fcr dauerhafte und attraktive Zaunl\u00f6sungen.<br \/>\n<\/p><br \/>\n<br \/>\n<p><b>4. kann China Fabrik Gro\u00dfhandel 6063 Aluminium Zaunplatten angepasst werden?<\/b><\/p>\n<p>Ja, sie k\u00f6nnen in Gr\u00f6\u00dfe, Design, Farbe, Oberfl\u00e4chenbeschaffenheit und Beschichtung individuell angepasst werden, um spezifischen Projekt- und Architekturanforderungen gerecht zu werden.<br \/>\n<\/p><br \/>\n<br \/>\n<p><b>5) Welche Vorteile hat der Kauf bei einer chinesischen Fabrik im Gro\u00dfhandel f\u00fcr den K\u00e4ufer?<\/b><\/p>\n<p>Der Einkauf im Gro\u00dfhandel von chinesischen Fabriken bietet kosteng\u00fcnstige Preise, gro\u00dfe Mengenverf\u00fcgbarkeit und flexible Anpassungsm\u00f6glichkeiten.<br \/>\n<\/p><br \/>\n<br \/>\n<p><b>6. sind Zaunpaneele aus 6063 Aluminium f\u00fcr den Au\u00dfenbereich geeignet?<\/b><\/p>\n<p>Ja, 6063-Aluminium-Paneele widerstehen Rost, UV-Strahlen und rauen Witterungsbedingungen und gew\u00e4hrleisten eine lange Lebensdauer im Au\u00dfenbereich.<br \/>\n<\/p><br \/>\n<br \/>\n<p><b>7. welche Branchen verwenden \u00fcblicherweise 6063-Aluminium-Zaunfelder?<\/b><\/p>\n<p>Im privaten, gewerblichen, industriellen und landwirtschaftlichen Bereich werden diese Paneele f\u00fcr Sicherheits-, Sichtschutz- und Zierz\u00e4une verwendet.<br \/>\n<\/p><br \/>\n<br \/>\n<p><b>8. wie unterst\u00fctzen 6063 Aluminium-Zaunpaneele nachhaltiges Bauen?<\/b><\/p>\n<p>Aluminium ist 100% recycelbar, leicht und langlebig, reduziert die Umweltbelastung und f\u00f6rdert umweltfreundliche Zaunl\u00f6sungen.<br \/>\n<\/p><br \/><\/p>","protected":false},"featured_media":6639,"template":"","categories":[64],"class_list":["post-6640","product","type-product","status-publish","has-post-thumbnail","hentry","category-new-trend-aluminium-products"],"meta_box":{"hilight_text_group":{"product_hilight_text":"<li>Wholesale pricing from a trusted China factory for cost-effective sourcing<\/li>\r\r\n<li>Made from durable 6063 aluminum alloy with excellent corrosion resistance<\/li>\r\r\n<li>Lightweight yet strong panels suitable for residential and commercial fencing<\/li>\r\r\n<li>Custom sizes and finishes available to meet diverse project needs<\/li>\r\r\n<li>Reliable bulk supply with consistent quality and timely delivery<\/li>","product_chanpin_blog":"<ul>\r\r\n<li><a href=\"https:\/\/sinoextrud.com\/t-slot-v-slot-differences\/\" target=\"_blank\">t slot vs v slot<\/a><\/li>\r\r\n<li><a href=\"https:\/\/sinoextrud.com\/what-is-4040-aluminium-extrud\/\" target=\"_blank\">4040 aluminium extrusion<\/a><\/li>\r\r\n<li><a href=\"https:\/\/sinoextrud.com\/what-is-4040-aluminium-extrud\/\" target=\"_blank\">aluminum extrusions for industrial racks<\/a><\/li>\r\r\n<li><a href=\"https:\/\/sinoextrud.com\/powder-coating-aluminium-process\/\" target=\"_blank\">powder coating aluminium<\/a><\/li>\r\r\n<li><a href=\"https:\/\/sinoextrud.com\/what-is-an-aluminium-strip-ceiling\/\" target=\"_blank\">aluminium strip ceiling<\/a><\/li>\r\r\n<li><a href=\"https:\/\/sinoextrud.com\/what-is-a-heat-sink\/\" target=\"_blank\">what is a heat sink<\/a><\/li>\r\r\n<\/ul>","product_chanpin_chanpin":"<li><a href=\"https:\/\/sinoextrud.com\/product\/aluminum-shower-door-frame-parts-u-channel\/\" target=\"_blank\">Aluminum Shower Door Frame Parts U-channel<\/a><\/li>\r\n<li><a href=\"https:\/\/sinoextrud.com\/product\/aluminium-extrusion-and-aluminium-profile\/\" target=\"_blank\">Aluminium Extrusion and Aluminium Profile<\/a><\/li>\r\n<li><a href=\"https:\/\/sinoextrud.com\/product\/telescopic-aluminium-square-tube\/\" target=\"_blank\">Telescopic Aluminium Square Tube<\/a><\/li>\r\n<li><a href=\"https:\/\/sinoextrud.com\/product\/customizable-bathroom-mirror-frame-bent-aluminum-profiles\/\" target=\"_blank\">Customizable Bathroom Mirror Frame Bent Aluminum Profiles<\/a><\/li>\r\n<li><a href=\"https:\/\/sinoextrud.com\/product\/china-factory-wholesale-6063-aluminum-fence-panels\/\" target=\"_blank\">China Factory Wholesale 6063 Aluminum Fence Panels<\/a><\/li>\r\n<li><a href=\"https:\/\/sinoextrud.com\/product\/aluminum-slatwall-panel-insert-profile\/\" target=\"_blank\">Aluminum Slatwall Panel Insert Profile<\/a><\/li>\r\n<li><a href=\"https:\/\/sinoextrud.com\/product\/custom-high-quality-aluminum-shower-room-mirror-frame-aluminum-profile\/\" target=\"_blank\">Custom High-quality Aluminum Shower Room Mirror Frame Aluminum Profile<\/a><\/li>\r\n<li><a href=\"https:\/\/sinoextrud.com\/product\/20-year-warranty-6061-6063-aluminum-wood-grain-look-aluminum-extruded-square-rectangular-tube\/\" target=\"_blank\">20-Year Warranty 6061 6063 Aluminum Wood Grain Look Aluminum Extruded Square Rectangular Tube<\/a><\/li>\r\n<li><a href=\"https:\/\/sinoextrud.com\/product\/aluminum-h-shaped-connected-panels-profile-for-safe-non-slip-walkway-panel-temporary-ground-road\/\" target=\"_blank\">Aluminum H-shaped Connected Panels Profile For Safe Non-slip Walkway Panel Temporary Ground Road<\/a><\/li>\r\n<li><a href=\"https:\/\/sinoextrud.com\/product\/aluminum-balustrade-handrail\/\" target=\"_blank\">Aluminum Balustrade Handrail<\/a><\/li>\r\n<li><a href=\"https:\/\/sinoextrud.com\/product\/roller-shutter-profiles-aluminum\/\" target=\"_blank\">Roller Shutter Profiles Aluminum<\/a><\/li>"},"feature_list":[]},"_links":{"self":[{"href":"https:\/\/sinoextrud.com\/de\/wp-json\/wp\/v2\/product\/6640","targetHints":{"allow":["GET"]}}],"collection":[{"href":"https:\/\/sinoextrud.com\/de\/wp-json\/wp\/v2\/product"}],"about":[{"href":"https:\/\/sinoextrud.com\/de\/wp-json\/wp\/v2\/types\/product"}],"wp:featuredmedia":[{"embeddable":true,"href":"https:\/\/sinoextrud.com\/de\/wp-json\/wp\/v2\/media\/6639"}],"wp:attachment":[{"href":"https:\/\/sinoextrud.com\/de\/wp-json\/wp\/v2\/media?parent=6640"}],"wp:term":[{"taxonomy":"category","embeddable":true,"href":"https:\/\/sinoextrud.com\/de\/wp-json\/wp\/v2\/categories?post=6640"}],"curies":[{"name":"wp","href":"https:\/\/api.w.org\/{rel}","templated":true}]}}