{"id":6638,"date":"2025-05-30T02:41:25","date_gmt":"2025-05-30T02:41:25","guid":{"rendered":"https:\/\/sinoextrud.com\/product\/customizable-bathroom-mirror-frame-bent-aluminum-profiles\/"},"modified":"2025-06-24T06:11:23","modified_gmt":"2025-06-24T06:11:23","slug":"anpassbarer-spiegelrahmen-fur-badezimmer-gebogene-aluminiumprofile","status":"publish","type":"product","link":"https:\/\/sinoextrud.com\/de\/product\/customizable-bathroom-mirror-frame-bent-aluminum-profiles\/","title":{"rendered":"Anpassbare Badezimmer-Spiegelrahmen Gebogene Aluminium-Profile"},"content":{"rendered":"<h2>Produkte Details<\/h2>\n<table class=\"custom-table\">\n<tr>\n<td class=\"label\">Produktname<\/td>\n<td>Anpassbare Badezimmer-Spiegelrahmen Gebogene Aluminium-Profile<\/td>\n<\/tr>\n<tr>\n<td class=\"label\">Material<\/td>\n<td>Hochwertiges Aluminium<\/td>\n<\/tr>\n<tr>\n<td class=\"label\">Anpassungsoptionen<\/td>\n<td>Sonderformen, -gr\u00f6\u00dfen und -ausf\u00fchrungen erh\u00e4ltlich (eloxiert, pulverbeschichtet, geb\u00fcrstet)<\/td>\n<\/tr>\n<tr>\n<td class=\"label\">Gewicht<\/td>\n<td>Leicht, einfach zu handhaben und zu installieren<\/td>\n<\/tr>\n<tr>\n<td class=\"label\">Dauerhaftigkeit<\/td>\n<td>Korrosionsbest\u00e4ndig und verschlei\u00dffest<\/td>\n<\/tr>\n<tr>\n<td class=\"label\">Oberfl\u00e4chenbehandlung<\/td>\n<td>Eloxierung, Pulverbeschichtung, geb\u00fcrstetes Finish<\/td>\n<\/tr>\n<tr>\n<td class=\"label\">Anwendungen<\/td>\n<td>Einrahmung von Badezimmerspiegeln in Wohn- und Gesch\u00e4ftsr\u00e4umen, Sonderanfertigungen f\u00fcr Hotels, Spas usw.<\/td>\n<\/tr>\n<tr>\n<td class=\"label\">CNC-Bearbeitungsdienstleistungen<\/td>\n<td>Verf\u00fcgbar f\u00fcr pr\u00e4zises Schneiden, Biegen und Verformen<\/td>\n<\/tr>\n<tr>\n<td class=\"label\">Qualit\u00e4tskontrolle<\/td>\n<td>Strenge Qualit\u00e4tssicherungsprozesse, einschlie\u00dflich Materialpr\u00fcfung und Endkontrolle<\/td>\n<\/tr>\n<tr>\n<td class=\"label\">Verpackung<\/td>\n<td>Schutzumh\u00fcllungen und individuelle Verpackungsl\u00f6sungen<\/td>\n<\/tr>\n<tr>\n<td class=\"label\">ODM\/OEM-Unterst\u00fctzung<\/td>\n<td>Verf\u00fcgbar f\u00fcr ma\u00dfgeschneiderte L\u00f6sungen<\/td>\n<\/tr>\n<tr>\n<td class=\"label\">Vorlaufzeit<\/td>\n<td>In der Regel 4-6 Wochen, je nach Kundenwunsch und Auftragsgr\u00f6\u00dfe<\/td>\n<\/tr>\n<\/table>\n<h2>Unsere Produktionsbasis<\/h2>\n<h3>Fabrik-Panorama<\/h3>\n<p><img decoding=\"async\" src=\"\/wp-content\/uploads\/factory-01.webp\"\/><\/p>\n<h3>Werkstatt zur Herstellung von Aluminiumstangen<\/h3>\n<p><img decoding=\"async\" src=\"\/wp-content\/uploads\/factory-02.webp\"\/><\/p>\n<\/p>\n<p><img decoding=\"async\" src=\"\/wp-content\/uploads\/factory-03.webp\"\/><\/p>\n<h3>Lagerhaus f\u00fcr Formen<\/h3>\n<p><img decoding=\"async\" src=\"\/wp-content\/uploads\/factory-04.webp\"\/><\/p>\n<h3>43 Aluminium-Strangpressanlagen (500-5500 Tonnen)<\/h3>\n<p><img decoding=\"async\" src=\"\/wp-content\/uploads\/factory-05.webp\"\/><\/p>\n<p><img decoding=\"async\" src=\"\/wp-content\/uploads\/factory-06.webp\"\/><\/p>\n<p><img decoding=\"async\" src=\"\/wp-content\/uploads\/factory-07.webp\"\/><\/p>\n<h3>Werkstatt f\u00fcr Pulverbeschichtung<\/h3>\n<p><img decoding=\"async\" src=\"\/wp-content\/uploads\/factory-09.webp\"\/><\/p>\n<h3>Eloxal-Werkstatt<\/h3>\n<p><img decoding=\"async\" src=\"\/wp-content\/uploads\/factory-10.webp\"\/><\/p>\n<h3>Workshop zur Tiefenverarbeitung<\/h3>\n<p><img decoding=\"async\" src=\"\/wp-content\/uploads\/factory-11.webp\"\/><\/p>\n<h3>CNC-Pr\u00e4zisionsbearbeitungswerkstatt<\/h3>\n<p><img decoding=\"async\" src=\"\/wp-content\/uploads\/factory-11.5.webp\"\/><\/p>\n<h3>Lager f\u00fcr Fertigprodukte und Export<\/h3>\n<p><img decoding=\"async\" src=\"\/wp-content\/uploads\/factory-12.webp\"\/><\/p>\n<p><img decoding=\"async\" src=\"\/wp-content\/uploads\/factory-13.webp\"\/><\/p>\n<p><img decoding=\"async\" src=\"\/wp-content\/uploads\/factory-14.webp\"\/><\/p>\n<h2>FAQ<\/h2>\n<p><b>1. was sind anpassbare Badspiegelrahmen aus gebogenen Aluminiumprofilen?<\/b><\/p>\n<p>Es handelt sich dabei um Aluminiumprofile, die gebogen und geformt werden, um individuelle Rahmen f\u00fcr Badezimmerspiegel zu schaffen, die Haltbarkeit und Designflexibilit\u00e4t bieten.\n<\/p>\n<p><\/p>\n<p><b>2. was sind die wichtigsten Vorteile von gebogenen Aluminiumprofilen f\u00fcr Badspiegelrahmen?<\/b><\/p>\n<p>Sie sind korrosionsbest\u00e4ndig, leicht und stabil, lassen sich leicht anpassen, sehen elegant aus und sind resistent gegen Feuchtigkeit und N\u00e4sse.\n<\/p>\n<p><\/p>\n<p><b>3. warum sollte man gebogene Aluminiumprofile f\u00fcr Spiegelrahmen im Badezimmer w\u00e4hlen?<\/b><\/p>\n<p>Aluminium ist rost- und korrosionsbest\u00e4ndig, l\u00e4sst sich leicht zu komplexen Formen verarbeiten und bietet eine moderne, saubere Oberfl\u00e4che, die sich ideal f\u00fcr Badezimmer eignet.\n<\/p>\n<p><\/p>\n<p><b>4. k\u00f6nnen Badspiegelrahmen aus gebogenen Aluminiumprofilen angepasst werden?<\/b><\/p>\n<p>Ja, sie k\u00f6nnen in ihren Abmessungen, Biegewinkeln, Oberfl\u00e4chen, Farben und Designdetails an den jeweiligen Badstil angepasst werden.\n<\/p>\n<p><\/p>\n<p><b>5. wie verbessert das Biegen von Aluminiumprofilen das Design von Spiegelrahmen f\u00fcr Badezimmer?<\/b><\/p>\n<p>Das Biegen erm\u00f6glicht einzigartige Formen, sanfte Kurven und nahtlose Verbindungen, die ma\u00dfgeschneiderte Spiegelrahmen-Designs erm\u00f6glichen, die zu verschiedenen \u00e4sthetischen Vorlieben passen.\n<\/p>\n<p><\/p>\n<p><b>6. sind gebogene Aluminiumprofile f\u00fcr feuchte Badezimmer geeignet?<\/b><\/p>\n<p>Ja, die Korrosionsbest\u00e4ndigkeit und die Feuchtigkeitsbest\u00e4ndigkeit von Aluminium machen gebogene Profile ideal f\u00fcr nasse und feuchte Badezimmer.\n<\/p>\n<p><\/p>\n<p><b>7. welche Branchen verwenden \u00fcblicherweise individuell gebogene Aluminiumprofile f\u00fcr Spiegelrahmen?<\/b><\/p>\n<p>Hersteller von Badarmaturen, Innenarchitekten, Baum\u00e4rkte und individuelle M\u00f6belhersteller verwenden diese Profile.\n<\/p>\n<p><\/p>\n<p><b>8. wie unterst\u00fctzen anpassbare gebogene Aluminiumprofile die nachhaltige Gestaltung von Badezimmern?<\/b><\/p>\n<p>Aluminium ist 100% recycelbar und langlebig, wodurch weniger Abfall anf\u00e4llt und weniger Ersatz ben\u00f6tigt wird, w\u00e4hrend umweltfreundliche und langlebige Badezimmerarmaturen m\u00f6glich sind.\n<\/p>\n<p><\/p>","protected":false},"featured_media":6637,"template":"","categories":[64],"class_list":["post-6638","product","type-product","status-publish","has-post-thumbnail","hentry","category-new-trend-aluminium-products"],"meta_box":{"hilight_text_group":{"product_hilight_text":"<li>Customizable bent aluminum profiles tailored for unique bathroom mirror designs<\/li>\r\r\n<li>High-quality aluminum offers durability and corrosion resistance in humid environments<\/li>\r\r\n<li>Precision bending ensures smooth curves and consistent dimensions<\/li>\r\r\n<li>Available in various finishes to complement modern bathroom aesthetics<\/li>\r\r\n<li>Supports bulk orders with reliable supply and fast delivery<\/li>","product_chanpin_blog":"<ul>\r\r\n<li><a href=\"https:\/\/sinoextrud.com\/t-slot-v-slot-differences\/\" target=\"_blank\">t slot vs v slot<\/a><\/li>\r\r\n<li><a href=\"https:\/\/sinoextrud.com\/what-is-4040-aluminium-extrud\/\" target=\"_blank\">4040 aluminium extrusion<\/a><\/li>\r\r\n<li><a href=\"https:\/\/sinoextrud.com\/what-is-4040-aluminium-extrud\/\" target=\"_blank\">aluminum extrusions for industrial racks<\/a><\/li>\r\r\n<li><a href=\"https:\/\/sinoextrud.com\/powder-coating-aluminium-process\/\" target=\"_blank\">powder coating aluminium<\/a><\/li>\r\r\n<li><a href=\"https:\/\/sinoextrud.com\/what-is-an-aluminium-strip-ceiling\/\" target=\"_blank\">aluminium strip ceiling<\/a><\/li>\r\r\n<li><a href=\"https:\/\/sinoextrud.com\/what-is-a-heat-sink\/\" target=\"_blank\">what is a heat sink<\/a><\/li>\r\r\n<\/ul>","product_chanpin_chanpin":"<li><a href=\"https:\/\/sinoextrud.com\/product\/aluminium-kitchen-cabinet-handles\/\" target=\"_blank\">Aluminium Kitchen Cabinet Handles<\/a><\/li>\r\n<li><a href=\"https:\/\/sinoextrud.com\/product\/aluminum-shower-door-frame-parts-u-channel\/\" target=\"_blank\">Aluminum Shower Door Frame Parts U-channel<\/a><\/li>\r\n<li><a href=\"https:\/\/sinoextrud.com\/product\/aluminium-extrusion-and-aluminium-profile\/\" target=\"_blank\">Aluminium Extrusion and Aluminium Profile<\/a><\/li>\r\n<li><a href=\"https:\/\/sinoextrud.com\/product\/telescopic-aluminium-square-tube\/\" target=\"_blank\">Telescopic Aluminium Square Tube<\/a><\/li>\r\n<li><a href=\"https:\/\/sinoextrud.com\/product\/customizable-bathroom-mirror-frame-bent-aluminum-profiles\/\" target=\"_blank\">Customizable Bathroom Mirror Frame Bent Aluminum Profiles<\/a><\/li>\r\n<li><a href=\"https:\/\/sinoextrud.com\/product\/china-factory-wholesale-6063-aluminum-fence-panels\/\" target=\"_blank\">China Factory Wholesale 6063 Aluminum Fence Panels<\/a><\/li>\r\n<li><a href=\"https:\/\/sinoextrud.com\/product\/aluminum-slatwall-panel-insert-profile\/\" target=\"_blank\">Aluminum Slatwall Panel Insert Profile<\/a><\/li>\r\n<li><a href=\"https:\/\/sinoextrud.com\/product\/custom-high-quality-aluminum-shower-room-mirror-frame-aluminum-profile\/\" target=\"_blank\">Custom High-quality Aluminum Shower Room Mirror Frame Aluminum Profile<\/a><\/li>\r\n<li><a href=\"https:\/\/sinoextrud.com\/product\/20-year-warranty-6061-6063-aluminum-wood-grain-look-aluminum-extruded-square-rectangular-tube\/\" target=\"_blank\">20-Year Warranty 6061 6063 Aluminum Wood Grain Look Aluminum Extruded Square Rectangular Tube<\/a><\/li>\r\n<li><a href=\"https:\/\/sinoextrud.com\/product\/aluminum-extrusion-6005-big-size-industrial-aluminum-profile\/\" target=\"_blank\">Aluminum Extrusion 6005 Big Size Industrial Aluminum Profile<\/a><\/li>\r\n<li><a href=\"https:\/\/sinoextrud.com\/product\/aluminum-profile-clean-room-for-workshop-and-hospital\/\" target=\"_blank\">Aluminum Profile Clean Room for Workshop and Hospital<\/a><\/li>"},"feature_list":[]},"_links":{"self":[{"href":"https:\/\/sinoextrud.com\/de\/wp-json\/wp\/v2\/product\/6638","targetHints":{"allow":["GET"]}}],"collection":[{"href":"https:\/\/sinoextrud.com\/de\/wp-json\/wp\/v2\/product"}],"about":[{"href":"https:\/\/sinoextrud.com\/de\/wp-json\/wp\/v2\/types\/product"}],"wp:featuredmedia":[{"embeddable":true,"href":"https:\/\/sinoextrud.com\/de\/wp-json\/wp\/v2\/media\/6637"}],"wp:attachment":[{"href":"https:\/\/sinoextrud.com\/de\/wp-json\/wp\/v2\/media?parent=6638"}],"wp:term":[{"taxonomy":"category","embeddable":true,"href":"https:\/\/sinoextrud.com\/de\/wp-json\/wp\/v2\/categories?post=6638"}],"curies":[{"name":"wp","href":"https:\/\/api.w.org\/{rel}","templated":true}]}}