{"id":6636,"date":"2025-05-30T02:37:30","date_gmt":"2025-05-30T02:37:30","guid":{"rendered":"https:\/\/sinoextrud.com\/product\/telescopic-aluminium-square-tube\/"},"modified":"2025-06-24T06:11:23","modified_gmt":"2025-06-24T06:11:23","slug":"teleskopisches-aluminium-vierkantrohr","status":"publish","type":"product","link":"https:\/\/sinoextrud.com\/de\/product\/telescopic-aluminium-square-tube\/","title":{"rendered":"Teleskopisches Aluminium-Vierkantrohr"},"content":{"rendered":"<h2>Produkte Details<\/h2>\n<table class=\"custom-table\">\n<tr>\n<td class=\"label\">Produktname<\/td>\n<td>Teleskopisches Aluminium-Vierkantrohr<\/td>\n<\/tr>\n<tr>\n<td class=\"label\">Produktpalette<\/td>\n<td>Aluminium-Strangpressprofile f\u00fcr R-Winkel-Aluminiumrohre, Aluminium-Vierkantrohre, Aluminium-Rohre, etc.<\/td>\n<\/tr>\n<tr>\n<td class=\"label\">Aluminium-Legierung<\/td>\n<td>Serie 5000, Serie 6000, Serie 7000<\/td>\n<\/tr>\n<tr>\n<td class=\"label\">Temperament<\/td>\n<td>T5-T8<\/td>\n<\/tr>\n<tr>\n<td class=\"label\">Form<\/td>\n<td>Personalisierung<\/td>\n<\/tr>\n<tr>\n<td class=\"label\">Farbe<\/td>\n<td>Personalisierung<\/td>\n<\/tr>\n<tr>\n<td class=\"label\">Oberfl\u00e4chenbehandlung<\/td>\n<td>walzblank, eloxiert, Holzmaserung, Pulverbeschichtung, Sandstrahlen, Elektrophorese, geb\u00fcrstet, poliert, etc.<\/td>\n<\/tr>\n<tr>\n<td class=\"label\">CNC-Tiefenbearbeitung<\/td>\n<td>Schneiden, Bohren, Zerspanen, Stanzen, Biegen, Gewindeschneiden und so weiter<\/td>\n<\/tr>\n<tr>\n<td class=\"label\">Zertifizierungen<\/td>\n<td>CE, ISO, SGS, TUV, ROHS<\/td>\n<\/tr>\n<tr>\n<td class=\"label\">Proben<\/td>\n<td>kostenlose Probe. 1-3 Tage an Sie geliefert.<\/td>\n<\/tr>\n<tr>\n<td class=\"label\">MOQ<\/td>\n<td>200KG f\u00fcr jedes Profil<\/td>\n<\/tr>\n<tr>\n<td class=\"label\">Lieferfrist<\/td>\n<td>Die Entwicklung der Form und die Anfertigung des Musters dauern 12-15 Tage, die Produktion dauert 15-25 Tage nach Eingang der Anzahlung des K\u00e4ufers.<\/td>\n<\/tr>\n<tr>\n<td class=\"label\">Zahlungsbedingungen<\/td>\n<td>30% Anzahlung vor der Produktion, und der Restbetrag vor dem Versand.<\/td>\n<\/tr>\n<\/table>\n<h2>Unsere Produktionsbasis<\/h2>\n<h3>Fabrik-Panorama<\/h3>\n<p><img decoding=\"async\" src=\"\/wp-content\/uploads\/factory-01.webp\"\/><\/p>\n<h3>Werkstatt zur Herstellung von Aluminiumstangen<\/h3>\n<p><img decoding=\"async\" src=\"\/wp-content\/uploads\/factory-02.webp\"\/><\/p>\n<p><img decoding=\"async\" src=\"\/wp-content\/uploads\/factory-03.webp\"\/><\/p>\n<h3>Lagerhaus f\u00fcr Formen<\/h3>\n<p><img decoding=\"async\" src=\"\/wp-content\/uploads\/factory-04.webp\"\/><\/p>\n<h3>43 Aluminium-Strangpressanlagen (500\u00e2\u20ac\"5500 Tonnen)<\/h3>\n<p><img decoding=\"async\" src=\"\/wp-content\/uploads\/factory-05.webp\"\/><\/p>\n<p><img decoding=\"async\" src=\"\/wp-content\/uploads\/factory-06.webp\"\/><\/p>\n<p><img decoding=\"async\" src=\"\/wp-content\/uploads\/factory-07.webp\"\/><\/p>\n<h3>Werkstatt f\u00fcr Pulverbeschichtung<\/h3>\n<p><img decoding=\"async\" src=\"\/wp-content\/uploads\/factory-09.webp\"\/><\/p>\n<h3>Eloxal-Werkstatt<\/h3>\n<p><img decoding=\"async\" src=\"\/wp-content\/uploads\/factory-10.webp\"\/><\/p>\n<h3>Workshop zur Tiefenverarbeitung<\/h3>\n<p><img decoding=\"async\" src=\"\/wp-content\/uploads\/factory-11.webp\"\/><\/p>\n<h3>CNC-Pr\u00e4zisionsbearbeitungswerkstatt<\/h3>\n<p><img decoding=\"async\" src=\"\/wp-content\/uploads\/factory-11.5.webp\"\/><\/p>\n<h3>Lager f\u00fcr Fertigprodukte und Export<\/h3>\n<p><img decoding=\"async\" src=\"\/wp-content\/uploads\/factory-12.webp\"\/><\/p>\n<p><img decoding=\"async\" src=\"\/wp-content\/uploads\/factory-13.webp\"\/><\/p>\n<p><img decoding=\"async\" src=\"\/wp-content\/uploads\/factory-14.webp\"\/><\/p>\n<h2>FAQ<\/h2>\n<p><p><b>1. was ist ein teleskopisches Aluminium-Vierkantrohr?<\/b><\/p>\n<p>Ein teleskopisches Aluminium-Vierkantrohr ist ein Satz ineinander geschachtelter Aluminium-Vierkantrohre, die sich in der L\u00e4nge verstellen lassen.<br \/>\n<\/p><br \/>\n<br \/>\n<p><b>2) Was sind die Hauptvorteile von Teleskop-Vierkantrohren aus Aluminium?<\/b><\/p>\n<p>Sie bieten ein geringes Gewicht, Korrosionsbest\u00e4ndigkeit, leichtg\u00e4ngige Gleitbewegung, einfache Einstellbarkeit und Haltbarkeit f\u00fcr vielseitige Anwendungen.<br \/>\n<\/p><br \/>\n<br \/>\n<p><b>3 Warum sollten Sie sich f\u00fcr Teleskop-Vierkantrohre aus Aluminium und nicht f\u00fcr andere Materialien entscheiden?<\/b><\/p>\n<p>Aluminium bietet eine hervorragende Korrosionsbest\u00e4ndigkeit, ist leicht, erfordert nur minimale Wartung und erm\u00f6glicht eine pr\u00e4zise Fertigung f\u00fcr nahtloses Teleskopieren.<br \/>\n<\/p><br \/>\n<br \/>\n<p><b>4. k\u00f6nnen Teleskop-Vierkantrohre aus Aluminium individuell angepasst werden?<\/b><\/p>\n<p>Ja, sie k\u00f6nnen in Gr\u00f6\u00dfe, Wandst\u00e4rke, Legierungsart, Oberfl\u00e4chenbeschaffenheit und L\u00e4nge an die jeweiligen Projektanforderungen angepasst werden.<br \/>\n<\/p><br \/>\n<br \/>\n<p><b>5. welche Vorteile bietet die Teleskopbauweise von Aluminium-Vierkantrohren?<\/b><\/p>\n<p>Die Teleskopkonstruktion erm\u00f6glicht eine einstellbare L\u00e4nge, eine kompakte Lagerung und eine einfache Montage, wodurch sie sich ideal f\u00fcr Anwendungen eignen, die eine variable Gr\u00f6\u00dfe erfordern.<br \/>\n<\/p><br \/>\n<br \/>\n<p><b>6. sind teleskopierbare Aluminium-Vierkantrohre f\u00fcr den Au\u00dfeneinsatz geeignet?<\/b><\/p>\n<p>Ja, sie sind rost- und korrosionsbest\u00e4ndig, widerstehen den Witterungseinfl\u00fcssen und bleiben auch in rauen Au\u00dfenumgebungen leistungsf\u00e4hig.<br \/>\n<\/p><br \/>\n<br \/>\n<p><b>7. in welchen Industriezweigen werden Teleskop-Vierkantrohre aus Aluminium h\u00e4ufig verwendet?<\/b><\/p>\n<p>Die Bau-, Automobil-, Luft- und Raumfahrt- sowie die M\u00f6bel- und Ausr\u00fcstungsindustrie verwenden diese Rohre f\u00fcr verstellbare Strukturteile.<br \/>\n<\/p><br \/>\n<br \/>\n<p><b>8. wie unterst\u00fctzen Teleskop-Vierkantrohre aus Aluminium eine nachhaltige Produktion?<\/b><\/p>\n<p>Aluminium ist vollst\u00e4ndig recycelbar, und das langlebige Design reduziert die H\u00e4ufigkeit des Austauschs und f\u00f6rdert so umweltfreundliche und kosteng\u00fcnstige L\u00f6sungen.<br \/>\n<\/p><br \/><\/p>","protected":false},"featured_media":6635,"template":"","categories":[64],"class_list":["post-6636","product","type-product","status-publish","has-post-thumbnail","hentry","category-new-trend-aluminium-products"],"meta_box":{"hilight_text_group":{"product_hilight_text":"<li>Telescopic design allows adjustable length for versatile applications<\/li>\r\r\n<li>Made from high-strength aluminum with excellent corrosion resistance<\/li>\r\r\n<li>Lightweight and easy to handle for efficient installation<\/li>\r\r\n<li>Precision extrusion ensures smooth sliding and reliable fit<\/li>\r\r\n<li>Custom sizes and finishes available to meet specific project requirements<\/li>","product_chanpin_blog":"<ul>\r\r\n<li><a href=\"https:\/\/sinoextrud.com\/t-slot-v-slot-differences\/\" target=\"_blank\">t slot vs v slot<\/a><\/li>\r\r\n<li><a href=\"https:\/\/sinoextrud.com\/what-is-4040-aluminium-extrud\/\" target=\"_blank\">4040 aluminium extrusion<\/a><\/li>\r\r\n<li><a href=\"https:\/\/sinoextrud.com\/what-is-4040-aluminium-extrud\/\" target=\"_blank\">aluminum extrusions for industrial racks<\/a><\/li>\r\r\n<li><a href=\"https:\/\/sinoextrud.com\/powder-coating-aluminium-process\/\" target=\"_blank\">powder coating aluminium<\/a><\/li>\r\r\n<li><a href=\"https:\/\/sinoextrud.com\/what-is-an-aluminium-strip-ceiling\/\" target=\"_blank\">aluminium strip ceiling<\/a><\/li>\r\r\n<li><a href=\"https:\/\/sinoextrud.com\/what-is-a-heat-sink\/\" target=\"_blank\">what is a heat sink<\/a><\/li>\r\r\n<\/ul>","product_chanpin_chanpin":"<li><a href=\"https:\/\/sinoextrud.com\/product\/weather-resistant-wood-grain-aluminum-profile\/\" target=\"_blank\">Weather Resistant Wood Grain Aluminum Profile<\/a><\/li>\r\n<li><a href=\"https:\/\/sinoextrud.com\/product\/aluminium-kitchen-cabinet-handles\/\" target=\"_blank\">Aluminium Kitchen Cabinet Handles<\/a><\/li>\r\n<li><a href=\"https:\/\/sinoextrud.com\/product\/aluminum-shower-door-frame-parts-u-channel\/\" target=\"_blank\">Aluminum Shower Door Frame Parts U-channel<\/a><\/li>\r\n<li><a href=\"https:\/\/sinoextrud.com\/product\/aluminium-extrusion-and-aluminium-profile\/\" target=\"_blank\">Aluminium Extrusion and Aluminium Profile<\/a><\/li>\r\n<li><a href=\"https:\/\/sinoextrud.com\/product\/telescopic-aluminium-square-tube\/\" target=\"_blank\">Telescopic Aluminium Square Tube<\/a><\/li>\r\n<li><a href=\"https:\/\/sinoextrud.com\/product\/customizable-bathroom-mirror-frame-bent-aluminum-profiles\/\" target=\"_blank\">Customizable Bathroom Mirror Frame Bent Aluminum Profiles<\/a><\/li>\r\n<li><a href=\"https:\/\/sinoextrud.com\/product\/china-factory-wholesale-6063-aluminum-fence-panels\/\" target=\"_blank\">China Factory Wholesale 6063 Aluminum Fence Panels<\/a><\/li>\r\n<li><a href=\"https:\/\/sinoextrud.com\/product\/aluminum-slatwall-panel-insert-profile\/\" target=\"_blank\">Aluminum Slatwall Panel Insert Profile<\/a><\/li>\r\n<li><a href=\"https:\/\/sinoextrud.com\/product\/custom-high-quality-aluminum-shower-room-mirror-frame-aluminum-profile\/\" target=\"_blank\">Custom High-quality Aluminum Shower Room Mirror Frame Aluminum Profile<\/a><\/li>\r\n<li><a href=\"https:\/\/sinoextrud.com\/product\/triangle-aluminium-tube-factory-price\/\" target=\"_blank\">Triangle Aluminium Tube Factory Price<\/a><\/li>\r\n<li><a href=\"https:\/\/sinoextrud.com\/product\/aluminum-edge-trim-for-plywood\/\" target=\"_blank\">Aluminum Edge Trim For Plywood<\/a><\/li>"},"feature_list":[]},"_links":{"self":[{"href":"https:\/\/sinoextrud.com\/de\/wp-json\/wp\/v2\/product\/6636","targetHints":{"allow":["GET"]}}],"collection":[{"href":"https:\/\/sinoextrud.com\/de\/wp-json\/wp\/v2\/product"}],"about":[{"href":"https:\/\/sinoextrud.com\/de\/wp-json\/wp\/v2\/types\/product"}],"wp:featuredmedia":[{"embeddable":true,"href":"https:\/\/sinoextrud.com\/de\/wp-json\/wp\/v2\/media\/6635"}],"wp:attachment":[{"href":"https:\/\/sinoextrud.com\/de\/wp-json\/wp\/v2\/media?parent=6636"}],"wp:term":[{"taxonomy":"category","embeddable":true,"href":"https:\/\/sinoextrud.com\/de\/wp-json\/wp\/v2\/categories?post=6636"}],"curies":[{"name":"wp","href":"https:\/\/api.w.org\/{rel}","templated":true}]}}