{"id":6626,"date":"2025-05-30T02:15:44","date_gmt":"2025-05-30T02:15:44","guid":{"rendered":"https:\/\/sinoextrud.com\/product\/wood-grain-aluminum-decking\/"},"modified":"2025-06-24T06:11:19","modified_gmt":"2025-06-24T06:11:19","slug":"aluminium-terrassendielen-mit-holzmaserung","status":"publish","type":"product","link":"https:\/\/sinoextrud.com\/de\/product\/wood-grain-aluminum-decking\/","title":{"rendered":"Holzmaserung Aluminium Decking"},"content":{"rendered":"<h2>Produkte Details<\/h2>\n<table class=\"custom-table\">\n<tr>\n<td class=\"label\">Produktname<\/td>\n<td>Holzmaserung Aluminium Decking<\/td>\n<\/tr>\n<tr>\n<td class=\"label\">Aluminium-Legierung<\/td>\n<td>Serie 1000, Serie 200, Serie 3000, Serie 5000, Serie 6000, Serie 7000<\/td>\n<\/tr>\n<tr>\n<td class=\"label\">Produktpalette<\/td>\n<td>Aluminium-Extrusion f\u00fcr Aluminium-Terrassendielen, Aluminium-Terrassengel\u00e4nder, Aluminium-Terrassenrahmen, Aluminium-Terrassenb\u00f6den, Aluminium-Terrassenbel\u00e4ge, Aluminium-Terrassengel\u00e4nder, Aluminium-Terrassensysteme, Aluminium-Terrassenschienen-Systeme<\/td>\n<\/tr>\n<tr>\n<td class=\"label\">Temperament<\/td>\n<td>T3-T8<\/td>\n<\/tr>\n<tr>\n<td class=\"label\">Garantie<\/td>\n<td>Outdoor Weather Resistance Wood Grain, Aksu und Menphis Wood Grain, Imported Weathering Wood Grain, 10-Years Warranty\uff0c15-Years Guarantee Outdoor Wood Grain With High Weatherability.<\/td>\n<\/tr>\n<tr>\n<td class=\"label\">Form<\/td>\n<td>Personalisierung<\/td>\n<\/tr>\n<tr>\n<td class=\"label\">Farbe<\/td>\n<td>Personalisierung<\/td>\n<\/tr>\n<tr>\n<td class=\"label\">Oberfl\u00e4chenbehandlung<\/td>\n<td>walzblank, eloxiert, Holzmaserung, Pulverbeschichtung, Sandstrahlen, Elektrophorese, geb\u00fcrstet, poliert, etc.<\/td>\n<\/tr>\n<tr>\n<td class=\"label\">CNC-Tiefenbearbeitung<\/td>\n<td>Schneiden, Bohren, Zerspanen, Stanzen, Biegen, Gewindeschneiden und so weiter<\/td>\n<\/tr>\n<tr>\n<td class=\"label\">Zertifizierungen<\/td>\n<td>CE, ISO, SGS, TUV, ROHS<\/td>\n<\/tr>\n<tr>\n<td class=\"label\">Proben<\/td>\n<td>kostenlose Probe. 1-3 Tage an Sie geliefert.<\/td>\n<\/tr>\n<tr>\n<td class=\"label\">MOQ<\/td>\n<td>200KG f\u00fcr jedes Profil<\/td>\n<\/tr>\n<tr>\n<td class=\"label\">Lieferfrist<\/td>\n<td>Die Entwicklung der Form und die Anfertigung des Musters dauern 12-15 Tage, die Produktion dauert 15-25 Tage nach Eingang der Anzahlung des K\u00e4ufers.<\/td>\n<\/tr>\n<tr>\n<td class=\"label\">Zahlungsbedingungen<\/td>\n<td>30% Anzahlung vor der Produktion, und der Restbetrag vor dem Versand.<br \/>usw.<\/td>\n<\/tr>\n<\/table>\n<h2>Unsere Produktionsbasis<\/h2>\n<h3>Fabrik-Panorama<\/h3>\n<p><img decoding=\"async\" src=\"\/wp-content\/uploads\/factory-01.webp\"\/><\/p>\n<h3>Werkstatt zur Herstellung von Aluminiumstangen<\/h3>\n<p><img decoding=\"async\" src=\"\/wp-content\/uploads\/factory-02.webp\"\/><\/p>\n<p><img decoding=\"async\" src=\"\/wp-content\/uploads\/factory-03.webp\"\/><\/p>\n<h3>Lagerhaus f\u00fcr Formen<\/h3>\n<p><img decoding=\"async\" src=\"\/wp-content\/uploads\/factory-04.webp\"\/><\/p>\n<h3>43 Aluminium-Strangpressanlagen (500-5500 Tonnen)<\/h3>\n<p><img decoding=\"async\" src=\"\/wp-content\/uploads\/factory-05.webp\"\/><\/p>\n<p><img decoding=\"async\" src=\"\/wp-content\/uploads\/factory-06.webp\"\/><\/p>\n<p><img decoding=\"async\" src=\"\/wp-content\/uploads\/factory-07.webp\"\/><\/p>\n<h3>Werkstatt f\u00fcr Pulverbeschichtung<\/h3>\n<p><img decoding=\"async\" src=\"\/wp-content\/uploads\/factory-09.webp\"\/><\/p>\n<h3>Eloxal-Werkstatt<\/h3>\n<p><img decoding=\"async\" src=\"\/wp-content\/uploads\/factory-10.webp\"\/><\/p>\n<h3>Workshop zur Tiefenverarbeitung<\/h3>\n<p><img decoding=\"async\" src=\"\/wp-content\/uploads\/factory-11.webp\"\/><\/p>\n<h3>CNC-Pr\u00e4zisionsbearbeitungswerkstatt<\/h3>\n<p><img decoding=\"async\" src=\"\/wp-content\/uploads\/factory-11.5.webp\"\/><\/p>\n<h3>Lager f\u00fcr Fertigprodukte und Export<\/h3>\n<p><img decoding=\"async\" src=\"\/wp-content\/uploads\/factory-12.webp\"\/><\/p>\n<p><img decoding=\"async\" src=\"\/wp-content\/uploads\/factory-13.webp\"\/><\/p>\n<p><img decoding=\"async\" src=\"\/wp-content\/uploads\/factory-14.webp\"\/><\/p>\n<h2>FAQ<\/h2>\n<p><p><b>1. was ist eine Aluminium-Terrassendiele mit Holzmaserung?<\/b><\/p>\n<p>Aluminium-Terrassendielen mit Holzmaserung sind langlebige Terrassendielen aus Aluminium mit einer Oberfl\u00e4chenbeschichtung, die das nat\u00fcrliche Aussehen und die Textur von Holz nachahmt.<br \/>\n<\/p><br \/>\n<br \/>\n<p><b>2. was sind die Hauptvorteile von Aluminium-Terrassendielen mit Holzmaserung?<\/b><\/p>\n<p>Es bietet eine hervorragende Korrosionsbest\u00e4ndigkeit, leichte Festigkeit, geringen Wartungsaufwand, Rutschfestigkeit und die \u00c4sthetik von Naturholz.<br \/>\n<\/p><br \/>\n<br \/>\n<p><b>3 Warum sollten Sie sich f\u00fcr Aluminium-Terrassendielen mit Holzmaserung und nicht f\u00fcr traditionelles Holz entscheiden?<\/b><\/p>\n<p>Aluminium-Terrassendielen sind resistent gegen F\u00e4ulnis, Insekten, Verformung und Witterungssch\u00e4den und bieten eine l\u00e4ngere Lebensdauer und leichtere Pflege, w\u00e4hrend sie gleichzeitig ein holz\u00e4hnliches Aussehen behalten.<br \/>\n<\/p><br \/>\n<br \/>\n<p><b>4. k\u00f6nnen Holzmaserung Aluminium Terrassendielen angepasst werden?<\/b><\/p>\n<p>Ja, es kann in Gr\u00f6\u00dfe, Farbe, Holzmaserung, Oberfl\u00e4che und Dicke an verschiedene architektonische und landschaftliche Designs angepasst werden.<br \/>\n<\/p><br \/>\n<br \/>\n<p><b>5 Wie wirkt sich die Holzmaserung auf Aluminium-Terrassendielen aus?<\/b><\/p>\n<p>Das Finish sorgt f\u00fcr eine realistische Holzstruktur und -optik, w\u00e4hrend die Haltbarkeit, Rostbest\u00e4ndigkeit und Reinigungsfreundlichkeit von Aluminium erhalten bleiben.<br \/>\n<\/p><br \/>\n<br \/>\n<p><b>6. ist Holzmaserung Aluminium Terrassendielen f\u00fcr die Verwendung im Freien geeignet?<\/b><\/p>\n<p>Ja, es ist so konzipiert, dass es UV-Strahlung, Feuchtigkeit und rauen Witterungsbedingungen standh\u00e4lt und somit ideal f\u00fcr Terrassen und Poolbereiche ist.<br \/>\n<\/p><br \/>\n<br \/>\n<p><b>7. in welchen Branchen werden Aluminium-Terrassendielen mit Holzmaserung h\u00e4ufig verwendet?<\/b><\/p>\n<p>Im Wohnungsbau, im gewerblichen Landschaftsbau, im Gastgewerbe und in Freizeiteinrichtungen werden diese Terrassendielen wegen ihrer Langlebigkeit und \u00c4sthetik eingesetzt.<br \/>\n<\/p><br \/>\n<br \/>\n<p><b>8. wie unterst\u00fctzen Holzdecks aus Aluminium nachhaltiges Bauen?<\/b><\/p>\n<p>Aluminium ist 100% recycelbar, und Holzmaserungen sind eine umweltfreundliche Alternative zu Holz, die die Umweltbelastung und die Abholzung von W\u00e4ldern reduziert.<br \/>\n<\/p><br \/><\/p>","protected":false},"featured_media":6625,"template":"","categories":[64],"class_list":["post-6626","product","type-product","status-publish","has-post-thumbnail","hentry","category-new-trend-aluminium-products"],"meta_box":{"hilight_text_group":{"product_hilight_text":"<li>Wood grain finish provides natural aesthetic with aluminum durability<\/li>\r\r\n<li>Corrosion-resistant and weatherproof for long-lasting outdoor use<\/li>\r\r\n<li>Lightweight design simplifies installation and reduces structural load<\/li>\r\r\n<li>Low maintenance compared to traditional wood decking<\/li>\r\r\n<li>Available in custom sizes and finishes to match design preferences<\/li>","product_chanpin_blog":"<ul>\r\r\n<li><a href=\"https:\/\/sinoextrud.com\/t-slot-v-slot-differences\/\" target=\"_blank\">t slot vs v slot<\/a><\/li>\r\r\n<li><a href=\"https:\/\/sinoextrud.com\/what-is-4040-aluminium-extrud\/\" target=\"_blank\">4040 aluminium extrusion<\/a><\/li>\r\r\n<li><a href=\"https:\/\/sinoextrud.com\/what-is-4040-aluminium-extrud\/\" target=\"_blank\">aluminum extrusions for industrial racks<\/a><\/li>\r\r\n<li><a href=\"https:\/\/sinoextrud.com\/powder-coating-aluminium-process\/\" target=\"_blank\">powder coating aluminium<\/a><\/li>\r\r\n<li><a href=\"https:\/\/sinoextrud.com\/what-is-an-aluminium-strip-ceiling\/\" target=\"_blank\">aluminium strip ceiling<\/a><\/li>\r\r\n<li><a href=\"https:\/\/sinoextrud.com\/what-is-a-heat-sink\/\" target=\"_blank\">what is a heat sink<\/a><\/li>\r\r\n<\/ul>","product_chanpin_chanpin":"<li><a href=\"https:\/\/sinoextrud.com\/product\/purification-workshop-aluminum-profiles\/\" target=\"_blank\">Purification Workshop Aluminum Profiles<\/a><\/li>\r\n<li><a href=\"https:\/\/sinoextrud.com\/product\/aluminium-cladding-wall-profile\/\" target=\"_blank\">Aluminium Cladding Wall Profile<\/a><\/li>\r\n<li><a href=\"https:\/\/sinoextrud.com\/product\/medical-instrument-aluminum-profile\/\" target=\"_blank\">Medical Instrument Aluminum Profile<\/a><\/li>\r\n<li><a href=\"https:\/\/sinoextrud.com\/product\/aluminum-t-shape-transition-tile-trim\/\" target=\"_blank\">Aluminum T Shape Transition Tile Trim<\/a><\/li>\r\n<li><a href=\"https:\/\/sinoextrud.com\/product\/wood-grain-aluminum-decking\/\" target=\"_blank\">Wood Grain Aluminum Decking<\/a><\/li>\r\n<li><a href=\"https:\/\/sinoextrud.com\/product\/weather-resistant-wood-grain-aluminum-profile\/\" target=\"_blank\">Weather Resistant Wood Grain Aluminum Profile<\/a><\/li>\r\n<li><a href=\"https:\/\/sinoextrud.com\/product\/aluminium-kitchen-cabinet-handles\/\" target=\"_blank\">Aluminium Kitchen Cabinet Handles<\/a><\/li>\r\n<li><a href=\"https:\/\/sinoextrud.com\/product\/aluminum-shower-door-frame-parts-u-channel\/\" target=\"_blank\">Aluminum Shower Door Frame Parts U-channel<\/a><\/li>\r\n<li><a href=\"https:\/\/sinoextrud.com\/product\/aluminium-extrusion-and-aluminium-profile\/\" target=\"_blank\">Aluminium Extrusion and Aluminium Profile<\/a><\/li>\r\n<li><a href=\"https:\/\/sinoextrud.com\/product\/6061-aluminum-price-per-pound-best-quality-anodized-t-slot-aluminum-profile-extrusion-framing-track\/\" target=\"_blank\">6061 aluminum price per pound best quality anodized t-slot aluminum profile extrusion framing track<\/a><\/li>\r\n<li><a href=\"https:\/\/sinoextrud.com\/product\/aluminium-tube-suppliers-offer-extruded-aluminium-square-tube-profile-with-anodized-powder-coating-surface-treatment\/\" target=\"_blank\">Aluminium Tube Suppliers Offer Extruded Aluminium Square Tube Profile With Anodized Powder Coating Surface Treatment<\/a><\/li>"},"feature_list":[]},"_links":{"self":[{"href":"https:\/\/sinoextrud.com\/de\/wp-json\/wp\/v2\/product\/6626","targetHints":{"allow":["GET"]}}],"collection":[{"href":"https:\/\/sinoextrud.com\/de\/wp-json\/wp\/v2\/product"}],"about":[{"href":"https:\/\/sinoextrud.com\/de\/wp-json\/wp\/v2\/types\/product"}],"wp:featuredmedia":[{"embeddable":true,"href":"https:\/\/sinoextrud.com\/de\/wp-json\/wp\/v2\/media\/6625"}],"wp:attachment":[{"href":"https:\/\/sinoextrud.com\/de\/wp-json\/wp\/v2\/media?parent=6626"}],"wp:term":[{"taxonomy":"category","embeddable":true,"href":"https:\/\/sinoextrud.com\/de\/wp-json\/wp\/v2\/categories?post=6626"}],"curies":[{"name":"wp","href":"https:\/\/api.w.org\/{rel}","templated":true}]}}