{"id":6622,"date":"2025-05-30T02:11:26","date_gmt":"2025-05-30T02:11:26","guid":{"rendered":"https:\/\/sinoextrud.com\/product\/medical-instrument-aluminum-profile\/"},"modified":"2025-06-24T06:11:19","modified_gmt":"2025-06-24T06:11:19","slug":"aluminiumprofil-fur-medizinische-instrumente","status":"publish","type":"product","link":"https:\/\/sinoextrud.com\/de\/product\/medical-instrument-aluminum-profile\/","title":{"rendered":"Medizinisches Instrument Aluminiumprofil"},"content":{"rendered":"<h2>Produkte Details<\/h2>\n<table class=\"custom-table\">\n<tr>\n<td class=\"label\">Produktname<\/td>\n<td>Medizinisches Instrument Aluminiumprofil<\/td>\n<\/tr>\n<tr>\n<td class=\"label\">Aluminium-Legierung<\/td>\n<td>Serie 1000, Serie 200, Serie 3000, Serie 5000, Serie 6000, Serie 7000<\/td>\n<\/tr>\n<tr>\n<td class=\"label\">Aluminium Bereich<\/td>\n<td>Strangpressprofile aus Aluminium f\u00fcr die Medizin, medizinische Ger\u00e4te, pharmazeutische Maschinen, orthop\u00e4dische medizinische Instrumente, usw.<\/td>\n<\/tr>\n<tr>\n<td class=\"label\">Temperament<\/td>\n<td>T3-T8<\/td>\n<\/tr>\n<tr>\n<td class=\"label\">Eigenschaften<\/td>\n<td>1. Individuelles Design<br \/>2. Ausgezeichnete W\u00e4rmeableitung<br \/>3. Enge Toleranzen<br \/>4. Hohes Verh\u00e4ltnis von Festigkeit zu Gewicht<\/td>\n<\/tr>\n<tr>\n<td class=\"label\">Anmeldung<\/td>\n<td>medizinische Einrichtungen, einschlie\u00dflich Krankenh\u00e4user, Kliniken, chirurgische Zentren und Diagnosezentren, Forschungslabors und andere medizinische Einrichtungen.<\/td>\n<\/tr>\n<tr>\n<td class=\"label\">Oberfl\u00e4chenbehandlung<\/td>\n<td>walzblank, eloxiert, Holzmaserung, Pulverbeschichtung, Sandstrahlen, Elektrophorese, geb\u00fcrstet, poliert, etc.<\/td>\n<\/tr>\n<tr>\n<td class=\"label\">CNC-Tiefenbearbeitung<\/td>\n<td>Schneiden, Bohren, Zerspanen, Stanzen, Biegen, Gewindeschneiden und so weiter<\/td>\n<\/tr>\n<tr>\n<td class=\"label\">Zertifizierungen<\/td>\n<td>CE, ISO, SGS, TUV, ROHS<\/td>\n<\/tr>\n<tr>\n<td class=\"label\">Proben<\/td>\n<td>kostenlose Probe. 1-3 Tage an Sie geliefert.<\/td>\n<\/tr>\n<tr>\n<td class=\"label\">MOQ<\/td>\n<td>200KG f\u00fcr jedes Profil<\/td>\n<\/tr>\n<tr>\n<td class=\"label\">Lieferfrist<\/td>\n<td>Die Entwicklung der Form und die Anfertigung des Musters dauern 12-15 Tage, die Produktion dauert 15-25 Tage nach Eingang der Anzahlung des K\u00e4ufers.<\/td>\n<\/tr>\n<tr>\n<td class=\"label\">Zahlungsbedingungen<\/td>\n<td>30% Anzahlung vor der Produktion, und der Restbetrag vor dem Versand.<br \/>usw.<\/td>\n<\/tr>\n<\/table>\n<h2>Unsere Produktionsbasis<\/h2>\n<h3>Fabrik-Panorama<\/h3>\n<p><img decoding=\"async\" src=\"\/wp-content\/uploads\/factory-01.webp\"\/><\/p>\n<h3>Werkstatt zur Herstellung von Aluminiumstangen<\/h3>\n<p><img decoding=\"async\" src=\"\/wp-content\/uploads\/factory-02.webp\"\/><\/p>\n<p><img decoding=\"async\" src=\"\/wp-content\/uploads\/factory-03.webp\"\/><\/p>\n<h3>Lagerhaus f\u00fcr Formen<\/h3>\n<p><img decoding=\"async\" src=\"\/wp-content\/uploads\/factory-04.webp\"\/><\/p>\n<h3>43 Aluminium-Strangpressanlagen (500-5500 Tonnen)<\/h3>\n<p><img decoding=\"async\" src=\"\/wp-content\/uploads\/factory-05.webp\"\/><\/p>\n<p><img decoding=\"async\" src=\"\/wp-content\/uploads\/factory-06.webp\"\/><\/p>\n<p><img decoding=\"async\" src=\"\/wp-content\/uploads\/factory-07.webp\"\/><\/p>\n<h3>Werkstatt f\u00fcr Pulverbeschichtung<\/h3>\n<p><img decoding=\"async\" src=\"\/wp-content\/uploads\/factory-09.webp\"\/><\/p>\n<h3>Eloxal-Werkstatt<\/h3>\n<p><img decoding=\"async\" src=\"\/wp-content\/uploads\/factory-10.webp\"\/><\/p>\n<h3>Workshop zur Tiefenverarbeitung<\/h3>\n<p><img decoding=\"async\" src=\"\/wp-content\/uploads\/factory-11.webp\"\/><\/p>\n<h3>CNC-Pr\u00e4zisionsbearbeitungswerkstatt<\/h3>\n<p><img decoding=\"async\" src=\"\/wp-content\/uploads\/factory-11.5.webp\"\/><\/p>\n<h3>Lager f\u00fcr Fertigprodukte und Export<\/h3>\n<p><img decoding=\"async\" src=\"\/wp-content\/uploads\/factory-12.webp\"\/><\/p>\n<p><img decoding=\"async\" src=\"\/wp-content\/uploads\/factory-13.webp\"\/><\/p>\n<p><img decoding=\"async\" src=\"\/wp-content\/uploads\/factory-14.webp\"\/><\/p>\n<h2>FAQ<\/h2>\n<p><p><b>1. was ist ein Aluminiumprofil f\u00fcr medizinische Instrumente?<\/b><\/p>\n<p>Es handelt sich um ein spezielles Aluminium-Strangpressprofil, das f\u00fcr medizinische Ger\u00e4te und Instrumente entwickelt wurde und Pr\u00e4zision, Haltbarkeit und Korrosionsbest\u00e4ndigkeit bietet.<br \/>\n<\/p><br \/>\n<br \/>\n<p><b>2. was sind die wichtigsten Vorteile von Aluminiumprofilen f\u00fcr medizinische Instrumente?<\/b><\/p>\n<p>Sie zeichnen sich durch leichte Festigkeit, hervorragende Korrosionsbest\u00e4ndigkeit, Biokompatibilit\u00e4t, einfache Verarbeitung und glatte Oberfl\u00e4chen aus, die f\u00fcr medizinische Anwendungen geeignet sind.<br \/>\n<\/p><br \/>\n<br \/>\n<p><b>3. warum Aluminiumprofile f\u00fcr medizinische Instrumente w\u00e4hlen?<\/b><\/p>\n<p>Aluminium ist ungiftig, korrosionsbest\u00e4ndig, leicht zu reinigen und kann eloxiert werden, um die Haltbarkeit und \u00c4sthetik in sterilen Umgebungen zu verbessern.<br \/>\n<\/p><br \/>\n<br \/>\n<p><b>4. k\u00f6nnen Aluminiumprofile f\u00fcr medizinische Ger\u00e4te individuell angepasst werden?<\/b><\/p>\n<p>Ja, sie k\u00f6nnen in Form, Gr\u00f6\u00dfe, Legierungsgrad, Oberfl\u00e4chenbeschaffenheit und Toleranzen individuell angepasst werden, um spezifische Anforderungen an medizinische Ger\u00e4te zu erf\u00fcllen.<br \/>\n<\/p><br \/>\n<br \/>\n<p><b>5. wie verbessern Aluminiumprofile die Leistung medizinischer Instrumente?<\/b><\/p>\n<p>Sie bieten strukturelle Integrit\u00e4t, ein geringes Gewicht f\u00fcr Tragbarkeit und Korrosionsbest\u00e4ndigkeit, um Sterilisationsprozessen standzuhalten.<br \/>\n<\/p><br \/>\n<br \/>\n<p><b>6. sind Aluminiumprofile f\u00fcr medizinische Instrumente f\u00fcr Reinraumumgebungen geeignet?<\/b><\/p>\n<p>Ja, die glatten Oberfl\u00e4chen und Eloxalschichten von Aluminium tragen zur Einhaltung der in Reinr\u00e4umen und medizinischen Einrichtungen geforderten Hygienestandards bei.<br \/>\n<\/p><br \/>\n<br \/>\n<p><b>7. in welchen Branchen werden Aluminiumprofile f\u00fcr medizinische Instrumente h\u00e4ufig verwendet?<\/b><\/p>\n<p>Hersteller von Ger\u00e4ten f\u00fcr das Gesundheitswesen, Unternehmen f\u00fcr medizinische Ger\u00e4te und Lieferanten von Krankenhausausstattung verwenden diese Profile f\u00fcr langlebige und sichere medizinische Instrumente.<br \/>\n<\/p><br \/>\n<br \/>\n<p><b>8. wie unterst\u00fctzen Aluminiumprofile f\u00fcr medizinische Instrumente eine nachhaltige Produktion?<\/b><\/p>\n<p>Aluminium ist 100% recycelbar, was die Abfallmenge reduziert, und seine Haltbarkeit verl\u00e4ngert die Produktlebensdauer, was zu einer umweltfreundlichen Produktion von Medizinprodukten beitr\u00e4gt.<br \/>\n<\/p><br \/><\/p>","protected":false},"featured_media":6621,"template":"","categories":[64],"class_list":["post-6622","product","type-product","status-publish","has-post-thumbnail","hentry","category-new-trend-aluminium-products"],"meta_box":{"hilight_text_group":{"product_hilight_text":"<li>High-precision aluminum profiles meet strict medical industry standards<\/li>\r\r\n<li>Corrosion-resistant and easy to sterilize for hygienic applications<\/li>\r\r\n<li>Lightweight yet strong, ideal for durable medical instrument frames<\/li>\r\r\n<li>Custom sizes and complex shapes available to fit specialized equipment<\/li>\r\r\n<li>Supports bulk production with consistent quality and timely delivery<\/li>","product_chanpin_blog":"<ul>\r\r\n<li><a href=\"https:\/\/sinoextrud.com\/t-slot-v-slot-differences\/\" target=\"_blank\">t slot vs v slot<\/a><\/li>\r\r\n<li><a href=\"https:\/\/sinoextrud.com\/what-is-4040-aluminium-extrud\/\" target=\"_blank\">4040 aluminium extrusion<\/a><\/li>\r\r\n<li><a href=\"https:\/\/sinoextrud.com\/what-is-4040-aluminium-extrud\/\" target=\"_blank\">aluminum extrusions for industrial racks<\/a><\/li>\r\r\n<li><a href=\"https:\/\/sinoextrud.com\/powder-coating-aluminium-process\/\" target=\"_blank\">powder coating aluminium<\/a><\/li>\r\r\n<li><a href=\"https:\/\/sinoextrud.com\/what-is-an-aluminium-strip-ceiling\/\" target=\"_blank\">aluminium strip ceiling<\/a><\/li>\r\r\n<li><a href=\"https:\/\/sinoextrud.com\/what-is-a-heat-sink\/\" target=\"_blank\">what is a heat sink<\/a><\/li>\r\r\n<\/ul>","product_chanpin_chanpin":"<li><a href=\"https:\/\/sinoextrud.com\/product\/aluminum-shower-frame-parts\/\" target=\"_blank\">Aluminum Shower Frame Parts<\/a><\/li>\r\n<li><a href=\"https:\/\/sinoextrud.com\/product\/aluminum-skirting-board\/\" target=\"_blank\">Aluminum Skirting Board<\/a><\/li>\r\n<li><a href=\"https:\/\/sinoextrud.com\/product\/purification-workshop-aluminum-profiles\/\" target=\"_blank\">Purification Workshop Aluminum Profiles<\/a><\/li>\r\n<li><a href=\"https:\/\/sinoextrud.com\/product\/aluminium-cladding-wall-profile\/\" target=\"_blank\">Aluminium Cladding Wall Profile<\/a><\/li>\r\n<li><a href=\"https:\/\/sinoextrud.com\/product\/medical-instrument-aluminum-profile\/\" target=\"_blank\">Medical Instrument Aluminum Profile<\/a><\/li>\r\n<li><a href=\"https:\/\/sinoextrud.com\/product\/aluminum-t-shape-transition-tile-trim\/\" target=\"_blank\">Aluminum T Shape Transition Tile Trim<\/a><\/li>\r\n<li><a href=\"https:\/\/sinoextrud.com\/product\/wood-grain-aluminum-decking\/\" target=\"_blank\">Wood Grain Aluminum Decking<\/a><\/li>\r\n<li><a href=\"https:\/\/sinoextrud.com\/product\/weather-resistant-wood-grain-aluminum-profile\/\" target=\"_blank\">Weather Resistant Wood Grain Aluminum Profile<\/a><\/li>\r\n<li><a href=\"https:\/\/sinoextrud.com\/product\/aluminium-kitchen-cabinet-handles\/\" target=\"_blank\">Aluminium Kitchen Cabinet Handles<\/a><\/li>\r\n<li><a href=\"https:\/\/sinoextrud.com\/product\/precision-cnc-machining-industrial-profile\/\" target=\"_blank\">Precision CNC Machining Industrial Profile<\/a><\/li>\r\n<li><a href=\"https:\/\/sinoextrud.com\/product\/3003-round-aluminum-tube-extrusion-in-stock\/\" target=\"_blank\">3003 Round Aluminum Tube Extrusion In Stock<\/a><\/li>"},"feature_list":[]},"_links":{"self":[{"href":"https:\/\/sinoextrud.com\/de\/wp-json\/wp\/v2\/product\/6622","targetHints":{"allow":["GET"]}}],"collection":[{"href":"https:\/\/sinoextrud.com\/de\/wp-json\/wp\/v2\/product"}],"about":[{"href":"https:\/\/sinoextrud.com\/de\/wp-json\/wp\/v2\/types\/product"}],"wp:featuredmedia":[{"embeddable":true,"href":"https:\/\/sinoextrud.com\/de\/wp-json\/wp\/v2\/media\/6621"}],"wp:attachment":[{"href":"https:\/\/sinoextrud.com\/de\/wp-json\/wp\/v2\/media?parent=6622"}],"wp:term":[{"taxonomy":"category","embeddable":true,"href":"https:\/\/sinoextrud.com\/de\/wp-json\/wp\/v2\/categories?post=6622"}],"curies":[{"name":"wp","href":"https:\/\/api.w.org\/{rel}","templated":true}]}}