{"id":6620,"date":"2025-05-30T02:06:49","date_gmt":"2025-05-30T02:06:49","guid":{"rendered":"https:\/\/sinoextrud.com\/product\/aluminium-cladding-wall-profile\/"},"modified":"2025-06-24T06:11:20","modified_gmt":"2025-06-24T06:11:20","slug":"aluminium-verkleidungswandprofil","status":"publish","type":"product","link":"https:\/\/sinoextrud.com\/de\/product\/aluminium-cladding-wall-profile\/","title":{"rendered":"Aluminiumverkleidungs-Wandprofil"},"content":{"rendered":"<h2>Produkte Details<\/h2>\n<table class=\"custom-table\">\n<tr>\n<td class=\"label\">Produktname<\/td>\n<td>Aluminiumverkleidungs-Wandprofil<\/td>\n<\/tr>\n<tr>\n<td class=\"label\">Aluminium-Legierung<\/td>\n<td>Serie 1000, Serie 200, Serie 3000, Serie 5000, Serie 6000, Serie 7000<\/td>\n<\/tr>\n<tr>\n<td class=\"label\">Produktpalette<\/td>\n<td>Aluminium-Extrusion von Aluminium-Profilen f\u00fcr die Wandverkleidung, Aluminium-Wandverkleidung Profil, Aluminium-Wandverkleidung Profil unitized Vorhang w, Wandverkleidung Aluminium-Strangpressprofil, Aluminium-Eckprofile f\u00fcr die Wandverkleidung, Aluminium-Wandverkleidung Profil, Aluminium-Profil f\u00fcr die Wandverkleidung, Aluminium-Profil Wandverkleidung, etc<\/td>\n<\/tr>\n<tr>\n<td class=\"label\">Temperament<\/td>\n<td>T3-T8<\/td>\n<\/tr>\n<tr>\n<td class=\"label\">Form<\/td>\n<td>Personalisierung<\/td>\n<\/tr>\n<tr>\n<td class=\"label\">Anmeldung<\/td>\n<td>Au\u00dfenverkleidungen, Fassaden, D\u00e4cher, Innenwandverkleidungen, etc.<\/td>\n<\/tr>\n<tr>\n<td class=\"label\">Oberfl\u00e4chenbehandlung<\/td>\n<td>walzblank, eloxiert, Holzmaserung, Pulverbeschichtung, Sandstrahlen, Elektrophorese, geb\u00fcrstet, poliert, etc.<\/td>\n<\/tr>\n<tr>\n<td class=\"label\">CNC-Tiefenbearbeitung<\/td>\n<td>Schneiden, Bohren, Zerspanen, Stanzen, Biegen, Gewindeschneiden und so weiter<\/td>\n<\/tr>\n<tr>\n<td class=\"label\">Zertifizierungen<\/td>\n<td>CE, ISO, SGS, TUV, ROHS<\/td>\n<\/tr>\n<tr>\n<td class=\"label\">Proben<\/td>\n<td>kostenlose Probe. 1-3 Tage an Sie geliefert.<\/td>\n<\/tr>\n<tr>\n<td class=\"label\">MOQ<\/td>\n<td>200KG f\u00fcr jedes Profil<\/td>\n<\/tr>\n<tr>\n<td class=\"label\">Lieferfrist<\/td>\n<td>Die Entwicklung der Form und die Anfertigung des Musters dauern 12-15 Tage, die Produktion dauert 15-25 Tage nach Eingang der Anzahlung des K\u00e4ufers.<\/td>\n<\/tr>\n<tr>\n<td class=\"label\">Zahlungsbedingungen<\/td>\n<td>30% Anzahlung vor der Produktion, und der Restbetrag vor dem Versand.<br \/>usw.<\/td>\n<\/tr>\n<\/table>\n<h2>Unsere Produktionsbasis<\/h2>\n<h3>Fabrik-Panorama<\/h3>\n<p><img decoding=\"async\" src=\"\/wp-content\/uploads\/factory-01.webp\"\/><\/p>\n<h3>Werkstatt zur Herstellung von Aluminiumstangen<\/h3>\n<p><img decoding=\"async\" src=\"\/wp-content\/uploads\/factory-02.webp\"\/><\/p>\n<p><img decoding=\"async\" src=\"\/wp-content\/uploads\/factory-03.webp\"\/><\/p>\n<h3>Lagerhaus f\u00fcr Formen<\/h3>\n<p><img decoding=\"async\" src=\"\/wp-content\/uploads\/factory-04.webp\"\/><\/p>\n<h3>43 Aluminium-Strangpressanlagen (500\u00e2\u20ac\"5500 Tonnen)<\/h3>\n<p><img decoding=\"async\" src=\"\/wp-content\/uploads\/factory-05.webp\"\/><\/p>\n<p><img decoding=\"async\" src=\"\/wp-content\/uploads\/factory-06.webp\"\/><\/p>\n<p><img decoding=\"async\" src=\"\/wp-content\/uploads\/factory-07.webp\"\/><\/p>\n<h3>Werkstatt f\u00fcr Pulverbeschichtung<\/h3>\n<p><img decoding=\"async\" src=\"\/wp-content\/uploads\/factory-09.webp\"\/><\/p>\n<h3>Eloxal-Werkstatt<\/h3>\n<p><img decoding=\"async\" src=\"\/wp-content\/uploads\/factory-10.webp\"\/><\/p>\n<h3>Workshop zur Tiefenverarbeitung<\/h3>\n<p><img decoding=\"async\" src=\"\/wp-content\/uploads\/factory-11.webp\"\/><\/p>\n<h3>CNC-Pr\u00e4zisionsbearbeitungswerkstatt<\/h3>\n<p><img decoding=\"async\" src=\"\/wp-content\/uploads\/factory-11.5.webp\"\/><\/p>\n<h3>Lager f\u00fcr Fertigprodukte und Export<\/h3>\n<p><img decoding=\"async\" src=\"\/wp-content\/uploads\/factory-12.webp\"\/><\/p>\n<p><img decoding=\"async\" src=\"\/wp-content\/uploads\/factory-13.webp\"\/><\/p>\n<p><img decoding=\"async\" src=\"\/wp-content\/uploads\/factory-14.webp\"\/><\/p>\n<h2>FAQ<\/h2>\n<p><p><b>1. was ist ein Aluminium-Wandprofil?<\/b><\/p>\n<p>Ein Aluminium-Wandverkleidungsprofil ist ein speziell entwickeltes Aluminium-Strangpressprofil, das f\u00fcr Au\u00dfen- oder Innenwandverkleidungen verwendet wird, um die \u00c4sthetik zu verbessern und die Geb\u00e4udeoberfl\u00e4che zu sch\u00fctzen.<br \/>\n<\/p><br \/>\n<br \/>\n<p><b>2. was sind die Hauptvorteile von Wandverkleidungsprofilen aus Aluminium?<\/b><\/p>\n<p>Sie zeichnen sich durch hervorragende Korrosionsbest\u00e4ndigkeit, geringes Gewicht, Witterungsbest\u00e4ndigkeit, einfache Installation und ein modernes, schlankes Aussehen aus.<br \/>\n<\/p><br \/>\n<br \/>\n<p><b>3 Warum sollten Sie sich f\u00fcr Wandprofile aus Aluminium und nicht f\u00fcr herk\u00f6mmliche Verkleidungsmaterialien entscheiden?<\/b><\/p>\n<p>Aluminiumprofile sind haltbarer, erfordern weniger Wartung, sind feuchtigkeits- und UV-best\u00e4ndig und bieten eine h\u00f6here Designflexibilit\u00e4t.<br \/>\n<\/p><br \/>\n<br \/>\n<p><b>4. k\u00f6nnen Aluminium-Wandverkleidungsprofile individuell angepasst werden?<\/b><\/p>\n<p>Ja, sie k\u00f6nnen in Gr\u00f6\u00dfe, Form, Farbe, Oberfl\u00e4chenbeschaffenheit und Dicke individuell angepasst werden, um bestimmte architektonische und gestalterische Anforderungen zu erf\u00fcllen.<br \/>\n<\/p><br \/>\n<br \/>\n<p><b>5. wie verbessert Aluminium die Leistung von Wandverkleidungsprofilen?<\/b><\/p>\n<p>Aluminium bietet ein gutes Verh\u00e4ltnis von Festigkeit zu Gewicht, eine hervorragende Korrosionsbest\u00e4ndigkeit und eine einfache Verarbeitung, was zu langlebigen und wartungsarmen Verkleidungsl\u00f6sungen f\u00fchrt.<br \/>\n<\/p><br \/>\n<br \/>\n<p><b>6) Sind Wandprofile aus Aluminium f\u00fcr die Verwendung im Freien geeignet?<\/b><\/p>\n<p>Ja, sie sind so konzipiert, dass sie rauen Witterungsbedingungen, UV-Strahlung und Umweltverschmutzung standhalten, was sie ideal f\u00fcr Au\u00dfenanwendungen macht.<br \/>\n<\/p><br \/>\n<br \/>\n<p><b>7. in welchen Branchen werden Wandprofile aus Aluminium h\u00e4ufig verwendet?<\/b><\/p>\n<p>Bauwesen, Architektur, gewerbliche Geb\u00e4ude, Wohnprojekte und Industrieanlagen verwenden diese Profile f\u00fcr dauerhafte und attraktive Wandverkleidungen.<br \/>\n<\/p><br \/>\n<br \/>\n<p><b>8. wie unterst\u00fctzen Wandverkleidungsprofile aus Aluminium nachhaltige Baupraktiken?<\/b><\/p>\n<p>Aluminium ist 100% recycelbar, energieeffizient in der Herstellung und verl\u00e4ngert die Lebensdauer von Geb\u00e4uden, was zu einer umweltfreundlichen Bauweise und einer geringeren Umweltbelastung beitr\u00e4gt.<br \/>\n<\/p><br \/><\/p>","protected":false},"featured_media":6619,"template":"","categories":[64],"class_list":["post-6620","product","type-product","status-publish","has-post-thumbnail","hentry","category-new-trend-aluminium-products"],"meta_box":{"hilight_text_group":{"product_hilight_text":"<li>Durable aluminum cladding profiles offer excellent weather and corrosion resistance<\/li>\r\r\n<li>Lightweight design simplifies installation and reduces structural load<\/li>\r\r\n<li>Available in various finishes and colors to suit architectural styles<\/li>\r\r\n<li>Provides aesthetic enhancement with low maintenance requirements<\/li>\r\r\n<li>Supports custom sizes and bulk orders for large-scale projects<\/li>","product_chanpin_blog":"<ul>\r\r\n<li><a href=\"https:\/\/sinoextrud.com\/t-slot-v-slot-differences\/\" target=\"_blank\">t slot vs v slot<\/a><\/li>\r\r\n<li><a href=\"https:\/\/sinoextrud.com\/what-is-4040-aluminium-extrud\/\" target=\"_blank\">4040 aluminium extrusion<\/a><\/li>\r\r\n<li><a href=\"https:\/\/sinoextrud.com\/what-is-4040-aluminium-extrud\/\" target=\"_blank\">aluminum extrusions for industrial racks<\/a><\/li>\r\r\n<li><a href=\"https:\/\/sinoextrud.com\/powder-coating-aluminium-process\/\" target=\"_blank\">powder coating aluminium<\/a><\/li>\r\r\n<li><a href=\"https:\/\/sinoextrud.com\/what-is-an-aluminium-strip-ceiling\/\" target=\"_blank\">aluminium strip ceiling<\/a><\/li>\r\r\n<li><a href=\"https:\/\/sinoextrud.com\/what-is-a-heat-sink\/\" target=\"_blank\">what is a heat sink<\/a><\/li>\r\r\n<\/ul>","product_chanpin_chanpin":"<li><a href=\"https:\/\/sinoextrud.com\/product\/anodized-aluminum-eectronic-equipment-enclosure\/\" target=\"_blank\">Anodized Aluminum Eectronic Equipment Enclosure<\/a><\/li>\r\n<li><a href=\"https:\/\/sinoextrud.com\/product\/aluminum-shower-frame-parts\/\" target=\"_blank\">Aluminum Shower Frame Parts<\/a><\/li>\r\n<li><a href=\"https:\/\/sinoextrud.com\/product\/aluminum-skirting-board\/\" target=\"_blank\">Aluminum Skirting Board<\/a><\/li>\r\n<li><a href=\"https:\/\/sinoextrud.com\/product\/purification-workshop-aluminum-profiles\/\" target=\"_blank\">Purification Workshop Aluminum Profiles<\/a><\/li>\r\n<li><a href=\"https:\/\/sinoextrud.com\/product\/aluminium-cladding-wall-profile\/\" target=\"_blank\">Aluminium Cladding Wall Profile<\/a><\/li>\r\n<li><a href=\"https:\/\/sinoextrud.com\/product\/medical-instrument-aluminum-profile\/\" target=\"_blank\">Medical Instrument Aluminum Profile<\/a><\/li>\r\n<li><a href=\"https:\/\/sinoextrud.com\/product\/aluminum-t-shape-transition-tile-trim\/\" target=\"_blank\">Aluminum T Shape Transition Tile Trim<\/a><\/li>\r\n<li><a href=\"https:\/\/sinoextrud.com\/product\/wood-grain-aluminum-decking\/\" target=\"_blank\">Wood Grain Aluminum Decking<\/a><\/li>\r\n<li><a href=\"https:\/\/sinoextrud.com\/product\/weather-resistant-wood-grain-aluminum-profile\/\" target=\"_blank\">Weather Resistant Wood Grain Aluminum Profile<\/a><\/li>\r\n<li><a href=\"https:\/\/sinoextrud.com\/product\/extruded-aluminum-heatsink-led-alloy-a6063-t5-extrusion-profiles-cutting-cnc-precision\/\" target=\"_blank\">extruded aluminum heatsink LED alloy a6063 t5 extrusion profiles cutting CNC precision<\/a><\/li>\r\n<li><a href=\"https:\/\/sinoextrud.com\/product\/anodized-colorful-oem-aluminium-profile-for-decoration-furniture-accessory-price\/\" target=\"_blank\">Anodized Colorful OEM Aluminium Profile For Decoration Furniture Accessory price<\/a><\/li>"},"feature_list":[]},"_links":{"self":[{"href":"https:\/\/sinoextrud.com\/de\/wp-json\/wp\/v2\/product\/6620","targetHints":{"allow":["GET"]}}],"collection":[{"href":"https:\/\/sinoextrud.com\/de\/wp-json\/wp\/v2\/product"}],"about":[{"href":"https:\/\/sinoextrud.com\/de\/wp-json\/wp\/v2\/types\/product"}],"wp:featuredmedia":[{"embeddable":true,"href":"https:\/\/sinoextrud.com\/de\/wp-json\/wp\/v2\/media\/6619"}],"wp:attachment":[{"href":"https:\/\/sinoextrud.com\/de\/wp-json\/wp\/v2\/media?parent=6620"}],"wp:term":[{"taxonomy":"category","embeddable":true,"href":"https:\/\/sinoextrud.com\/de\/wp-json\/wp\/v2\/categories?post=6620"}],"curies":[{"name":"wp","href":"https:\/\/api.w.org\/{rel}","templated":true}]}}