{"id":6616,"date":"2025-05-30T02:02:30","date_gmt":"2025-05-30T02:02:30","guid":{"rendered":"https:\/\/sinoextrud.com\/product\/aluminum-skirting-board\/"},"modified":"2025-06-24T06:11:14","modified_gmt":"2025-06-24T06:11:14","slug":"aluminium-sockelleiste","status":"publish","type":"product","link":"https:\/\/sinoextrud.com\/de\/product\/aluminum-skirting-board\/","title":{"rendered":"Sockelleiste aus Aluminium"},"content":{"rendered":"<h2>Produkte Details<\/h2>\n<table class=\"custom-table\">\n<tr>\n<td class=\"label\">Produktname<\/td>\n<td>Sockelleiste aus Aluminium<\/td>\n<\/tr>\n<tr>\n<td class=\"label\">Aluminium-Legierung<\/td>\n<td>Serie 5000(5052)<\/td>\n<\/tr>\n<tr>\n<td class=\"label\">Temperament<\/td>\n<td>T3-T8<\/td>\n<\/tr>\n<tr>\n<td class=\"label\">Form<\/td>\n<td>Personalisierung<\/td>\n<\/tr>\n<tr>\n<td class=\"label\">Farbe<\/td>\n<td>Personalisierung<\/td>\n<\/tr>\n<tr>\n<td class=\"label\">L\u00e4nge<\/td>\n<td>3000mm<\/td>\n<\/tr>\n<tr>\n<td class=\"label\">Gr\u00f6\u00dfe<\/td>\n<td>80mm<\/td>\n<\/tr>\n<tr>\n<td class=\"label\">Oberfl\u00e4chenbehandlung<\/td>\n<td>eloxiert, dreiseitige Oxidation, Polieren<\/td>\n<\/tr>\n<tr>\n<td class=\"label\">CNC-Tiefenbearbeitung<\/td>\n<td>Schneiden, Bohren, Zerspanen, Stanzen, Biegen, Gewindeschneiden und so weiter<\/td>\n<\/tr>\n<tr>\n<td class=\"label\">Zertifizierungen<\/td>\n<td>CE, ISO, SGS, TUV, ROHS<\/td>\n<\/tr>\n<tr>\n<td class=\"label\">Patent<\/td>\n<td>Strukturpatente, Erscheinungsbildpatente und Gebrauchspatente<\/td>\n<\/tr>\n<tr>\n<td class=\"label\">Proben<\/td>\n<td>kostenlose Probe. 1-3 Tage an Sie geliefert.<\/td>\n<\/tr>\n<tr>\n<td class=\"label\">MOQ<\/td>\n<td>500m<\/td>\n<\/tr>\n<tr>\n<td class=\"label\">Lieferfrist<\/td>\n<td>25-30 Tage nach Eingang der Anzahlung des K\u00e4ufers.<\/td>\n<\/tr>\n<tr>\n<td class=\"label\">Zahlungsbedingungen<\/td>\n<td>30% Anzahlung vor der Produktion, und der Restbetrag vor dem Versand.<br \/>usw.<\/td>\n<\/tr>\n<\/table>\n<h2>Unsere Produktionsbasis<\/h2>\n<h3>Fabrik-Panorama<\/h3>\n<p><img decoding=\"async\" src=\"\/wp-content\/uploads\/factory-01.webp\"\/><\/p>\n<h3>Werkstatt zur Herstellung von Aluminiumstangen<\/h3>\n<p><img decoding=\"async\" src=\"\/wp-content\/uploads\/factory-02.webp\"\/><\/p>\n<p><img decoding=\"async\" src=\"\/wp-content\/uploads\/factory-03.webp\"\/><\/p>\n<h3>Lagerhaus f\u00fcr Formen<\/h3>\n<p><img decoding=\"async\" src=\"\/wp-content\/uploads\/factory-04.webp\"\/><\/p>\n<h3>43 Aluminium-Strangpressanlagen (500\u00e2\u20ac\"5500 Tonnen)<\/h3>\n<p><img decoding=\"async\" src=\"\/wp-content\/uploads\/factory-05.webp\"\/><\/p>\n<p><img decoding=\"async\" src=\"\/wp-content\/uploads\/factory-06.webp\"\/><\/p>\n<p><img decoding=\"async\" src=\"\/wp-content\/uploads\/factory-07.webp\"\/><\/p>\n<h3>Werkstatt f\u00fcr Pulverbeschichtung<\/h3>\n<p><img decoding=\"async\" src=\"\/wp-content\/uploads\/factory-09.webp\"\/><\/p>\n<h3>Eloxal-Werkstatt<\/h3>\n<p><img decoding=\"async\" src=\"\/wp-content\/uploads\/factory-10.webp\"\/><\/p>\n<h3>Workshop zur Tiefenverarbeitung<\/h3>\n<p><img decoding=\"async\" src=\"\/wp-content\/uploads\/factory-11.webp\"\/><\/p>\n<h3>CNC-Pr\u00e4zisionsbearbeitungswerkstatt<\/h3>\n<p><img decoding=\"async\" src=\"\/wp-content\/uploads\/factory-11.5.webp\"\/><\/p>\n<h3>Lager f\u00fcr Fertigprodukte und Export<\/h3>\n<p><img decoding=\"async\" src=\"\/wp-content\/uploads\/factory-12.webp\"\/><\/p>\n<p><img decoding=\"async\" src=\"\/wp-content\/uploads\/factory-13.webp\"\/><\/p>\n<p><img decoding=\"async\" src=\"\/wp-content\/uploads\/factory-14.webp\"\/><\/p>\n<h2>FAQ<\/h2>\n<p><p><b>1. was ist eine Aluminium-Sockelleiste?<\/b><\/p>\n<p>Eine Aluminiumsockelleiste ist eine Sockelleiste aus Aluminium, die die Fuge zwischen Wand und Boden abdeckt und einen Schutz und einen dekorativen Abschluss bietet.<br \/>\n<\/p><br \/>\n<br \/>\n<p><b>2. was sind die wichtigsten Vorteile von Aluminiumsockelleisten?<\/b><\/p>\n<p>Sie bieten eine hervorragende Haltbarkeit, Korrosionsbest\u00e4ndigkeit, geringes Gewicht, einfache Wartung und ein schlankes, modernes Aussehen.<br \/>\n<\/p><br \/>\n<br \/>\n<p><b>3 Warum sollten Sie sich f\u00fcr Sockelleisten aus Aluminium und nicht f\u00fcr traditionelle Materialien entscheiden?<\/b><\/p>\n<p>Aluminiumsockelleisten sind resistent gegen Feuchtigkeit, Termiten und Verformung und eignen sich daher ideal f\u00fcr stark beanspruchte und feuchte Umgebungen mit l\u00e4ngerer Lebensdauer.<br \/>\n<\/p><br \/>\n<br \/>\n<p><b>4. k\u00f6nnen Aluminium-Sockelleisten individuell angepasst werden?<\/b><\/p>\n<p>Ja, sie k\u00f6nnen in L\u00e4nge, H\u00f6he, Dicke, Farbe und Ausf\u00fchrung individuell angepasst werden, damit sie zu bestimmten Innenarchitekturen und architektonischen Stilen passen.<br \/>\n<\/p><br \/>\n<br \/>\n<p><b>5. wie verbessert Aluminium die Leistung von Sockelleisten?<\/b><\/p>\n<p>Aluminium bietet starken Schutz gegen St\u00f6\u00dfe und Abnutzung und hat gleichzeitig eine saubere, rostfreie Oberfl\u00e4che, die leicht zu reinigen ist.<br \/>\n<\/p><br \/>\n<br \/>\n<p><b>6. sind Aluminiumsockelleisten sowohl f\u00fcr den privaten als auch f\u00fcr den gewerblichen Gebrauch geeignet?<\/b><\/p>\n<p>Aufgrund ihrer Langlebigkeit und \u00c4sthetik eignen sie sich f\u00fcr Wohnungen, B\u00fcros, Einzelhandelsfl\u00e4chen und industrielle Umgebungen.<br \/>\n<\/p><br \/>\n<br \/>\n<p><b>7. in welchen Branchen werden Aluminiumsockelleisten h\u00e4ufig verwendet?<\/b><\/p>\n<p>Im Baugewerbe, in der Innenarchitektur, im Gastgewerbe und in gewerblichen Geb\u00e4uden werden Aluminiumsockelleisten f\u00fcr funktionale und dekorative Zwecke verwendet.<br \/>\n<\/p><br \/>\n<br \/>\n<p><b>8. wie unterst\u00fctzen Aluminium-Sockelleisten nachhaltige Baupraktiken?<\/b><\/p>\n<p>Aluminium ist vollst\u00e4ndig recycelbar und langlebig, wodurch weniger Abfall anf\u00e4llt und weniger Ersatzteile ben\u00f6tigt werden, was zu einer umweltfreundlichen Konstruktion und Gestaltung beitr\u00e4gt.<br \/>\n<\/p><br \/><\/p>","protected":false},"featured_media":6615,"template":"","categories":[64],"class_list":["post-6616","product","type-product","status-publish","has-post-thumbnail","hentry","category-new-trend-aluminium-products"],"meta_box":{"hilight_text_group":{"product_hilight_text":"<li>Durable aluminum construction resists moisture, impact, and corrosion<\/li>\r\r\n<li>Lightweight design allows for easy installation and handling<\/li>\r\r\n<li>Sleek finish enhances interior aesthetics and complements modern designs<\/li>\r\r\n<li>Custom lengths and profiles available to fit various spaces<\/li>\r\r\n<li>Low maintenance and long-lasting, ideal for commercial and residential use<\/li>","product_chanpin_blog":"<ul>\r\r\n<li><a href=\"https:\/\/sinoextrud.com\/t-slot-v-slot-differences\/\" target=\"_blank\">t slot vs v slot<\/a><\/li>\r\r\n<li><a href=\"https:\/\/sinoextrud.com\/what-is-4040-aluminium-extrud\/\" target=\"_blank\">4040 aluminium extrusion<\/a><\/li>\r\r\n<li><a href=\"https:\/\/sinoextrud.com\/what-is-4040-aluminium-extrud\/\" target=\"_blank\">aluminum extrusions for industrial racks<\/a><\/li>\r\r\n<li><a href=\"https:\/\/sinoextrud.com\/powder-coating-aluminium-process\/\" target=\"_blank\">powder coating aluminium<\/a><\/li>\r\r\n<li><a href=\"https:\/\/sinoextrud.com\/what-is-an-aluminium-strip-ceiling\/\" target=\"_blank\">aluminium strip ceiling<\/a><\/li>\r\r\n<li><a href=\"https:\/\/sinoextrud.com\/what-is-a-heat-sink\/\" target=\"_blank\">what is a heat sink<\/a><\/li>\r\r\n<\/ul>","product_chanpin_chanpin":"<li><a href=\"https:\/\/sinoextrud.com\/product\/glass-balcony-railing-aluminum-u-channel-design\/\" target=\"_blank\">Glass Balcony Railing Aluminum U Channel Design<\/a><\/li>\r\n<li><a href=\"https:\/\/sinoextrud.com\/product\/wood-grain-bamboo-aluminum-pipe\/\" target=\"_blank\">Wood Grain Bamboo Aluminum Pipe<\/a><\/li>\r\n<li><a href=\"https:\/\/sinoextrud.com\/product\/anodized-aluminum-eectronic-equipment-enclosure\/\" target=\"_blank\">Anodized Aluminum Eectronic Equipment Enclosure<\/a><\/li>\r\n<li><a href=\"https:\/\/sinoextrud.com\/product\/aluminum-shower-frame-parts\/\" target=\"_blank\">Aluminum Shower Frame Parts<\/a><\/li>\r\n<li><a href=\"https:\/\/sinoextrud.com\/product\/aluminum-skirting-board\/\" target=\"_blank\">Aluminum Skirting Board<\/a><\/li>\r\n<li><a href=\"https:\/\/sinoextrud.com\/product\/purification-workshop-aluminum-profiles\/\" target=\"_blank\">Purification Workshop Aluminum Profiles<\/a><\/li>\r\n<li><a href=\"https:\/\/sinoextrud.com\/product\/aluminium-cladding-wall-profile\/\" target=\"_blank\">Aluminium Cladding Wall Profile<\/a><\/li>\r\n<li><a href=\"https:\/\/sinoextrud.com\/product\/medical-instrument-aluminum-profile\/\" target=\"_blank\">Medical Instrument Aluminum Profile<\/a><\/li>\r\n<li><a href=\"https:\/\/sinoextrud.com\/product\/aluminum-t-shape-transition-tile-trim\/\" target=\"_blank\">Aluminum T Shape Transition Tile Trim<\/a><\/li>\r\n<li><a href=\"https:\/\/sinoextrud.com\/product\/aluminum-extrusion-frame\/\" target=\"_blank\">Aluminum Extrusion Frame<\/a><\/li>\r\n<li><a href=\"https:\/\/sinoextrud.com\/product\/aluminum-shower-door-frame-parts-u-channel\/\" target=\"_blank\">Aluminum Shower Door Frame Parts U-channel<\/a><\/li>"},"feature_list":[]},"_links":{"self":[{"href":"https:\/\/sinoextrud.com\/de\/wp-json\/wp\/v2\/product\/6616","targetHints":{"allow":["GET"]}}],"collection":[{"href":"https:\/\/sinoextrud.com\/de\/wp-json\/wp\/v2\/product"}],"about":[{"href":"https:\/\/sinoextrud.com\/de\/wp-json\/wp\/v2\/types\/product"}],"wp:featuredmedia":[{"embeddable":true,"href":"https:\/\/sinoextrud.com\/de\/wp-json\/wp\/v2\/media\/6615"}],"wp:attachment":[{"href":"https:\/\/sinoextrud.com\/de\/wp-json\/wp\/v2\/media?parent=6616"}],"wp:term":[{"taxonomy":"category","embeddable":true,"href":"https:\/\/sinoextrud.com\/de\/wp-json\/wp\/v2\/categories?post=6616"}],"curies":[{"name":"wp","href":"https:\/\/api.w.org\/{rel}","templated":true}]}}