{"id":6583,"date":"2025-05-29T09:47:26","date_gmt":"2025-05-29T09:47:26","guid":{"rendered":"https:\/\/sinoextrud.com\/product\/custom-aluminum-fluorocarbon-wood-grain-fence\/"},"modified":"2025-06-24T06:11:13","modified_gmt":"2025-06-24T06:11:13","slug":"kundenspezifischer-aluminium-fluorkohlenstoff-zaun-mit-holzmaserung","status":"publish","type":"product","link":"https:\/\/sinoextrud.com\/de\/product\/custom-aluminum-fluorocarbon-wood-grain-fence\/","title":{"rendered":"Kundenspezifischer Aluminium Fluorkohlenstoff Holzmaserung Zaun"},"content":{"rendered":"<h2>Produkte Details<\/h2>\n<table class=\"custom-table\">\n<tr>\n<td class=\"label\">Artikel<\/td>\n<td>Kundenspezifischer Aluminium Fluorkohlenstoff Holzmaserung Zaun<\/td>\n<\/tr>\n<tr>\n<td class=\"label\">Material<\/td>\n<td>Aluminium-Legierung 6063<\/td>\n<\/tr>\n<tr>\n<td class=\"label\">Legierung<\/td>\n<td>6063-T5 \/6063-T6<\/td>\n<\/tr>\n<tr>\n<td class=\"label\">Arten von Produkten<\/td>\n<td>Aluminium-Zaun, Aluminium-Paneel, Aluminium-Rohr, Aluminium-Latte, Aluminium-Fassade, Aluminium-Lamelle<\/td>\n<\/tr>\n<tr>\n<td class=\"label\">Form<\/td>\n<td>Personalisierung<\/td>\n<\/tr>\n<tr>\n<td class=\"label\">Oberfl\u00e4chenbehandlung<\/td>\n<td>Fr\u00e4soptik, Holzmaserung, Fluorkarbon-Holzmaserung oder individuelle Gestaltung.<\/td>\n<\/tr>\n<tr>\n<td class=\"label\">Standard<\/td>\n<td>Mittlere und hohe Qualit\u00e4t<\/td>\n<\/tr>\n<tr>\n<td class=\"label\">Lieferfrist<\/td>\n<td>15-25 Tage oder verhandelt<\/td>\n<\/tr>\n<tr>\n<td class=\"label\">Tiefgreifender Prozess<\/td>\n<td>CNC, Bohren, Fr\u00e4sen, Schneiden, Stanzen, Schwei\u00dfen, Biegen, Montieren<\/td>\n<\/tr>\n<tr>\n<td class=\"label\">B\u00fcrgschaft<\/td>\n<td>Kundenzertifikate, wie BV, Soncap, ISO<\/td>\n<\/tr>\n<tr>\n<td class=\"label\">OEM &amp; ODM<\/td>\n<td>Ja, OEM\/ODM-Service ist willkommen<\/td>\n<\/tr>\n<tr>\n<td class=\"label\">Verpackung<\/td>\n<td>Standard-Exportverpackung<\/td>\n<\/tr>\n<tr>\n<td class=\"label\">Monatliche Leistung<\/td>\n<td>10000+ Tonnen<\/td>\n<\/tr>\n<\/table>\n<h2>Unsere Produktionsbasis<\/h2>\n<h3>Fabrik-Panorama<\/h3>\n<p><img decoding=\"async\" src=\"\/wp-content\/uploads\/factory-01.webp\"\/><\/p>\n<h3>Werkstatt zur Herstellung von Aluminiumstangen<\/h3>\n<p><img decoding=\"async\" src=\"\/wp-content\/uploads\/factory-02.webp\"\/><\/p>\n<p><img decoding=\"async\" src=\"\/wp-content\/uploads\/factory-03.webp\"\/><\/p>\n<h3>Lagerhaus f\u00fcr Formen<\/h3>\n<p><img decoding=\"async\" src=\"\/wp-content\/uploads\/factory-04.webp\"\/><\/p>\n<h3>43 Aluminium-Strangpressanlagen (500\u00e2\u20ac\"5500 Tonnen)<\/h3>\n<p><img decoding=\"async\" src=\"\/wp-content\/uploads\/factory-05.webp\"\/><\/p>\n<p><img decoding=\"async\" src=\"\/wp-content\/uploads\/factory-06.webp\"\/><\/p>\n<p><img decoding=\"async\" src=\"\/wp-content\/uploads\/factory-07.webp\"\/><\/p>\n<h3>Werkstatt f\u00fcr Pulverbeschichtung<\/h3>\n<p><img decoding=\"async\" src=\"\/wp-content\/uploads\/factory-09.webp\"\/><\/p>\n<h3>Eloxal-Werkstatt<\/h3>\n<p><img decoding=\"async\" src=\"\/wp-content\/uploads\/factory-10.webp\"\/><\/p>\n<h3>Workshop zur Tiefenverarbeitung<\/h3>\n<p><img decoding=\"async\" src=\"\/wp-content\/uploads\/factory-11.webp\"\/><\/p>\n<h3>CNC-Pr\u00e4zisionsbearbeitungswerkstatt<\/h3>\n<p><img decoding=\"async\" src=\"\/wp-content\/uploads\/factory-11.5.webp\"\/><\/p>\n<h3>Lager f\u00fcr Fertigprodukte und Export<\/h3>\n<p><img decoding=\"async\" src=\"\/wp-content\/uploads\/factory-12.webp\"\/><\/p>\n<p><img decoding=\"async\" src=\"\/wp-content\/uploads\/factory-13.webp\"\/><\/p>\n<p><img decoding=\"async\" src=\"\/wp-content\/uploads\/factory-14.webp\"\/><\/p>\n<h2>FAQ<\/h2>\n<p><p><b>1. was ist ein kundenspezifischer Aluminium-Fluorkarbon-Holzmaserungszaun?<\/b><\/p>\n<p>Es handelt sich um einen Zaun aus Aluminium mit einer Fluorkohlenstoffbeschichtung, die die nat\u00fcrliche Holzmaserung nachbildet und sowohl Haltbarkeit als auch \u00c4sthetik bietet.<br \/>\n<\/p><br \/>\n<br \/>\n<p><b>2) Was sind die wichtigsten Vorteile eines Aluminiumzauns mit Holzmaserung aus Fluorkarbon?<\/b><\/p>\n<p>Diese Z\u00e4une bieten hervorragende Korrosionsbest\u00e4ndigkeit, UV-Schutz, Witterungsbest\u00e4ndigkeit, geringen Wartungsaufwand und ein realistisches holz\u00e4hnliches Aussehen.<br \/>\n<\/p><br \/>\n<br \/>\n<p><b>3. warum eine Fluorkarbonbeschichtung f\u00fcr Aluminiumz\u00e4une mit Holzmaserung?<\/b><\/p>\n<p>Die Fluorcarbon-Beschichtung sorgt f\u00fcr lang anhaltende Farbbest\u00e4ndigkeit, Resistenz gegen Ausbleichen und Kreidung sowie hervorragenden Schutz gegen raue Umweltbedingungen.<br \/>\n<\/p><br \/>\n<br \/>\n<p><b>K\u00f6nnen Aluminium-Fluorkarbon-Holzmaserungsz\u00e4une nach Ma\u00df gefertigt werden?<\/b><\/p>\n<p>Ja, sie k\u00f6nnen in Gr\u00f6\u00dfe, Farbe, Holzmaserung, Zaunform und Ausf\u00fchrung individuell angepasst werden, um den besonderen architektonischen und landschaftlichen Anforderungen gerecht zu werden.<br \/>\n<\/p><br \/>\n<br \/>\n<p><b>5. wie verbessert die Fluorkarbonbeschichtung die Leistung von Aluminiumz\u00e4unen mit Holzmaserung?<\/b><\/p>\n<p>Die Beschichtung bildet eine dauerhafte Schutzschicht, die die Korrosionsbest\u00e4ndigkeit, die Kratzfestigkeit und die Gesamtlebensdauer des Zauns erh\u00f6ht.<br \/>\n<\/p><br \/>\n<br \/>\n<p><b>Sind ma\u00dfgefertigte Aluminium-Fluorkarbon-Holzmaserungsz\u00e4une f\u00fcr die Verwendung im Freien geeignet?<\/b><\/p>\n<p>Sie sind absolut resistent gegen UV-Strahlung, Feuchtigkeit und Temperaturschwankungen und eignen sich daher ideal f\u00fcr Z\u00e4une im Au\u00dfenbereich.<br \/>\n<\/p><br \/>\n<br \/>\n<p><b>In welchen Branchen werden \u00fcblicherweise ma\u00dfgefertigte Aluminium-Fluorkarbon-Holzmaserungsz\u00e4une verwendet?<\/b><\/p>\n<p>Diese Z\u00e4une werden wegen ihrer Robustheit und nat\u00fcrlichen \u00c4sthetik in Wohnh\u00e4usern, im gewerblichen Landschaftsbau, im Gastgewerbe und bei \u00f6ffentlichen Infrastrukturprojekten eingesetzt.<br \/>\n<\/p><br \/>\n<br \/>\n<p><b>Wie unterst\u00fctzen ma\u00dfgefertigte Aluminium-Fluorkarbon-Holzmaserungsz\u00e4une nachhaltiges Bauen?<\/b><\/p>\n<p>Aluminium ist 100% recycelbar, und Fluorkohlenstoffbeschichtungen verl\u00e4ngern die Produktlebensdauer und verringern den Wartungsaufwand und tragen so zu umweltfreundlichen Baupraktiken bei.<br \/>\n<\/p><br \/><\/p>","protected":false},"featured_media":6582,"template":"","categories":[64],"class_list":["post-6583","product","type-product","status-publish","has-post-thumbnail","hentry","category-new-trend-aluminium-products"],"meta_box":{"hilight_text_group":{"product_hilight_text":"<li>Custom fluorocarbon coating offers superior weather and UV resistance<\/li>\r\r\n<li>Realistic wood grain finish combines natural look with aluminum durability<\/li>\r\r\n<li>Lightweight and corrosion-resistant, ideal for long-lasting fence solutions<\/li>\r\r\n<li>Supports tailored sizes and designs to meet specific project requirements<\/li>\r\r\n<li>Bulk production with consistent quality and timely delivery<\/li>","product_chanpin_blog":"<ul>\r\r\n<li><a href=\"https:\/\/sinoextrud.com\/t-slot-v-slot-differences\/\" target=\"_blank\">t slot vs v slot<\/a><\/li>\r\r\n<li><a href=\"https:\/\/sinoextrud.com\/what-is-4040-aluminium-extrud\/\" target=\"_blank\">4040 aluminium extrusion<\/a><\/li>\r\r\n<li><a href=\"https:\/\/sinoextrud.com\/what-is-4040-aluminium-extrud\/\" target=\"_blank\">aluminum extrusions for industrial racks<\/a><\/li>\r\r\n<li><a href=\"https:\/\/sinoextrud.com\/powder-coating-aluminium-process\/\" target=\"_blank\">powder coating aluminium<\/a><\/li>\r\r\n<li><a href=\"https:\/\/sinoextrud.com\/what-is-an-aluminium-strip-ceiling\/\" target=\"_blank\">aluminium strip ceiling<\/a><\/li>\r\r\n<li><a href=\"https:\/\/sinoextrud.com\/what-is-a-heat-sink\/\" target=\"_blank\">what is a heat sink<\/a><\/li>\r\r\n<\/ul>","product_chanpin_chanpin":"<li><a href=\"https:\/\/sinoextrud.com\/product\/wood-grain-aluminium-extrusion-profile-for-furnitures-decoration\/\" target=\"_blank\">Wood Grain Aluminium Extrusion Profile for Furnitures Decoration<\/a><\/li>\r\n<li><a href=\"https:\/\/sinoextrud.com\/product\/wood-grain-finish-aluminium-profiles\/\" target=\"_blank\">Wood Grain Finish Aluminium Profiles<\/a><\/li>\r\n<li><a href=\"https:\/\/sinoextrud.com\/product\/hot-selling-high-quality-powder-coating-wood-grain-single-sided-aluminum-plate\/\" target=\"_blank\">Hot Selling High-quality Powder Coating Wood Grain Single-sided Aluminum Plate<\/a><\/li>\r\n<li><a href=\"https:\/\/sinoextrud.com\/product\/anodized-extrusion-precise-round-square-aluminum-tube\/\" target=\"_blank\">Anodized Extrusion Precise Round Square Aluminum Tube<\/a><\/li>\r\n<li><a href=\"https:\/\/sinoextrud.com\/product\/custom-aluminum-fluorocarbon-wood-grain-fence\/\" target=\"_blank\">Custom Aluminum Fluorocarbon Wood Grain Fence<\/a><\/li>\r\n<li><a href=\"https:\/\/sinoextrud.com\/product\/wood-grain-aluminum-square-tube\/\" target=\"_blank\">Wood Grain Aluminum Square Tube<\/a><\/li>\r\n<li><a href=\"https:\/\/sinoextrud.com\/product\/glass-balcony-railing-aluminum-u-channel-design\/\" target=\"_blank\">Glass Balcony Railing Aluminum U Channel Design<\/a><\/li>\r\n<li><a href=\"https:\/\/sinoextrud.com\/product\/wood-grain-bamboo-aluminum-pipe\/\" target=\"_blank\">Wood Grain Bamboo Aluminum Pipe<\/a><\/li>\r\n<li><a href=\"https:\/\/sinoextrud.com\/product\/anodized-aluminum-eectronic-equipment-enclosure\/\" target=\"_blank\">Anodized Aluminum Eectronic Equipment Enclosure<\/a><\/li>\r\n<li><a href=\"https:\/\/sinoextrud.com\/product\/aluminum-alloy-wall-decoration-edge-trim-strip\/\" target=\"_blank\">Aluminum Alloy Wall Decoration Edge Trim Strip<\/a><\/li>\r\n<li><a href=\"https:\/\/sinoextrud.com\/product\/6063-t5-oem-aluminum-profile-conner-angle-for-window-and-door-or-led-light-display\/\" target=\"_blank\">6063 T5 OEM Aluminum Profile Conner Angle For Window And Door Or Led Light Display<\/a><\/li>"},"feature_list":[]},"_links":{"self":[{"href":"https:\/\/sinoextrud.com\/de\/wp-json\/wp\/v2\/product\/6583","targetHints":{"allow":["GET"]}}],"collection":[{"href":"https:\/\/sinoextrud.com\/de\/wp-json\/wp\/v2\/product"}],"about":[{"href":"https:\/\/sinoextrud.com\/de\/wp-json\/wp\/v2\/types\/product"}],"wp:featuredmedia":[{"embeddable":true,"href":"https:\/\/sinoextrud.com\/de\/wp-json\/wp\/v2\/media\/6582"}],"wp:attachment":[{"href":"https:\/\/sinoextrud.com\/de\/wp-json\/wp\/v2\/media?parent=6583"}],"wp:term":[{"taxonomy":"category","embeddable":true,"href":"https:\/\/sinoextrud.com\/de\/wp-json\/wp\/v2\/categories?post=6583"}],"curies":[{"name":"wp","href":"https:\/\/api.w.org\/{rel}","templated":true}]}}