{"id":6575,"date":"2025-05-29T09:19:01","date_gmt":"2025-05-29T09:19:01","guid":{"rendered":"https:\/\/sinoextrud.com\/product\/wood-grain-aluminium-extrusion-profile-for-furnitures-decoration\/"},"modified":"2025-06-24T06:11:11","modified_gmt":"2025-06-24T06:11:11","slug":"aluminium-strangpressprofil-mit-holzmaserung-fur-die-dekoration-von-mobeln","status":"publish","type":"product","link":"https:\/\/sinoextrud.com\/de\/product\/wood-grain-aluminium-extrusion-profile-for-furnitures-decoration\/","title":{"rendered":"Holzmaserung Aluminium Extrusionsprofil f\u00fcr M\u00f6bel Dekoration"},"content":{"rendered":"<h2>Produkte Details<\/h2>\n<table class=\"custom-table\">\n<tr>\n<td class=\"label\">Gegenstand\uff1a<\/td>\n<td>Holzmaserung Aluminium Extrusionsprofil f\u00fcr M\u00f6bel Dekoration<\/td>\n<\/tr>\n<tr>\n<td class=\"label\">Die Form:<\/td>\n<td> Kundenspezifisch<\/td>\n<\/tr>\n<tr>\n<td class=\"label\">Temperament:<\/td>\n<td> T3-T8<\/td>\n<\/tr>\n<tr>\n<td class=\"label\">Legierung:<\/td>\n<td> Legierung<\/td>\n<\/tr>\n<tr>\n<td class=\"label\">Note:<\/td>\n<td> Serie 6000<\/td>\n<\/tr>\n<tr>\n<td class=\"label\">Spezifikation:<\/td>\n<td> 1m-9m oder kundenspezifische Gr\u00f6\u00dfe<\/td>\n<\/tr>\n<tr>\n<td class=\"label\">Herkunft:<\/td>\n<td> Foshan, China<\/td>\n<\/tr>\n<tr>\n<td class=\"label\">Art:<\/td>\n<td> Fenster &amp; T\u00fcr Aluminium-Profil, Holzmaserung Aluminium-Profil, Dekoration Aluminium-Profil, W\u00e4rmesenke Aluminium-Profil, Glaswand Aluminium-Profil, Transport Aluminium-Profil, Aluminium-M\u00f6bel, Aluminium-Profile Holzmaserung Maschine, Aluminium-Strangpressprofil<\/td>\n<\/tr>\n<\/table>\n<h2>Unsere Produktionsbasis<\/h2>\n<h3>Fabrik-Panorama<\/h3>\n<p><img decoding=\"async\" src=\"\/wp-content\/uploads\/factory-01.webp\"\/><\/p>\n<h3>Werkstatt zur Herstellung von Aluminiumstangen<\/h3>\n<p><img decoding=\"async\" src=\"\/wp-content\/uploads\/factory-02.webp\"\/><\/p>\n<p><img decoding=\"async\" src=\"\/wp-content\/uploads\/factory-03.webp\"\/><\/p>\n<h3>Lagerhaus f\u00fcr Formen<\/h3>\n<p><img decoding=\"async\" src=\"\/wp-content\/uploads\/factory-04.webp\"\/><\/p>\n<h3>43 Aluminium-Strangpressanlagen (500-5500 Tonnen)<\/h3>\n<p><img decoding=\"async\" src=\"\/wp-content\/uploads\/factory-05.webp\"\/><\/p>\n<p><img decoding=\"async\" src=\"\/wp-content\/uploads\/factory-06.webp\"\/><\/p>\n<p><img decoding=\"async\" src=\"\/wp-content\/uploads\/factory-07.webp\"\/><\/p>\n<h3>Werkstatt f\u00fcr Pulverbeschichtung<\/h3>\n<p><img decoding=\"async\" src=\"\/wp-content\/uploads\/factory-09.webp\"\/><\/p>\n<h3>Eloxal-Werkstatt<\/h3>\n<p><img decoding=\"async\" src=\"\/wp-content\/uploads\/factory-10.webp\"\/><\/p>\n<h3>Workshop zur Tiefenverarbeitung<\/h3>\n<p><img decoding=\"async\" src=\"\/wp-content\/uploads\/factory-11.webp\"\/><\/p>\n<h3>CNC-Pr\u00e4zisionsbearbeitungswerkstatt<\/h3>\n<p><img decoding=\"async\" src=\"\/wp-content\/uploads\/factory-11.5.webp\"\/><\/p>\n<h3>Lager f\u00fcr Fertigprodukte und Export<\/h3>\n<p><img decoding=\"async\" src=\"\/wp-content\/uploads\/factory-12.webp\"\/><\/p>\n<p><img decoding=\"async\" src=\"\/wp-content\/uploads\/factory-13.webp\"\/><\/p>\n<p><img decoding=\"async\" src=\"\/wp-content\/uploads\/factory-14.webp\"\/><\/p>\n<h2>FAQ<\/h2>\n<p><p><b>1. was ist ein Aluminium-Strangpressprofil mit Holzmaserung f\u00fcr die M\u00f6beldekoration?<\/b><\/p>\n<p>Es handelt sich um ein stranggepresstes Aluminium mit einer Holzmaserung, das speziell f\u00fcr dekorative Anwendungen in der M\u00f6belherstellung entwickelt wurde.<br \/>\n<\/p><br \/>\n<br \/>\n<p><b>2. was sind die Hauptvorteile von Aluminium-Strangpressprofilen mit Holzmaserung f\u00fcr M\u00f6bel?<\/b><\/p>\n<p>Sie bieten eine hervorragende Haltbarkeit, leichte Festigkeit, Korrosionsbest\u00e4ndigkeit, geringen Wartungsaufwand und eine realistische Holzoptik.<br \/>\n<\/p><br \/>\n<br \/>\n<p><b>3. warum Holzmaserung Aluminium Extrusion \u00fcber nat\u00fcrliche Holz f\u00fcr M\u00f6bel Dekoration w\u00e4hlen?<\/b><\/p>\n<p>Aluminiumprofile sind resistent gegen Verformung, Feuchtigkeit und Insekten und erfordern weniger Pflege, w\u00e4hrend sie gleichzeitig das elegante Aussehen von Naturholz bieten.<br \/>\n<\/p><br \/>\n<br \/>\n<p><b>4. k\u00f6nnen Holzmaserung Aluminium-Strangpressprofile f\u00fcr M\u00f6bel angepasst werden?<\/b><\/p>\n<p>Ja, sie k\u00f6nnen in Bezug auf Gr\u00f6\u00dfe, Form, Holzmaserung, Farbe und Oberfl\u00e4chenbehandlung individuell angepasst werden, um spezielle Anforderungen an das M\u00f6beldesign zu erf\u00fcllen.<br \/>\n<\/p><br \/>\n<br \/>\n<p><b>5. wie wertet die Holzmaserung Aluminiumprofile in der M\u00f6beldekoration auf?<\/b><\/p>\n<p>Das Finish sorgt f\u00fcr eine authentische Holz\u00e4sthetik, w\u00e4hrend die Festigkeit, Haltbarkeit und Reinigungsfreundlichkeit von Aluminium erhalten bleiben.<br \/>\n<\/p><br \/>\n<br \/>\n<p><b>6. sind Aluminium-Strangpressprofile mit Holzmaserung f\u00fcr M\u00f6bel im Innenbereich geeignet?<\/b><\/p>\n<p>Ja, sie sind ideal f\u00fcr M\u00f6bel im Innenbereich und bieten dauerhafte Sch\u00f6nheit und Widerstandsf\u00e4higkeit gegen Abnutzung und Umwelteinfl\u00fcsse.<br \/>\n<\/p><br \/>\n<br \/>\n<p><b>7. in welchen Branchen werden Aluminium-Strangpressprofile mit Holzmaserung f\u00fcr M\u00f6bel verwendet?<\/b><\/p>\n<p>M\u00f6belhersteller, Innenarchitekten und Einrichtungsfirmen verwenden diese Profile wegen ihrer Kombination aus Stil und Funktionalit\u00e4t.<br \/>\n<\/p><br \/>\n<br \/>\n<p><b>8. wie unterst\u00fctzen Aluminium-Strangpressprofile mit Holzmaserung die nachhaltige M\u00f6belherstellung?<\/b><\/p>\n<p>Aluminium ist vollst\u00e4ndig recycelbar, und Holzmaserungen sind eine umweltfreundliche Alternative zu Holz und verringern die Umweltbelastung und die Abholzung von W\u00e4ldern.<br \/>\n<\/p><br \/><\/p>","protected":false},"featured_media":6574,"template":"","categories":[65],"class_list":["post-6575","product","type-product","status-publish","has-post-thumbnail","hentry","category-wooden-grained-aluminum-profile"],"meta_box":{"hilight_text_group":{"product_hilight_text":"<li>Wood grain finish offers natural wood aesthetics with aluminum durability<\/li>\r\r\n<li>Precision extrusion ensures consistent profiles for furniture decoration<\/li>\r\r\n<li>Lightweight and corrosion-resistant for long-lasting furniture components<\/li>\r\r\n<li>Easy to fabricate, cut, and install for custom furniture designs<\/li>\r\r\n<li>Supports bulk orders and OEM customization for diverse project needs<\/li>","product_chanpin_blog":"<ul>\r\r\n<li><a href=\"https:\/\/sinoextrud.com\/t-slot-v-slot-differences\/\" target=\"_blank\">t slot vs v slot<\/a><\/li>\r\r\n<li><a href=\"https:\/\/sinoextrud.com\/what-is-4040-aluminium-extrud\/\" target=\"_blank\">4040 aluminium extrusion<\/a><\/li>\r\r\n<li><a href=\"https:\/\/sinoextrud.com\/what-is-4040-aluminium-extrud\/\" target=\"_blank\">aluminum extrusions for industrial racks<\/a><\/li>\r\r\n<li><a href=\"https:\/\/sinoextrud.com\/powder-coating-aluminium-process\/\" target=\"_blank\">powder coating aluminium<\/a><\/li>\r\r\n<li><a href=\"https:\/\/sinoextrud.com\/what-is-an-aluminium-strip-ceiling\/\" target=\"_blank\">aluminium strip ceiling<\/a><\/li>\r\r\n<li><a href=\"https:\/\/sinoextrud.com\/what-is-a-heat-sink\/\" target=\"_blank\">what is a heat sink<\/a><\/li>\r\r\n<\/ul>","product_chanpin_chanpin":"<li><a href=\"https:\/\/sinoextrud.com\/product\/extruded-aluminum-wood-grain-tube-profile\/\" target=\"_blank\">Extruded Aluminum Wood Grain Tube Profile<\/a><\/li>\r\n<li><a href=\"https:\/\/sinoextrud.com\/product\/wood-grain-aluminum-box-section\/\" target=\"_blank\">Wood Grain Aluminum Box Section<\/a><\/li>\r\n<li><a href=\"https:\/\/sinoextrud.com\/product\/wood-grain-false-ceiling-aluminium-profiles\/\" target=\"_blank\">Wood Grain False Ceiling Aluminium Profiles<\/a><\/li>\r\n<li><a href=\"https:\/\/sinoextrud.com\/product\/wood-grain-finish-extruded-architectural-use-aluminium-profile\/\" target=\"_blank\">Wood grain finish extruded architectural use aluminium profile<\/a><\/li>\r\n<li><a href=\"https:\/\/sinoextrud.com\/product\/wood-grain-aluminium-extrusion-profile-for-furnitures-decoration\/\" target=\"_blank\">Wood Grain Aluminium Extrusion Profile for Furnitures Decoration<\/a><\/li>\r\n<li><a href=\"https:\/\/sinoextrud.com\/product\/wood-grain-finish-aluminium-profiles\/\" target=\"_blank\">Wood Grain Finish Aluminium Profiles<\/a><\/li>\r\n<li><a href=\"https:\/\/sinoextrud.com\/product\/hot-selling-high-quality-powder-coating-wood-grain-single-sided-aluminum-plate\/\" target=\"_blank\">Hot Selling High-quality Powder Coating Wood Grain Single-sided Aluminum Plate<\/a><\/li>\r\n<li><a href=\"https:\/\/sinoextrud.com\/product\/anodized-extrusion-precise-round-square-aluminum-tube\/\" target=\"_blank\">Anodized Extrusion Precise Round Square Aluminum Tube<\/a><\/li>\r\n<li><a href=\"https:\/\/sinoextrud.com\/product\/custom-aluminum-fluorocarbon-wood-grain-fence\/\" target=\"_blank\">Custom Aluminum Fluorocarbon Wood Grain Fence<\/a><\/li>\r\n<li><a href=\"https:\/\/sinoextrud.com\/product\/custom-industrial-extruded-aluminum-alloy\/\" target=\"_blank\">Custom Industrial Extruded Aluminum Alloy<\/a><\/li>\r\n<li><a href=\"https:\/\/sinoextrud.com\/product\/aluminum-profile-shutter\/\" target=\"_blank\">Aluminum Profile Shutter<\/a><\/li>"},"feature_list":[]},"_links":{"self":[{"href":"https:\/\/sinoextrud.com\/de\/wp-json\/wp\/v2\/product\/6575","targetHints":{"allow":["GET"]}}],"collection":[{"href":"https:\/\/sinoextrud.com\/de\/wp-json\/wp\/v2\/product"}],"about":[{"href":"https:\/\/sinoextrud.com\/de\/wp-json\/wp\/v2\/types\/product"}],"wp:featuredmedia":[{"embeddable":true,"href":"https:\/\/sinoextrud.com\/de\/wp-json\/wp\/v2\/media\/6574"}],"wp:attachment":[{"href":"https:\/\/sinoextrud.com\/de\/wp-json\/wp\/v2\/media?parent=6575"}],"wp:term":[{"taxonomy":"category","embeddable":true,"href":"https:\/\/sinoextrud.com\/de\/wp-json\/wp\/v2\/categories?post=6575"}],"curies":[{"name":"wp","href":"https:\/\/api.w.org\/{rel}","templated":true}]}}