{"id":6573,"date":"2025-05-29T09:11:21","date_gmt":"2025-05-29T09:11:21","guid":{"rendered":"https:\/\/sinoextrud.com\/product\/wood-grain-finish-extruded-architectural-use-aluminium-profile\/"},"modified":"2025-06-24T06:11:11","modified_gmt":"2025-06-24T06:11:11","slug":"stranggepresstes-aluminiumprofil-mit-holzmaserung-fur-architektonische-zwecke","status":"publish","type":"product","link":"https:\/\/sinoextrud.com\/de\/product\/wood-grain-finish-extruded-architectural-use-aluminium-profile\/","title":{"rendered":"Stranggepresstes Aluminiumprofil mit Holzmaserung f\u00fcr architektonische Zwecke"},"content":{"rendered":"<h2>Produkte Details<\/h2>\n<table class=\"custom-table\">\n<tr>\n<td class=\"label\">Titel<\/td>\n<td>Stranggepresstes Aluminiumprofil mit Holzmaserung f\u00fcr architektonische Zwecke<\/td>\n<\/tr>\n<\/table>\n<h2>Unsere Produktionsbasis<\/h2>\n<h3>Fabrik-Panorama<\/h3>\n<p><img decoding=\"async\" src=\"\/wp-content\/uploads\/factory-01.webp\"\/><\/p>\n<h3>Werkstatt zur Herstellung von Aluminiumstangen<\/h3>\n<p><img decoding=\"async\" src=\"\/wp-content\/uploads\/factory-02.webp\"\/><\/p>\n<p><img decoding=\"async\" src=\"\/wp-content\/uploads\/factory-03.webp\"\/><\/p>\n<h3>Lagerhaus f\u00fcr Formen<\/h3>\n<p><img decoding=\"async\" src=\"\/wp-content\/uploads\/factory-04.webp\"\/><\/p>\n<h3>43 Aluminium-Strangpressanlagen (500-5500 Tonnen)<\/h3>\n<p><img decoding=\"async\" src=\"\/wp-content\/uploads\/factory-05.webp\"\/><\/p>\n<p><img decoding=\"async\" src=\"\/wp-content\/uploads\/factory-06.webp\"\/><\/p>\n<p><img decoding=\"async\" src=\"\/wp-content\/uploads\/factory-07.webp\"\/><\/p>\n<h3>Werkstatt f\u00fcr Pulverbeschichtung<\/h3>\n<p><img decoding=\"async\" src=\"\/wp-content\/uploads\/factory-09.webp\"\/><\/p>\n<h3>Eloxal-Werkstatt<\/h3>\n<p><img decoding=\"async\" src=\"\/wp-content\/uploads\/factory-10.webp\"\/><\/p>\n<h3>Workshop zur Tiefenverarbeitung<\/h3>\n<p><img decoding=\"async\" src=\"\/wp-content\/uploads\/factory-11.webp\"\/><\/p>\n<h3>CNC-Pr\u00e4zisionsbearbeitungswerkstatt<\/h3>\n<p><img decoding=\"async\" src=\"\/wp-content\/uploads\/factory-11.5.webp\"\/><\/p>\n<h3>Lager f\u00fcr Fertigprodukte und Export<\/h3>\n<p><img decoding=\"async\" src=\"\/wp-content\/uploads\/factory-12.webp\"\/><\/p>\n<p><img decoding=\"async\" src=\"\/wp-content\/uploads\/factory-13.webp\"\/><\/p>\n<p><img decoding=\"async\" src=\"\/wp-content\/uploads\/factory-14.webp\"\/><\/p>\n<h2>FAQ<\/h2>\n<p><p><b>1. was ist ein stranggepresstes Aluminiumprofil mit Holzmaserung f\u00fcr die Architektur?<\/b><\/p>\n<p>Es handelt sich um ein Aluminium-Strangpressprofil f\u00fcr architektonische Anwendungen mit einer Holzmaserung, die Haltbarkeit mit der \u00c4sthetik von nat\u00fcrlichem Holz verbindet.<br \/>\n<\/p><br \/>\n<br \/>\n<p><b>2) Was sind die Hauptvorteile von stranggepressten Aluminiumprofilen mit Holzmaserung?<\/b><\/p>\n<p>Sie bieten eine ausgezeichnete Korrosionsbest\u00e4ndigkeit, leichte Festigkeit, geringen Wartungsaufwand und eine realistische Holzstruktur, die sowohl f\u00fcr den Innen- als auch f\u00fcr den Au\u00dfenbereich geeignet ist.<br \/>\n<\/p><br \/>\n<br \/>\n<p><b>3 Warum sollte man sich in der Architektur f\u00fcr Aluminiumprofile mit Holzmaserung und nicht f\u00fcr Echtholz entscheiden?<\/b><\/p>\n<p>Aluminiumprofile sind resistent gegen F\u00e4ulnis, Insekten, Feuchtigkeit und Verformung und sorgen f\u00fcr eine l\u00e4ngere Lebensdauer und leichtere Pflege, wobei die nat\u00fcrliche Holz\u00e4sthetik erhalten bleibt.<br \/>\n<\/p><br \/>\n<br \/>\n<p><b>4. kann die Holzmaserung von stranggepressten Aluminiumprofilen angepasst werden?<\/b><\/p>\n<p>Ja, sie k\u00f6nnen in Bezug auf Gr\u00f6\u00dfe, Form, Holzmaserung, Farbe und Oberfl\u00e4che individuell angepasst werden, um bestimmte architektonische und strukturelle Anforderungen zu erf\u00fcllen.<br \/>\n<\/p><br \/>\n<br \/>\n<p><b>5. wie wertet die Holzmaserung architektonische Aluminiumprofile auf?<\/b><\/p>\n<p>Das Finish sorgt f\u00fcr eine authentische Holzoptik und -struktur, w\u00e4hrend die Festigkeit, Wetterbest\u00e4ndigkeit und das geringe Gewicht des Aluminiums erhalten bleiben.<br \/>\n<\/p><br \/>\n<br \/>\n<p><b>6) Sind Aluminiumprofile mit Holzmaserung f\u00fcr architektonische Au\u00dfenanwendungen geeignet?<\/b><\/p>\n<p>Ja, sie widerstehen UV-Strahlung, Feuchtigkeit und rauer Witterung und sind daher ideal f\u00fcr Fassaden, Verkleidungen und dekorative Elemente.<br \/>\n<\/p><br \/>\n<br \/>\n<p><b>7) In welchen Branchen werden stranggepresste Aluminiumprofile mit Holzmaserung h\u00e4ufig verwendet?<\/b><\/p>\n<p>Im Bauwesen, in der Architektur, in der Innenarchitektur und im Gewerbebau werden diese Profile wegen ihrer Kombination aus Haltbarkeit und \u00c4sthetik eingesetzt.<br \/>\n<\/p><br \/>\n<br \/>\n<p><b>8. wie unterst\u00fctzen Aluminiumprofile mit Holzmaserung eine nachhaltige Architektur?<\/b><\/p>\n<p>Aluminium ist vollst\u00e4ndig recycelbar, und Holzmaserungen sind eine umweltfreundliche Alternative zu Holz und verringern die Umweltbelastung und die Abholzung von W\u00e4ldern.<br \/>\n<\/p><br \/><\/p>","protected":false},"featured_media":6572,"template":"","categories":[65],"class_list":["post-6573","product","type-product","status-publish","has-post-thumbnail","hentry","category-wooden-grained-aluminum-profile"],"meta_box":{"hilight_text_group":{"product_hilight_text":"<li>Wood grain finish combines natural aesthetics with durable aluminum strength<\/li>\r\r\n<li>Precision extrusion ensures consistent quality and dimensions<\/li>\r\r\n<li>Corrosion-resistant surface ideal for architectural applications<\/li>\r\r\n<li>Lightweight design reduces installation time and structural load<\/li>\r\r\n<li>Supports custom sizes, finishes, and bulk orders for large projects<\/li>","product_chanpin_blog":"<ul>\r\r\n<li><a href=\"https:\/\/sinoextrud.com\/t-slot-v-slot-differences\/\" target=\"_blank\">t slot vs v slot<\/a><\/li>\r\r\n<li><a href=\"https:\/\/sinoextrud.com\/what-is-4040-aluminium-extrud\/\" target=\"_blank\">4040 aluminium extrusion<\/a><\/li>\r\r\n<li><a href=\"https:\/\/sinoextrud.com\/what-is-4040-aluminium-extrud\/\" target=\"_blank\">aluminum extrusions for industrial racks<\/a><\/li>\r\r\n<li><a href=\"https:\/\/sinoextrud.com\/powder-coating-aluminium-process\/\" target=\"_blank\">powder coating aluminium<\/a><\/li>\r\r\n<li><a href=\"https:\/\/sinoextrud.com\/what-is-an-aluminium-strip-ceiling\/\" target=\"_blank\">aluminium strip ceiling<\/a><\/li>\r\r\n<li><a href=\"https:\/\/sinoextrud.com\/what-is-a-heat-sink\/\" target=\"_blank\">what is a heat sink<\/a><\/li>\r\r\n<\/ul>","product_chanpin_chanpin":"<li><a href=\"https:\/\/sinoextrud.com\/product\/commercial-handrail-systems\/\" target=\"_blank\">Commercial Handrail Systems<\/a><\/li>\r\n<li><a href=\"https:\/\/sinoextrud.com\/product\/extruded-aluminum-wood-grain-tube-profile\/\" target=\"_blank\">Extruded Aluminum Wood Grain Tube Profile<\/a><\/li>\r\n<li><a href=\"https:\/\/sinoextrud.com\/product\/wood-grain-aluminum-box-section\/\" target=\"_blank\">Wood Grain Aluminum Box Section<\/a><\/li>\r\n<li><a href=\"https:\/\/sinoextrud.com\/product\/wood-grain-false-ceiling-aluminium-profiles\/\" target=\"_blank\">Wood Grain False Ceiling Aluminium Profiles<\/a><\/li>\r\n<li><a href=\"https:\/\/sinoextrud.com\/product\/wood-grain-finish-extruded-architectural-use-aluminium-profile\/\" target=\"_blank\">Wood grain finish extruded architectural use aluminium profile<\/a><\/li>\r\n<li><a href=\"https:\/\/sinoextrud.com\/product\/wood-grain-aluminium-extrusion-profile-for-furnitures-decoration\/\" target=\"_blank\">Wood Grain Aluminium Extrusion Profile for Furnitures Decoration<\/a><\/li>\r\n<li><a href=\"https:\/\/sinoextrud.com\/product\/wood-grain-finish-aluminium-profiles\/\" target=\"_blank\">Wood Grain Finish Aluminium Profiles<\/a><\/li>\r\n<li><a href=\"https:\/\/sinoextrud.com\/product\/hot-selling-high-quality-powder-coating-wood-grain-single-sided-aluminum-plate\/\" target=\"_blank\">Hot Selling High-quality Powder Coating Wood Grain Single-sided Aluminum Plate<\/a><\/li>\r\n<li><a href=\"https:\/\/sinoextrud.com\/product\/anodized-extrusion-precise-round-square-aluminum-tube\/\" target=\"_blank\">Anodized Extrusion Precise Round Square Aluminum Tube<\/a><\/li>\r\n<li><a href=\"https:\/\/sinoextrud.com\/product\/sell-well-window-and-door-aluminium-profile\/\" target=\"_blank\">Sell Well Window And Door Aluminium Profile<\/a><\/li>\r\n<li><a href=\"https:\/\/sinoextrud.com\/product\/custom-aluminum-fluorocarbon-wood-grain-fence\/\" target=\"_blank\">Custom Aluminum Fluorocarbon Wood Grain Fence<\/a><\/li>"},"feature_list":[]},"_links":{"self":[{"href":"https:\/\/sinoextrud.com\/de\/wp-json\/wp\/v2\/product\/6573","targetHints":{"allow":["GET"]}}],"collection":[{"href":"https:\/\/sinoextrud.com\/de\/wp-json\/wp\/v2\/product"}],"about":[{"href":"https:\/\/sinoextrud.com\/de\/wp-json\/wp\/v2\/types\/product"}],"wp:featuredmedia":[{"embeddable":true,"href":"https:\/\/sinoextrud.com\/de\/wp-json\/wp\/v2\/media\/6572"}],"wp:attachment":[{"href":"https:\/\/sinoextrud.com\/de\/wp-json\/wp\/v2\/media?parent=6573"}],"wp:term":[{"taxonomy":"category","embeddable":true,"href":"https:\/\/sinoextrud.com\/de\/wp-json\/wp\/v2\/categories?post=6573"}],"curies":[{"name":"wp","href":"https:\/\/api.w.org\/{rel}","templated":true}]}}