{"id":6563,"date":"2025-05-29T08:57:28","date_gmt":"2025-05-29T08:57:28","guid":{"rendered":"https:\/\/sinoextrud.com\/product\/3d-wood-grain-aluminium-battens\/"},"modified":"2025-06-24T06:11:10","modified_gmt":"2025-06-24T06:11:10","slug":"3d-holzmaserung-aluminium-latten","status":"publish","type":"product","link":"https:\/\/sinoextrud.com\/de\/product\/3d-wood-grain-aluminium-battens\/","title":{"rendered":"3D Holzmaserung Aluminium Leisten"},"content":{"rendered":"<h2>Produkte Details<\/h2>\n<table class=\"custom-table\">\n<tr>\n<td class=\"label\">Produktname<\/td>\n<td>3D Holzmaserung Aluminium Leisten<\/td>\n<\/tr>\n<tr>\n<td class=\"label\">Aluminium-Legierung<\/td>\n<td>Serie 1000, Serie 200, Serie 3000, Serie 5000, Serie 6000, Serie 7000<\/td>\n<\/tr>\n<tr>\n<td class=\"label\">Temperament<\/td>\n<td>T3-T8<\/td>\n<\/tr>\n<tr>\n<td class=\"label\">Garantie<\/td>\n<td>Outdoor-Wetterbest\u00e4ndigkeit Holzmaserung, Aksu und Menphis Holzmaserung, importierte Verwitterung Holzmaserung, 10-Jahres-Garantie, 15-Jahres-Garantie Outdoor-Holzmaserung mit hoher Wetterbest\u00e4ndigkeit.<\/td>\n<\/tr>\n<tr>\n<td class=\"label\">Form<\/td>\n<td>Personalisierung<\/td>\n<\/tr>\n<tr>\n<td class=\"label\">Farbe<\/td>\n<td>Personalisierung<\/td>\n<\/tr>\n<tr>\n<td class=\"label\">Oberfl\u00e4chenbehandlung<\/td>\n<td>walzblank, eloxiert, Holzmaserung, Pulverbeschichtung, Sandstrahlen, Elektrophorese, geb\u00fcrstet, poliert, etc.<\/td>\n<\/tr>\n<tr>\n<td class=\"label\">CNC-Tiefenbearbeitung<\/td>\n<td>Schneiden, Bohren, Zerspanen, Stanzen, Biegen, Gewindeschneiden und so weiter<\/td>\n<\/tr>\n<tr>\n<td class=\"label\">Zertifizierungen<\/td>\n<td>CE, ISO, SGS, TUV, ROHS<\/td>\n<\/tr>\n<tr>\n<td class=\"label\">Proben<\/td>\n<td>kostenlose Probe. 1-3 Tage an Sie geliefert.<\/td>\n<\/tr>\n<tr>\n<td class=\"label\">MOQ<\/td>\n<td>200KG f\u00fcr jedes Profil<\/td>\n<\/tr>\n<tr>\n<td class=\"label\">Lieferfrist<\/td>\n<td>Die Entwicklung der Form und die Erstellung des Musters dauern 12-15 Tage, die Produktion dauert 15-25 Tage nach Eingang der Anzahlung des K\u00e4ufers.<\/td>\n<\/tr>\n<tr>\n<td class=\"label\">Zahlungsbedingungen<\/td>\n<td>30% Anzahlung vor der Produktion, und der Restbetrag vor dem Versand.<br \/>usw.<\/td>\n<\/tr>\n<\/table>\n<h2>Unsere Produktionsbasis<\/h2>\n<h3>Fabrik-Panorama<\/h3>\n<p><img decoding=\"async\" src=\"\/wp-content\/uploads\/factory-01.webp\"\/><\/p>\n<h3>Werkstatt zur Herstellung von Aluminiumstangen<\/h3>\n<p><img decoding=\"async\" src=\"\/wp-content\/uploads\/factory-02.webp\"\/><\/p>\n<p><img decoding=\"async\" src=\"\/wp-content\/uploads\/factory-03.webp\"\/><\/p>\n<h3>Lagerhaus f\u00fcr Formen<\/h3>\n<p><img decoding=\"async\" src=\"\/wp-content\/uploads\/factory-04.webp\"\/><\/p>\n<h3>43 Aluminium-Strangpressanlagen (500-5500 Tonnen)<\/h3>\n<p><img decoding=\"async\" src=\"\/wp-content\/uploads\/factory-05.webp\"\/><\/p>\n<p><img decoding=\"async\" src=\"\/wp-content\/uploads\/factory-06.webp\"\/><\/p>\n<p><img decoding=\"async\" src=\"\/wp-content\/uploads\/factory-07.webp\"\/><\/p>\n<h3>Werkstatt f\u00fcr Pulverbeschichtung<\/h3>\n<p><img decoding=\"async\" src=\"\/wp-content\/uploads\/factory-09.webp\"\/><\/p>\n<h3>Eloxal-Werkstatt<\/h3>\n<p><img decoding=\"async\" src=\"\/wp-content\/uploads\/factory-10.webp\"\/><\/p>\n<h3>Workshop zur Tiefenverarbeitung<\/h3>\n<p><img decoding=\"async\" src=\"\/wp-content\/uploads\/factory-11.webp\"\/><\/p>\n<h3>CNC-Pr\u00e4zisionsbearbeitungswerkstatt<\/h3>\n<p><img decoding=\"async\" src=\"\/wp-content\/uploads\/factory-11.5.webp\"\/><\/p>\n<h3>Lager f\u00fcr Fertigprodukte und Export<\/h3>\n<p><img decoding=\"async\" src=\"\/wp-content\/uploads\/factory-12.webp\"\/><\/p>\n<p><img decoding=\"async\" src=\"\/wp-content\/uploads\/factory-13.webp\"\/><\/p>\n<p><img decoding=\"async\" src=\"\/wp-content\/uploads\/factory-14.webp\"\/><\/p>\n<h2>FAQ<\/h2>\n<p><p><b>1. was sind 3D-Aluminiumleisten mit Holzmaserung?<\/b><\/p>\n<p>3D-Aluminiumleisten mit Holzmaserung sind Aluminiumstreifen mit einer dreidimensionalen Holzmaserung, die das Aussehen und die Haptik von nat\u00fcrlichem Holz f\u00fcr dekorative und architektonische Zwecke nachahmen.<br \/>\n<\/p><br \/>\n<br \/>\n<p><b>2) Was sind die Hauptvorteile von 3D-Aluminiumlatten mit Holzmaserung?<\/b><\/p>\n<p>Sie bieten eine verbesserte \u00c4sthetik mit realistischer Holzstruktur, ausgezeichnete Korrosionsbest\u00e4ndigkeit, leichte Festigkeit und geringen Wartungsbedarf.<br \/>\n<\/p><br \/>\n<br \/>\n<p><b>3. warum 3D-Holzmaserungen aus Aluminium im Vergleich zu Naturholz?<\/b><\/p>\n<p>Aluminiumlatten sind f\u00e4ulnis-, insekten-, feuchtigkeits- und witterungsbest\u00e4ndig und sorgen f\u00fcr eine l\u00e4ngere Haltbarkeit und einfachere Pflege, w\u00e4hrend sie gleichzeitig eine authentische Holzoptik bieten.<br \/>\n<\/p><br \/>\n<br \/>\n<p><b>4. k\u00f6nnen 3D-Holzmaserungslatten aus Aluminium individuell angepasst werden?<\/b><\/p>\n<p>Ja, sie k\u00f6nnen in Gr\u00f6\u00dfe, Farbe, Maserung, Oberfl\u00e4che und L\u00e4nge individuell angepasst werden, um spezielle Design- und Architekturanforderungen zu erf\u00fcllen.<br \/>\n<\/p><br \/>\n<br \/>\n<p><b>5. wie verbessert die 3D-Holzmaserung die Aluminiumlatten?<\/b><\/p>\n<p>Die 3D-Textur verleiht der Holzmaserung mehr Tiefe und Realismus, wodurch die visuelle Wirkung verst\u00e4rkt wird, w\u00e4hrend die Haltbarkeit und Wetterbest\u00e4ndigkeit des Aluminiums erhalten bleibt.<br \/>\n<\/p><br \/>\n<br \/>\n<p><b>6. sind 3D-Aluminiumlatten mit Holzmaserung f\u00fcr Au\u00dfenanwendungen geeignet?<\/b><\/p>\n<p>Ja, sie sind so konstruiert, dass sie UV-Strahlung, Feuchtigkeit und Temperaturschwankungen standhalten, was sie ideal f\u00fcr Au\u00dfenverkleidungen, Sichtschutz und Landschaftsgestaltung macht.<br \/>\n<\/p><br \/>\n<br \/>\n<p><b>7. in welchen Branchen werden 3D-Aluminiumleisten mit Holzmaserung verwendet?<\/b><\/p>\n<p>Bauunternehmen, Innenarchitekten, Landschaftsgestalter und Architekten verwenden diese Latten wegen ihrer Kombination aus nat\u00fcrlicher \u00c4sthetik und dauerhafter Leistung.<br \/>\n<\/p><br \/>\n<br \/>\n<p><b>8. wie unterst\u00fctzen 3D-Aluminiumleisten mit Holzmaserung nachhaltiges Design?<\/b><\/p>\n<p>Aluminium ist vollst\u00e4ndig recycelbar, und 3D-Holzmaserungen sind eine umweltfreundliche Alternative zu Holz und verringern die Umweltbelastung und die Abholzung von W\u00e4ldern.<br \/>\n<\/p><br \/><\/p>","protected":false},"featured_media":6562,"template":"","categories":[65],"class_list":["post-6563","product","type-product","status-publish","has-post-thumbnail","hentry","category-wooden-grained-aluminum-profile"],"meta_box":{"hilight_text_group":{"product_hilight_text":"<li>3D wood grain texture offers realistic natural wood appearance<\/li>\r\r\n<li>Durable aluminum construction resists weather, rot, and insects<\/li>\r\r\n<li>Lightweight design enables easy installation and handling<\/li>\r\r\n<li>Low maintenance compared to traditional wood battens<\/li>\r\r\n<li>Custom sizes and finishes available to fit architectural needs<\/li>","product_chanpin_blog":"<ul>\r\r\n<li><a href=\"https:\/\/sinoextrud.com\/t-slot-v-slot-differences\/\" target=\"_blank\">t slot vs v slot<\/a><\/li>\r\r\n<li><a href=\"https:\/\/sinoextrud.com\/what-is-4040-aluminium-extrud\/\" target=\"_blank\">4040 aluminium extrusion<\/a><\/li>\r\r\n<li><a href=\"https:\/\/sinoextrud.com\/what-is-4040-aluminium-extrud\/\" target=\"_blank\">aluminum extrusions for industrial racks<\/a><\/li>\r\r\n<li><a href=\"https:\/\/sinoextrud.com\/powder-coating-aluminium-process\/\" target=\"_blank\">powder coating aluminium<\/a><\/li>\r\r\n<li><a href=\"https:\/\/sinoextrud.com\/what-is-an-aluminium-strip-ceiling\/\" target=\"_blank\">aluminium strip ceiling<\/a><\/li>\r\r\n<li><a href=\"https:\/\/sinoextrud.com\/what-is-a-heat-sink\/\" target=\"_blank\">what is a heat sink<\/a><\/li>\r\r\n<\/ul>","product_chanpin_chanpin":"<li><a href=\"https:\/\/sinoextrud.com\/product\/natural-wood-grain-aluminium-square-tube\/\" target=\"_blank\">Natural Wood Grain Aluminium Square Tube<\/a><\/li>\r\n<li><a href=\"https:\/\/sinoextrud.com\/product\/wood-look-aluminium-cladding\/\" target=\"_blank\">Wood Look Aluminium Cladding<\/a><\/li>\r\n<li><a href=\"https:\/\/sinoextrud.com\/product\/wood-look-aluminium-battens\/\" target=\"_blank\">Wood Look Aluminium Battens<\/a><\/li>\r\n<li><a href=\"https:\/\/sinoextrud.com\/product\/wood-finish-aluminum-tube\/\" target=\"_blank\">Wood Finish Aluminum Tube<\/a><\/li>\r\n<li><a href=\"https:\/\/sinoextrud.com\/product\/3d-wood-grain-aluminium-battens\/\" target=\"_blank\">3D Wood Grain Aluminium Battens<\/a><\/li>\r\n<li><a href=\"https:\/\/sinoextrud.com\/product\/commercial-handrail-systems\/\" target=\"_blank\">Commercial Handrail Systems<\/a><\/li>\r\n<li><a href=\"https:\/\/sinoextrud.com\/product\/extruded-aluminum-wood-grain-tube-profile\/\" target=\"_blank\">Extruded Aluminum Wood Grain Tube Profile<\/a><\/li>\r\n<li><a href=\"https:\/\/sinoextrud.com\/product\/wood-grain-aluminum-box-section\/\" target=\"_blank\">Wood Grain Aluminum Box Section<\/a><\/li>\r\n<li><a href=\"https:\/\/sinoextrud.com\/product\/wood-grain-false-ceiling-aluminium-profiles\/\" target=\"_blank\">Wood Grain False Ceiling Aluminium Profiles<\/a><\/li>\r\n<li><a href=\"https:\/\/sinoextrud.com\/product\/anodized-aluminium-profiles\/\" target=\"_blank\">Anodized Aluminium Profiles<\/a><\/li>\r\n<li><a href=\"https:\/\/sinoextrud.com\/product\/hard-anodized-aluminum-profile\/\" target=\"_blank\">Hard Anodized Aluminum Profile<\/a><\/li>"},"feature_list":[]},"_links":{"self":[{"href":"https:\/\/sinoextrud.com\/de\/wp-json\/wp\/v2\/product\/6563","targetHints":{"allow":["GET"]}}],"collection":[{"href":"https:\/\/sinoextrud.com\/de\/wp-json\/wp\/v2\/product"}],"about":[{"href":"https:\/\/sinoextrud.com\/de\/wp-json\/wp\/v2\/types\/product"}],"wp:featuredmedia":[{"embeddable":true,"href":"https:\/\/sinoextrud.com\/de\/wp-json\/wp\/v2\/media\/6562"}],"wp:attachment":[{"href":"https:\/\/sinoextrud.com\/de\/wp-json\/wp\/v2\/media?parent=6563"}],"wp:term":[{"taxonomy":"category","embeddable":true,"href":"https:\/\/sinoextrud.com\/de\/wp-json\/wp\/v2\/categories?post=6563"}],"curies":[{"name":"wp","href":"https:\/\/api.w.org\/{rel}","templated":true}]}}