{"id":6559,"date":"2025-05-29T08:51:23","date_gmt":"2025-05-29T08:51:23","guid":{"rendered":"https:\/\/sinoextrud.com\/product\/wood-look-aluminium-battens\/"},"modified":"2025-06-24T06:11:09","modified_gmt":"2025-06-24T06:11:09","slug":"aluminiumlatten-in-holzoptik","status":"publish","type":"product","link":"https:\/\/sinoextrud.com\/de\/product\/wood-look-aluminium-battens\/","title":{"rendered":"Aluminium-Latten in Holzoptik"},"content":{"rendered":"<h2>Produkte Details<\/h2>\n<table class=\"custom-table\">\n<tr>\n<td class=\"label\">Titel<\/td>\n<td>Aluminium-Latten in Holzoptik<\/td>\n<\/tr>\n<tr>\n<td class=\"label\">Material<\/td>\n<td>Aluminiumlegierung<\/td>\n<\/tr>\n<tr>\n<td class=\"label\">Oberfl\u00e4chenbehandlung und Garantie<\/td>\n<td>gew\u00f6hnliche Holzmaserungslackierung (10 Jahre), AKSU-Spezialholzmaserungslackierung (15 Jahre)<\/td>\n<\/tr>\n<tr>\n<td class=\"label\">Breite<\/td>\n<td>in der Regel 2 Zoll (ca. 5 cm), 3 Zoll (ca. 7,6 cm) oder 4 Zoll (ca. 10 cm). akzeptiert kundenspezifische Bestellungen.<\/td>\n<\/tr>\n<tr>\n<td class=\"label\">L\u00e4nge<\/td>\n<td>typischerweise 10 Fu\u00df (ca. 3 Meter) oder 12 Fu\u00df (ca. 3,6 Meter). nehmen Sonderbestellungen an.<\/td>\n<\/tr>\n<tr>\n<td class=\"label\">Dicke<\/td>\n<td>in der Regel 0,02 Zoll (ca. 0,5 mm) bis 0,08 Zoll (ca. 2 mm). akzeptiert kundenspezifische Bestellungen.<\/td>\n<\/tr>\n<tr>\n<td class=\"label\">Farbe<\/td>\n<td>nat\u00fcrliche, klare, realistische Holzimitation, wie z. B. Holzoptik, Mahagonioptik, Kirschholzoptik, Walnussoptik, usw.<\/td>\n<\/tr>\n<tr>\n<td class=\"label\">Einbauverfahren<\/td>\n<td>Zu den \u00fcblichen Installationsmethoden geh\u00f6ren Schrauben, Haken usw.<\/td>\n<\/tr>\n<\/table>\n<h2>Unsere Produktionsbasis<\/h2>\n<h3>Fabrik-Panorama<\/h3>\n<p><img decoding=\"async\" src=\"\/wp-content\/uploads\/factory-01.webp\"\/><\/p>\n<h3>Werkstatt zur Herstellung von Aluminiumstangen<\/h3>\n<p><img decoding=\"async\" src=\"\/wp-content\/uploads\/factory-02.webp\"\/><\/p>\n<p><img decoding=\"async\" src=\"\/wp-content\/uploads\/factory-03.webp\"\/><\/p>\n<h3>Lagerhaus f\u00fcr Formen<\/h3>\n<p><img decoding=\"async\" src=\"\/wp-content\/uploads\/factory-04.webp\"\/><\/p>\n<h3>43 Aluminium-Strangpressanlagen (500-5500 Tonnen)<\/h3>\n<p><img decoding=\"async\" src=\"\/wp-content\/uploads\/factory-05.webp\"\/><\/p>\n<p><img decoding=\"async\" src=\"\/wp-content\/uploads\/factory-06.webp\"\/><\/p>\n<p><img decoding=\"async\" src=\"\/wp-content\/uploads\/factory-07.webp\"\/><\/p>\n<h3>Werkstatt f\u00fcr Pulverbeschichtung<\/h3>\n<p><img decoding=\"async\" src=\"\/wp-content\/uploads\/factory-09.webp\"\/><\/p>\n<h3>Eloxal-Werkstatt<\/h3>\n<p><img decoding=\"async\" src=\"\/wp-content\/uploads\/factory-10.webp\"\/><\/p>\n<h3>Workshop zur Tiefenverarbeitung<\/h3>\n<p><img decoding=\"async\" src=\"\/wp-content\/uploads\/factory-11.webp\"\/><\/p>\n<h3>CNC-Pr\u00e4zisionsbearbeitungswerkstatt<\/h3>\n<p><img decoding=\"async\" src=\"\/wp-content\/uploads\/factory-11.5.webp\"\/><\/p>\n<h3>Lager f\u00fcr Fertigprodukte und Export<\/h3>\n<p><img decoding=\"async\" src=\"\/wp-content\/uploads\/factory-12.webp\"\/><\/p>\n<p><img decoding=\"async\" src=\"\/wp-content\/uploads\/factory-13.webp\"\/><\/p>\n<p><img decoding=\"async\" src=\"\/wp-content\/uploads\/factory-14.webp\"\/><\/p>\n<h2>FAQ<\/h2>\n<p><p><b>1. was sind Aluminiumlatten in Holzoptik?<\/b><\/p>\n<p>Aluminiumleisten in Holzoptik sind Aluminiumstreifen mit einer Oberfl\u00e4che, die die nat\u00fcrliche Holzmaserung nachahmt und f\u00fcr dekorative Verkleidungen und architektonische Details verwendet wird.<br \/>\n<\/p><br \/>\n<br \/>\n<p><b>2) Was sind die wichtigsten Vorteile von Aluminiumlatten in Holzoptik?<\/b><\/p>\n<p>Sie bieten eine hervorragende Korrosionsbest\u00e4ndigkeit, leichte Festigkeit, geringen Wartungsaufwand und ein realistisches Holzbild, das sich sowohl f\u00fcr Innen- als auch f\u00fcr Au\u00dfenanwendungen eignet.<br \/>\n<\/p><br \/>\n<br \/>\n<p><b>3. warum sollte man sich f\u00fcr Aluminiumlatten in Holzoptik und nicht f\u00fcr echtes Holz entscheiden?<\/b><\/p>\n<p>Aluminiumlatten sind resistent gegen F\u00e4ulnis, Insekten, Verformung und Witterungseinfl\u00fcsse und bieten eine l\u00e4ngere Lebensdauer und geringeren Wartungsaufwand, w\u00e4hrend sie gleichzeitig ein nat\u00fcrliches Holzaussehen bewahren.<br \/>\n<\/p><br \/>\n<br \/>\n<p><b>4. k\u00f6nnen Aluminiumlatten in Holzoptik individuell angepasst werden?<\/b><\/p>\n<p>Ja, sie k\u00f6nnen in Gr\u00f6\u00dfe, Farbe, Holzmaserung, Oberfl\u00e4che und L\u00e4nge individuell angepasst werden, um spezifische Design- und Architekturanforderungen zu erf\u00fcllen.<br \/>\n<\/p><br \/>\n<br \/>\n<p><b>5. wie verbessert die Holzoptik die Aluminiumlatten?<\/b><\/p>\n<p>Das Finish sorgt f\u00fcr eine authentische Holz\u00e4sthetik, w\u00e4hrend die Haltbarkeit, Wetterbest\u00e4ndigkeit und Reinigungsfreundlichkeit von Aluminium erhalten bleiben.<br \/>\n<\/p><br \/>\n<br \/>\n<p><b>6) Sind Aluminiumlatten in Holzoptik f\u00fcr die Verwendung im Freien geeignet?<\/b><\/p>\n<p>Ja, sie sind so konstruiert, dass sie UV-Strahlen, Feuchtigkeit und Temperaturschwankungen standhalten, was sie ideal f\u00fcr Au\u00dfenverkleidungen und Sichtschutz macht.<br \/>\n<\/p><br \/>\n<br \/>\n<p><b>7. in welchen Branchen werden \u00fcblicherweise Aluminiumlatten in Holzoptik verwendet?<\/b><\/p>\n<p>Bau-, Landschaftsbau-, Innenarchitektur- und Architekturb\u00fcros verwenden diese Latten wegen ihrer Kombination aus Sch\u00f6nheit und Leistung.<br \/>\n<\/p><br \/>\n<br \/>\n<p><b>8. wie unterst\u00fctzen Aluminiumlatten in Holzoptik nachhaltiges Design?<\/b><\/p>\n<p>Aluminium ist vollst\u00e4ndig recycelbar, und Oberfl\u00e4chen in Holzoptik sind eine umweltfreundliche Alternative zu Holz, die die Umweltbelastung und die Abholzung von W\u00e4ldern verringert.<br \/>\n<\/p><br \/><\/p>","protected":false},"featured_media":6558,"template":"","categories":[65],"class_list":["post-6559","product","type-product","status-publish","has-post-thumbnail","hentry","category-wooden-grained-aluminum-profile"],"meta_box":{"hilight_text_group":{"product_hilight_text":"<li>Wood look finish offers natural aesthetic with durable aluminum strength<\/li>\r\r\n<li>Resistant to weather, rot, insects, and requires minimal maintenance<\/li>\r\r\n<li>Lightweight design facilitates easy handling and installation<\/li>\r\r\n<li>Ideal for architectural and decorative applications in indoor and outdoor spaces<\/li>\r\r\n<li>Custom sizes and finishes available to suit project requirements<\/li>","product_chanpin_blog":"<ul>\r\r\n<li><a href=\"https:\/\/sinoextrud.com\/t-slot-v-slot-differences\/\" target=\"_blank\">t slot vs v slot<\/a><\/li>\r\r\n<li><a href=\"https:\/\/sinoextrud.com\/what-is-4040-aluminium-extrud\/\" target=\"_blank\">4040 aluminium extrusion<\/a><\/li>\r\r\n<li><a href=\"https:\/\/sinoextrud.com\/what-is-4040-aluminium-extrud\/\" target=\"_blank\">aluminum extrusions for industrial racks<\/a><\/li>\r\r\n<li><a href=\"https:\/\/sinoextrud.com\/powder-coating-aluminium-process\/\" target=\"_blank\">powder coating aluminium<\/a><\/li>\r\r\n<li><a href=\"https:\/\/sinoextrud.com\/what-is-an-aluminium-strip-ceiling\/\" target=\"_blank\">aluminium strip ceiling<\/a><\/li>\r\r\n<li><a href=\"https:\/\/sinoextrud.com\/what-is-a-heat-sink\/\" target=\"_blank\">what is a heat sink<\/a><\/li>\r\r\n<\/ul>","product_chanpin_chanpin":"<li><a href=\"https:\/\/sinoextrud.com\/product\/wood-look-aluminum-soffit\/\" target=\"_blank\">Wood Look Aluminum Soffit<\/a><\/li>\r\n<li><a href=\"https:\/\/sinoextrud.com\/product\/wood-look-aluminium-slats\/\" target=\"_blank\">Wood Look Aluminium Slats<\/a><\/li>\r\n<li><a href=\"https:\/\/sinoextrud.com\/product\/natural-wood-grain-aluminium-square-tube\/\" target=\"_blank\">Natural Wood Grain Aluminium Square Tube<\/a><\/li>\r\n<li><a href=\"https:\/\/sinoextrud.com\/product\/wood-look-aluminium-cladding\/\" target=\"_blank\">Wood Look Aluminium Cladding<\/a><\/li>\r\n<li><a href=\"https:\/\/sinoextrud.com\/product\/wood-look-aluminium-battens\/\" target=\"_blank\">Wood Look Aluminium Battens<\/a><\/li>\r\n<li><a href=\"https:\/\/sinoextrud.com\/product\/wood-finish-aluminum-tube\/\" target=\"_blank\">Wood Finish Aluminum Tube<\/a><\/li>\r\n<li><a href=\"https:\/\/sinoextrud.com\/product\/3d-wood-grain-aluminium-battens\/\" target=\"_blank\">3D Wood Grain Aluminium Battens<\/a><\/li>\r\n<li><a href=\"https:\/\/sinoextrud.com\/product\/commercial-handrail-systems\/\" target=\"_blank\">Commercial Handrail Systems<\/a><\/li>\r\n<li><a href=\"https:\/\/sinoextrud.com\/product\/extruded-aluminum-wood-grain-tube-profile\/\" target=\"_blank\">Extruded Aluminum Wood Grain Tube Profile<\/a><\/li>\r\n<li><a href=\"https:\/\/sinoextrud.com\/product\/extruded-aluminum-tubing-shapes-supplier\/\" target=\"_blank\">Extruded Aluminum Tubing Shapes Supplier<\/a><\/li>\r\n<li><a href=\"https:\/\/sinoextrud.com\/product\/40x40-aluminium-extrusion\/\" target=\"_blank\">40\u00c3\u201440 Aluminium Extrusion<\/a><\/li>"},"feature_list":[]},"_links":{"self":[{"href":"https:\/\/sinoextrud.com\/de\/wp-json\/wp\/v2\/product\/6559","targetHints":{"allow":["GET"]}}],"collection":[{"href":"https:\/\/sinoextrud.com\/de\/wp-json\/wp\/v2\/product"}],"about":[{"href":"https:\/\/sinoextrud.com\/de\/wp-json\/wp\/v2\/types\/product"}],"wp:featuredmedia":[{"embeddable":true,"href":"https:\/\/sinoextrud.com\/de\/wp-json\/wp\/v2\/media\/6558"}],"wp:attachment":[{"href":"https:\/\/sinoextrud.com\/de\/wp-json\/wp\/v2\/media?parent=6559"}],"wp:term":[{"taxonomy":"category","embeddable":true,"href":"https:\/\/sinoextrud.com\/de\/wp-json\/wp\/v2\/categories?post=6559"}],"curies":[{"name":"wp","href":"https:\/\/api.w.org\/{rel}","templated":true}]}}