{"id":6557,"date":"2025-05-29T08:48:43","date_gmt":"2025-05-29T08:48:43","guid":{"rendered":"https:\/\/sinoextrud.com\/product\/wood-look-aluminium-cladding\/"},"modified":"2025-06-24T06:11:09","modified_gmt":"2025-06-24T06:11:09","slug":"aluminium-verkleidung-in-holzoptik","status":"publish","type":"product","link":"https:\/\/sinoextrud.com\/de\/product\/wood-look-aluminium-cladding\/","title":{"rendered":"Aluminium-Verkleidung in Holzoptik"},"content":{"rendered":"<h2>Produkte Details<\/h2>\n<table class=\"custom-table\">\n<tr>\n<td class=\"label\">Material<\/td>\n<td>Aluminiumlegierung<\/td>\n<\/tr>\n<tr>\n<td class=\"label\">Oberfl\u00e4chenbehandlung und Garantie<\/td>\n<td>gew\u00f6hnliche Holzmaserungslackierung (10 Jahre), AKSU-Spezialholzmaserungslackierung (15 Jahre)<\/td>\n<\/tr>\n<tr>\n<td class=\"label\">Breite<\/td>\n<td>typischerweise 6 Zoll (ca. 15 cm), akzeptiert kundenspezifische Bestellungen.<\/td>\n<\/tr>\n<tr>\n<td class=\"label\">L\u00e4nge<\/td>\n<td>in der Regel 10 Fu\u00df (ca. 3 Meter) oder 12 Fu\u00df (ca. 3,6 Meter), Sonderanfertigungen sind m\u00f6glich.<\/td>\n<\/tr>\n<tr>\n<td class=\"label\">Dicke<\/td>\n<td>typischerweise 0,02 Zoll (ca. 0,5 mm) bis 0,08 Zoll (ca. 2 mm), Annahme von Sonderbestellungen.<\/td>\n<\/tr>\n<tr>\n<td class=\"label\">Farbe<\/td>\n<td>nat\u00fcrliche, klare, realistische Holzimitation, wie z. B. Holzoptik, Mahagonioptik, Kirschholzoptik, Walnussoptik, usw.<\/td>\n<\/tr>\n<tr>\n<td class=\"label\">Einbauverfahren<\/td>\n<td>G\u00e4ngige Installationsmethoden sind h\u00e4ngend, fest oder steckbar,<\/td>\n<\/tr>\n<\/table>\n<h2>Unsere Produktionsbasis<\/h2>\n<h3>Fabrik-Panorama<\/h3>\n<p><img decoding=\"async\" src=\"\/wp-content\/uploads\/factory-01.webp\"\/><\/p>\n<h3>Werkstatt zur Herstellung von Aluminiumstangen<\/h3>\n<p><img decoding=\"async\" src=\"\/wp-content\/uploads\/factory-02.webp\"\/><\/p>\n<p><img decoding=\"async\" src=\"\/wp-content\/uploads\/factory-03.webp\"\/><\/p>\n<h3>Lagerhaus f\u00fcr Formen<\/h3>\n<p><img decoding=\"async\" src=\"\/wp-content\/uploads\/factory-04.webp\"\/><\/p>\n<h3>43 Aluminium-Strangpressanlagen (500-5500 Tonnen)<\/h3>\n<p><img decoding=\"async\" src=\"\/wp-content\/uploads\/factory-05.webp\"\/><\/p>\n<p><img decoding=\"async\" src=\"\/wp-content\/uploads\/factory-06.webp\"\/><\/p>\n<p><img decoding=\"async\" src=\"\/wp-content\/uploads\/factory-07.webp\"\/><\/p>\n<h3>Werkstatt f\u00fcr Pulverbeschichtung<\/h3>\n<p><img decoding=\"async\" src=\"\/wp-content\/uploads\/factory-09.webp\"\/><\/p>\n<h3>Eloxal-Werkstatt<\/h3>\n<p><img decoding=\"async\" src=\"\/wp-content\/uploads\/factory-10.webp\"\/><\/p>\n<h3>Workshop zur Tiefenverarbeitung<\/h3>\n<p><img decoding=\"async\" src=\"\/wp-content\/uploads\/factory-11.webp\"\/><\/p>\n<h3>CNC-Pr\u00e4zisionsbearbeitungswerkstatt<\/h3>\n<p><img decoding=\"async\" src=\"\/wp-content\/uploads\/factory-11.5.webp\"\/><\/p>\n<h3>Lager f\u00fcr Fertigprodukte und Export<\/h3>\n<p><img decoding=\"async\" src=\"\/wp-content\/uploads\/factory-12.webp\"\/><\/p>\n<p><img decoding=\"async\" src=\"\/wp-content\/uploads\/factory-13.webp\"\/><\/p>\n<p><img decoding=\"async\" src=\"\/wp-content\/uploads\/factory-14.webp\"\/><\/p>\n<h2>FAQ<\/h2>\n<p><p><b>1. was sind Aluminiumverkleidungen in Holzoptik?<\/b><\/p>\n<p>Aluminiumverkleidungen in Holzoptik sind Aluminiumpaneele mit einem Oberfl\u00e4chenfinish, das das nat\u00fcrliche Aussehen von Holz nachahmt und f\u00fcr Au\u00dfen- und Innenfassaden von Geb\u00e4uden verwendet wird.<br \/>\n<\/p><br \/>\n<br \/>\n<p><b>2. was sind die wichtigsten Vorteile von Aluminiumverkleidungen in Holzoptik?<\/b><\/p>\n<p>Es bietet hervorragende Haltbarkeit, Korrosionsbest\u00e4ndigkeit, geringen Wartungsaufwand, leichte Festigkeit und die \u00c4sthetik von Naturholz.<br \/>\n<\/p><br \/>\n<br \/>\n<p><b>3 Warum sollte man sich f\u00fcr Aluminiumverkleidungen in Holzoptik und nicht f\u00fcr traditionelle Holzverkleidungen entscheiden?<\/b><\/p>\n<p>Aluminiumverkleidungen sind f\u00e4ulnis-, insekten-, feuchtigkeits- und witterungsbest\u00e4ndig und damit langlebiger und pflegeleichter als Naturholz.<br \/>\n<\/p><br \/>\n<br \/>\n<p><b>4. k\u00f6nnen Aluminiumverkleidungen in Holzoptik individuell angepasst werden?<\/b><\/p>\n<p>Ja, es kann in Gr\u00f6\u00dfe, Farbe, Holzmaserung, Oberfl\u00e4che und Paneelst\u00e4rke an die jeweiligen architektonischen Gegebenheiten angepasst werden.<br \/>\n<\/p><br \/>\n<br \/>\n<p><b>5. wie kommt die Holzoptik bei Aluminiumverkleidungen zur Geltung?<\/b><\/p>\n<p>Das Finish sorgt f\u00fcr eine realistische Holzstruktur und -farbe, w\u00e4hrend die Festigkeit, Witterungsbest\u00e4ndigkeit und Reinigungsfreundlichkeit des Aluminiums erhalten bleiben.<br \/>\n<\/p><br \/>\n<br \/>\n<p><b>6. sind Aluminiumverkleidungen in Holzoptik f\u00fcr die Verwendung im Freien geeignet?<\/b><\/p>\n<p>Ja, es ist so konzipiert, dass es UV-Strahlung, Feuchtigkeit und rauen Witterungsbedingungen standh\u00e4lt und somit ideal f\u00fcr Au\u00dfenfassaden von Geb\u00e4uden ist.<br \/>\n<\/p><br \/>\n<br \/>\n<p><b>7. in welchen Branchen werden \u00fcblicherweise Aluminiumverkleidungen in Holzoptik verwendet?<\/b><\/p>\n<p>Im Bauwesen, in der Architektur, in der Innenarchitektur und im Gewerbebau werden diese Verkleidungsplatten wegen ihrer Langlebigkeit und nat\u00fcrlichen \u00c4sthetik eingesetzt.<br \/>\n<\/p><br \/>\n<br \/>\n<p><b>8. wie unterst\u00fctzen Aluminiumverkleidungen in Holzoptik nachhaltige Baupraktiken?<\/b><\/p>\n<p>Aluminium ist vollst\u00e4ndig recycelbar, und Oberfl\u00e4chen in Holzoptik bieten eine umweltfreundliche Alternative zu Holz, die die Abholzung von W\u00e4ldern und die Umweltbelastung reduziert.<br \/>\n<\/p><br \/><\/p>","protected":false},"featured_media":6556,"template":"","categories":[65],"class_list":["post-6557","product","type-product","status-publish","has-post-thumbnail","hentry","category-wooden-grained-aluminum-profile"],"meta_box":{"hilight_text_group":{"product_hilight_text":"<li>Wood look finish provides natural warmth with low maintenance benefits<\/li>\r\r\n<li>Durable aluminum cladding resists weather, rot, and insect damage<\/li>\r\r\n<li>Lightweight and easy to install, reducing labor costs<\/li>\r\r\n<li>Corrosion-resistant for long-lasting outdoor performance<\/li>\r\r\n<li>Available in custom sizes, colors, and textures to match design needs<\/li>","product_chanpin_blog":"<ul>\r\r\n<li><a href=\"https:\/\/sinoextrud.com\/t-slot-v-slot-differences\/\" target=\"_blank\">t slot vs v slot<\/a><\/li>\r\r\n<li><a href=\"https:\/\/sinoextrud.com\/what-is-4040-aluminium-extrud\/\" target=\"_blank\">4040 aluminium extrusion<\/a><\/li>\r\r\n<li><a href=\"https:\/\/sinoextrud.com\/what-is-4040-aluminium-extrud\/\" target=\"_blank\">aluminum extrusions for industrial racks<\/a><\/li>\r\r\n<li><a href=\"https:\/\/sinoextrud.com\/powder-coating-aluminium-process\/\" target=\"_blank\">powder coating aluminium<\/a><\/li>\r\r\n<li><a href=\"https:\/\/sinoextrud.com\/what-is-an-aluminium-strip-ceiling\/\" target=\"_blank\">aluminium strip ceiling<\/a><\/li>\r\r\n<li><a href=\"https:\/\/sinoextrud.com\/what-is-a-heat-sink\/\" target=\"_blank\">what is a heat sink<\/a><\/li>\r\r\n<\/ul>","product_chanpin_chanpin":"<li><a href=\"https:\/\/sinoextrud.com\/product\/wood-grain-aluminum-square-hollow-profile\/\" target=\"_blank\">Wood Grain Aluminum Square Hollow Profile<\/a><\/li>\r\n<li><a href=\"https:\/\/sinoextrud.com\/product\/wood-look-aluminum-soffit\/\" target=\"_blank\">Wood Look Aluminum Soffit<\/a><\/li>\r\n<li><a href=\"https:\/\/sinoextrud.com\/product\/wood-look-aluminium-slats\/\" target=\"_blank\">Wood Look Aluminium Slats<\/a><\/li>\r\n<li><a href=\"https:\/\/sinoextrud.com\/product\/natural-wood-grain-aluminium-square-tube\/\" target=\"_blank\">Natural Wood Grain Aluminium Square Tube<\/a><\/li>\r\n<li><a href=\"https:\/\/sinoextrud.com\/product\/wood-look-aluminium-cladding\/\" target=\"_blank\">Wood Look Aluminium Cladding<\/a><\/li>\r\n<li><a href=\"https:\/\/sinoextrud.com\/product\/wood-look-aluminium-battens\/\" target=\"_blank\">Wood Look Aluminium Battens<\/a><\/li>\r\n<li><a href=\"https:\/\/sinoextrud.com\/product\/wood-finish-aluminum-tube\/\" target=\"_blank\">Wood Finish Aluminum Tube<\/a><\/li>\r\n<li><a href=\"https:\/\/sinoextrud.com\/product\/3d-wood-grain-aluminium-battens\/\" target=\"_blank\">3D Wood Grain Aluminium Battens<\/a><\/li>\r\n<li><a href=\"https:\/\/sinoextrud.com\/product\/commercial-handrail-systems\/\" target=\"_blank\">Commercial Handrail Systems<\/a><\/li>\r\n<li><a href=\"https:\/\/sinoextrud.com\/product\/extruded-aluminum-bar\/\" target=\"_blank\">Extruded Aluminum Bar<\/a><\/li>\r\n<li><a href=\"https:\/\/sinoextrud.com\/product\/extruded-aluminium-channel\/\" target=\"_blank\">Extruded Aluminium Channel<\/a><\/li>"},"feature_list":[]},"_links":{"self":[{"href":"https:\/\/sinoextrud.com\/de\/wp-json\/wp\/v2\/product\/6557","targetHints":{"allow":["GET"]}}],"collection":[{"href":"https:\/\/sinoextrud.com\/de\/wp-json\/wp\/v2\/product"}],"about":[{"href":"https:\/\/sinoextrud.com\/de\/wp-json\/wp\/v2\/types\/product"}],"wp:featuredmedia":[{"embeddable":true,"href":"https:\/\/sinoextrud.com\/de\/wp-json\/wp\/v2\/media\/6556"}],"wp:attachment":[{"href":"https:\/\/sinoextrud.com\/de\/wp-json\/wp\/v2\/media?parent=6557"}],"wp:term":[{"taxonomy":"category","embeddable":true,"href":"https:\/\/sinoextrud.com\/de\/wp-json\/wp\/v2\/categories?post=6557"}],"curies":[{"name":"wp","href":"https:\/\/api.w.org\/{rel}","templated":true}]}}