{"id":6553,"date":"2025-05-29T08:12:31","date_gmt":"2025-05-29T08:12:31","guid":{"rendered":"https:\/\/sinoextrud.com\/product\/wood-look-aluminium-slats\/"},"modified":"2025-06-24T06:11:09","modified_gmt":"2025-06-24T06:11:09","slug":"aluminium-lamellen-in-holzoptik","status":"publish","type":"product","link":"https:\/\/sinoextrud.com\/de\/product\/wood-look-aluminium-slats\/","title":{"rendered":"Aluminium-Lamellen in Holzoptik"},"content":{"rendered":"<h2>Produkte Details<\/h2>\n<table class=\"custom-table\">\n<tr>\n<td class=\"label\">Material<\/td>\n<td>Hochwertige Aluminiumlegierung<\/td>\n<\/tr>\n<tr>\n<td class=\"label\">Oberfl\u00e4chenbehandlung und Garantie<\/td>\n<td>gew\u00f6hnliche Holzmaserungslackierung (10 Jahre), AKSU-Spezialholzmaserungslackierung (15 Jahre)<\/td>\n<\/tr>\n<tr>\n<td class=\"label\">Gr\u00f6\u00dfe<\/td>\n<td>Die allgemeine Breite betr\u00e4gt 2 Zoll (etwa 5 cm) oder 2,5 Zoll (etwa 6,3 cm). Passen Sie die L\u00e4nge entsprechend den tats\u00e4chlichen Bed\u00fcrfnissen an. Akzeptieren Sie benutzerdefinierte Auftr\u00e4ge.<\/td>\n<\/tr>\n<tr>\n<td class=\"label\">Dicke<\/td>\n<td>im Allgemeinen 0,008 Zoll (etwa 0,2 mm) bis 0,02 Zoll (etwa 0,5 mm). Wir akzeptieren kundenspezifische Bestellungen.<\/td>\n<\/tr>\n<tr>\n<td class=\"label\">Farbe<\/td>\n<td>nat\u00fcrliche, klare, realistische Holzimitation, wie z. B. Holzoptik, Mahagonioptik, Kirschholzoptik, Walnussoptik, usw.<\/td>\n<\/tr>\n<tr>\n<td class=\"label\">Er\u00f6ffnungs- und Abschlussmethode<\/td>\n<td>manuelle Bedienung oder elektrische Steuerung<\/td>\n<\/tr>\n<tr>\n<td class=\"label\">Eigenschaften<\/td>\n<td>Widerstandsf\u00e4hig gegen chemische Korrosion. Widerstandsf\u00e4hig gegen physikalische Kratzer. Ungezieferfrei. Wasserdicht. Leicht zu reinigen. Nicht leicht zu verblassen. Kein regelm\u00e4\u00dfiger Anstrich erforderlich.<\/td>\n<\/tr>\n<\/table>\n<h2>Unsere Produktionsbasis<\/h2>\n<h3>Fabrik-Panorama<\/h3>\n<p><img decoding=\"async\" src=\"\/wp-content\/uploads\/factory-01.webp\"\/><\/p>\n<h3>Werkstatt zur Herstellung von Aluminiumstangen<\/h3>\n<p><img decoding=\"async\" src=\"\/wp-content\/uploads\/factory-02.webp\"\/><\/p>\n<p><img decoding=\"async\" src=\"\/wp-content\/uploads\/factory-03.webp\"\/><\/p>\n<h3>Lagerhaus f\u00fcr Formen<\/h3>\n<p><img decoding=\"async\" src=\"\/wp-content\/uploads\/factory-04.webp\"\/><\/p>\n<h3>43 Aluminium-Strangpressanlagen (500-5500 Tonnen)<\/h3>\n<p><img decoding=\"async\" src=\"\/wp-content\/uploads\/factory-05.webp\"\/><\/p>\n<p><img decoding=\"async\" src=\"\/wp-content\/uploads\/factory-06.webp\"\/><\/p>\n<p><img decoding=\"async\" src=\"\/wp-content\/uploads\/factory-07.webp\"\/><\/p>\n<h3>Werkstatt f\u00fcr Pulverbeschichtung<\/h3>\n<p><img decoding=\"async\" src=\"\/wp-content\/uploads\/factory-09.webp\"\/><\/p>\n<h3>Eloxal-Werkstatt<\/h3>\n<p><img decoding=\"async\" src=\"\/wp-content\/uploads\/factory-10.webp\"\/><\/p>\n<h3>Workshop zur Tiefenverarbeitung<\/h3>\n<p><img decoding=\"async\" src=\"\/wp-content\/uploads\/factory-11.webp\"\/><\/p>\n<h3>CNC-Pr\u00e4zisionsbearbeitungswerkstatt<\/h3>\n<p><img decoding=\"async\" src=\"\/wp-content\/uploads\/factory-11.5.webp\"\/><\/p>\n<h3>Lager f\u00fcr Fertigprodukte und Export<\/h3>\n<p><img decoding=\"async\" src=\"\/wp-content\/uploads\/factory-12.webp\"\/><\/p>\n<p><img decoding=\"async\" src=\"\/wp-content\/uploads\/factory-13.webp\"\/><\/p>\n<p><img decoding=\"async\" src=\"\/wp-content\/uploads\/factory-14.webp\"\/><\/p>\n<h2>FAQ<\/h2>\n<p><p><b>1. was sind Aluminiumlamellen in Holzoptik?<\/b><\/p>\n<p>Aluminiumlamellen in Holzoptik sind Aluminiumpaneele mit einer Oberfl\u00e4che, die der nat\u00fcrlichen Holzmaserung nachempfunden ist und f\u00fcr dekorative und funktionale Verkleidungen oder Z\u00e4une verwendet wird.<br \/>\n<\/p><br \/>\n<br \/>\n<p><b>2) Was sind die wichtigsten Vorteile von Aluminiumlamellen in Holzoptik?<\/b><\/p>\n<p>Sie bieten eine hervorragende Korrosionsbest\u00e4ndigkeit, leichte Festigkeit, geringen Wartungsaufwand und ein realistisches Holzbild, das sich sowohl f\u00fcr Innen- als auch f\u00fcr Au\u00dfenanwendungen eignet.<br \/>\n<\/p><br \/>\n<br \/>\n<p><b>3. warum sollte man Aluminiumlamellen in Holzoptik dem Naturholz vorziehen?<\/b><\/p>\n<p>Aluminiumlamellen sind resistent gegen F\u00e4ulnis, Insekten, Verformung und Witterungssch\u00e4den und bieten eine l\u00e4ngere Lebensdauer und einfachere Pflege als Naturholz.<br \/>\n<\/p><br \/>\n<br \/>\n<p><b>4. k\u00f6nnen Aluminiumlamellen in Holzoptik individuell angepasst werden?<\/b><\/p>\n<p>Ja, sie k\u00f6nnen in Gr\u00f6\u00dfe, Farbe, Holzmaserung und Oberfl\u00e4che individuell angepasst werden, um bestimmte Design- und Architekturanforderungen zu erf\u00fcllen.<br \/>\n<\/p><br \/>\n<br \/>\n<p><b>5. wie wertet die Holzoptik die Aluminiumlamellen auf?<\/b><\/p>\n<p>Das Finish sorgt f\u00fcr eine authentische Holz\u00e4sthetik, w\u00e4hrend die Haltbarkeit, Wetterbest\u00e4ndigkeit und Reinigungsfreundlichkeit von Aluminium erhalten bleiben.<br \/>\n<\/p><br \/>\n<br \/>\n<p><b>6. sind Aluminiumlamellen in Holzoptik f\u00fcr den Au\u00dfeneinsatz geeignet?<\/b><\/p>\n<p>Ja, sie sind so konzipiert, dass sie UV-Strahlen, Feuchtigkeit und Temperaturschwankungen standhalten, was sie ideal f\u00fcr Au\u00dfenverkleidungen, Z\u00e4une und Sichtschutz macht.<br \/>\n<\/p><br \/>\n<br \/>\n<p><b>7. in welchen Branchen werden \u00fcblicherweise Aluminiumlamellen in Holzoptik verwendet?<\/b><\/p>\n<p>Bau-, Landschaftsbau-, Innenarchitektur- und Architekturb\u00fcros verwenden diese Lamellen wegen ihrer Kombination aus optischer Attraktivit\u00e4t und Haltbarkeit.<br \/>\n<\/p><br \/>\n<br \/>\n<p><b>8. wie unterst\u00fctzen Aluminiumlamellen in Holzoptik nachhaltiges Design?<\/b><\/p>\n<p>Aluminium ist vollst\u00e4ndig recycelbar, und Oberfl\u00e4chen in Holzoptik sind eine umweltfreundliche Alternative zu Holz, die die Umweltbelastung und die Abholzung von W\u00e4ldern verringert.<br \/>\n<\/p><br \/><\/p>","protected":false},"featured_media":6552,"template":"","categories":[65],"class_list":["post-6553","product","type-product","status-publish","has-post-thumbnail","hentry","category-wooden-grained-aluminum-profile"],"meta_box":{"hilight_text_group":{"product_hilight_text":"<li>Wood look finish provides natural beauty with the durability of aluminum<\/li>\r\r\n<li>Resistant to rot, insects, and weathering for long-lasting performance<\/li>\r\r\n<li>Lightweight and easy to install for versatile architectural applications<\/li>\r\r\n<li>Low maintenance compared to traditional wood slats<\/li>\r\r\n<li>Available in custom sizes, colors, and finishes to fit design needs<\/li>","product_chanpin_blog":"<ul>\r\r\n<li><a href=\"https:\/\/sinoextrud.com\/t-slot-v-slot-differences\/\" target=\"_blank\">t slot vs v slot<\/a><\/li>\r\r\n<li><a href=\"https:\/\/sinoextrud.com\/what-is-4040-aluminium-extrud\/\" target=\"_blank\">4040 aluminium extrusion<\/a><\/li>\r\r\n<li><a href=\"https:\/\/sinoextrud.com\/what-is-4040-aluminium-extrud\/\" target=\"_blank\">aluminum extrusions for industrial racks<\/a><\/li>\r\r\n<li><a href=\"https:\/\/sinoextrud.com\/powder-coating-aluminium-process\/\" target=\"_blank\">powder coating aluminium<\/a><\/li>\r\r\n<li><a href=\"https:\/\/sinoextrud.com\/what-is-an-aluminium-strip-ceiling\/\" target=\"_blank\">aluminium strip ceiling<\/a><\/li>\r\r\n<li><a href=\"https:\/\/sinoextrud.com\/what-is-a-heat-sink\/\" target=\"_blank\">what is a heat sink<\/a><\/li>\r\r\n<\/ul>","product_chanpin_chanpin":"<li><a href=\"https:\/\/sinoextrud.com\/product\/pvdf-coating-aluminum-profile\/\" target=\"_blank\">PVDF Coating Aluminum Profile<\/a><\/li>\r\n<li><a href=\"https:\/\/sinoextrud.com\/product\/custom-wood-grain-aluminium-profiles\/\" target=\"_blank\">Custom Wood Grain Aluminium Profiles<\/a><\/li>\r\n<li><a href=\"https:\/\/sinoextrud.com\/product\/wood-grain-aluminum-square-hollow-profile\/\" target=\"_blank\">Wood Grain Aluminum Square Hollow Profile<\/a><\/li>\r\n<li><a href=\"https:\/\/sinoextrud.com\/product\/wood-look-aluminum-soffit\/\" target=\"_blank\">Wood Look Aluminum Soffit<\/a><\/li>\r\n<li><a href=\"https:\/\/sinoextrud.com\/product\/wood-look-aluminium-slats\/\" target=\"_blank\">Wood Look Aluminium Slats<\/a><\/li>\r\n<li><a href=\"https:\/\/sinoextrud.com\/product\/natural-wood-grain-aluminium-square-tube\/\" target=\"_blank\">Natural Wood Grain Aluminium Square Tube<\/a><\/li>\r\n<li><a href=\"https:\/\/sinoextrud.com\/product\/wood-look-aluminium-cladding\/\" target=\"_blank\">Wood Look Aluminium Cladding<\/a><\/li>\r\n<li><a href=\"https:\/\/sinoextrud.com\/product\/wood-look-aluminium-battens\/\" target=\"_blank\">Wood Look Aluminium Battens<\/a><\/li>\r\n<li><a href=\"https:\/\/sinoextrud.com\/product\/wood-finish-aluminum-tube\/\" target=\"_blank\">Wood Finish Aluminum Tube<\/a><\/li>\r\n<li><a href=\"https:\/\/sinoextrud.com\/product\/cabinet-aluminum-profile\/\" target=\"_blank\">Cabinet Aluminum Profile<\/a><\/li>\r\n<li><a href=\"https:\/\/sinoextrud.com\/product\/300mm-aluminium-louvre-extrusion\/\" target=\"_blank\">300mm Aluminium Louvre Extrusion<\/a><\/li>"},"feature_list":[]},"_links":{"self":[{"href":"https:\/\/sinoextrud.com\/de\/wp-json\/wp\/v2\/product\/6553","targetHints":{"allow":["GET"]}}],"collection":[{"href":"https:\/\/sinoextrud.com\/de\/wp-json\/wp\/v2\/product"}],"about":[{"href":"https:\/\/sinoextrud.com\/de\/wp-json\/wp\/v2\/types\/product"}],"wp:featuredmedia":[{"embeddable":true,"href":"https:\/\/sinoextrud.com\/de\/wp-json\/wp\/v2\/media\/6552"}],"wp:attachment":[{"href":"https:\/\/sinoextrud.com\/de\/wp-json\/wp\/v2\/media?parent=6553"}],"wp:term":[{"taxonomy":"category","embeddable":true,"href":"https:\/\/sinoextrud.com\/de\/wp-json\/wp\/v2\/categories?post=6553"}],"curies":[{"name":"wp","href":"https:\/\/api.w.org\/{rel}","templated":true}]}}