{"id":6543,"date":"2025-05-29T07:25:14","date_gmt":"2025-05-29T07:25:14","guid":{"rendered":"https:\/\/sinoextrud.com\/product\/fluorocarbon-coating-aluminium-extrusions-anti-fluorite-pvdf-aluminium-profile\/"},"modified":"2025-06-24T06:11:07","modified_gmt":"2025-06-24T06:11:07","slug":"fluorcarbonbeschichtung-aluminiumstrangpressprofile-anti-fluorit-pvdf-aluminiumprofil","status":"publish","type":"product","link":"https:\/\/sinoextrud.com\/de\/product\/fluorocarbon-coating-aluminium-extrusions-anti-fluorite-pvdf-aluminium-profile\/","title":{"rendered":"Fluorkohlenstoffbeschichtung Aluminium-Strangpressprofile Anti-Fluorit PVDF Aluminiumprofil"},"content":{"rendered":"<h2>Produkte Details<\/h2>\n<table class=\"custom-table\">\n<tr>\n<td class=\"label\">Modell Nr.:<\/td>\n<td>Fluorkohlenstoffbeschichtung Aluminium-Strangpressprofile Anti-Fluorit PVDF Aluminiumprofil<\/td>\n<\/tr>\n<tr>\n<td class=\"label\">Oberfl\u00e4chenveredelung:<\/td>\n<td>PVDF<\/td>\n<\/tr>\n<tr>\n<td class=\"label\">Produkt:<\/td>\n<td>Fluorkohlenstoffbeschichtung von Aluminium-Strangpressprofilen<\/td>\n<\/tr>\n<tr>\n<td class=\"label\">Legierungsbestandteil:<\/td>\n<td>6063<\/td>\n<\/tr>\n<tr>\n<td class=\"label\">Warenzeichen:<\/td>\n<td>Sinoextrud<\/td>\n<\/tr>\n<tr>\n<td class=\"label\">Herkunft:<\/td>\n<td>China<\/td>\n<\/tr>\n<tr>\n<td class=\"label\">Die Form:<\/td>\n<td>angepasst<\/td>\n<\/tr>\n<tr>\n<td class=\"label\">Art:<\/td>\n<td>Befestigung und einstellbarer Einbau<\/td>\n<\/tr>\n<tr>\n<td class=\"label\">Temperament:<\/td>\n<td>T3-T8<\/td>\n<\/tr>\n<tr>\n<td class=\"label\">Legierung:<\/td>\n<td>Legierung<\/td>\n<\/tr>\n<tr>\n<td class=\"label\">Spezifikation:<\/td>\n<td>ISO9001-2008<\/td>\n<\/tr>\n<tr>\n<td class=\"label\">HS-Code:<\/td>\n<td>7604210000<\/td>\n<\/tr>\n<\/table>\n<h2>Unsere Produktionsbasis<\/h2>\n<h3>Fabrik-Panorama<\/h3>\n<p><img decoding=\"async\" src=\"\/wp-content\/uploads\/factory-01.webp\"\/><\/p>\n<h3>Werkstatt zur Herstellung von Aluminiumstangen<\/h3>\n<p><img decoding=\"async\" src=\"\/wp-content\/uploads\/factory-02.webp\"\/><\/p>\n<p><img decoding=\"async\" src=\"\/wp-content\/uploads\/factory-03.webp\"\/><\/p>\n<h3>Lagerhaus f\u00fcr Formen<\/h3>\n<p><img decoding=\"async\" src=\"\/wp-content\/uploads\/factory-04.webp\"\/><\/p>\n<h3>43 Aluminium-Strangpressanlagen (500-5500 Tonnen)<\/h3>\n<p><img decoding=\"async\" src=\"\/wp-content\/uploads\/factory-05.webp\"\/><\/p>\n<p><img decoding=\"async\" src=\"\/wp-content\/uploads\/factory-06.webp\"\/><\/p>\n<p><img decoding=\"async\" src=\"\/wp-content\/uploads\/factory-07.webp\"\/><\/p>\n<h3>Werkstatt f\u00fcr Pulverbeschichtung<\/h3>\n<p><img decoding=\"async\" src=\"\/wp-content\/uploads\/factory-09.webp\"\/><\/p>\n<h3>Eloxal-Werkstatt<\/h3>\n<p><img decoding=\"async\" src=\"\/wp-content\/uploads\/factory-10.webp\"\/><\/p>\n<h3>Workshop zur Tiefenverarbeitung<\/h3>\n<p><img decoding=\"async\" src=\"\/wp-content\/uploads\/factory-11.webp\"\/><\/p>\n<h3>CNC-Pr\u00e4zisionsbearbeitungswerkstatt<\/h3>\n<p><img decoding=\"async\" src=\"\/wp-content\/uploads\/factory-11.5.webp\"\/><\/p>\n<h3>Lager f\u00fcr Fertigprodukte und Export<\/h3>\n<p><img decoding=\"async\" src=\"\/wp-content\/uploads\/factory-12.webp\"\/><\/p>\n<p><img decoding=\"async\" src=\"\/wp-content\/uploads\/factory-13.webp\"\/><\/p>\n<p><img decoding=\"async\" src=\"\/wp-content\/uploads\/factory-14.webp\"\/><\/p>\n<h2>FAQ<\/h2>\n<p><p><b>1. was sind Fluorkohlenstoffbeschichtungen f\u00fcr Aluminium-Strangpressprofile?<\/b><\/p>\n<p>Fluorkohlenstoffbeschichtete Aluminiumstrangpressprofile sind Aluminiumprofile, die mit einer Beschichtung auf Fluorkohlenstoffbasis versehen sind, die eine hervorragende Witterungsbest\u00e4ndigkeit und Haltbarkeit bietet.<br \/>\n<\/p><br \/>\n<br \/>\n<p><b>2. was ist ein fluoridfreies PVDF-Aluminiumprofil?<\/b><\/p>\n<p>Ein Antifluorit-PVDF-Aluminiumprofil ist mit einer Polyvinylidenfluorid (PVDF)-Beschichtung versehen, die Fluoritkorrosion und Umweltverschmutzung widersteht.<br \/>\n<\/p><br \/>\n<br \/>\n<p><b>3. was sind die wichtigsten Vorteile der Fluorkohlenstoffbeschichtung von Aluminium-Strangpressprofilen?<\/b><\/p>\n<p>Sie bieten hervorragende UV-Best\u00e4ndigkeit, Korrosionsschutz, Farbbest\u00e4ndigkeit, chemische Best\u00e4ndigkeit und eine glatte, langlebige Oberfl\u00e4che.<br \/>\n<\/p><br \/>\n<br \/>\n<p><b>4. warum eine Anti-Fluorit-PVDF-Beschichtung f\u00fcr Aluminiumprofile?<\/b><\/p>\n<p>Anti-Fluorit-PVDF-Beschichtungen sch\u00fctzen Aluminium vor s\u00e4urehaltiger Fluoritverschmutzung, verbessern die Haltbarkeit der Oberfl\u00e4che und erhalten die \u00c4sthetik in rauen Umgebungen.<br \/>\n<\/p><br \/>\n<br \/>\n<p><b>5. k\u00f6nnen fluorkarbonbeschichtete Aluminium-Strangpressprofile kundenspezifisch angepasst werden?<\/b><\/p>\n<p>Ja, sie k\u00f6nnen in Bezug auf Legierungstyp, Profilform, Gr\u00f6\u00dfe, Beschichtungsfarbe und Oberfl\u00e4che an die spezifischen architektonischen und industriellen Anforderungen angepasst werden.<br \/>\n<\/p><br \/>\n<br \/>\n<p><b>6. wie verbessert die Fluorkohlenstoffbeschichtung die Leistung von Aluminiumstrangpressen?<\/b><\/p>\n<p>Die Beschichtung bildet eine robuste, flexible Barriere, die dem Ausbleichen, Kreiden, Rei\u00dfen, Abbl\u00e4ttern und Umweltsch\u00e4den widersteht und die Lebensdauer des Produkts verl\u00e4ngert.<br \/>\n<\/p><br \/>\n<br \/>\n<p><b>7. sind Fluorkohlenstoff- und Antifluorit-PVDF-Aluminiumprofile f\u00fcr den Au\u00dfeneinsatz geeignet?<\/b><\/p>\n<p>Ja, sie bieten eine hervorragende Best\u00e4ndigkeit gegen UV-Strahlen, Feuchtigkeit, Verschmutzung und Temperaturschwankungen und sind daher ideal f\u00fcr den Au\u00dfenbereich von Geb\u00e4uden geeignet.<br \/>\n<\/p><br \/>\n<br \/>\n<p><b>In welchen Branchen werden \u00fcblicherweise Fluorkohlenstoffbeschichtungen und fluoridfreie PVDF-Aluminium-Strangpressprofile verwendet?<\/b><\/p>\n<p>Das Baugewerbe, die Automobilindustrie, die Luft- und Raumfahrt, die Beschilderung und die Architektur verwenden diese Profile wegen ihrer Langlebigkeit und der hochwertigen Schutzbeschichtungen.<br \/>\n<\/p><br \/>\n<br \/>\n<p><b>9 Wie unterst\u00fctzen Fluorkohlenstoff- und Antifluorit-PVDF-Beschichtungen eine nachhaltige Produktion?<\/b><\/p>\n<p>Diese Beschichtungen verl\u00e4ngern die Lebensdauer von Aluminiumprodukten, verringern den Wartungsaufwand, und die Recyclingf\u00e4higkeit von Aluminium f\u00f6rdert umweltfreundliche Baupraktiken.<br \/>\n<\/p><br \/><\/p>","protected":false},"featured_media":6542,"template":"","categories":[63],"class_list":["post-6543","product","type-product","status-publish","has-post-thumbnail","hentry","category-fluorocarbon-coating-profile"],"meta_box":{"hilight_text_group":{"product_hilight_text":"<li>Fluorocarbon coating provides superior weather and UV resistance<\/li>\r\r\n<li>Anti-fluorite PVDF finish enhances surface durability and corrosion protection<\/li>\r\r\n<li>High-quality aluminum extrusions with precise dimensional control<\/li>\r\r\n<li>Ideal for architectural applications requiring long-lasting aesthetic appeal<\/li>\r\r\n<li>Supports custom profiles, colors, and bulk order fulfillment<\/li>","product_chanpin_blog":"<ul>\r\r\n<li><a href=\"https:\/\/sinoextrud.com\/t-slot-v-slot-differences\/\" target=\"_blank\">t slot vs v slot<\/a><\/li>\r\r\n<li><a href=\"https:\/\/sinoextrud.com\/what-is-4040-aluminium-extrud\/\" target=\"_blank\">4040 aluminium extrusion<\/a><\/li>\r\r\n<li><a href=\"https:\/\/sinoextrud.com\/what-is-4040-aluminium-extrud\/\" target=\"_blank\">aluminum extrusions for industrial racks<\/a><\/li>\r\r\n<li><a href=\"https:\/\/sinoextrud.com\/powder-coating-aluminium-process\/\" target=\"_blank\">powder coating aluminium<\/a><\/li>\r\r\n<li><a href=\"https:\/\/sinoextrud.com\/what-is-an-aluminium-strip-ceiling\/\" target=\"_blank\">aluminium strip ceiling<\/a><\/li>\r\r\n<li><a href=\"https:\/\/sinoextrud.com\/what-is-a-heat-sink\/\" target=\"_blank\">what is a heat sink<\/a><\/li>\r\r\n<\/ul>","product_chanpin_chanpin":"<li><a href=\"https:\/\/sinoextrud.com\/product\/soundproofed-watertigh\/\" target=\"_blank\">Soundproofed Watertight Wind resistant occulting frame powder coated Facade Cladding and Glass wall aluminium profile<\/a><\/li>\r\n<li><a href=\"https:\/\/sinoextrud.com\/product\/eco-friendly-water-borne-fluorocarbon-spraying-decorative-aluminum-profile-for-outdoor-project\/\" target=\"_blank\">ECO-Friendly Water-borne Fluorocarbon Spraying Decorative Aluminum Profile For Outdoor Project<\/a><\/li>\r\n<li><a href=\"https:\/\/sinoextrud.com\/product\/fluorocarbon-coated-aluminium-extrusions\/\" target=\"_blank\">Fluorocarbon Coated Aluminium Extrusions<\/a><\/li>\r\n<li><a href=\"https:\/\/sinoextrud.com\/product\/aluminum-rectangular-tubing-for-wooden-horizontal-aluminum-fence-panels-system\/\" target=\"_blank\">aluminum rectangular tubing for wooden horizontal aluminum fence panels system<\/a><\/li>\r\n<li><a href=\"https:\/\/sinoextrud.com\/product\/fluorocarbon-coating-aluminium-extrusions-anti-fluorite-pvdf-aluminium-profile\/\" target=\"_blank\">Fluorocarbon coating aluminium extrusions Anti fluorite PVDF aluminium profile<\/a><\/li>\r\n<li><a href=\"https:\/\/sinoextrud.com\/product\/pvdf-coating-aluminum-profile\/\" target=\"_blank\">PVDF Coating Aluminum Profile<\/a><\/li>\r\n<li><a href=\"https:\/\/sinoextrud.com\/product\/custom-wood-grain-aluminium-profiles\/\" target=\"_blank\">Custom Wood Grain Aluminium Profiles<\/a><\/li>\r\n<li><a href=\"https:\/\/sinoextrud.com\/product\/wood-grain-aluminum-square-hollow-profile\/\" target=\"_blank\">Wood Grain Aluminum Square Hollow Profile<\/a><\/li>\r\n<li><a href=\"https:\/\/sinoextrud.com\/product\/wood-look-aluminum-soffit\/\" target=\"_blank\">Wood Look Aluminum Soffit<\/a><\/li>\r\n<li><a href=\"https:\/\/sinoextrud.com\/product\/extruded-aluminium-housing\/\" target=\"_blank\">Extruded Aluminium Housing<\/a><\/li>\r\n<li><a href=\"https:\/\/sinoextrud.com\/product\/aluminium-exrtrusion-slot\/\" target=\"_blank\">Aluminium Exrtrusion Slot<\/a><\/li>"},"feature_list":[]},"_links":{"self":[{"href":"https:\/\/sinoextrud.com\/de\/wp-json\/wp\/v2\/product\/6543","targetHints":{"allow":["GET"]}}],"collection":[{"href":"https:\/\/sinoextrud.com\/de\/wp-json\/wp\/v2\/product"}],"about":[{"href":"https:\/\/sinoextrud.com\/de\/wp-json\/wp\/v2\/types\/product"}],"wp:featuredmedia":[{"embeddable":true,"href":"https:\/\/sinoextrud.com\/de\/wp-json\/wp\/v2\/media\/6542"}],"wp:attachment":[{"href":"https:\/\/sinoextrud.com\/de\/wp-json\/wp\/v2\/media?parent=6543"}],"wp:term":[{"taxonomy":"category","embeddable":true,"href":"https:\/\/sinoextrud.com\/de\/wp-json\/wp\/v2\/categories?post=6543"}],"curies":[{"name":"wp","href":"https:\/\/api.w.org\/{rel}","templated":true}]}}