{"id":6541,"date":"2025-05-29T07:21:38","date_gmt":"2025-05-29T07:21:38","guid":{"rendered":"https:\/\/sinoextrud.com\/product\/aluminum-rectangular-tubing-for-wooden-horizontal-aluminum-fence-panels-system\/"},"modified":"2025-06-24T06:11:07","modified_gmt":"2025-06-24T06:11:07","slug":"aluminium-rechteckrohre-fur-horizontale-aluminiumzaunplatten-aus-holz","status":"publish","type":"product","link":"https:\/\/sinoextrud.com\/de\/product\/aluminum-rectangular-tubing-for-wooden-horizontal-aluminum-fence-panels-system\/","title":{"rendered":"Aluminium-Rechteckrohre f\u00fcr horizontale Aluminiumzaunplatten aus Holz"},"content":{"rendered":"<h2>Produkte Details<\/h2>\n<table class=\"custom-table\">\n<tr>\n<td class=\"label\">Artikel<\/td>\n<td>Aluminium-Rechteckrohre f\u00fcr horizontale Aluminiumzaunplatten aus Holz<\/td>\n<\/tr>\n<tr>\n<td class=\"label\">Material<\/td>\n<td>6063Aluminiumlegierung<\/td>\n<\/tr>\n<tr>\n<td class=\"label\">Temperament<\/td>\n<td>T5<\/td>\n<\/tr>\n<tr>\n<td class=\"label\">Form<\/td>\n<td>Rechteckig.kundenspezifisch verf\u00fcgbar<\/td>\n<\/tr>\n<tr>\n<td class=\"label\">ProfilSt\u00e4rke<\/td>\n<td>Allgemeine Profilst\u00e4rke ab 0,8 mm H\u00f6he.<\/td>\n<\/tr>\n<tr>\n<td class=\"label\">Surfacetreatment<\/td>\n<td>Holzmaserung<\/td>\n<\/tr>\n<tr>\n<td class=\"label\">Farben<\/td>\n<td>Braun,kundenspezifische Farbe verf\u00fcgbar<\/td>\n<\/tr>\n<tr>\n<td class=\"label\">Beschichtungsdicke<\/td>\n<td>Holzkornbeschichtung von 80~120um.<\/td>\n<\/tr>\n<tr>\n<td class=\"label\">Anmeldung<\/td>\n<td>Fenster&amp;T\u00fcren,Dekorationen,Bauundbald<\/td>\n<\/tr>\n<tr>\n<td class=\"label\">Deepprocess<\/td>\n<td>CNC, Bohren, Fr\u00e4sen, Schneiden, Schwei\u00dfen, Biegen, Montieren<\/td>\n<\/tr>\n<tr>\n<td class=\"label\">MOQ<\/td>\n<td>1000kgsf\u00fcrjedenPunkt<\/td>\n<\/tr>\n<tr>\n<td class=\"label\">ZertifikatStandard<\/td>\n<td>CQM,SGS,CE,BV,SONCAP\/GB,ISO,JIS,AS,NZS,QUALICOAT,QUOLANODverf\u00fcgbar<\/td>\n<\/tr>\n<tr>\n<td class=\"label\">B\u00fcrgschaft<\/td>\n<td>Die Oberfl\u00e4chenfarbe kann 10 Jahre lang im Freien verwendet werden.<\/td>\n<\/tr>\n<\/table>\n<h2>Unsere Produktionsbasis<\/h2>\n<h3>Fabrik-Panorama<\/h3>\n<p><img decoding=\"async\" src=\"\/wp-content\/uploads\/factory-01.webp\"\/><\/p>\n<h3>Werkstatt zur Herstellung von Aluminiumstangen<\/h3>\n<p><img decoding=\"async\" src=\"\/wp-content\/uploads\/factory-02.webp\"\/><\/p>\n<p><img decoding=\"async\" src=\"\/wp-content\/uploads\/factory-03.webp\"\/><\/p>\n<h3>Lagerhaus f\u00fcr Formen<\/h3>\n<p><img decoding=\"async\" src=\"\/wp-content\/uploads\/factory-04.webp\"\/><\/p>\n<h3>43 Aluminium-Strangpressanlagen (500\u00e2\u20ac\"5500 Tonnen)<\/h3>\n<p><img decoding=\"async\" src=\"\/wp-content\/uploads\/factory-05.webp\"\/><\/p>\n<p><img decoding=\"async\" src=\"\/wp-content\/uploads\/factory-06.webp\"\/><\/p>\n<p><img decoding=\"async\" src=\"\/wp-content\/uploads\/factory-07.webp\"\/><\/p>\n<h3>Werkstatt f\u00fcr Pulverbeschichtung<\/h3>\n<p><img decoding=\"async\" src=\"\/wp-content\/uploads\/factory-09.webp\"\/><\/p>\n<h3>Eloxal-Werkstatt<\/h3>\n<p><img decoding=\"async\" src=\"\/wp-content\/uploads\/factory-10.webp\"\/><\/p>\n<h3>Workshop zur Tiefenverarbeitung<\/h3>\n<p><img decoding=\"async\" src=\"\/wp-content\/uploads\/factory-11.webp\"\/><\/p>\n<h3>CNC-Pr\u00e4zisionsbearbeitungswerkstatt<\/h3>\n<p><img decoding=\"async\" src=\"\/wp-content\/uploads\/factory-11.5.webp\"\/><\/p>\n<h3>Lager f\u00fcr Fertigprodukte und Export<\/h3>\n<p><img decoding=\"async\" src=\"\/wp-content\/uploads\/factory-12.webp\"\/><\/p>\n<p><img decoding=\"async\" src=\"\/wp-content\/uploads\/factory-13.webp\"\/><\/p>\n<p><img decoding=\"async\" src=\"\/wp-content\/uploads\/factory-14.webp\"\/><\/p>\n<h2>FAQ<\/h2>\n<p><p><b>1. wof\u00fcr werden Aluminium-Rechteckrohre in horizontalen Holzzaunsystemen aus Aluminium verwendet?<\/b><\/p>\n<p>Aluminium-Rechteckrohre bilden das strukturelle Ger\u00fcst und die St\u00fctze f\u00fcr horizontale Aluminiumzaunpaneele aus Holz und verbinden St\u00e4rke mit leichtem Design.<br \/>\n<\/p><br \/>\n<br \/>\n<p><b>2) Was sind die Hauptvorteile von Aluminium-Rechteckrohren in Zaunpaneelsystemen?<\/b><\/p>\n<p>Es bietet eine ausgezeichnete Korrosionsbest\u00e4ndigkeit, ein gutes Verh\u00e4ltnis von Festigkeit zu Gewicht, einen geringen Wartungsaufwand und eine lange Lebensdauer f\u00fcr Z\u00e4une im Au\u00dfenbereich.<br \/>\n<\/p><br \/>\n<br \/>\n<p><b>3. warum Aluminium-Rechteckrohre statt Stahl oder Holz f\u00fcr Zaunpaneele w\u00e4hlen?<\/b><\/p>\n<p>Aluminiumrohre sind leichter, rostfrei, wartungsarm und widerstehen Witterungseinfl\u00fcssen besser als Stahl oder Holz, was eine l\u00e4ngere Nutzungsdauer gew\u00e4hrleistet.<br \/>\n<\/p><br \/>\n<br \/>\n<p><b>4. k\u00f6nnen Aluminium-Rechteckrohre f\u00fcr horizontale Zaunfelder aus Holz angepasst werden?<\/b><\/p>\n<p>Ja, die Rohre k\u00f6nnen in Gr\u00f6\u00dfe, Wandst\u00e4rke, Oberfl\u00e4che und L\u00e4nge individuell angepasst werden, um bestimmten Zaunentw\u00fcrfen und Installationsanforderungen zu entsprechen.<br \/>\n<\/p><br \/>\n<br \/>\n<p><b>5. welche Oberfl\u00e4chenausf\u00fchrungen sind f\u00fcr Aluminium-Rechteckrohre in Z\u00e4unen erh\u00e4ltlich?<\/b><\/p>\n<p>Zu den \u00fcblichen Oberfl\u00e4chenbeschichtungen geh\u00f6ren Pulverbeschichtung, Eloxierung und Holzmaserung, die die Korrosionsbest\u00e4ndigkeit und \u00c4sthetik verbessern.<br \/>\n<\/p><br \/>\n<br \/>\n<p><b>6. sind Aluminium-Rechteckrohr-Zaunfelder f\u00fcr die Verwendung im Freien geeignet?<\/b><\/p>\n<p>Ja, Aluminiumrohre sind sehr widerstandsf\u00e4hig gegen UV-Strahlen, Feuchtigkeit und raue Witterungseinfl\u00fcsse und eignen sich daher ideal f\u00fcr Au\u00dfenzaunsysteme.<br \/>\n<\/p><br \/>\n<br \/>\n<p><b>7. wie unterst\u00fctzen Aluminium-Rechteckrohre nachhaltige Zaunl\u00f6sungen?<\/b><\/p>\n<p>Aluminium ist 100% recycelbar, und seine Verwendung reduziert die Nachfrage nach Holz und f\u00f6rdert so umweltfreundliche und nachhaltige Zaunl\u00f6sungen.<br \/>\n<\/p><br \/>\n<br \/>\n<p><b>Welche Branchen oder Anwendungen profitieren am meisten von Aluminium-Rechteckrohr-Zaunpaneelsystemen?<\/b><\/p>\n<p>Bei Wohn-, Gewerbe- und Landschaftsbauprojekten werden Aluminiumrohre f\u00fcr dauerhafte, attraktive und wartungsarme Zaunl\u00f6sungen eingesetzt.<br \/>\n<\/p><br \/><\/p>","protected":false},"featured_media":6540,"template":"","categories":[63],"class_list":["post-6541","product","type-product","status-publish","has-post-thumbnail","hentry","category-fluorocarbon-coating-profile"],"meta_box":{"hilight_text_group":{"product_hilight_text":"<li>Durable aluminum rectangular tubing provides strong structural support<\/li>\r\r\n<li>Corrosion-resistant for long-lasting performance in outdoor fence panels<\/li>\r\r\n<li>Lightweight design simplifies installation and reduces transportation costs<\/li>\r\r\n<li>Compatible with wooden horizontal panels for modern fence aesthetics<\/li>\r\r\n<li>Available in custom sizes and finishes to meet project specifications<\/li>","product_chanpin_blog":"<ul>\r\r\n<li><a href=\"https:\/\/sinoextrud.com\/t-slot-v-slot-differences\/\" target=\"_blank\">t slot vs v slot<\/a><\/li>\r\r\n<li><a href=\"https:\/\/sinoextrud.com\/what-is-4040-aluminium-extrud\/\" target=\"_blank\">4040 aluminium extrusion<\/a><\/li>\r\r\n<li><a href=\"https:\/\/sinoextrud.com\/what-is-4040-aluminium-extrud\/\" target=\"_blank\">aluminum extrusions for industrial racks<\/a><\/li>\r\r\n<li><a href=\"https:\/\/sinoextrud.com\/powder-coating-aluminium-process\/\" target=\"_blank\">powder coating aluminium<\/a><\/li>\r\r\n<li><a href=\"https:\/\/sinoextrud.com\/what-is-an-aluminium-strip-ceiling\/\" target=\"_blank\">aluminium strip ceiling<\/a><\/li>\r\r\n<li><a href=\"https:\/\/sinoextrud.com\/what-is-a-heat-sink\/\" target=\"_blank\">what is a heat sink<\/a><\/li>\r\r\n<\/ul>","product_chanpin_chanpin":"<li><a href=\"https:\/\/sinoextrud.com\/product\/pvdf-coating-aluminum-profile-curtain-wall\/\" target=\"_blank\">PVDF Coating Aluminum profile Curtain Wall<\/a><\/li>\r\n<li><a href=\"https:\/\/sinoextrud.com\/product\/soundproofed-watertigh\/\" target=\"_blank\">Soundproofed Watertight Wind resistant occulting frame powder coated Facade Cladding and Glass wall aluminium profile<\/a><\/li>\r\n<li><a href=\"https:\/\/sinoextrud.com\/product\/eco-friendly-water-borne-fluorocarbon-spraying-decorative-aluminum-profile-for-outdoor-project\/\" target=\"_blank\">ECO-Friendly Water-borne Fluorocarbon Spraying Decorative Aluminum Profile For Outdoor Project<\/a><\/li>\r\n<li><a href=\"https:\/\/sinoextrud.com\/product\/fluorocarbon-coated-aluminium-extrusions\/\" target=\"_blank\">Fluorocarbon Coated Aluminium Extrusions<\/a><\/li>\r\n<li><a href=\"https:\/\/sinoextrud.com\/product\/aluminum-rectangular-tubing-for-wooden-horizontal-aluminum-fence-panels-system\/\" target=\"_blank\">aluminum rectangular tubing for wooden horizontal aluminum fence panels system<\/a><\/li>\r\n<li><a href=\"https:\/\/sinoextrud.com\/product\/fluorocarbon-coating-aluminium-extrusions-anti-fluorite-pvdf-aluminium-profile\/\" target=\"_blank\">Fluorocarbon coating aluminium extrusions Anti fluorite PVDF aluminium profile<\/a><\/li>\r\n<li><a href=\"https:\/\/sinoextrud.com\/product\/pvdf-coating-aluminum-profile\/\" target=\"_blank\">PVDF Coating Aluminum Profile<\/a><\/li>\r\n<li><a href=\"https:\/\/sinoextrud.com\/product\/custom-wood-grain-aluminium-profiles\/\" target=\"_blank\">Custom Wood Grain Aluminium Profiles<\/a><\/li>\r\n<li><a href=\"https:\/\/sinoextrud.com\/product\/wood-grain-aluminum-square-hollow-profile\/\" target=\"_blank\">Wood Grain Aluminum Square Hollow Profile<\/a><\/li>\r\n<li><a href=\"https:\/\/sinoextrud.com\/product\/extruded-aluminum-framing-systems\/\" target=\"_blank\">Extruded Aluminum Framing Systems<\/a><\/li>\r\n<li><a href=\"https:\/\/sinoextrud.com\/product\/aluminum-industrial-profile-6082-alloy-with-precision-cnc-cutting-length-during-1-m-to-3-meter\/\" target=\"_blank\">aluminum industrial profile 6082 alloy with precision cnc cutting length during 1 m to 3 meter<\/a><\/li>"},"feature_list":[]},"_links":{"self":[{"href":"https:\/\/sinoextrud.com\/de\/wp-json\/wp\/v2\/product\/6541","targetHints":{"allow":["GET"]}}],"collection":[{"href":"https:\/\/sinoextrud.com\/de\/wp-json\/wp\/v2\/product"}],"about":[{"href":"https:\/\/sinoextrud.com\/de\/wp-json\/wp\/v2\/types\/product"}],"wp:featuredmedia":[{"embeddable":true,"href":"https:\/\/sinoextrud.com\/de\/wp-json\/wp\/v2\/media\/6540"}],"wp:attachment":[{"href":"https:\/\/sinoextrud.com\/de\/wp-json\/wp\/v2\/media?parent=6541"}],"wp:term":[{"taxonomy":"category","embeddable":true,"href":"https:\/\/sinoextrud.com\/de\/wp-json\/wp\/v2\/categories?post=6541"}],"curies":[{"name":"wp","href":"https:\/\/api.w.org\/{rel}","templated":true}]}}