{"id":6539,"date":"2025-05-29T07:19:45","date_gmt":"2025-05-29T07:19:45","guid":{"rendered":"https:\/\/sinoextrud.com\/product\/fluorocarbon-coated-aluminium-extrusions\/"},"modified":"2025-06-24T06:11:07","modified_gmt":"2025-06-24T06:11:07","slug":"fluorkohlenstoffbeschichtete-aluminium-strangpressprofile","status":"publish","type":"product","link":"https:\/\/sinoextrud.com\/de\/product\/fluorocarbon-coated-aluminium-extrusions\/","title":{"rendered":"Fluorkohlenstoffbeschichtete Aluminium-Strangpressprofile"},"content":{"rendered":"<h2>Produkte Details<\/h2>\n<table class=\"custom-table\">\n<tr>\n<td class=\"label\">Vorhangwand-Serie<\/td>\n<td>T\u00fcr- und Fensterserien<\/td>\n<\/tr>\n<tr>\n<td class=\"label\">Vorgeh\u00e4ngte Glasfassaden der Serie 80-200<\/td>\n<td>Gebrochene Br\u00fcckenprofile der Serien GR50, 508, 55, 65 und 65A f\u00fcr Fensterfl\u00fcgelsysteme<\/td>\n<\/tr>\n<tr>\n<td class=\"label\">Punktgest\u00fctzte Vorhangfassaden<\/td>\n<td>Gebrochene Br\u00fcckenprofile der Serien GR85, 958, 90, 95 und 966 f\u00fcr Schiebesysteme<\/td>\n<\/tr>\n<tr>\n<td class=\"label\">W\u00e4rmed\u00e4mmende Br\u00fcckenkonstruktionen<\/td>\n<td>YG868, 968, 90A, 50B, 50C, 50E und andere Serien f\u00fcr normale Schiebe- und Fl\u00fcgelsysteme<\/td>\n<\/tr>\n<tr>\n<td class=\"label\">Industrielle Profile<\/td>\n<td>Aluminiumblech<\/td>\n<\/tr>\n<tr>\n<td class=\"label\">Profile f\u00fcr die Automobilindustrie<\/td>\n<td>CNC-Bearbeitung, PVDF-Beschichtung, Pressen f\u00fcr kundenspezifisches Design m\u00f6glich<\/td>\n<\/tr>\n<\/table>\n<h2>Unsere Produktionsbasis<\/h2>\n<h3>Fabrik-Panorama<\/h3>\n<p><img decoding=\"async\" src=\"\/wp-content\/uploads\/factory-01.webp\"\/><\/p>\n<h3>Werkstatt zur Herstellung von Aluminiumstangen<\/h3>\n<p><img decoding=\"async\" src=\"\/wp-content\/uploads\/factory-02.webp\"\/><\/p>\n<p><img decoding=\"async\" src=\"\/wp-content\/uploads\/factory-03.webp\"\/><\/p>\n<h3>Lagerhaus f\u00fcr Formen<\/h3>\n<p><img decoding=\"async\" src=\"\/wp-content\/uploads\/factory-04.webp\"\/><\/p>\n<h3>43 Aluminium-Strangpressanlagen (500-5500 Tonnen)<\/h3>\n<p><img decoding=\"async\" src=\"\/wp-content\/uploads\/factory-05.webp\"\/><\/p>\n<p><img decoding=\"async\" src=\"\/wp-content\/uploads\/factory-06.webp\"\/><\/p>\n<p><img decoding=\"async\" src=\"\/wp-content\/uploads\/factory-07.webp\"\/><\/p>\n<h3>Werkstatt f\u00fcr Pulverbeschichtung<\/h3>\n<p><img decoding=\"async\" src=\"\/wp-content\/uploads\/factory-09.webp\"\/><\/p>\n<h3>Eloxal-Werkstatt<\/h3>\n<p><img decoding=\"async\" src=\"\/wp-content\/uploads\/factory-10.webp\"\/><\/p>\n<h3>Workshop zur Tiefenverarbeitung<\/h3>\n<p><img decoding=\"async\" src=\"\/wp-content\/uploads\/factory-11.webp\"\/><\/p>\n<h3>CNC-Pr\u00e4zisionsbearbeitungswerkstatt<\/h3>\n<p><img decoding=\"async\" src=\"\/wp-content\/uploads\/factory-11.5.webp\"\/><\/p>\n<h3>Lager f\u00fcr Fertigprodukte und Export<\/h3>\n<p><img decoding=\"async\" src=\"\/wp-content\/uploads\/factory-12.webp\"\/><\/p>\n<p><img decoding=\"async\" src=\"\/wp-content\/uploads\/factory-13.webp\"\/><\/p>\n<p><img decoding=\"async\" src=\"\/wp-content\/uploads\/factory-14.webp\"\/><\/p>\n<h2>FAQ<\/h2>\n<p><p><b>1. was sind fluorcarbonbeschichtete Aluminium-Strangpressprofile?<\/b><\/p>\n<p>Fluorkohlenstoffbeschichtete Aluminium-Strangpressprofile sind Aluminiumprofile, die mit einer Fluorkohlenstoffbeschichtung versehen sind, die f\u00fcr eine hervorragende Haltbarkeit, Korrosionsbest\u00e4ndigkeit und \u00c4sthetik sorgt.<br \/>\n<\/p><br \/>\n<br \/>\n<p><b>2. was sind die wichtigsten Vorteile von fluorkarbonbeschichteten Aluminium-Strangpressprofilen?<\/b><\/p>\n<p>Sie bieten eine hervorragende UV-Best\u00e4ndigkeit, Witterungsbest\u00e4ndigkeit, Farbbest\u00e4ndigkeit, Chemikalienbest\u00e4ndigkeit und eine glatte, langlebige Oberfl\u00e4che, die ideal f\u00fcr Au\u00dfenanwendungen ist.<br \/>\n<\/p><br \/>\n<br \/>\n<p><b>3. warum eine Fluorkohlenstoffbeschichtung f\u00fcr Aluminium-Strangpressprofile?<\/b><\/p>\n<p>Fluorkohlenstoffbeschichtungen bieten einen hervorragenden Schutz gegen Umwelteinfl\u00fcsse, senken die Wartungskosten und erhalten im Vergleich zu anderen Beschichtungen \u00fcber Jahre hinweg leuchtende Farben.<br \/>\n<\/p><br \/>\n<br \/>\n<p><b>4. k\u00f6nnen fluorkarbonbeschichtete Aluminium-Strangpressprofile kundenspezifisch angepasst werden?<\/b><\/p>\n<p>Ja, sie k\u00f6nnen in Bezug auf Legierungsgrad, Profilform, Gr\u00f6\u00dfe, Beschichtungsfarbe und Oberfl\u00e4che individuell angepasst werden, um spezifische architektonische und industrielle Anforderungen zu erf\u00fcllen.<br \/>\n<\/p><br \/>\n<br \/>\n<p><b>5. wie verbessert die Fluorkohlenstoffbeschichtung die Leistung von Aluminium-Strangpressprofilen?<\/b><\/p>\n<p>Die Beschichtung bildet eine widerstandsf\u00e4hige, flexible Schicht, die dem Ausbleichen, Kreiden, Rei\u00dfen und Abbl\u00e4ttern widersteht und die Lebensdauer und das Aussehen der Profile verbessert.<br \/>\n<\/p><br \/>\n<br \/>\n<p><b>6) Sind fluorkarbonbeschichtete Aluminium-Strangpressprofile f\u00fcr den Au\u00dfeneinsatz geeignet?<\/b><\/p>\n<p>Ja, sie sind sehr widerstandsf\u00e4hig gegen UV-Strahlen, Feuchtigkeit, Verschmutzung und Temperaturschwankungen, was sie ideal f\u00fcr Au\u00dfenfassaden, Fenster und T\u00fcren macht.<br \/>\n<\/p><br \/>\n<br \/>\n<p><b>In welchen Branchen werden fluorkarbonbeschichtete Aluminiumstrangpressprofile \u00fcblicherweise verwendet?<\/b><\/p>\n<p>Das Baugewerbe, die Automobilindustrie, die Luft- und Raumfahrt, die Beschilderungsindustrie und die Architekturbranche verwenden diese Strangpressprofile aufgrund ihrer Langlebigkeit und hochwertigen Verarbeitung.<br \/>\n<\/p><br \/>\n<br \/>\n<p><b>8. wie unterst\u00fctzt die Fluorkohlenstoffbeschichtung eine nachhaltige Produktion?<\/b><\/p>\n<p>Fluorkohlenstoffbeschichtungen verl\u00e4ngern die Produktlebensdauer, verringern den Wartungsaufwand und Aluminium ist vollst\u00e4ndig recycelbar, was zu einer umweltfreundlichen Baupraxis beitr\u00e4gt.<br \/>\n<\/p><br \/><\/p>","protected":false},"featured_media":6538,"template":"","categories":[63],"class_list":["post-6539","product","type-product","status-publish","has-post-thumbnail","hentry","category-fluorocarbon-coating-profile"],"meta_box":{"hilight_text_group":{"product_hilight_text":"<li>Fluorocarbon coating offers exceptional weather and UV resistance<\/li>\r\r\n<li>Durable finish maintains color and gloss for extended periods<\/li>\r\r\n<li>High-quality aluminum extrusions with precise dimensions<\/li>\r\r\n<li>Ideal for architectural and industrial applications requiring long-lasting surfaces<\/li>\r\r\n<li>Supports custom profiles, sizes, and bulk production orders<\/li>","product_chanpin_blog":"<ul>\r\r\n<li><a href=\"https:\/\/sinoextrud.com\/t-slot-v-slot-differences\/\" target=\"_blank\">t slot vs v slot<\/a><\/li>\r\r\n<li><a href=\"https:\/\/sinoextrud.com\/what-is-4040-aluminium-extrud\/\" target=\"_blank\">4040 aluminium extrusion<\/a><\/li>\r\r\n<li><a href=\"https:\/\/sinoextrud.com\/what-is-4040-aluminium-extrud\/\" target=\"_blank\">aluminum extrusions for industrial racks<\/a><\/li>\r\r\n<li><a href=\"https:\/\/sinoextrud.com\/powder-coating-aluminium-process\/\" target=\"_blank\">powder coating aluminium<\/a><\/li>\r\r\n<li><a href=\"https:\/\/sinoextrud.com\/what-is-an-aluminium-strip-ceiling\/\" target=\"_blank\">aluminium strip ceiling<\/a><\/li>\r\r\n<li><a href=\"https:\/\/sinoextrud.com\/what-is-a-heat-sink\/\" target=\"_blank\">what is a heat sink<\/a><\/li>\r\r\n<\/ul>","product_chanpin_chanpin":"<li><a href=\"https:\/\/sinoextrud.com\/product\/aluminium-extrusion-press-line-profile-wooden-grained-coating-color-oem\/\" target=\"_blank\">Aluminium Extrusion Press Line profile wooden grained coating color OEM for Door Curtain Wall Ceiling<\/a><\/li>\r\n<li><a href=\"https:\/\/sinoextrud.com\/product\/pvdf-coating-aluminum-profile-curtain-wall\/\" target=\"_blank\">PVDF Coating Aluminum profile Curtain Wall<\/a><\/li>\r\n<li><a href=\"https:\/\/sinoextrud.com\/product\/soundproofed-watertigh\/\" target=\"_blank\">Soundproofed Watertight Wind resistant occulting frame powder coated Facade Cladding and Glass wall aluminium profile<\/a><\/li>\r\n<li><a href=\"https:\/\/sinoextrud.com\/product\/eco-friendly-water-borne-fluorocarbon-spraying-decorative-aluminum-profile-for-outdoor-project\/\" target=\"_blank\">ECO-Friendly Water-borne Fluorocarbon Spraying Decorative Aluminum Profile For Outdoor Project<\/a><\/li>\r\n<li><a href=\"https:\/\/sinoextrud.com\/product\/fluorocarbon-coated-aluminium-extrusions\/\" target=\"_blank\">Fluorocarbon Coated Aluminium Extrusions<\/a><\/li>\r\n<li><a href=\"https:\/\/sinoextrud.com\/product\/aluminum-rectangular-tubing-for-wooden-horizontal-aluminum-fence-panels-system\/\" target=\"_blank\">aluminum rectangular tubing for wooden horizontal aluminum fence panels system<\/a><\/li>\r\n<li><a href=\"https:\/\/sinoextrud.com\/product\/fluorocarbon-coating-aluminium-extrusions-anti-fluorite-pvdf-aluminium-profile\/\" target=\"_blank\">Fluorocarbon coating aluminium extrusions Anti fluorite PVDF aluminium profile<\/a><\/li>\r\n<li><a href=\"https:\/\/sinoextrud.com\/product\/pvdf-coating-aluminum-profile\/\" target=\"_blank\">PVDF Coating Aluminum Profile<\/a><\/li>\r\n<li><a href=\"https:\/\/sinoextrud.com\/product\/custom-wood-grain-aluminium-profiles\/\" target=\"_blank\">Custom Wood Grain Aluminium Profiles<\/a><\/li>\r\n<li><a href=\"https:\/\/sinoextrud.com\/product\/aluminium-extrusion-tube\/\" target=\"_blank\">Aluminium Extrusion Tube<\/a><\/li>\r\n<li><a href=\"https:\/\/sinoextrud.com\/product\/l-aluminum-profile-for-glass-railing\/\" target=\"_blank\">L Aluminum Profile For Glass Railing<\/a><\/li>"},"feature_list":[]},"_links":{"self":[{"href":"https:\/\/sinoextrud.com\/de\/wp-json\/wp\/v2\/product\/6539","targetHints":{"allow":["GET"]}}],"collection":[{"href":"https:\/\/sinoextrud.com\/de\/wp-json\/wp\/v2\/product"}],"about":[{"href":"https:\/\/sinoextrud.com\/de\/wp-json\/wp\/v2\/types\/product"}],"wp:featuredmedia":[{"embeddable":true,"href":"https:\/\/sinoextrud.com\/de\/wp-json\/wp\/v2\/media\/6538"}],"wp:attachment":[{"href":"https:\/\/sinoextrud.com\/de\/wp-json\/wp\/v2\/media?parent=6539"}],"wp:term":[{"taxonomy":"category","embeddable":true,"href":"https:\/\/sinoextrud.com\/de\/wp-json\/wp\/v2\/categories?post=6539"}],"curies":[{"name":"wp","href":"https:\/\/api.w.org\/{rel}","templated":true}]}}