{"id":6532,"date":"2025-05-29T07:01:09","date_gmt":"2025-05-29T07:01:09","guid":{"rendered":"https:\/\/sinoextrud.com\/product\/pvdf-coating-aluminum-profile-curtain-wall\/"},"modified":"2025-06-24T06:11:05","modified_gmt":"2025-06-24T06:11:05","slug":"pvdf-beschichtung-aluminiumprofil-vorhangfassade","status":"publish","type":"product","link":"https:\/\/sinoextrud.com\/de\/product\/pvdf-coating-aluminum-profile-curtain-wall\/","title":{"rendered":"PVDF-Beschichtung Aluminiumprofil Vorhangwand"},"content":{"rendered":"<h2>Produkte Details<\/h2>\n<table class=\"custom-table\">\n<tr>\n<td class=\"label\">Material:<\/td>\n<td>Legierung 6063-T5, 6061-T6<\/td>\n<\/tr>\n<tr>\n<td class=\"label\">Zertifikat:<\/td>\n<td>CE, SGS, ISO, RoHS<\/td>\n<\/tr>\n<tr>\n<td class=\"label\">Oberfl\u00e4chenbehandlung:<\/td>\n<td>Fluorkohlenstoff\/PVDF<\/td>\n<\/tr>\n<tr>\n<td class=\"label\">Material:<\/td>\n<td>Aluminium<\/td>\n<\/tr>\n<tr>\n<td class=\"label\">Qualit\u00e4t:<\/td>\n<td>100%QC Test<\/td>\n<\/tr>\n<tr>\n<td class=\"label\">L\u00e4nge:<\/td>\n<td>1-9.0m<\/td>\n<\/tr>\n<tr>\n<td class=\"label\">Die Dicke:<\/td>\n<td>0,7-3,0 mm<\/td>\n<\/tr>\n<tr>\n<td class=\"label\">Verwendung:<\/td>\n<td>Architektur, Industrie, Dekoration<\/td>\n<\/tr>\n<tr>\n<td class=\"label\">Schl\u00fcsselwort:<\/td>\n<td>Aluminium-Profil<\/td>\n<\/tr>\n<tr>\n<td class=\"label\">Spezifikation:<\/td>\n<td>3m oder 6mm<\/td>\n<\/tr>\n<tr>\n<td class=\"label\">Herkunft:<\/td>\n<td>China<\/td>\n<\/tr>\n<tr>\n<td class=\"label\">HS-Code:<\/td>\n<td>76101000<\/td>\n<\/tr>\n<\/table>\n<h2>Unsere Produktionsbasis<\/h2>\n<h3>Fabrik-Panorama<\/h3>\n<p><img decoding=\"async\" src=\"\/wp-content\/uploads\/factory-01.webp\"\/><\/p>\n<h3>Werkstatt zur Herstellung von Aluminiumstangen<\/h3>\n<p><img decoding=\"async\" src=\"\/wp-content\/uploads\/factory-02.webp\"\/><\/p>\n<\/p>\n<p><img decoding=\"async\" src=\"\/wp-content\/uploads\/factory-03.webp\"\/><\/p>\n<h3>Lagerhaus f\u00fcr Formen<\/h3>\n<p><img decoding=\"async\" src=\"\/wp-content\/uploads\/factory-04.webp\"\/><\/p>\n<h3>43 Aluminium-Strangpressanlagen (500-5500 Tonnen)<\/h3>\n<p><img decoding=\"async\" src=\"\/wp-content\/uploads\/factory-05.webp\"\/><\/p>\n<p><img decoding=\"async\" src=\"\/wp-content\/uploads\/factory-06.webp\"\/><\/p>\n<p><img decoding=\"async\" src=\"\/wp-content\/uploads\/factory-07.webp\"\/><\/p>\n<h3>Werkstatt f\u00fcr Pulverbeschichtung<\/h3>\n<p><img decoding=\"async\" src=\"\/wp-content\/uploads\/factory-09.webp\"\/><\/p>\n<h3>Eloxal-Werkstatt<\/h3>\n<p><img decoding=\"async\" src=\"\/wp-content\/uploads\/factory-10.webp\"\/><\/p>\n<h3>Workshop zur Tiefenverarbeitung<\/h3>\n<p><img decoding=\"async\" src=\"\/wp-content\/uploads\/factory-11.webp\"\/><\/p>\n<h3>CNC-Pr\u00e4zisionsbearbeitungswerkstatt<\/h3>\n<p><img decoding=\"async\" src=\"\/wp-content\/uploads\/factory-11.5.webp\"\/><\/p>\n<h3>Lager f\u00fcr Fertigprodukte und Export<\/h3>\n<p><img decoding=\"async\" src=\"\/wp-content\/uploads\/factory-12.webp\"\/><\/p>\n<p><img decoding=\"async\" src=\"\/wp-content\/uploads\/factory-13.webp\"\/><\/p>\n<p><img decoding=\"async\" src=\"\/wp-content\/uploads\/factory-14.webp\"\/><\/p>\n<h2>FAQ<\/h2>\n<p><b>1. was ist eine PVDF-Beschichtung Aluminium-Profil Vorhangfassade?<\/b><\/p>\n<p>Es handelt sich um ein Aluminiumstrangpressprofil, das in Vorhangfassadensystemen verwendet wird, die mit Polyvinylidenfluorid (PVDF) beschichtet sind, um eine hervorragende Wetterbest\u00e4ndigkeit und \u00c4sthetik zu gew\u00e4hrleisten.\n<\/p>\n<p><\/p>\n<p><b>2. was sind die Hauptvorteile der PVDF-Beschichtung von Aluminiumprofilen f\u00fcr Vorhangfassaden?<\/b><\/p>\n<p>Die PVDF-Beschichtung bietet eine hervorragende UV-Best\u00e4ndigkeit, Korrosionsschutz, Farbbest\u00e4ndigkeit und eine glatte, dauerhafte Oberfl\u00e4che, die auch rauen Umweltbedingungen standh\u00e4lt.\n<\/p>\n<p><\/p>\n<p><b>3. warum PVDF-Beschichtung statt anderer Oberfl\u00e4chen f\u00fcr Aluminiumprofile f\u00fcr Vorhangfassaden w\u00e4hlen?<\/b><\/p>\n<p>PVDF bietet im Vergleich zur Pulverbeschichtung oder Eloxierung eine l\u00e4nger anhaltende Farbstabilit\u00e4t, \u00fcberlegene chemische Best\u00e4ndigkeit und bessere Witterungsbest\u00e4ndigkeit.\n<\/p>\n<p><\/p>\n<p><b>4. k\u00f6nnen PVDF-beschichtete Aluminiumprofile f\u00fcr Vorhangfassadenanwendungen angepasst werden?<\/b><\/p>\n<p>Ja, sie k\u00f6nnen in Bezug auf die Legierungssorte, die Profilform, die Gr\u00f6\u00dfe und die Beschichtungsfarbe individuell angepasst werden, um spezifische architektonische und technische Anforderungen zu erf\u00fcllen.\n<\/p>\n<p><\/p>\n<p><b>5. wie verbessert die PVDF-Beschichtung die Leistung von Aluminium-Fassadenprofilen?<\/b><\/p>\n<p>Die Beschichtung bildet eine widerstandsf\u00e4hige, flexible Schicht, die gegen Ausbleichen, Kreidung, Rissbildung und Abbl\u00e4ttern best\u00e4ndig ist und die Haltbarkeit und das Aussehen der Fassade gew\u00e4hrleistet.\n<\/p>\n<p><\/p>\n<p><b>6. sind PVDF-beschichtete Aluminiumprofile f\u00fcr Au\u00dfenfassadensysteme geeignet?<\/b><\/p>\n<p>Ja, PVDF-Beschichtungen bieten einen hervorragenden Schutz gegen UV-Strahlen, Feuchtigkeit, Schadstoffe und Temperaturschwankungen bei Au\u00dfenanwendungen.\n<\/p>\n<p><\/p>\n<p><b>In welchen Branchen werden PVDF-beschichtete Aluminiumprofile \u00fcblicherweise f\u00fcr Vorhangfassaden verwendet?<\/b><\/p>\n<p>Gewerbebau, Hochh\u00e4user, Architekturb\u00fcros und Fassadenspezialisten verwenden diese Profile wegen ihrer Langlebigkeit und ihrer \u00e4sthetischen Qualit\u00e4ten.\n<\/p>\n<p><\/p>\n<p><b>8. wie unterst\u00fctzt die PVDF-Beschichtung von Aluminiumprofilen nachhaltige Baupraktiken?<\/b><\/p>\n<p>Aluminium ist vollst\u00e4ndig recycelbar, und PVDF-Beschichtungen haben eine geringe Umweltbelastung und eine l\u00e4ngere Lebensdauer, was den Wartungs- und Ersatzbedarf reduziert.\n<\/p>\n<p><\/p>","protected":false},"featured_media":6533,"template":"","categories":[63],"class_list":["post-6532","product","type-product","status-publish","has-post-thumbnail","hentry","category-fluorocarbon-coating-profile"],"meta_box":{"hilight_text_group":{"product_hilight_text":"<li>PVDF coating offers superior weather and UV resistance for long-lasting performance<\/li>\r\r\n<li>Enhanced color retention and surface durability for curtain wall applications<\/li>\r\r\n<li>High-quality aluminum profiles ensure structural strength and precision<\/li>\r\r\n<li>Suitable for modern architectural designs with customizable sizes and finishes<\/li>\r\r\n<li>Supports bulk orders with consistent quality and timely delivery<\/li>","product_chanpin_blog":"<ul>\r\r\n<li><a href=\"https:\/\/sinoextrud.com\/t-slot-v-slot-differences\/\" target=\"_blank\">t slot vs v slot<\/a><\/li>\r\r\n<li><a href=\"https:\/\/sinoextrud.com\/what-is-4040-aluminium-extrud\/\" target=\"_blank\">4040 aluminium extrusion<\/a><\/li>\r\r\n<li><a href=\"https:\/\/sinoextrud.com\/what-is-4040-aluminium-extrud\/\" target=\"_blank\">aluminum extrusions for industrial racks<\/a><\/li>\r\r\n<li><a href=\"https:\/\/sinoextrud.com\/powder-coating-aluminium-process\/\" target=\"_blank\">powder coating aluminium<\/a><\/li>\r\r\n<li><a href=\"https:\/\/sinoextrud.com\/what-is-an-aluminium-strip-ceiling\/\" target=\"_blank\">aluminium strip ceiling<\/a><\/li>\r\r\n<li><a href=\"https:\/\/sinoextrud.com\/what-is-a-heat-sink\/\" target=\"_blank\">what is a heat sink<\/a><\/li>\r\r\n<\/ul>","product_chanpin_chanpin":"<li><a href=\"https:\/\/sinoextrud.com\/product\/electrophoretic-wood-surface-aluminum-square-pipe\/\" target=\"_blank\">Electrophoretic wood surface-aluminum Square Pipe<\/a><\/li>\r\n<li><a href=\"https:\/\/sinoextrud.com\/product\/aluminum-square-tube-in-wooden-grain\/\" target=\"_blank\">Aluminum Square Tube In Wooden Grain<\/a><\/li>\r\n<li><a href=\"https:\/\/sinoextrud.com\/product\/alu-squ-tube-in-wood-grain-painting\/\" target=\"_blank\">Alu squ tube In Wood Grain Painting<\/a><\/li>\r\n<li><a href=\"https:\/\/sinoextrud.com\/product\/aluminium-extrusion-press-line-profile-wooden-grained-coating-color-oem\/\" target=\"_blank\">Aluminium Extrusion Press Line profile wooden grained coating color OEM for Door Curtain Wall Ceiling<\/a><\/li>\r\n<li><a href=\"https:\/\/sinoextrud.com\/product\/pvdf-coating-aluminum-profile-curtain-wall\/\" target=\"_blank\">PVDF Coating Aluminum profile Curtain Wall<\/a><\/li>\r\n<li><a href=\"https:\/\/sinoextrud.com\/product\/soundproofed-watertigh\/\" target=\"_blank\">Soundproofed Watertight Wind resistant occulting frame powder coated Facade Cladding and Glass wall aluminium profile<\/a><\/li>\r\n<li><a href=\"https:\/\/sinoextrud.com\/product\/eco-friendly-water-borne-fluorocarbon-spraying-decorative-aluminum-profile-for-outdoor-project\/\" target=\"_blank\">ECO-Friendly Water-borne Fluorocarbon Spraying Decorative Aluminum Profile For Outdoor Project<\/a><\/li>\r\n<li><a href=\"https:\/\/sinoextrud.com\/product\/fluorocarbon-coated-aluminium-extrusions\/\" target=\"_blank\">Fluorocarbon Coated Aluminium Extrusions<\/a><\/li>\r\n<li><a href=\"https:\/\/sinoextrud.com\/product\/aluminum-rectangular-tubing-for-wooden-horizontal-aluminum-fence-panels-system\/\" target=\"_blank\">aluminum rectangular tubing for wooden horizontal aluminum fence panels system<\/a><\/li>\r\n<li><a href=\"https:\/\/sinoextrud.com\/product\/aluminum-curtain-wall-extrusion\/\" target=\"_blank\">Aluminum Curtain Wall Extrusion<\/a><\/li>\r\n<li><a href=\"https:\/\/sinoextrud.com\/product\/comb-shape-aluminium-heat-sink\/\" target=\"_blank\">Comb Shape Aluminium Heat Sink<\/a><\/li>"},"feature_list":[]},"_links":{"self":[{"href":"https:\/\/sinoextrud.com\/de\/wp-json\/wp\/v2\/product\/6532","targetHints":{"allow":["GET"]}}],"collection":[{"href":"https:\/\/sinoextrud.com\/de\/wp-json\/wp\/v2\/product"}],"about":[{"href":"https:\/\/sinoextrud.com\/de\/wp-json\/wp\/v2\/types\/product"}],"wp:featuredmedia":[{"embeddable":true,"href":"https:\/\/sinoextrud.com\/de\/wp-json\/wp\/v2\/media\/6533"}],"wp:attachment":[{"href":"https:\/\/sinoextrud.com\/de\/wp-json\/wp\/v2\/media?parent=6532"}],"wp:term":[{"taxonomy":"category","embeddable":true,"href":"https:\/\/sinoextrud.com\/de\/wp-json\/wp\/v2\/categories?post=6532"}],"curies":[{"name":"wp","href":"https:\/\/api.w.org\/{rel}","templated":true}]}}