{"id":6526,"date":"2025-05-29T06:49:04","date_gmt":"2025-05-29T06:49:04","guid":{"rendered":"https:\/\/sinoextrud.com\/product\/aluminum-square-tube-in-wooden-grain\/"},"modified":"2025-06-24T06:11:05","modified_gmt":"2025-06-24T06:11:05","slug":"aluminium-vierkantrohr-in-holzmaserung","status":"publish","type":"product","link":"https:\/\/sinoextrud.com\/de\/product\/aluminum-square-tube-in-wooden-grain\/","title":{"rendered":"Aluminium-Vierkantrohr in Holzmaserung"},"content":{"rendered":"<h2>Produkte Details<\/h2>\n<table class=\"custom-table\">\n<tr>\n<td class=\"label\">Artikel<\/td>\n<td>Holzmaserung Aluminium Quadratrohr - Elektrophoretische Gelb Gelb Palo Holz \/ Aluminium Profil Quadratrohr Holzmaserung Malerei<\/td>\n<\/tr>\n<tr>\n<td class=\"label\">Material<\/td>\n<td>Aluminium der Serie 6000<\/td>\n<\/tr>\n<tr>\n<td class=\"label\">Temperament<\/td>\n<td>T4, T5, T6<\/td>\n<\/tr>\n<tr>\n<td class=\"label\">Form<\/td>\n<td>quadratisch, rund, rechteckig, personalisiert<\/td>\n<\/tr>\n<tr>\n<td class=\"label\">Anmeldung<\/td>\n<td>F\u00fcr M\u00f6bel, Fenster und T\u00fcren, Dekoration, Industrie, Bauwesen usw.<\/td>\n<\/tr>\n<tr>\n<td class=\"label\">Farben<\/td>\n<td>Ref Pulverbeschichtung Farbe Blatt und benutzerdefinierte Farbe zur Verf\u00fcgung<\/td>\n<\/tr>\n<tr>\n<td class=\"label\">tiefer Prozess<\/td>\n<td>CNC, Bohren, Fr\u00e4sen, Schneiden, Schwei\u00dfen, Biegen, Montage<\/td>\n<\/tr>\n<tr>\n<td class=\"label\">MOQ<\/td>\n<td>200KGs f\u00fcr jeden Artikel<\/td>\n<\/tr>\n<tr>\n<td class=\"label\">Einzelheiten zur Verpackung<\/td>\n<td>(1) Innen: mit Schutzfolie verpackt, um jedes Teil zu sch\u00fctzen<\/td>\n<\/tr>\n<tr>\n<td class=\"label\">Lieferfrist<\/td>\n<td>(1) Werkzeugentwicklung und Musterpr\u00fcfung: 12-18 Tage.<\/td>\n<\/tr>\n<tr>\n<td class=\"label\">FOB-Hafen<\/td>\n<td>SHENZHEN \/ GUANGZHOU \/ FOSHAN<\/td>\n<\/tr>\n<tr>\n<td class=\"label\">Zahlungsbedingungen<\/td>\n<td>T\/T 30% f\u00fcr Ablagerung, Balance vor Versand.<\/td>\n<\/tr>\n<tr>\n<td class=\"label\">Abrechnungszeitraum<\/td>\n<td>Belastung nach tats\u00e4chlichem Endgewicht oder nach theoretischem Ziehgewicht.<\/td>\n<\/tr>\n<tr>\n<td class=\"label\">Produktionskapazit\u00e4t<\/td>\n<td>5000 Tonnen monatlich, 60000 Tonnen j\u00e4hrlich.<\/td>\n<\/tr>\n<tr>\n<td class=\"label\">Zertifiziert und Standard<\/td>\n<td>CQM, SGS, CE, BV, SONCAP\/GB, ISO, JIS, AS, NZS, QUALICOAT, QUOLANOD verf\u00fcgbar<\/td>\n<\/tr>\n<tr>\n<td class=\"label\">Garantie<\/td>\n<td>Die Oberfl\u00e4chenfarbe kann in Innenr\u00e4umen 10 bis 20 Jahre lang stabil bleiben.<\/td>\n<\/tr>\n<\/table>\n<h2>Unsere Produktionsbasis<\/h2>\n<h3>Fabrik-Panorama<\/h3>\n<p><img decoding=\"async\" src=\"\/wp-content\/uploads\/factory-01.webp\"\/><\/p>\n<h3>Werkstatt zur Herstellung von Aluminiumstangen<\/h3>\n<p><img decoding=\"async\" src=\"\/wp-content\/uploads\/factory-02.webp\"\/><\/p>\n<p><img decoding=\"async\" src=\"\/wp-content\/uploads\/factory-03.webp\"\/><\/p>\n<h3>Lagerhaus f\u00fcr Formen<\/h3>\n<p><img decoding=\"async\" src=\"\/wp-content\/uploads\/factory-04.webp\"\/><\/p>\n<h3>43 Aluminium-Strangpressanlagen (500-5500 Tonnen)<\/h3>\n<p><img decoding=\"async\" src=\"\/wp-content\/uploads\/factory-05.webp\"\/><\/p>\n<p><img decoding=\"async\" src=\"\/wp-content\/uploads\/factory-06.webp\"\/><\/p>\n<p><img decoding=\"async\" src=\"\/wp-content\/uploads\/factory-07.webp\"\/><\/p>\n<h3>Werkstatt f\u00fcr Pulverbeschichtung<\/h3>\n<p><img decoding=\"async\" src=\"\/wp-content\/uploads\/factory-09.webp\"\/><\/p>\n<h3>Eloxal-Werkstatt<\/h3>\n<p><img decoding=\"async\" src=\"\/wp-content\/uploads\/factory-10.webp\"\/><\/p>\n<h3>Workshop zur Tiefenverarbeitung<\/h3>\n<p><img decoding=\"async\" src=\"\/wp-content\/uploads\/factory-11.webp\"\/><\/p>\n<h3>CNC-Pr\u00e4zisionsbearbeitungswerkstatt<\/h3>\n<p><img decoding=\"async\" src=\"\/wp-content\/uploads\/factory-11.5.webp\"\/><\/p>\n<h3>Lager f\u00fcr Fertigprodukte und Export<\/h3>\n<p><img decoding=\"async\" src=\"\/wp-content\/uploads\/factory-12.webp\"\/><\/p>\n<p><img decoding=\"async\" src=\"\/wp-content\/uploads\/factory-13.webp\"\/><\/p>\n<p><img decoding=\"async\" src=\"\/wp-content\/uploads\/factory-14.webp\"\/><\/p>\n<h2>FAQ<\/h2>\n<p><p><b>1. was ist ein Aluminium-Vierkantrohr mit Holzmaserung?<\/b><\/p>\n<p>Das Aluminium-Vierkantrohr in Holzmaserung ist ein Aluminium-Strangpressprofil mit einer Oberfl\u00e4chenbeschichtung, die das nat\u00fcrliche Aussehen von Holzmaserungen nachahmt und so Haltbarkeit mit \u00c4sthetik verbindet.<br \/>\n<\/p><br \/>\n<br \/>\n<p><b>2. was sind die wichtigsten Vorteile von Aluminium-Vierkantrohr in Holzmaserung?<\/b><\/p>\n<p>Es bietet Korrosionsbest\u00e4ndigkeit, leichte Festigkeit, Kratzfestigkeit und das elegante Aussehen von Holz, ohne dass die Pflege Probleme bereitet.<br \/>\n<\/p><br \/>\n<br \/>\n<p><b>3. warum Aluminium-Vierkantrohr mit Holzmaserung statt Echtholz?<\/b><\/p>\n<p>Aluminium ist witterungsbest\u00e4ndig, langlebig und wartungsarm und bietet das gleiche warme, nat\u00fcrliche Aussehen wie echtes Holz.<br \/>\n<\/p><br \/>\n<br \/>\n<p><b>4. k\u00f6nnen Aluminium-Vierkantrohre mit Holzmaserung angepasst werden?<\/b><\/p>\n<p>Ja, sie k\u00f6nnen in Gr\u00f6\u00dfe, Wandst\u00e4rke, Maserung, Farbe und L\u00e4nge individuell angepasst werden, um spezifischen Design- und Strukturanforderungen gerecht zu werden.<br \/>\n<\/p><br \/>\n<br \/>\n<p><b>5. wie wirkt sich die Holzmaserung auf Aluminium-Vierkantrohre aus?<\/b><\/p>\n<p>Das Finish sorgt f\u00fcr eine nat\u00fcrliche Holzstruktur und -optik, w\u00e4hrend die rostfreien, langlebigen und leichten Eigenschaften des Aluminiums erhalten bleiben.<br \/>\n<\/p><br \/>\n<br \/>\n<p><b>6. sind Vierkantrohre aus Aluminium mit Holzmaserung f\u00fcr den Au\u00dfeneinsatz geeignet?<\/b><\/p>\n<p>Sie sind resistent gegen UV-Strahlen, Feuchtigkeit und raue Witterungseinfl\u00fcsse und damit ideal f\u00fcr Au\u00dfenm\u00f6bel, Z\u00e4une und architektonische Anwendungen.<br \/>\n<\/p><br \/>\n<br \/>\n<p><b>7. welche Branchen verwenden \u00fcblicherweise Aluminium-Vierkantrohre mit Holzmaserung?<\/b><\/p>\n<p>In der M\u00f6belherstellung, im Baugewerbe, im Innenausbau und im Landschaftsbau werden diese Rohre wegen ihrer Kombination aus St\u00e4rke und nat\u00fcrlicher \u00c4sthetik verwendet.<br \/>\n<\/p><br \/>\n<br \/>\n<p><b>8. wie unterst\u00fctzt Aluminium-Vierkantrohr in Holzmaserung nachhaltiges Design?<\/b><\/p>\n<p>Aluminium ist 100% recycelbar, und die Holzmaserung ist eine umweltfreundliche Alternative zu Naturholz, die die Abholzung von W\u00e4ldern und die Umweltbelastung reduziert.<br \/>\n<\/p><br \/><\/p>","protected":false},"featured_media":6525,"template":"","categories":[62],"class_list":["post-6526","product","type-product","status-publish","has-post-thumbnail","hentry","category-electrophoresis-aluminum-profile"],"meta_box":{"hilight_text_group":{"product_hilight_text":"<li>Wood grain finish provides natural aesthetic with aluminum durability<\/li>\r\r\n<li>Lightweight aluminum square tube offers high strength and corrosion resistance<\/li>\r\r\n<li>Ideal for decorative and structural applications in interior and exterior spaces<\/li>\r\r\n<li>Precision extrusion ensures consistent size and quality<\/li>\r\r\n<li>Supports custom lengths and bulk orders for large projects<\/li>","product_chanpin_blog":"<ul>\r\r\n<li><a href=\"https:\/\/sinoextrud.com\/t-slot-v-slot-differences\/\" target=\"_blank\">t slot vs v slot<\/a><\/li>\r\r\n<li><a href=\"https:\/\/sinoextrud.com\/what-is-4040-aluminium-extrud\/\" target=\"_blank\">4040 aluminium extrusion<\/a><\/li>\r\r\n<li><a href=\"https:\/\/sinoextrud.com\/what-is-4040-aluminium-extrud\/\" target=\"_blank\">aluminum extrusions for industrial racks<\/a><\/li>\r\r\n<li><a href=\"https:\/\/sinoextrud.com\/powder-coating-aluminium-process\/\" target=\"_blank\">powder coating aluminium<\/a><\/li>\r\r\n<li><a href=\"https:\/\/sinoextrud.com\/what-is-an-aluminium-strip-ceiling\/\" target=\"_blank\">aluminium strip ceiling<\/a><\/li>\r\r\n<li><a href=\"https:\/\/sinoextrud.com\/what-is-a-heat-sink\/\" target=\"_blank\">what is a heat sink<\/a><\/li>\r\r\n<\/ul>","product_chanpin_chanpin":"<li><a href=\"https:\/\/sinoextrud.com\/product\/aluminum-profile-with-pvdf-coating\/\" target=\"_blank\">Aluminum Profile With PVDF Coating<\/a><\/li>\r\n<li><a href=\"https:\/\/sinoextrud.com\/product\/electrophoresis-aluminum-profile-wood-grain\/\" target=\"_blank\">Electrophoresis Aluminum Profile Wood Grain<\/a><\/li>\r\n<li><a href=\"https:\/\/sinoextrud.com\/product\/elictrophoresis-matte-gold-aluminium-profile-cad\/\" target=\"_blank\">Elictrophoresis matte gold aluminium profile cad download section price per ton extrusions for windows and doors construction<\/a><\/li>\r\n<li><a href=\"https:\/\/sinoextrud.com\/product\/electrophoretic-wood-surface-aluminum-square-pipe\/\" target=\"_blank\">Electrophoretic wood surface-aluminum Square Pipe<\/a><\/li>\r\n<li><a href=\"https:\/\/sinoextrud.com\/product\/aluminum-square-tube-in-wooden-grain\/\" target=\"_blank\">Aluminum Square Tube In Wooden Grain<\/a><\/li>\r\n<li><a href=\"https:\/\/sinoextrud.com\/product\/alu-squ-tube-in-wood-grain-painting\/\" target=\"_blank\">Alu squ tube In Wood Grain Painting<\/a><\/li>\r\n<li><a href=\"https:\/\/sinoextrud.com\/product\/aluminium-extrusion-press-line-profile-wooden-grained-coating-color-oem\/\" target=\"_blank\">Aluminium Extrusion Press Line profile wooden grained coating color OEM for Door Curtain Wall Ceiling<\/a><\/li>\r\n<li><a href=\"https:\/\/sinoextrud.com\/product\/pvdf-coating-aluminum-profile-curtain-wall\/\" target=\"_blank\">PVDF Coating Aluminum profile Curtain Wall<\/a><\/li>\r\n<li><a href=\"https:\/\/sinoextrud.com\/product\/soundproofed-watertigh\/\" target=\"_blank\">Soundproofed Watertight Wind resistant occulting frame powder coated Facade Cladding and Glass wall aluminium profile<\/a><\/li>\r\n<li><a href=\"https:\/\/sinoextrud.com\/product\/j-section-aluminum-extrusion\/\" target=\"_blank\">J Section Aluminum Extrusion<\/a><\/li>\r\n<li><a href=\"https:\/\/sinoextrud.com\/product\/aluminium-extrusion-press-line-profile-wooden-grained-coating-color-oem\/\" target=\"_blank\">Aluminium Extrusion Press Line profile wooden grained coating color OEM for Door Curtain Wall Ceiling<\/a><\/li>"},"feature_list":[]},"_links":{"self":[{"href":"https:\/\/sinoextrud.com\/de\/wp-json\/wp\/v2\/product\/6526","targetHints":{"allow":["GET"]}}],"collection":[{"href":"https:\/\/sinoextrud.com\/de\/wp-json\/wp\/v2\/product"}],"about":[{"href":"https:\/\/sinoextrud.com\/de\/wp-json\/wp\/v2\/types\/product"}],"wp:featuredmedia":[{"embeddable":true,"href":"https:\/\/sinoextrud.com\/de\/wp-json\/wp\/v2\/media\/6525"}],"wp:attachment":[{"href":"https:\/\/sinoextrud.com\/de\/wp-json\/wp\/v2\/media?parent=6526"}],"wp:term":[{"taxonomy":"category","embeddable":true,"href":"https:\/\/sinoextrud.com\/de\/wp-json\/wp\/v2\/categories?post=6526"}],"curies":[{"name":"wp","href":"https:\/\/api.w.org\/{rel}","templated":true}]}}