{"id":6522,"date":"2025-05-29T06:41:52","date_gmt":"2025-05-29T06:41:52","guid":{"rendered":"https:\/\/sinoextrud.com\/product\/elictrophoresis-matte-gold-aluminium-profile-cad-download-section-price-per-ton-extrusions-for-windows-and-doors-construction\/"},"modified":"2025-06-24T06:11:04","modified_gmt":"2025-06-24T06:11:04","slug":"elictrophoresis-mattgold-aluminium-profil-cad","status":"publish","type":"product","link":"https:\/\/sinoextrud.com\/de\/product\/elictrophoresis-matte-gold-aluminium-profile-cad\/","title":{"rendered":"Elictrophoresis matt gold aluminium profile cad download profil preis pro tonne strangpressprofile f\u00fcr fenster und t\u00fcren bau"},"content":{"rendered":"<h2>Produkte Details<\/h2>\n<table class=\"custom-table\">\n<tr>\n<td class=\"label\">Artikel:<\/td>\n<td> Elictrophoresis matt gold aluminium profile cad download profil preis pro tonne strangpressprofile f\u00fcr fenster und t\u00fcren bau<\/td>\n<\/tr>\n<tr>\n<td class=\"label\">Die Form:<\/td>\n<td> fenster und t\u00fcren konstruktion aluminiumprofil<\/td>\n<\/tr>\n<tr>\n<td class=\"label\">Temperament:<\/td>\n<td> T3-T8<\/td>\n<\/tr>\n<tr>\n<td class=\"label\">Legierung:<\/td>\n<td> Legierung<\/td>\n<\/tr>\n<tr>\n<td class=\"label\">Legierungsbestandteil:<\/td>\n<td> 6063<\/td>\n<\/tr>\n<tr>\n<td class=\"label\">Profil aus poliertem Aluminium:<\/td>\n<td> Elictrophorese mattes Gold<\/td>\n<\/tr>\n<tr>\n<td class=\"label\">Warenzeichen:<\/td>\n<td> Sinoextrud<\/td>\n<\/tr>\n<tr>\n<td class=\"label\">Herkunft:<\/td>\n<td> China<\/td>\n<\/tr>\n<tr>\n<td class=\"label\">Art:<\/td>\n<td> Aluminiumprofile f\u00fcr T\u00fcren und Fenster<\/td>\n<\/tr>\n<tr>\n<td class=\"label\">Note:<\/td>\n<td> Serie 6000<\/td>\n<\/tr>\n<tr>\n<td class=\"label\">Aluminium-Strangpressprofile:<\/td>\n<td> Serie 55<\/td>\n<\/tr>\n<tr>\n<td class=\"label\">Oberfl\u00e4chenveredelung:<\/td>\n<td> Anodische Oxidation<\/td>\n<\/tr>\n<tr>\n<td class=\"label\">Zertifizierung:<\/td>\n<td> CE, ISO<\/td>\n<\/tr>\n<tr>\n<td class=\"label\">Gr\u00f6\u00dfe:<\/td>\n<td> Dasselbe wie Sinoextrud<\/td>\n<\/tr>\n<tr>\n<td class=\"label\">Spezifikation:<\/td>\n<td> SGS<\/td>\n<\/tr>\n<tr>\n<td class=\"label\">HS-Code:<\/td>\n<td> 76042900<\/td>\n<\/tr>\n<\/table>\n<h2>Unsere Produktionsbasis<\/h2>\n<h3>Fabrik-Panorama<\/h3>\n<p><img decoding=\"async\" src=\"\/wp-content\/uploads\/factory-01.webp\"\/><\/p>\n<h3>Werkstatt zur Herstellung von Aluminiumstangen<\/h3>\n<p><img decoding=\"async\" src=\"\/wp-content\/uploads\/factory-02.webp\"\/><\/p>\n<\/p>\n<p><img decoding=\"async\" src=\"\/wp-content\/uploads\/factory-03.webp\"\/><\/p>\n<h3>Lagerhaus f\u00fcr Formen<\/h3>\n<p><img decoding=\"async\" src=\"\/wp-content\/uploads\/factory-04.webp\"\/><\/p>\n<h3>43 Aluminium-Strangpressanlagen (500-5500 Tonnen)<\/h3>\n<p><img decoding=\"async\" src=\"\/wp-content\/uploads\/factory-05.webp\"\/><\/p>\n<p><img decoding=\"async\" src=\"\/wp-content\/uploads\/factory-06.webp\"\/><\/p>\n<p><img decoding=\"async\" src=\"\/wp-content\/uploads\/factory-07.webp\"\/><\/p>\n<h3>Werkstatt f\u00fcr Pulverbeschichtung<\/h3>\n<p><img decoding=\"async\" src=\"\/wp-content\/uploads\/factory-09.webp\"\/><\/p>\n<h3>Eloxal-Werkstatt<\/h3>\n<p><img decoding=\"async\" src=\"\/wp-content\/uploads\/factory-10.webp\"\/><\/p>\n<h3>Workshop zur Tiefenverarbeitung<\/h3>\n<p><img decoding=\"async\" src=\"\/wp-content\/uploads\/factory-11.webp\"\/><\/p>\n<h3>CNC-Pr\u00e4zisionsbearbeitungswerkstatt<\/h3>\n<p><img decoding=\"async\" src=\"\/wp-content\/uploads\/factory-11.5.webp\"\/><\/p>\n<h3>Lager f\u00fcr Fertigprodukte und Export<\/h3>\n<p><img decoding=\"async\" src=\"\/wp-content\/uploads\/factory-12.webp\"\/><\/p>\n<p><img decoding=\"async\" src=\"\/wp-content\/uploads\/factory-13.webp\"\/><\/p>\n<p><img decoding=\"async\" src=\"\/wp-content\/uploads\/factory-14.webp\"\/><\/p>\n<h2>FAQ<\/h2>\n<p><b>1. wof\u00fcr wird das Aluminiumprofil Elektrophorese matt gold im Fenster- und T\u00fcrenbau verwendet?<\/b><\/p>\n<p>Es wird f\u00fcr langlebige und \u00e4sthetisch ansprechende Fenster- und T\u00fcrrahmen verwendet, die korrosionsbest\u00e4ndig sind und eine elegante, mattgoldene Oberfl\u00e4che aufweisen.\n<\/p>\n<p><\/p>\n<p><b>2. was sind die Hauptvorteile der Elektrophorese mattgoldener Aluminiumprofile?<\/b><\/p>\n<p>Sie bieten einen ausgezeichneten Korrosionsschutz, eine gleichm\u00e4\u00dfige Beschichtung, Kratzfestigkeit, UV-Stabilit\u00e4t und ein erstklassiges, mattgoldenes Aussehen.\n<\/p>\n<p><\/p>\n<p><b>3. kann ich CAD-Profile f\u00fcr Elektrophoreseprofile aus mattgoldenem Aluminium herunterladen?<\/b><\/p>\n<p>Ja, viele Anbieter bieten CAD-Downloads f\u00fcr die pr\u00e4zise Planung und Integration in Architektur- und Bauprojekte an.\n<\/p>\n<p><\/p>\n<p><b>4) Wie hoch ist der typische Preis pro Tonne f\u00fcr Aluminium-Strangpressprofile in mattem Gold?<\/b><\/p>\n<p>Die Preise variieren je nach Anbieter und Marktbedingungen, sind aber aufgrund der effizienten Produktion und Materialbeschaffung wettbewerbsf\u00e4hig und bieten kosteng\u00fcnstige L\u00f6sungen f\u00fcr gro\u00dfe Projekte.\n<\/p>\n<p><\/p>\n<p><b>5. wie verbessert die Elektrophorese-Beschichtung mattgoldene Aluminium-Strangpressprofile?<\/b><\/p>\n<p>Die Elektrophorese-Beschichtung sorgt f\u00fcr eine gleichm\u00e4\u00dfige Abdeckung, starke Haftung und lange Haltbarkeit und verhindert das Abbl\u00e4ttern und Verblassen bei Au\u00dfenanwendungen.\n<\/p>\n<p><\/p>\n<p><b>6. sind Elektrophorese-Profile aus mattgoldenem Aluminium f\u00fcr den Au\u00dfeneinsatz geeignet?<\/b><\/p>\n<p>Aufgrund ihrer Korrosionsbest\u00e4ndigkeit und ihres UV-Schutzes sind sie ideal f\u00fcr Au\u00dfenfenster und -t\u00fcren, die rauen Wetterbedingungen ausgesetzt sind.\n<\/p>\n<p><\/p>\n<p><b>7 Wie profitieren Fenster- und T\u00fcrenbauer von elektrophoretischen, mattgoldenen Aluminiumprofilen?<\/b><\/p>\n<p>Sie verbessern die strukturelle Integrit\u00e4t, verringern den Wartungsaufwand und verleihen dem Geb\u00e4ude eine hochwertige \u00c4sthetik, die seinen Wert steigert.\n<\/p>\n<p><\/p>\n<p><b>Wo kann ich genaue CAD-Dateien f\u00fcr Elektrophoreseprofile aus mattgoldenem Aluminium finden?<\/b><\/p>\n<p>CAD-Dateien sind in der Regel auf den Websites der Hersteller oder Lieferanten auf Anfrage erh\u00e4ltlich, um Architekten und Ingenieure bei der Projektplanung zu unterst\u00fctzen.\n<\/p>\n<p><\/p>\n<p><b>9. wie wirkt sich der Preis pro Tonne auf den Kauf von Aluminium-Strangpressprofilen f\u00fcr die Elektrophorese in mattem Gold aus?<\/b><\/p>\n<p>Die Kenntnis des Preises pro Tonne hilft den Eink\u00e4ufern, ein effektives Budget zu erstellen, bessere Angebote auszuhandeln und den Materialbedarf f\u00fcr Fenster- und T\u00fcrenprojekte zu planen.\n<\/p>\n<p><\/p>\n<p><b>10.welche Industrien verwenden Elektrophorese mattgoldene Aluminium-Strangpressprofile?<\/b><\/p>\n<p>In der Architektur, bei der Herstellung von Fenstern und T\u00fcren f\u00fcr den Wohn- und Gewerbebau sowie in der Innenarchitektur werden diese Profile wegen ihrer Langlebigkeit und eleganten Verarbeitung h\u00e4ufig eingesetzt.\n<\/p>\n<p><\/p>","protected":false},"featured_media":6521,"template":"","categories":[62],"class_list":["post-6522","product","type-product","status-publish","has-post-thumbnail","hentry","category-electrophoresis-aluminum-profile"],"meta_box":{"hilight_text_group":{"product_hilight_text":"<li>Matte gold electrophoresis finish offers elegant appearance and corrosion resistance<\/li>\r\r\n<li>High-quality aluminum extrusions tailored for windows and doors construction<\/li>\r\r\n<li>Accurate CAD files available for precise design and integration<\/li>\r\r\n<li>Competitive price per ton with reliable bulk supply<\/li>\r\r\n<li>Supports custom profiles and fast delivery for large-scale projects<\/li>","product_chanpin_blog":"<ul>\r\r\n<li><a href=\"https:\/\/sinoextrud.com\/t-slot-v-slot-differences\/\" target=\"_blank\">t slot vs v slot<\/a><\/li>\r\r\n<li><a href=\"https:\/\/sinoextrud.com\/what-is-4040-aluminium-extrud\/\" target=\"_blank\">4040 aluminium extrusion<\/a><\/li>\r\r\n<li><a href=\"https:\/\/sinoextrud.com\/what-is-4040-aluminium-extrud\/\" target=\"_blank\">aluminum extrusions for industrial racks<\/a><\/li>\r\r\n<li><a href=\"https:\/\/sinoextrud.com\/powder-coating-aluminium-process\/\" target=\"_blank\">powder coating aluminium<\/a><\/li>\r\r\n<li><a href=\"https:\/\/sinoextrud.com\/what-is-an-aluminium-strip-ceiling\/\" target=\"_blank\">aluminium strip ceiling<\/a><\/li>\r\r\n<li><a href=\"https:\/\/sinoextrud.com\/what-is-a-heat-sink\/\" target=\"_blank\">what is a heat sink<\/a><\/li>\r\r\n<\/ul>","product_chanpin_chanpin":"<li><a href=\"https:\/\/sinoextrud.com\/product\/electrophoresis-surface-aluminum-profiles\/\" target=\"_blank\">Electrophoresis Surface Aluminum Profiles<\/a><\/li>\r\n<li><a href=\"https:\/\/sinoextrud.com\/product\/golden-electrophoresis-aluminum-profile\/\" target=\"_blank\">Golden Electrophoresis Aluminum Profile<\/a><\/li>\r\n<li><a href=\"https:\/\/sinoextrud.com\/product\/aluminum-profile-with-pvdf-coating\/\" target=\"_blank\">Aluminum Profile With PVDF Coating<\/a><\/li>\r\n<li><a href=\"https:\/\/sinoextrud.com\/product\/electrophoresis-aluminum-profile-wood-grain\/\" target=\"_blank\">Electrophoresis Aluminum Profile Wood Grain<\/a><\/li>\r\n<li><a href=\"https:\/\/sinoextrud.com\/product\/elictrophoresis-matte-gold-aluminium-profile-cad\/\" target=\"_blank\">Elictrophoresis matte gold aluminium profile cad download section price per ton extrusions for windows and doors construction<\/a><\/li>\r\n<li><a href=\"https:\/\/sinoextrud.com\/product\/electrophoretic-wood-surface-aluminum-square-pipe\/\" target=\"_blank\">Electrophoretic wood surface-aluminum Square Pipe<\/a><\/li>\r\n<li><a href=\"https:\/\/sinoextrud.com\/product\/aluminum-square-tube-in-wooden-grain\/\" target=\"_blank\">Aluminum Square Tube In Wooden Grain<\/a><\/li>\r\n<li><a href=\"https:\/\/sinoextrud.com\/product\/alu-squ-tube-in-wood-grain-painting\/\" target=\"_blank\">Alu squ tube In Wood Grain Painting<\/a><\/li>\r\n<li><a href=\"https:\/\/sinoextrud.com\/product\/aluminium-extrusion-press-line-profile-wooden-grained-coating-color-oem\/\" target=\"_blank\">Aluminium Extrusion Press Line profile wooden grained coating color OEM for Door Curtain Wall Ceiling<\/a><\/li>\r\n<li><a href=\"https:\/\/sinoextrud.com\/product\/aluminium-6063\/\" target=\"_blank\">Aluminium 6063<\/a><\/li>\r\n<li><a href=\"https:\/\/sinoextrud.com\/product\/aluminum-alloy-profile\/\" target=\"_blank\">Aluminum Alloy Profile<\/a><\/li>"},"feature_list":[]},"_links":{"self":[{"href":"https:\/\/sinoextrud.com\/de\/wp-json\/wp\/v2\/product\/6522","targetHints":{"allow":["GET"]}}],"collection":[{"href":"https:\/\/sinoextrud.com\/de\/wp-json\/wp\/v2\/product"}],"about":[{"href":"https:\/\/sinoextrud.com\/de\/wp-json\/wp\/v2\/types\/product"}],"wp:featuredmedia":[{"embeddable":true,"href":"https:\/\/sinoextrud.com\/de\/wp-json\/wp\/v2\/media\/6521"}],"wp:attachment":[{"href":"https:\/\/sinoextrud.com\/de\/wp-json\/wp\/v2\/media?parent=6522"}],"wp:term":[{"taxonomy":"category","embeddable":true,"href":"https:\/\/sinoextrud.com\/de\/wp-json\/wp\/v2\/categories?post=6522"}],"curies":[{"name":"wp","href":"https:\/\/api.w.org\/{rel}","templated":true}]}}