{"id":6520,"date":"2025-05-29T06:39:15","date_gmt":"2025-05-29T06:39:15","guid":{"rendered":"https:\/\/sinoextrud.com\/product\/electrophoresis-aluminum-profile-wood-grain\/"},"modified":"2025-06-24T06:11:04","modified_gmt":"2025-06-24T06:11:04","slug":"elektrophorese-aluminiumprofil-holzmaserung","status":"publish","type":"product","link":"https:\/\/sinoextrud.com\/de\/product\/electrophoresis-aluminum-profile-wood-grain\/","title":{"rendered":"Elektrophorese Aluminiumprofil Holzmaserung"},"content":{"rendered":"<h2>Produkte Details<\/h2>\n<table class=\"custom-table\">\n<tr>\n<td class=\"label\">Modell Nr.:<\/td>\n<td>Serie 6000<\/td>\n<\/tr>\n<tr>\n<td class=\"label\">Oberfl\u00e4chenveredelung:<\/td>\n<td>Holzmaserung, kundenspezifisch<\/td>\n<\/tr>\n<tr>\n<td class=\"label\">Legierungsbestandteil:<\/td>\n<td>6063<\/td>\n<\/tr>\n<tr>\n<td class=\"label\">Zertifizierung:<\/td>\n<td>CE, SONCAP, ISO, CIQ, ROHS, TUV, SGS<\/td>\n<\/tr>\n<tr>\n<td class=\"label\">Profil aus poliertem Aluminium:<\/td>\n<td>Mechanisches Polieren<\/td>\n<\/tr>\n<tr>\n<td class=\"label\">Material:<\/td>\n<td>6063-T5, 6061-T6, 6463-T5, 7075-T6, 6082<\/td>\n<\/tr>\n<tr>\n<td class=\"label\">Oberfl\u00e4chenbehandlung:<\/td>\n<td>Elektrophorese<\/td>\n<\/tr>\n<tr>\n<td class=\"label\">Tiefgreifender Prozess:<\/td>\n<td>CNC, Bohren, Gewindeschneiden, Stanzen, Schneiden, Biegen<\/td>\n<\/tr>\n<tr>\n<td class=\"label\">Farbe:<\/td>\n<td>Holzmaserung (verschiedene Farben sind verf\u00fcgbar)<\/td>\n<\/tr>\n<tr>\n<td class=\"label\">Gurantee:<\/td>\n<td>10-20Jahre<\/td>\n<\/tr>\n<tr>\n<td class=\"label\">Produkt:<\/td>\n<td>Elektrophorese Aluminiumprofil Holzmaserung<\/td>\n<\/tr>\n<tr>\n<td class=\"label\">Verladehafen:<\/td>\n<td>Foshan, Guangdong, China<\/td>\n<\/tr>\n<tr>\n<td class=\"label\">Bezahlung:<\/td>\n<td>T\/T 30% als Anzahlung, Restbetrag vor Lieferung<\/td>\n<\/tr>\n<tr>\n<td class=\"label\">Herkunft:<\/td>\n<td>China<\/td>\n<\/tr>\n<tr>\n<td class=\"label\">HS-Code:<\/td>\n<td>7604210000<\/td>\n<\/tr>\n<\/table>\n<h2>Unsere Produktionsbasis<\/h2>\n<h3>Fabrik-Panorama<\/h3>\n<p><img decoding=\"async\" src=\"\/wp-content\/uploads\/factory-01.webp\"\/><\/p>\n<h3>Werkstatt zur Herstellung von Aluminiumstangen<\/h3>\n<p><img decoding=\"async\" src=\"\/wp-content\/uploads\/factory-02.webp\"\/><\/p>\n<p><img decoding=\"async\" src=\"\/wp-content\/uploads\/factory-03.webp\"\/><\/p>\n<h3>Lagerhaus f\u00fcr Formen<\/h3>\n<p><img decoding=\"async\" src=\"\/wp-content\/uploads\/factory-04.webp\"\/><\/p>\n<h3>43 Aluminium-Strangpressanlagen (500-5500 Tonnen)<\/h3>\n<p><img decoding=\"async\" src=\"\/wp-content\/uploads\/factory-05.webp\"\/><\/p>\n<p><img decoding=\"async\" src=\"\/wp-content\/uploads\/factory-06.webp\"\/><\/p>\n<p><img decoding=\"async\" src=\"\/wp-content\/uploads\/factory-07.webp\"\/><\/p>\n<h3>Werkstatt f\u00fcr Pulverbeschichtung<\/h3>\n<p><img decoding=\"async\" src=\"\/wp-content\/uploads\/factory-09.webp\"\/><\/p>\n<h3>Eloxal-Werkstatt<\/h3>\n<p><img decoding=\"async\" src=\"\/wp-content\/uploads\/factory-10.webp\"\/><\/p>\n<h3>Workshop zur Tiefenverarbeitung<\/h3>\n<p><img decoding=\"async\" src=\"\/wp-content\/uploads\/factory-11.webp\"\/><\/p>\n<h3>CNC-Pr\u00e4zisionsbearbeitungswerkstatt<\/h3>\n<p><img decoding=\"async\" src=\"\/wp-content\/uploads\/factory-11.5.webp\"\/><\/p>\n<h3>Lager f\u00fcr Fertigprodukte und Export<\/h3>\n<p><img decoding=\"async\" src=\"\/wp-content\/uploads\/factory-12.webp\"\/><\/p>\n<p><img decoding=\"async\" src=\"\/wp-content\/uploads\/factory-13.webp\"\/><\/p>\n<p><img decoding=\"async\" src=\"\/wp-content\/uploads\/factory-14.webp\"\/><\/p>\n<h2>FAQ<\/h2>\n<p><p><b>1. was ist eine Elektrophorese Aluminiumprofil Holzmaserung?<\/b><\/p>\n<p>Es handelt sich um ein Aluminium-Strangpressprofil, das mit einer elektrophoretischen Beschichtung versehen ist, die das Aussehen nat\u00fcrlicher Holzmaserungen nachahmt und gleichzeitig die Haltbarkeit von Aluminium bietet.<br \/>\n<\/p><br \/>\n<br \/>\n<p><b>2. was sind die wichtigsten Vorteile der Elektrophorese Aluminiumprofil Holzmaserung?<\/b><\/p>\n<p>Diese Profile vereinen die Korrosionsbest\u00e4ndigkeit und Festigkeit von Aluminium mit einer realistischen Holzmaserung, die f\u00fcr \u00c4sthetik und dauerhafte Leistung sorgt.<br \/>\n<\/p><br \/>\n<br \/>\n<p><b>3. warum die Elektrophorese-Beschichtung f\u00fcr Aluminiumprofile mit Holzmaserung?<\/b><\/p>\n<p>Die elektrophoretische Beschichtung sorgt f\u00fcr eine gleichm\u00e4\u00dfige Abdeckung, eine starke Haftung und einen hervorragenden Schutz gegen Ausbleichen, Abbl\u00e4ttern und Korrosion im Vergleich zu herk\u00f6mmlichen Holzanstrichen.<br \/>\n<\/p><br \/>\n<br \/>\n<p><b>4. k\u00f6nnen Elektrophorese Aluminiumprofile Holzmaserung angepasst werden?<\/b><\/p>\n<p>Ja, sie k\u00f6nnen in Gr\u00f6\u00dfe, Form, Farbintensit\u00e4t und Maserung individuell angepasst werden, um spezifische Design- und Architekturanforderungen zu erf\u00fcllen.<br \/>\n<\/p><br \/>\n<br \/>\n<p><b>5. wie wirkt die Holzmaserung auf Aluminiumprofile?<\/b><\/p>\n<p>Die Oberfl\u00e4che verleiht dem Holz ein nat\u00fcrliches, warmes Aussehen, w\u00e4hrend die Vorteile des Aluminiums - geringes Gewicht, Rostbest\u00e4ndigkeit und geringer Wartungsaufwand - erhalten bleiben.<br \/>\n<\/p><br \/>\n<br \/>\n<p><b>6. sind elektrophoretische Aluminiumprofile mit Holzmaserung f\u00fcr den Au\u00dfeneinsatz geeignet?<\/b><\/p>\n<p>Ja, sie sind sehr widerstandsf\u00e4hig gegen UV-Strahlen, Feuchtigkeit und Witterungseinfl\u00fcsse, was sie ideal f\u00fcr architektonische und dekorative Anwendungen im Au\u00dfenbereich macht.<br \/>\n<\/p><br \/>\n<br \/>\n<p><b>7. in welchen Branchen ist die Elektrophorese von Aluminiumprofilen mit Holzmaserung \u00fcblich?<\/b><\/p>\n<p>Die Bau-, M\u00f6bel-, Innenausstattungs- und Fassadenindustrie verwendet diese Profile, um Haltbarkeit mit eleganter Holz\u00e4sthetik zu kombinieren.<br \/>\n<\/p><br \/>\n<br \/>\n<p><b>8. wie unterst\u00fctzt die Elektrophorese von Aluminiumprofilen mit Holzmaserung nachhaltiges Design?<\/b><\/p>\n<p>Aluminium ist 100% recycelbar, und das elektrophoretische Beschichtungsverfahren ist umweltfreundlich und bietet eine nachhaltige Alternative zu Naturholz.<br \/>\n<\/p><br \/><\/p>","protected":false},"featured_media":6519,"template":"","categories":[62],"class_list":["post-6520","product","type-product","status-publish","has-post-thumbnail","hentry","category-electrophoresis-aluminum-profile"],"meta_box":{"hilight_text_group":{"product_hilight_text":"<li>Electrophoresis coating provides durable corrosion and wear resistance<\/li>\r\r\n<li>Realistic wood grain finish adds natural aesthetic to aluminum profiles<\/li>\r\r\n<li>Lightweight yet strong, suitable for architectural and decorative use<\/li>\r\r\n<li>High-precision extrusion ensures consistent dimensions and quality<\/li>\r\r\n<li>Supports custom sizes, colors, and bulk orders for large projects<\/li>","product_chanpin_blog":"<ul>\r\r\n<li><a href=\"https:\/\/sinoextrud.com\/t-slot-v-slot-differences\/\" target=\"_blank\">t slot vs v slot<\/a><\/li>\r\r\n<li><a href=\"https:\/\/sinoextrud.com\/what-is-4040-aluminium-extrud\/\" target=\"_blank\">4040 aluminium extrusion<\/a><\/li>\r\r\n<li><a href=\"https:\/\/sinoextrud.com\/what-is-4040-aluminium-extrud\/\" target=\"_blank\">aluminum extrusions for industrial racks<\/a><\/li>\r\r\n<li><a href=\"https:\/\/sinoextrud.com\/powder-coating-aluminium-process\/\" target=\"_blank\">powder coating aluminium<\/a><\/li>\r\r\n<li><a href=\"https:\/\/sinoextrud.com\/what-is-an-aluminium-strip-ceiling\/\" target=\"_blank\">aluminium strip ceiling<\/a><\/li>\r\r\n<li><a href=\"https:\/\/sinoextrud.com\/what-is-a-heat-sink\/\" target=\"_blank\">what is a heat sink<\/a><\/li>\r\r\n<\/ul>","product_chanpin_chanpin":"<li><a href=\"https:\/\/sinoextrud.com\/product\/electrophoretic-grain-square-tube-rosewood\/\" target=\"_blank\">Electrophoretic Grain Square Tube Rosewood<\/a><\/li>\r\n<li><a href=\"https:\/\/sinoextrud.com\/product\/electrophoresis-surface-aluminum-profiles\/\" target=\"_blank\">Electrophoresis Surface Aluminum Profiles<\/a><\/li>\r\n<li><a href=\"https:\/\/sinoextrud.com\/product\/golden-electrophoresis-aluminum-profile\/\" target=\"_blank\">Golden Electrophoresis Aluminum Profile<\/a><\/li>\r\n<li><a href=\"https:\/\/sinoextrud.com\/product\/aluminum-profile-with-pvdf-coating\/\" target=\"_blank\">Aluminum Profile With PVDF Coating<\/a><\/li>\r\n<li><a href=\"https:\/\/sinoextrud.com\/product\/electrophoresis-aluminum-profile-wood-grain\/\" target=\"_blank\">Electrophoresis Aluminum Profile Wood Grain<\/a><\/li>\r\n<li><a href=\"https:\/\/sinoextrud.com\/product\/elictrophoresis-matte-gold-aluminium-profile-cad\/\" target=\"_blank\">Elictrophoresis matte gold aluminium profile cad download section price per ton extrusions for windows and doors construction<\/a><\/li>\r\n<li><a href=\"https:\/\/sinoextrud.com\/product\/electrophoretic-wood-surface-aluminum-square-pipe\/\" target=\"_blank\">Electrophoretic wood surface-aluminum Square Pipe<\/a><\/li>\r\n<li><a href=\"https:\/\/sinoextrud.com\/product\/aluminum-square-tube-in-wooden-grain\/\" target=\"_blank\">Aluminum Square Tube In Wooden Grain<\/a><\/li>\r\n<li><a href=\"https:\/\/sinoextrud.com\/product\/alu-squ-tube-in-wood-grain-painting\/\" target=\"_blank\">Alu squ tube In Wood Grain Painting<\/a><\/li>\r\n<li><a href=\"https:\/\/sinoextrud.com\/product\/the-hexagonal-type-ceiling-system\/\" target=\"_blank\">The Hexagonal Type Ceiling System (Hexagonal Ceiling)<\/a><\/li>\r\n<li><a href=\"https:\/\/sinoextrud.com\/product\/aluminum-extrusion-aluminum-cladding-profile-wood-look-grain-aluminum-panels\/\" target=\"_blank\">Aluminum Extrusion Aluminum Cladding Profile Wood Look Grain Aluminum Panels<\/a><\/li>"},"feature_list":[]},"_links":{"self":[{"href":"https:\/\/sinoextrud.com\/de\/wp-json\/wp\/v2\/product\/6520","targetHints":{"allow":["GET"]}}],"collection":[{"href":"https:\/\/sinoextrud.com\/de\/wp-json\/wp\/v2\/product"}],"about":[{"href":"https:\/\/sinoextrud.com\/de\/wp-json\/wp\/v2\/types\/product"}],"wp:featuredmedia":[{"embeddable":true,"href":"https:\/\/sinoextrud.com\/de\/wp-json\/wp\/v2\/media\/6519"}],"wp:attachment":[{"href":"https:\/\/sinoextrud.com\/de\/wp-json\/wp\/v2\/media?parent=6520"}],"wp:term":[{"taxonomy":"category","embeddable":true,"href":"https:\/\/sinoextrud.com\/de\/wp-json\/wp\/v2\/categories?post=6520"}],"curies":[{"name":"wp","href":"https:\/\/api.w.org\/{rel}","templated":true}]}}