{"id":6514,"date":"2025-05-29T04:00:39","date_gmt":"2025-05-29T04:00:39","guid":{"rendered":"https:\/\/sinoextrud.com\/product\/electrophoresis-surface-aluminum-profiles\/"},"modified":"2025-06-24T06:11:03","modified_gmt":"2025-06-24T06:11:03","slug":"elektrophorese-oberflache-aluminiumprofile","status":"publish","type":"product","link":"https:\/\/sinoextrud.com\/de\/product\/electrophoresis-surface-aluminum-profiles\/","title":{"rendered":"Elektrophorese Oberfl\u00e4che Aluminium-Profile"},"content":{"rendered":"<h2>Produkte Details<\/h2>\n<table class=\"custom-table\">\n<tr>\n<td class=\"label\">Modell Nr.:<\/td>\n<td>Serie 6000<\/td>\n<\/tr>\n<tr>\n<td class=\"label\">Oberfl\u00e4chenveredelung:<\/td>\n<td>Holzmaserung, kundenspezifisch<\/td>\n<\/tr>\n<tr>\n<td class=\"label\">Legierungsbestandteil:<\/td>\n<td>6063<\/td>\n<\/tr>\n<tr>\n<td class=\"label\">Zertifizierung:<\/td>\n<td>CE, SGS, ISO, CIQ, ROHS, TUV<\/td>\n<\/tr>\n<tr>\n<td class=\"label\">Marke:<\/td>\n<td>Sinoextrud<\/td>\n<\/tr>\n<tr>\n<td class=\"label\">Material:<\/td>\n<td>6063-T5, 6061-T6, 6082<\/td>\n<\/tr>\n<tr>\n<td class=\"label\">Oberfl\u00e4chenbehandlung:<\/td>\n<td>Elektrophorese<\/td>\n<\/tr>\n<tr>\n<td class=\"label\">Tiefgreifender Prozess:<\/td>\n<td>CNC, Bohren, Gewindeschneiden, Stanzen, Schneiden, Biegen<\/td>\n<\/tr>\n<tr>\n<td class=\"label\">Farbe:<\/td>\n<td>Holzmaserung (verschiedene Farben sind verf\u00fcgbar)<\/td>\n<\/tr>\n<tr>\n<td class=\"label\">Beispiel:<\/td>\n<td>verf\u00fcgbar<\/td>\n<\/tr>\n<tr>\n<td class=\"label\">Produkt:<\/td>\n<td>Aluminium-Profil<\/td>\n<\/tr>\n<tr>\n<td class=\"label\">Verladehafen:<\/td>\n<td>Foshan, Guangdong, China<\/td>\n<\/tr>\n<tr>\n<td class=\"label\">Bezahlung:<\/td>\n<td>T\/T 30% als Anzahlung, Restbetrag vor Lieferung<\/td>\n<\/tr>\n<tr>\n<td class=\"label\">Herkunft:<\/td>\n<td>China<\/td>\n<\/tr>\n<tr>\n<td class=\"label\">HS-Code:<\/td>\n<td>7604210000<\/td>\n<\/tr>\n<\/table>\n<h2>Unsere Produktionsbasis<\/h2>\n<h3>Fabrik-Panorama<\/h3>\n<p><img decoding=\"async\" src=\"\/wp-content\/uploads\/factory-01.webp\"\/><\/p>\n<h3>Werkstatt zur Herstellung von Aluminiumstangen<\/h3>\n<p><img decoding=\"async\" src=\"\/wp-content\/uploads\/factory-02.webp\"\/><\/p>\n<\/p>\n<p><img decoding=\"async\" src=\"\/wp-content\/uploads\/factory-03.webp\"\/><\/p>\n<h3>Lagerhaus f\u00fcr Formen<\/h3>\n<p><img decoding=\"async\" src=\"\/wp-content\/uploads\/factory-04.webp\"\/><\/p>\n<h3>43 Aluminium-Strangpressanlagen (500\u00e2\u20ac\"5500 Tonnen)<\/h3>\n<p><img decoding=\"async\" src=\"\/wp-content\/uploads\/factory-05.webp\"\/><\/p>\n<p><img decoding=\"async\" src=\"\/wp-content\/uploads\/factory-06.webp\"\/><\/p>\n<p><img decoding=\"async\" src=\"\/wp-content\/uploads\/factory-07.webp\"\/><\/p>\n<h3>Werkstatt f\u00fcr Pulverbeschichtung<\/h3>\n<p><img decoding=\"async\" src=\"\/wp-content\/uploads\/factory-09.webp\"\/><\/p>\n<h3>Eloxal-Werkstatt<\/h3>\n<p><img decoding=\"async\" src=\"\/wp-content\/uploads\/factory-10.webp\"\/><\/p>\n<h3>Workshop zur Tiefenverarbeitung<\/h3>\n<p><img decoding=\"async\" src=\"\/wp-content\/uploads\/factory-11.webp\"\/><\/p>\n<h3>CNC-Pr\u00e4zisionsbearbeitungswerkstatt<\/h3>\n<p><img decoding=\"async\" src=\"\/wp-content\/uploads\/factory-11.5.webp\"\/><\/p>\n<h3>Lager f\u00fcr Fertigprodukte und Export<\/h3>\n<p><img decoding=\"async\" src=\"\/wp-content\/uploads\/factory-12.webp\"\/><\/p>\n<p><img decoding=\"async\" src=\"\/wp-content\/uploads\/factory-13.webp\"\/><\/p>\n<p><img decoding=\"async\" src=\"\/wp-content\/uploads\/factory-14.webp\"\/><\/p>\n<h2>FAQ<\/h2>\n<p><b>1. was sind Elektrophorese-Oberfl\u00e4chenaluminiumprofile?<\/b><\/p>\n<p>Aluminiumprofile mit elektrophoretischer Oberfl\u00e4che sind Aluminium-Strangpressprofile, die mit einem elektrophoretischen Beschichtungsverfahren behandelt werden, das gleichm\u00e4\u00dfige, dauerhafte und korrosionsbest\u00e4ndige Oberfl\u00e4chen schafft.\n<\/p>\n<p><\/p>\n<p><b>2. was sind die wichtigsten Vorteile der Elektrophorese Oberfl\u00e4che Aluminium-Profile?<\/b><\/p>\n<p>Sie bieten eine ausgezeichnete Korrosionsbest\u00e4ndigkeit, eine gleichm\u00e4\u00dfige Schichtdicke, eine starke Haftung und eine verbesserte Oberfl\u00e4cheng\u00fcte, die sich f\u00fcr komplexe Formen und komplizierte Profile eignet.\n<\/p>\n<p><\/p>\n<p><b>3. warum sollte man die Elektrophorese-Beschichtung den traditionellen Veredelungsmethoden vorziehen?<\/b><\/p>\n<p>Die Elektrophorese-Beschichtung gew\u00e4hrleistet eine gleichm\u00e4\u00dfige Abdeckung aller Oberfl\u00e4chen, einschlie\u00dflich Vertiefungen und Kanten, reduziert Defekte und bietet im Vergleich zur Pulverbeschichtung oder Eloxierung einen besseren Korrosionsschutz.\n<\/p>\n<p><\/p>\n<p><b>4. k\u00f6nnen die Aluminiumprofile der Elektrophorese-Oberfl\u00e4che angepasst werden?<\/b><\/p>\n<p>Ja, diese Profile k\u00f6nnen in Bezug auf Legierungsgrad, Gr\u00f6\u00dfe, Form und Farbe der elektrophoretischen Beschichtung an spezifische Anwendungs- und Designanforderungen angepasst werden.\n<\/p>\n<p><\/p>\n<p><b>5. wie verbessert die Elektrophorese-Behandlung die Haltbarkeit von Aluminiumprofilen?<\/b><\/p>\n<p>Die elektrophoretische Beschichtung bildet einen festhaftenden Schutzfilm, der Rost, UV-Sch\u00e4den, chemischen Einfl\u00fcssen und mechanischem Verschlei\u00df widersteht.\n<\/p>\n<p><\/p>\n<p><b>6. sind Aluminiumprofile mit elektrophoretischer Oberfl\u00e4che f\u00fcr Au\u00dfenanwendungen geeignet?<\/b><\/p>\n<p>Ja, sie bieten eine hervorragende Best\u00e4ndigkeit gegen Witterungseinfl\u00fcsse, Feuchtigkeit und Umweltschadstoffe und sind daher ideal f\u00fcr architektonische und industrielle Au\u00dfenanwendungen.\n<\/p>\n<p><\/p>\n<p><b>Welche Branchen profitieren am meisten von Aluminiumprofilen mit elektrophoretischer Oberfl\u00e4che?<\/b><\/p>\n<p>Bau-, Automobil-, Elektronik- und M\u00f6belindustrie verwenden diese Profile wegen ihrer Langlebigkeit, gleichm\u00e4\u00dfigen Oberfl\u00e4che und Korrosionsbest\u00e4ndigkeit.\n<\/p>\n<p><\/p>\n<p><b>8. wie unterst\u00fctzt die Elektrophorese von Aluminiumprofilen die nachhaltige Produktion?<\/b><\/p>\n<p>Das elektrophoretische Verfahren ist umweltfreundlich mit geringen VOC-Emissionen, und Aluminium ist vollst\u00e4ndig recycelbar, was umweltfreundliche Produktionsverfahren f\u00f6rdert.\n<\/p>\n<p><\/p>","protected":false},"featured_media":6513,"template":"","categories":[62],"class_list":["post-6514","product","type-product","status-publish","has-post-thumbnail","hentry","category-electrophoresis-aluminum-profile"],"meta_box":{"hilight_text_group":{"product_hilight_text":"<li>Electrophoresis surface treatment offers superior corrosion resistance<\/li>\r\r\n<li>Provides smooth, uniform coating with enhanced adhesion<\/li>\r\r\n<li>Improves durability and aesthetic appeal of aluminum profiles<\/li>\r\r\n<li>Suitable for architectural, automotive, and industrial applications<\/li>\r\r\n<li>Supports custom sizes, shapes, and bulk order fulfillment<\/li>","product_chanpin_blog":"<ul>\r\r\n<li><a href=\"https:\/\/sinoextrud.com\/t-slot-v-slot-differences\/\" target=\"_blank\">t slot vs v slot<\/a><\/li>\r\r\n<li><a href=\"https:\/\/sinoextrud.com\/what-is-4040-aluminium-extrud\/\" target=\"_blank\">4040 aluminium extrusion<\/a><\/li>\r\r\n<li><a href=\"https:\/\/sinoextrud.com\/what-is-4040-aluminium-extrud\/\" target=\"_blank\">aluminum extrusions for industrial racks<\/a><\/li>\r\r\n<li><a href=\"https:\/\/sinoextrud.com\/powder-coating-aluminium-process\/\" target=\"_blank\">powder coating aluminium<\/a><\/li>\r\r\n<li><a href=\"https:\/\/sinoextrud.com\/what-is-an-aluminium-strip-ceiling\/\" target=\"_blank\">aluminium strip ceiling<\/a><\/li>\r\r\n<li><a href=\"https:\/\/sinoextrud.com\/what-is-a-heat-sink\/\" target=\"_blank\">what is a heat sink<\/a><\/li>\r\r\n<\/ul>","product_chanpin_chanpin":"<li><a href=\"https:\/\/sinoextrud.com\/product\/customized-powder-coated-tube-decorative-anodized-aluminum-louver-fence-panel-for-modern-garden\/\" target=\"_blank\">Customized Powder Coated Tube Decorative Anodized Aluminum Louver Fence Panel For Modern Garden<\/a><\/li>\r\n<li><a href=\"https:\/\/sinoextrud.com\/product\/aluminium-6063\/\" target=\"_blank\">Aluminium 6063<\/a><\/li>\r\n<li><a href=\"https:\/\/sinoextrud.com\/product\/extrusion-aluminum-profile-for-powder-coating-window-and-door-alloy-6063\/\" target=\"_blank\">Extrusion Aluminum Profile For Powder Coating Window and Door Alloy 6063<\/a><\/li>\r\n<li><a href=\"https:\/\/sinoextrud.com\/product\/electrophoretic-grain-square-tube-rosewood\/\" target=\"_blank\">Electrophoretic Grain Square Tube Rosewood<\/a><\/li>\r\n<li><a href=\"https:\/\/sinoextrud.com\/product\/electrophoresis-surface-aluminum-profiles\/\" target=\"_blank\">Electrophoresis Surface Aluminum Profiles<\/a><\/li>\r\n<li><a href=\"https:\/\/sinoextrud.com\/product\/golden-electrophoresis-aluminum-profile\/\" target=\"_blank\">Golden Electrophoresis Aluminum Profile<\/a><\/li>\r\n<li><a href=\"https:\/\/sinoextrud.com\/product\/aluminum-profile-with-pvdf-coating\/\" target=\"_blank\">Aluminum Profile With PVDF Coating<\/a><\/li>\r\n<li><a href=\"https:\/\/sinoextrud.com\/product\/electrophoresis-aluminum-profile-wood-grain\/\" target=\"_blank\">Electrophoresis Aluminum Profile Wood Grain<\/a><\/li>\r\n<li><a href=\"https:\/\/sinoextrud.com\/product\/elictrophoresis-matte-gold-aluminium-profile-cad\/\" target=\"_blank\">Elictrophoresis matte gold aluminium profile cad download section price per ton extrusions for windows and doors construction<\/a><\/li>\r\n<li><a href=\"https:\/\/sinoextrud.com\/product\/aluminium-extrusion-c-beam\/\" target=\"_blank\">Aluminium Extrusion C Beam<\/a><\/li>\r\n<li><a href=\"https:\/\/sinoextrud.com\/product\/wood-grain-false-ceiling-aluminium-profiles\/\" target=\"_blank\">Wood Grain False Ceiling Aluminium Profiles<\/a><\/li>"},"feature_list":[]},"_links":{"self":[{"href":"https:\/\/sinoextrud.com\/de\/wp-json\/wp\/v2\/product\/6514","targetHints":{"allow":["GET"]}}],"collection":[{"href":"https:\/\/sinoextrud.com\/de\/wp-json\/wp\/v2\/product"}],"about":[{"href":"https:\/\/sinoextrud.com\/de\/wp-json\/wp\/v2\/types\/product"}],"wp:featuredmedia":[{"embeddable":true,"href":"https:\/\/sinoextrud.com\/de\/wp-json\/wp\/v2\/media\/6513"}],"wp:attachment":[{"href":"https:\/\/sinoextrud.com\/de\/wp-json\/wp\/v2\/media?parent=6514"}],"wp:term":[{"taxonomy":"category","embeddable":true,"href":"https:\/\/sinoextrud.com\/de\/wp-json\/wp\/v2\/categories?post=6514"}],"curies":[{"name":"wp","href":"https:\/\/api.w.org\/{rel}","templated":true}]}}