{"id":6510,"date":"2025-05-29T03:54:58","date_gmt":"2025-05-29T03:54:58","guid":{"rendered":"https:\/\/sinoextrud.com\/product\/extrusion-aluminum-profile-for-powder-coating-window-and-door-alloy-6063\/"},"modified":"2025-06-24T06:11:03","modified_gmt":"2025-06-24T06:11:03","slug":"strangpressprofil-aus-aluminium-fur-die-pulverbeschichtung-von-fenstern-und-turen-legierung-6063","status":"publish","type":"product","link":"https:\/\/sinoextrud.com\/de\/product\/extrusion-aluminum-profile-for-powder-coating-window-and-door-alloy-6063\/","title":{"rendered":"Extrusion Aluminiumprofil f\u00fcr Pulverbeschichtung Fenster und T\u00fcr Legierung 6063"},"content":{"rendered":"<h2>Produkte Details<\/h2>\n<table class=\"custom-table\">\n<tr>\n<td class=\"label\">Name:<\/td>\n<td>Pulverbeschichtung Fenster und T\u00fcr Legierung,Extrusion Aluminium Profil f\u00fcr Pulverbeschichtung Fenster und T\u00fcr Legierung 6063<\/td>\n<\/tr>\n<tr>\n<td class=\"label\">Material:<\/td>\n<td>Legierung 6063-T5, 6061-T6<\/td>\n<\/tr>\n<tr>\n<td class=\"label\">Oberfl\u00e4chenbehandlung:<\/td>\n<td>Eloxieren, Pulverbeschichtung,<br \/>Walzwerk-fertig,Holz-fertig<\/td>\n<\/tr>\n<tr>\n<td class=\"label\">Farbe Option:<\/td>\n<td>Silber, Champagner, Bronze, Gold, Schwarz, Sandbeschichtung, mattes Silber oder kundenspezifisch<\/td>\n<\/tr>\n<tr>\n<td class=\"label\">Filmstandard:<\/td>\n<td>Eloxiert: 7-23micron<br \/>Pulverbeschichtung:40-120micron<br \/>Elektrophorese-Film :12-25micron<\/td>\n<\/tr>\n<tr>\n<td class=\"label\">MOQ:<\/td>\n<td>10-12Tons\/1*20\u2032, 20-23Tons\/1*40\u2032<\/td>\n<\/tr>\n<tr>\n<td class=\"label\">L\u00e4nge:<\/td>\n<td>5.8-6M oder kundenspezifisch<\/td>\n<\/tr>\n<tr>\n<td class=\"label\">Konfigurationen:<\/td>\n<td>Schiebefenster\/Schiebet\u00fcren<br \/>Fl\u00fcgelfenster\/Schwingt\u00fcren<br \/>Markise Fenster.<br \/>Windows reparieren.<br \/>Faltt\u00fcren<\/td>\n<\/tr>\n<\/table>\n<h2>Unsere Produktionsbasis<\/h2>\n<h3>Fabrik-Panorama<\/h3>\n<p><img decoding=\"async\" src=\"\/wp-content\/uploads\/factory-01.webp\"\/><\/p>\n<h3>Werkstatt zur Herstellung von Aluminiumstangen<\/h3>\n<p><img decoding=\"async\" src=\"\/wp-content\/uploads\/factory-02.webp\"\/><\/p>\n<p><img decoding=\"async\" src=\"\/wp-content\/uploads\/factory-03.webp\"\/><\/p>\n<h3>Lagerhaus f\u00fcr Formen<\/h3>\n<p><img decoding=\"async\" src=\"\/wp-content\/uploads\/factory-04.webp\"\/><\/p>\n<h3>43 Aluminium-Strangpressanlagen (500\u00e2\u20ac\"5500 Tonnen)<\/h3>\n<p><img decoding=\"async\" src=\"\/wp-content\/uploads\/factory-05.webp\"\/><\/p>\n<p><img decoding=\"async\" src=\"\/wp-content\/uploads\/factory-06.webp\"\/><\/p>\n<p><img decoding=\"async\" src=\"\/wp-content\/uploads\/factory-07.webp\"\/><\/p>\n<h3>Werkstatt f\u00fcr Pulverbeschichtung<\/h3>\n<p><img decoding=\"async\" src=\"\/wp-content\/uploads\/factory-09.webp\"\/><\/p>\n<h3>Eloxal-Werkstatt<\/h3>\n<p><img decoding=\"async\" src=\"\/wp-content\/uploads\/factory-10.webp\"\/><\/p>\n<h3>Workshop zur Tiefenverarbeitung<\/h3>\n<p><img decoding=\"async\" src=\"\/wp-content\/uploads\/factory-11.webp\"\/><\/p>\n<h3>CNC-Pr\u00e4zisionsbearbeitungswerkstatt<\/h3>\n<p><img decoding=\"async\" src=\"\/wp-content\/uploads\/factory-11.5.webp\"\/><\/p>\n<h3>Lager f\u00fcr Fertigprodukte und Export<\/h3>\n<p><img decoding=\"async\" src=\"\/wp-content\/uploads\/factory-12.webp\"\/><\/p>\n<p><img decoding=\"async\" src=\"\/wp-content\/uploads\/factory-13.webp\"\/><\/p>\n<p><img decoding=\"async\" src=\"\/wp-content\/uploads\/factory-14.webp\"\/><\/p>\n<h2>FAQ<\/h2>\n<p><p><b>1. was ist 6063 Legierung in Aluminium-Strangpressprofilen?<\/b><\/p>\n<p>Die Legierung 6063 ist ein hochfester, korrosionsbest\u00e4ndiger Aluminiumwerkstoff, der aufgrund seiner hervorragenden Oberfl\u00e4chenbeschaffenheit und Langlebigkeit h\u00e4ufig f\u00fcr Strangpressprofile f\u00fcr Fenster und T\u00fcren verwendet wird.<br \/>\n<\/p><br \/>\n<br \/>\n<p><b>2. warum Aluminium-Strangpressprofile f\u00fcr die Pulverbeschichtung w\u00e4hlen?<\/b><\/p>\n<p>Stranggepresste Aluminiumprofile sind ideal f\u00fcr die Pulverbeschichtung, da sie eine glatte, gleichm\u00e4\u00dfige Oberfl\u00e4che bieten, die die Haftung und Langlebigkeit der Beschichtung verbessert.<br \/>\n<\/p><br \/>\n<br \/>\n<p><b>3. was sind die wichtigsten Vorteile von pulverbeschichteten Aluminium-Fenster- und T\u00fcrrahmen?<\/b><\/p>\n<p>Pulverbeschichtete Aluminiumrahmen bieten verbesserte Witterungsbest\u00e4ndigkeit, Farbstabilit\u00e4t und ein schlankes, modernes Aussehen, das sich f\u00fcr architektonische Anwendungen eignet.<br \/>\n<\/p><br \/>\n<br \/>\n<p><b>4. k\u00f6nnen 6063 Aluminiumprofile f\u00fcr einzigartige Fenster- und T\u00fcrdesigns angepasst werden?<\/b><\/p>\n<p>Ja, 6063-Aluminiumprofile k\u00f6nnen in kundenspezifische Formen und Gr\u00f6\u00dfen stranggepresst werden, um spezifische Design- und Projektanforderungen zu erf\u00fcllen.<br \/>\n<\/p><br \/>\n<br \/>\n<p><b>5 Wie verbessert 6063-Aluminium die Leistung von Fenster- und T\u00fcrsystemen?<\/b><\/p>\n<p>6063-Aluminium bietet eine hervorragende W\u00e4rmeleitf\u00e4higkeit, strukturelle Stabilit\u00e4t und Korrosionsbest\u00e4ndigkeit und verbessert die Gesamtleistung von Fenster- und T\u00fcrsystemen.<br \/>\n<\/p><br \/>\n<br \/>\n<p><b>6. sind Aluminium-Strangpressprofile sowohl f\u00fcr den privaten als auch f\u00fcr den gewerblichen Gebrauch geeignet?<\/b><\/p>\n<p>Aluminium-Strangpressprofile aus der Legierung 6063 werden aufgrund ihrer St\u00e4rke und Vielseitigkeit sowohl f\u00fcr Fenster und T\u00fcren im Wohn- als auch im Gewerbebereich verwendet.<br \/>\n<\/p><br \/>\n<br \/>\n<p><b>7. ist das 6063-Aluminiumprofil mit der modernen Architektur vereinbar?<\/b><\/p>\n<p>Ja, 6063-Aluminiumprofile unterst\u00fctzen ein schlankes, minimalistisches Design und k\u00f6nnen in verschiedenen Farben pulverbeschichtet werden, um zu modernen architektonischen Stilen zu passen.<br \/>\n<\/p><br \/>\n<br \/>\n<p><b>8. wie lange halten pulverbeschichtete Fenster- und T\u00fcrprofile aus Aluminium?<\/b><\/p>\n<p>Pulverbeschichtete Aluminiumprofile bieten eine lange Lebensdauer, halten rauen Witterungsbedingungen stand und behalten ihre Oberfl\u00e4che viele Jahre lang bei minimaler Wartung.<br \/>\n<\/p><br \/>\n<br \/>\n<p><b>9. sind 6063 Aluminium-Strangpressprofile umweltfreundlich?<\/b><\/p>\n<p>Ja, sie sind vollst\u00e4ndig recycelbar, RoHS-konform und tragen zu nachhaltigen Baupraktiken bei.<br \/>\n<\/p><br \/>\n<br \/>\n<p><b>10. warum lassen sich Aluminium-Strangpressprofile leicht in Fenster- und T\u00fcrsysteme einbauen?<\/b><\/p>\n<p>Durch die hohe Ma\u00dfgenauigkeit und das geringe Gewicht von Aluminium-Strangpressprofilen lassen sie sich leicht transportieren, handhaben und vor Ort effizient installieren.<br \/>\n<\/p><br \/><\/p>","protected":false},"featured_media":6509,"template":"","categories":[61],"class_list":["post-6510","product","type-product","status-publish","has-post-thumbnail","hentry","category-powder-coating-aluminum-profile"],"meta_box":{"hilight_text_group":{"product_hilight_text":"<li>Made of 6063 aluminum alloy with high strength and excellent corrosion resistance<\/li>\r\r\n<li>Designed for powder coating with uniform surface and strong adhesion<\/li>\r\r\n<li>Ideal for various high-end window and door systems with stable structure<\/li>\r\r\n<li>Custom mold design available to meet diverse project requirements<\/li>\r\r\n<li>High-precision extrusion process ensures accurate dimensions and easy installation<\/li>\r\r\n<li>Eco-friendly material compliant with RoHS, suitable for international markets<\/li>","product_chanpin_blog":"<ul>\r\r\n<li><a href=\"https:\/\/sinoextrud.com\/t-slot-v-slot-differences\/\" target=\"_blank\">t slot vs v slot<\/a><\/li>\r\r\n<li><a href=\"https:\/\/sinoextrud.com\/what-is-4040-aluminium-extrud\/\" target=\"_blank\">4040 aluminium extrusion<\/a><\/li>\r\r\n<li><a href=\"https:\/\/sinoextrud.com\/what-is-4040-aluminium-extrud\/\" target=\"_blank\">aluminum extrusions for industrial racks<\/a><\/li>\r\r\n<li><a href=\"https:\/\/sinoextrud.com\/powder-coating-aluminium-process\/\" target=\"_blank\">powder coating aluminium<\/a><\/li>\r\r\n<li><a href=\"https:\/\/sinoextrud.com\/what-is-an-aluminium-strip-ceiling\/\" target=\"_blank\">aluminium strip ceiling<\/a><\/li>\r\r\n<li><a href=\"https:\/\/sinoextrud.com\/what-is-a-heat-sink\/\" target=\"_blank\">what is a heat sink<\/a><\/li>\r\r\n<\/ul>","product_chanpin_chanpin":"<li><a href=\"https:\/\/sinoextrud.com\/product\/powder-coated-extrusions-aluminum-corrosion-resistant-for-10-years-in-door\/\" target=\"_blank\">Powder Coated Extrusions Aluminum Corrosion Resistant For 10 Years In Door<\/a><\/li>\r\n<li><a href=\"https:\/\/sinoextrud.com\/product\/powder-coating-surface-aluminum-profile\/\" target=\"_blank\">Powder Coating Surface Aluminum Profile<\/a><\/li>\r\n<li><a href=\"https:\/\/sinoextrud.com\/product\/customized-powder-coated-tube-decorative-anodized-aluminum-louver-fence-panel-for-modern-garden\/\" target=\"_blank\">Customized Powder Coated Tube Decorative Anodized Aluminum Louver Fence Panel For Modern Garden<\/a><\/li>\r\n<li><a href=\"https:\/\/sinoextrud.com\/product\/aluminium-6063\/\" target=\"_blank\">Aluminium 6063<\/a><\/li>\r\n<li><a href=\"https:\/\/sinoextrud.com\/product\/extrusion-aluminum-profile-for-powder-coating-window-and-door-alloy-6063\/\" target=\"_blank\">Extrusion Aluminum Profile For Powder Coating Window and Door Alloy 6063<\/a><\/li>\r\n<li><a href=\"https:\/\/sinoextrud.com\/product\/electrophoretic-grain-square-tube-rosewood\/\" target=\"_blank\">Electrophoretic Grain Square Tube Rosewood<\/a><\/li>\r\n<li><a href=\"https:\/\/sinoextrud.com\/product\/electrophoresis-surface-aluminum-profiles\/\" target=\"_blank\">Electrophoresis Surface Aluminum Profiles<\/a><\/li>\r\n<li><a href=\"https:\/\/sinoextrud.com\/product\/golden-electrophoresis-aluminum-profile\/\" target=\"_blank\">Golden Electrophoresis Aluminum Profile<\/a><\/li>\r\n<li><a href=\"https:\/\/sinoextrud.com\/product\/aluminum-profile-with-pvdf-coating\/\" target=\"_blank\">Aluminum Profile With PVDF Coating<\/a><\/li>\r\n<li><a href=\"https:\/\/sinoextrud.com\/product\/glazing-channels-extrusions\/\" target=\"_blank\">Glazing Channels Extrusions<\/a><\/li>\r\n<li><a href=\"https:\/\/sinoextrud.com\/product\/aluminum-triangle-tube-profile\/\" target=\"_blank\">Aluminum Triangle Tube Profile<\/a><\/li>"},"feature_list":[]},"_links":{"self":[{"href":"https:\/\/sinoextrud.com\/de\/wp-json\/wp\/v2\/product\/6510","targetHints":{"allow":["GET"]}}],"collection":[{"href":"https:\/\/sinoextrud.com\/de\/wp-json\/wp\/v2\/product"}],"about":[{"href":"https:\/\/sinoextrud.com\/de\/wp-json\/wp\/v2\/types\/product"}],"wp:featuredmedia":[{"embeddable":true,"href":"https:\/\/sinoextrud.com\/de\/wp-json\/wp\/v2\/media\/6509"}],"wp:attachment":[{"href":"https:\/\/sinoextrud.com\/de\/wp-json\/wp\/v2\/media?parent=6510"}],"wp:term":[{"taxonomy":"category","embeddable":true,"href":"https:\/\/sinoextrud.com\/de\/wp-json\/wp\/v2\/categories?post=6510"}],"curies":[{"name":"wp","href":"https:\/\/api.w.org\/{rel}","templated":true}]}}