{"id":6508,"date":"2025-05-29T03:51:22","date_gmt":"2025-05-29T03:51:22","guid":{"rendered":"https:\/\/sinoextrud.com\/product\/aluminium-6063\/"},"modified":"2025-06-24T06:11:03","modified_gmt":"2025-06-24T06:11:03","slug":"aluminium-6063","status":"publish","type":"product","link":"https:\/\/sinoextrud.com\/de\/product\/aluminium-6063\/","title":{"rendered":"Aluminium 6063"},"content":{"rendered":"<h2>Produkte Details<\/h2>\n<table class=\"custom-table\">\n<tr>\n<td class=\"label\">Modell Nr.:<\/td>\n<td> Schiene Aluminium 6063<\/td>\n<\/tr>\n<tr>\n<td class=\"label\">Art:<\/td>\n<td> Aluminium-Vorhangschiene<\/td>\n<\/tr>\n<tr>\n<td class=\"label\">Zustand der Oberfl\u00e4che:<\/td>\n<td> Pulverbeschichtung wei\u00df<\/td>\n<\/tr>\n<tr>\n<td class=\"label\">Gr\u00f6\u00dfe:<\/td>\n<td> 25*10mm, 1,0mm Dicke<\/td>\n<\/tr>\n<tr>\n<td class=\"label\">L\u00e4nge:<\/td>\n<td> 5,8 Mio. pro St\u00fcck<\/td>\n<\/tr>\n<tr>\n<td class=\"label\">Paket:<\/td>\n<td> einzeln auf PE-Firma platziert, 50 St\u00fcck pro B\u00fcndel, kundenspezifisch<\/td>\n<\/tr>\n<tr>\n<td class=\"label\">Verschiffungshafen:<\/td>\n<td> FOB Guangzhou<\/td>\n<\/tr>\n<tr>\n<td class=\"label\">Spezifikation:<\/td>\n<td> SGS ISO GB-Norm<\/td>\n<\/tr>\n<tr>\n<td class=\"label\">HS-Code:<\/td>\n<td> 76042990<\/td>\n<\/tr>\n<tr>\n<td class=\"label\">Original:<\/td>\n<td> Foshan China<\/td>\n<\/tr>\n<tr>\n<td class=\"label\">Produktionskapazit\u00e4ten:<\/td>\n<td> 3000.000 kgs\/ Monat<\/td>\n<\/tr>\n<\/table>\n<h2>Unsere Produktionsbasis<\/h2>\n<h3>Fabrik-Panorama<\/h3>\n<p><img decoding=\"async\" src=\"\/wp-content\/uploads\/factory-01.webp\"\/><\/p>\n<h3>Werkstatt zur Herstellung von Aluminiumstangen<\/h3>\n<p><img decoding=\"async\" src=\"\/wp-content\/uploads\/factory-02.webp\"\/><\/p>\n<p><img decoding=\"async\" src=\"\/wp-content\/uploads\/factory-03.webp\"\/><\/p>\n<h3>Lagerhaus f\u00fcr Formen<\/h3>\n<p><img decoding=\"async\" src=\"\/wp-content\/uploads\/factory-04.webp\"\/><\/p>\n<h3>43 Aluminium-Strangpressanlagen (500\u00e2\u20ac\"5500 Tonnen)<\/h3>\n<p><img decoding=\"async\" src=\"\/wp-content\/uploads\/factory-05.webp\"\/><\/p>\n<p><img decoding=\"async\" src=\"\/wp-content\/uploads\/factory-06.webp\"\/><\/p>\n<p><img decoding=\"async\" src=\"\/wp-content\/uploads\/factory-07.webp\"\/><\/p>\n<h3>Werkstatt f\u00fcr Pulverbeschichtung<\/h3>\n<p><img decoding=\"async\" src=\"\/wp-content\/uploads\/factory-09.webp\"\/><\/p>\n<h3>Eloxal-Werkstatt<\/h3>\n<p><img decoding=\"async\" src=\"\/wp-content\/uploads\/factory-10.webp\"\/><\/p>\n<h3>Workshop zur Tiefenverarbeitung<\/h3>\n<p><img decoding=\"async\" src=\"\/wp-content\/uploads\/factory-11.webp\"\/><\/p>\n<h3>CNC-Pr\u00e4zisionsbearbeitungswerkstatt<\/h3>\n<p><img decoding=\"async\" src=\"\/wp-content\/uploads\/factory-11.5.webp\"\/><\/p>\n<h3>Lager f\u00fcr Fertigprodukte und Export<\/h3>\n<p><img decoding=\"async\" src=\"\/wp-content\/uploads\/factory-12.webp\"\/><\/p>\n<p><img decoding=\"async\" src=\"\/wp-content\/uploads\/factory-13.webp\"\/><\/p>\n<p><img decoding=\"async\" src=\"\/wp-content\/uploads\/factory-14.webp\"\/><\/p>\n<h2>FAQ<\/h2>\n<p><p><b>1. wof\u00fcr wird Aluminium 6063 verwendet?<\/b><\/p>\n<p>Aluminium 6063 wird aufgrund seiner hervorragenden Korrosionsbest\u00e4ndigkeit und seiner guten mechanischen Eigenschaften h\u00e4ufig f\u00fcr architektonische Anwendungen, Fenster- und T\u00fcrrahmen sowie f\u00fcr Automobilteile verwendet.<br \/>\n<\/p><br \/>\n<br \/>\n<p><b>2. was sind die wichtigsten Vorteile von Aluminium 6063?<\/b><\/p>\n<p>Aluminium 6063 bietet eine hohe Korrosionsbest\u00e4ndigkeit, eine gute Oberfl\u00e4chenbeschaffenheit, ausgezeichnete Strangpressf\u00e4higkeiten und ein gutes Verh\u00e4ltnis von Festigkeit zu Gewicht, was es ideal f\u00fcr strukturelle und dekorative Anwendungen macht.<br \/>\n<\/p><br \/>\n<br \/>\n<p><b>3. warum Aluminium 6063 gegen\u00fcber anderen Aluminiumlegierungen w\u00e4hlen?<\/b><\/p>\n<p>Die Legierung 6063 bietet eine bessere Oberfl\u00e4chenbeschaffenheit und Eloxierbarkeit, was sie perfekt f\u00fcr \u00e4sthetische Anwendungen macht, sowie eine gute Schwei\u00dfbarkeit und mittlere Festigkeit.<br \/>\n<\/p><br \/>\n<br \/>\n<p><b>4. kann Aluminium 6063 individuell angepasst werden?<\/b><\/p>\n<p>Ja, Aluminium 6063 kann in verschiedenen Formen, Gr\u00f6\u00dfen und Dicken stranggepresst und f\u00fcr unterschiedliche Oberfl\u00e4chen und Anwendungen eloxiert oder pulverbeschichtet werden.<br \/>\n<\/p><br \/>\n<br \/>\n<p><b>5. welche Oberfl\u00e4chenbehandlungen sind f\u00fcr Aluminium 6063 m\u00f6glich?<\/b><\/p>\n<p>Zu den \u00fcblichen Oberfl\u00e4chenbehandlungen geh\u00f6ren Eloxieren, Pulverbeschichten und Polieren, die die Korrosionsbest\u00e4ndigkeit, Haltbarkeit und \u00c4sthetik verbessern.<br \/>\n<\/p><br \/>\n<br \/>\n<p><b>6. ist Aluminium 6063 f\u00fcr Au\u00dfenanwendungen geeignet?<\/b><\/p>\n<p>Ja, Aluminium 6063 hat eine ausgezeichnete Witterungsbest\u00e4ndigkeit, vor allem wenn es eloxiert oder pulverbeschichtet ist, was es ideal f\u00fcr architektonische und strukturelle Au\u00dfenanwendungen macht.<br \/>\n<\/p><br \/>\n<br \/>\n<p><b>7. wie unterst\u00fctzt Aluminium 6063 die nachhaltige Produktion?<\/b><\/p>\n<p>Aluminium 6063 ist 100% recycelbar und ben\u00f6tigt weniger Energie f\u00fcr das Recycling, was eine umweltfreundliche Produktion unterst\u00fctzt und die Umweltbelastung reduziert.<br \/>\n<\/p><br \/>\n<br \/>\n<p><b>8. in welchen Branchen wird Aluminium 6063 h\u00e4ufig verwendet?<\/b><\/p>\n<p>Branchen wie das Baugewerbe, die Automobilindustrie, die Luft- und Raumfahrt, die Elektronik und die M\u00f6belherstellung verwenden Aluminium 6063 wegen seiner Festigkeit, Oberfl\u00e4che und Vielseitigkeit.<br \/>\n<\/p><br \/><\/p>","protected":false},"featured_media":6507,"template":"","categories":[61],"class_list":["post-6508","product","type-product","status-publish","has-post-thumbnail","hentry","category-powder-coating-aluminum-profile"],"meta_box":{"hilight_text_group":{"product_hilight_text":"<li>High-strength 6063 aluminum alloy suitable for structural applications<\/li>\r\r\n<li>Excellent corrosion resistance for indoor and outdoor use<\/li>\r\r\n<li>Good machinability and weldability for versatile fabrication<\/li>\r\r\n<li>Available in various profiles, sizes, and surface finishes<\/li>\r\r\n<li>Supports bulk orders with consistent quality and timely delivery<\/li>","product_chanpin_blog":"<ul>\r\r\n<li><a href=\"https:\/\/sinoextrud.com\/t-slot-v-slot-differences\/\" target=\"_blank\">t slot vs v slot<\/a><\/li>\r\r\n<li><a href=\"https:\/\/sinoextrud.com\/what-is-4040-aluminium-extrud\/\" target=\"_blank\">4040 aluminium extrusion<\/a><\/li>\r\r\n<li><a href=\"https:\/\/sinoextrud.com\/what-is-4040-aluminium-extrud\/\" target=\"_blank\">aluminum extrusions for industrial racks<\/a><\/li>\r\r\n<li><a href=\"https:\/\/sinoextrud.com\/powder-coating-aluminium-process\/\" target=\"_blank\">powder coating aluminium<\/a><\/li>\r\r\n<li><a href=\"https:\/\/sinoextrud.com\/what-is-an-aluminium-strip-ceiling\/\" target=\"_blank\">aluminium strip ceiling<\/a><\/li>\r\r\n<li><a href=\"https:\/\/sinoextrud.com\/what-is-a-heat-sink\/\" target=\"_blank\">what is a heat sink<\/a><\/li>\r\r\n<\/ul>","product_chanpin_chanpin":"<li><a href=\"https:\/\/sinoextrud.com\/product\/aluminium-extrusion-profile-with-pvdf-coating\/\" target=\"_blank\">Aluminium Extrusion Profile With PVDF Coating<\/a><\/li>\r\n<li><a href=\"https:\/\/sinoextrud.com\/product\/powder-coated-extrusions-aluminum-corrosion-resistant-for-10-years-in-door\/\" target=\"_blank\">Powder Coated Extrusions Aluminum Corrosion Resistant For 10 Years In Door<\/a><\/li>\r\n<li><a href=\"https:\/\/sinoextrud.com\/product\/powder-coating-surface-aluminum-profile\/\" target=\"_blank\">Powder Coating Surface Aluminum Profile<\/a><\/li>\r\n<li><a href=\"https:\/\/sinoextrud.com\/product\/customized-powder-coated-tube-decorative-anodized-aluminum-louver-fence-panel-for-modern-garden\/\" target=\"_blank\">Customized Powder Coated Tube Decorative Anodized Aluminum Louver Fence Panel For Modern Garden<\/a><\/li>\r\n<li><a href=\"https:\/\/sinoextrud.com\/product\/aluminium-6063\/\" target=\"_blank\">Aluminium 6063<\/a><\/li>\r\n<li><a href=\"https:\/\/sinoextrud.com\/product\/extrusion-aluminum-profile-for-powder-coating-window-and-door-alloy-6063\/\" target=\"_blank\">Extrusion Aluminum Profile For Powder Coating Window and Door Alloy 6063<\/a><\/li>\r\n<li><a href=\"https:\/\/sinoextrud.com\/product\/electrophoretic-grain-square-tube-rosewood\/\" target=\"_blank\">Electrophoretic Grain Square Tube Rosewood<\/a><\/li>\r\n<li><a href=\"https:\/\/sinoextrud.com\/product\/electrophoresis-surface-aluminum-profiles\/\" target=\"_blank\">Electrophoresis Surface Aluminum Profiles<\/a><\/li>\r\n<li><a href=\"https:\/\/sinoextrud.com\/product\/golden-electrophoresis-aluminum-profile\/\" target=\"_blank\">Golden Electrophoresis Aluminum Profile<\/a><\/li>\r\n<li><a href=\"https:\/\/sinoextrud.com\/product\/500-degree-brightness-polished-aluminum-profile\/\" target=\"_blank\">500 Degree Brightness Polished Aluminum Profile<\/a><\/li>\r\n<li><a href=\"https:\/\/sinoextrud.com\/product\/6463-electroplated-finish-shower-enclosure-aluminum-profile\/\" target=\"_blank\">6463 Electroplated Finish Shower Enclosure Aluminum Profile<\/a><\/li>"},"feature_list":[]},"_links":{"self":[{"href":"https:\/\/sinoextrud.com\/de\/wp-json\/wp\/v2\/product\/6508","targetHints":{"allow":["GET"]}}],"collection":[{"href":"https:\/\/sinoextrud.com\/de\/wp-json\/wp\/v2\/product"}],"about":[{"href":"https:\/\/sinoextrud.com\/de\/wp-json\/wp\/v2\/types\/product"}],"wp:featuredmedia":[{"embeddable":true,"href":"https:\/\/sinoextrud.com\/de\/wp-json\/wp\/v2\/media\/6507"}],"wp:attachment":[{"href":"https:\/\/sinoextrud.com\/de\/wp-json\/wp\/v2\/media?parent=6508"}],"wp:term":[{"taxonomy":"category","embeddable":true,"href":"https:\/\/sinoextrud.com\/de\/wp-json\/wp\/v2\/categories?post=6508"}],"curies":[{"name":"wp","href":"https:\/\/api.w.org\/{rel}","templated":true}]}}