{"id":6501,"date":"2025-05-29T03:46:16","date_gmt":"2025-05-29T03:46:16","guid":{"rendered":"https:\/\/sinoextrud.com\/product\/powder-coating-surface-aluminum-profile\/"},"modified":"2025-06-24T06:11:01","modified_gmt":"2025-06-24T06:11:01","slug":"pulverbeschichtung-oberflache-aluminiumprofil","status":"publish","type":"product","link":"https:\/\/sinoextrud.com\/de\/product\/powder-coating-surface-aluminum-profile\/","title":{"rendered":"Pulverbeschichtung Oberfl\u00e4che Aluminiumprofil"},"content":{"rendered":"<h2>Produkte Details<\/h2>\n<table class=\"custom-table\">\n<tr>\n<td class=\"label\">Artikel<\/td>\n<td>Pulverbeschichtung Oberfl\u00e4che Aluminiumprofil<\/td>\n<\/tr>\n<tr>\n<td class=\"label\">Form<\/td>\n<td>quadratisch, rund, individuell<\/td>\n<\/tr>\n<tr>\n<td class=\"label\">Anmeldung<\/td>\n<td>Dekoration, Industrie, Bauwesen usw.<\/td>\n<\/tr>\n<tr>\n<td class=\"label\">Farben<\/td>\n<td>Holzmaserung<\/td>\n<\/tr>\n<tr>\n<td class=\"label\">Tiefgreifender Prozess<\/td>\n<td>CNC, Bohren, Fr\u00e4sen, Schneiden, Schwei\u00dfen, Biegen, Montieren<\/td>\n<\/tr>\n<tr>\n<td class=\"label\">MOQ<\/td>\n<td>200KGs f\u00fcr jeden Artikel<\/td>\n<\/tr>\n<tr>\n<td class=\"label\">Details zur Verpackung<\/td>\n<td>(1) Innen: verpackt mit Kunststoff-Schutzfolie zum Schutz der einzelnen Teile<\/td>\n<\/tr>\n<tr>\n<td class=\"label\">OEM<\/td>\n<td>Ja<\/td>\n<\/tr>\n<tr>\n<td class=\"label\">Katalog<\/td>\n<td>verf\u00fcgbar<\/td>\n<\/tr>\n<tr>\n<td class=\"label\">B\u00fcrgschaft<\/td>\n<td>Die Oberfl\u00e4chenfarbe kann im Innenbereich 10 bis 20 Jahre lang stabil bleiben.<\/td>\n<\/tr>\n<\/table>\n<h2>Unsere Produktionsbasis<\/h2>\n<h3>Fabrik-Panorama<\/h3>\n<p><img decoding=\"async\" src=\"\/wp-content\/uploads\/factory-01.webp\"\/><\/p>\n<h3>Werkstatt zur Herstellung von Aluminiumstangen<\/h3>\n<p><img decoding=\"async\" src=\"\/wp-content\/uploads\/factory-02.webp\"\/><\/p>\n<p><img decoding=\"async\" src=\"\/wp-content\/uploads\/factory-03.webp\"\/><\/p>\n<h3>Lagerhaus f\u00fcr Formen<\/h3>\n<p><img decoding=\"async\" src=\"\/wp-content\/uploads\/factory-04.webp\"\/><\/p>\n<h3>43 Aluminium-Strangpressanlagen (500\u00e2\u20ac\"5500 Tonnen)<\/h3>\n<p><img decoding=\"async\" src=\"\/wp-content\/uploads\/factory-05.webp\"\/><\/p>\n<p><img decoding=\"async\" src=\"\/wp-content\/uploads\/factory-06.webp\"\/><\/p>\n<p><img decoding=\"async\" src=\"\/wp-content\/uploads\/factory-07.webp\"\/><\/p>\n<h3>Werkstatt f\u00fcr Pulverbeschichtung<\/h3>\n<p><img decoding=\"async\" src=\"\/wp-content\/uploads\/factory-09.webp\"\/><\/p>\n<h3>Eloxal-Werkstatt<\/h3>\n<p><img decoding=\"async\" src=\"\/wp-content\/uploads\/factory-10.webp\"\/><\/p>\n<h3>Workshop zur Tiefenverarbeitung<\/h3>\n<p><img decoding=\"async\" src=\"\/wp-content\/uploads\/factory-11.webp\"\/><\/p>\n<h3>CNC-Pr\u00e4zisionsbearbeitungswerkstatt<\/h3>\n<p><img decoding=\"async\" src=\"\/wp-content\/uploads\/factory-11.5.webp\"\/><\/p>\n<h3>Lager f\u00fcr Fertigprodukte und Export<\/h3>\n<p><img decoding=\"async\" src=\"\/wp-content\/uploads\/factory-12.webp\"\/><\/p>\n<p><img decoding=\"async\" src=\"\/wp-content\/uploads\/factory-13.webp\"\/><\/p>\n<p><img decoding=\"async\" src=\"\/wp-content\/uploads\/factory-14.webp\"\/><\/p>\n<h2>FAQ<\/h2>\n<p><p><b>1. was ist eine Pulverbeschichtung Oberfl\u00e4che Aluminium-Profil?<\/b><\/p>\n<p>Ein Aluminiumprofil mit pulverbeschichteter Oberfl\u00e4che ist ein Aluminiumstrangpressprofil, das mit einer dauerhaften Pulverbeschichtung versehen ist, die die Korrosionsbest\u00e4ndigkeit und \u00c4sthetik verbessert.<br \/>\n<\/p><br \/>\n<br \/>\n<p><b>2) Was sind die wichtigsten Vorteile der Pulverbeschichtung von Aluminiumprofilen?<\/b><\/p>\n<p>Die Pulverbeschichtung bietet eine hervorragende Korrosionsbest\u00e4ndigkeit, Kratzfestigkeit, UV-Schutz und eine gleichm\u00e4\u00dfige, langlebige Oberfl\u00e4che, die ihre Farbe und Textur beibeh\u00e4lt.<br \/>\n<\/p><br \/>\n<br \/>\n<p><b>3. warum die Pulverbeschichtung gegen\u00fcber anderen Veredelungsmethoden f\u00fcr Aluminiumprofile?<\/b><\/p>\n<p>Die Pulverbeschichtung ist umweltfreundlich, erzeugt weniger Abfall, bietet eine dickere und gleichm\u00e4\u00dfigere Beschichtung und ist im Vergleich zu herk\u00f6mmlichen Fl\u00fcssiglacken haltbarer.<br \/>\n<\/p><br \/>\n<br \/>\n<p><b>4. k\u00f6nnen pulverbeschichtete Aluminiumprofile individuell angepasst werden?<\/b><\/p>\n<p>Ja, pulverbeschichtete Aluminiumprofile k\u00f6nnen in Farbe, Textur, Glanzgrad und Dicke individuell angepasst werden, um spezifische Design- und Funktionsanforderungen zu erf\u00fcllen.<br \/>\n<\/p><br \/>\n<br \/>\n<p><b>5. welche Oberfl\u00e4chenbehandlungen sind bei der Pulverbeschichtung von Aluminiumprofilen m\u00f6glich?<\/b><\/p>\n<p>Die Pulverbeschichtung bietet eine breite Palette von Farben und Oberfl\u00e4chen, wie z. B. matte, gl\u00e4nzende und strukturierte Oberfl\u00e4chen, um den Schutz und die optische Attraktivit\u00e4t zu verbessern.<br \/>\n<\/p><br \/>\n<br \/>\n<p><b>6. sind pulverbeschichtete Aluminiumprofile f\u00fcr den Au\u00dfeneinsatz geeignet?<\/b><\/p>\n<p>Ja, pulverbeschichtete Aluminiumprofile bieten eine hervorragende Witterungsbest\u00e4ndigkeit und sch\u00fctzen vor UV-Strahlen, Feuchtigkeit und Korrosion in Au\u00dfenbereichen.<br \/>\n<\/p><br \/>\n<br \/>\n<p><b>7. wie tr\u00e4gt die Pulverbeschichtung zur nachhaltigen Herstellung von Aluminiumprofilen bei?<\/b><\/p>\n<p>Die Pulverbeschichtung ist ein VOC-armes, energieeffizientes Verfahren, und Aluminium ist 100% recycelbar, was pulverbeschichtete Profile zu einem umweltfreundlichen Baumaterial macht.<br \/>\n<\/p><br \/>\n<br \/>\n<p><b>8. in welchen Branchen werden pulverbeschichtete Aluminiumprofile h\u00e4ufig verwendet?<\/b><\/p>\n<p>Branchen wie die Bau-, Automobil-, M\u00f6bel-, Elektronik- und Beschilderungsindustrie verwenden pulverbeschichtete Aluminiumprofile wegen ihrer Haltbarkeit, \u00c4sthetik und Korrosionsbest\u00e4ndigkeit.<br \/>\n<\/p><br \/><\/p>","protected":false},"featured_media":6500,"template":"","categories":[61],"class_list":["post-6501","product","type-product","status-publish","has-post-thumbnail","hentry","category-powder-coating-aluminum-profile"],"meta_box":{"hilight_text_group":{"product_hilight_text":"<li>Powder coating provides a durable, corrosion-resistant surface finish<\/li>\r\r\n<li>Available in a wide range of colors for aesthetic customization<\/li>\r\r\n<li>Enhances aluminum profile\u00e2\u20ac\u2122s resistance to wear and UV damage<\/li>\r\r\n<li>Lightweight and strong, suitable for architectural and industrial uses<\/li>\r\r\n<li>Supports custom sizes and bulk orders with consistent quality<\/li>","product_chanpin_blog":"<ul>\r\r\n<li><a href=\"https:\/\/sinoextrud.com\/t-slot-v-slot-differences\/\" target=\"_blank\">t slot vs v slot<\/a><\/li>\r\r\n<li><a href=\"https:\/\/sinoextrud.com\/what-is-4040-aluminium-extrud\/\" target=\"_blank\">4040 aluminium extrusion<\/a><\/li>\r\r\n<li><a href=\"https:\/\/sinoextrud.com\/what-is-4040-aluminium-extrud\/\" target=\"_blank\">aluminum extrusions for industrial racks<\/a><\/li>\r\r\n<li><a href=\"https:\/\/sinoextrud.com\/powder-coating-aluminium-process\/\" target=\"_blank\">powder coating aluminium<\/a><\/li>\r\r\n<li><a href=\"https:\/\/sinoextrud.com\/what-is-an-aluminium-strip-ceiling\/\" target=\"_blank\">aluminium strip ceiling<\/a><\/li>\r\r\n<li><a href=\"https:\/\/sinoextrud.com\/what-is-a-heat-sink\/\" target=\"_blank\">what is a heat sink<\/a><\/li>\r\r\n<\/ul>","product_chanpin_chanpin":"<li><a href=\"https:\/\/sinoextrud.com\/product\/aluminum-tube-coated-powder-price-per-kg-for-lowes-aluminum-pipe-fence-china\/\" target=\"_blank\">aluminum tube coated powder price per kg for lowes aluminum pipe fence china<\/a><\/li>\r\n<li><a href=\"https:\/\/sinoextrud.com\/product\/powder-coated-aluminium-extrusion\/\" target=\"_blank\">Powder Coated Aluminium Extrusion<\/a><\/li>\r\n<li><a href=\"https:\/\/sinoextrud.com\/product\/aluminium-extrusion-profile-with-pvdf-coating\/\" target=\"_blank\">Aluminium Extrusion Profile With PVDF Coating<\/a><\/li>\r\n<li><a href=\"https:\/\/sinoextrud.com\/product\/powder-coated-extrusions-aluminum-corrosion-resistant-for-10-years-in-door\/\" target=\"_blank\">Powder Coated Extrusions Aluminum Corrosion Resistant For 10 Years In Door<\/a><\/li>\r\n<li><a href=\"https:\/\/sinoextrud.com\/product\/powder-coating-surface-aluminum-profile\/\" target=\"_blank\">Powder Coating Surface Aluminum Profile<\/a><\/li>\r\n<li><a href=\"https:\/\/sinoextrud.com\/product\/customized-powder-coated-tube-decorative-anodized-aluminum-louver-fence-panel-for-modern-garden\/\" target=\"_blank\">Customized Powder Coated Tube Decorative Anodized Aluminum Louver Fence Panel For Modern Garden<\/a><\/li>\r\n<li><a href=\"https:\/\/sinoextrud.com\/product\/aluminium-6063\/\" target=\"_blank\">Aluminium 6063<\/a><\/li>\r\n<li><a href=\"https:\/\/sinoextrud.com\/product\/extrusion-aluminum-profile-for-powder-coating-window-and-door-alloy-6063\/\" target=\"_blank\">Extrusion Aluminum Profile For Powder Coating Window and Door Alloy 6063<\/a><\/li>\r\n<li><a href=\"https:\/\/sinoextrud.com\/product\/electrophoretic-grain-square-tube-rosewood\/\" target=\"_blank\">Electrophoretic Grain Square Tube Rosewood<\/a><\/li>\r\n<li><a href=\"https:\/\/sinoextrud.com\/product\/v-slot-aluminum-profile-factory-bulk-business\/\" target=\"_blank\">v-slot aluminum profile Factory bulk business<\/a><\/li>\r\n<li><a href=\"https:\/\/sinoextrud.com\/product\/6000-series-alloy-extruded-aluminium-profile-for-industrial-solar-panel-frame-structure\/\" target=\"_blank\">6000 Series Alloy Extruded Aluminium Profile For Industrial Solar Panel Frame Structure<\/a><\/li>"},"feature_list":[]},"_links":{"self":[{"href":"https:\/\/sinoextrud.com\/de\/wp-json\/wp\/v2\/product\/6501","targetHints":{"allow":["GET"]}}],"collection":[{"href":"https:\/\/sinoextrud.com\/de\/wp-json\/wp\/v2\/product"}],"about":[{"href":"https:\/\/sinoextrud.com\/de\/wp-json\/wp\/v2\/types\/product"}],"wp:featuredmedia":[{"embeddable":true,"href":"https:\/\/sinoextrud.com\/de\/wp-json\/wp\/v2\/media\/6500"}],"wp:attachment":[{"href":"https:\/\/sinoextrud.com\/de\/wp-json\/wp\/v2\/media?parent=6501"}],"wp:term":[{"taxonomy":"category","embeddable":true,"href":"https:\/\/sinoextrud.com\/de\/wp-json\/wp\/v2\/categories?post=6501"}],"curies":[{"name":"wp","href":"https:\/\/api.w.org\/{rel}","templated":true}]}}