{"id":6495,"date":"2025-05-29T03:39:26","date_gmt":"2025-05-29T03:39:26","guid":{"rendered":"https:\/\/sinoextrud.com\/product\/powder-coated-aluminium-extrusion\/"},"modified":"2025-06-24T06:11:01","modified_gmt":"2025-06-24T06:11:01","slug":"pulverbeschichtetes-aluminium-strangpressprofil","status":"publish","type":"product","link":"https:\/\/sinoextrud.com\/de\/product\/powder-coated-aluminium-extrusion\/","title":{"rendered":"Pulverbeschichtetes Aluminium Strangpressen"},"content":{"rendered":"<h2>Produkte Details<\/h2>\n<table class=\"custom-table\">\n<tr>\n<td class=\"label\">Modell Nr.:<\/td>\n<td>6061 6063 6082<\/td>\n<\/tr>\n<tr>\n<td class=\"label\">Temperament:<\/td>\n<td>T3 - T8<\/td>\n<\/tr>\n<tr>\n<td class=\"label\">Oberfl\u00e4chenbehandlung:<\/td>\n<td>Pulverbeschichtung<\/td>\n<\/tr>\n<tr>\n<td class=\"label\">Legierung:<\/td>\n<td>Legierung<\/td>\n<\/tr>\n<tr>\n<td class=\"label\">Oberfl\u00e4che:<\/td>\n<td>Pulverbeschichtet grau<\/td>\n<\/tr>\n<tr>\n<td class=\"label\">Art:<\/td>\n<td>Aluminium-Profile f\u00fcr Gew\u00e4chsh\u00e4user<\/td>\n<\/tr>\n<tr>\n<td class=\"label\">Die Technik:<\/td>\n<td>Stranggepresst<\/td>\n<\/tr>\n<tr>\n<td class=\"label\">Warenzeichen:<\/td>\n<td>OEM<\/td>\n<\/tr>\n<tr>\n<td class=\"label\">Herkunft:<\/td>\n<td>Guangdong China<\/td>\n<\/tr>\n<tr>\n<td class=\"label\">Die Form:<\/td>\n<td>Quadratisch, oval, Rinne, flach<\/td>\n<\/tr>\n<tr>\n<td class=\"label\">Prozess:<\/td>\n<td>Extrusion<\/td>\n<\/tr>\n<tr>\n<td class=\"label\">Anwendung:<\/td>\n<td>Geb\u00e4udeprofile<\/td>\n<\/tr>\n<tr>\n<td class=\"label\">Zertifizierung:<\/td>\n<td>EN, ASTM, GB\/T<\/td>\n<\/tr>\n<tr>\n<td class=\"label\">Gr\u00f6\u00dfe:<\/td>\n<td>10mm - 300mm<\/td>\n<\/tr>\n<tr>\n<td class=\"label\">HS-Code:<\/td>\n<td>7604299000<\/td>\n<\/tr>\n<tr>\n<td class=\"label\">Wanddicke:<\/td>\n<td>1,0-1,4 mm. Kundenspezifisch verf\u00fcgbar<\/td>\n<\/tr>\n<tr>\n<td class=\"label\">Verpacken:<\/td>\n<td>Exportstandard, verpackt in PE-Folie, abgedeckt mit braunem Papier und Plastikfolie, verpackt mit Holzpalette<\/td>\n<\/tr>\n<tr>\n<td class=\"label\">Vorlaufzeit:<\/td>\n<td>Innerhalb von 30 Tagen nach Erhalt der Einzahlung<\/td>\n<\/tr>\n<tr>\n<td class=\"label\">Bemerkung:<\/td>\n<td>Spezifische Anforderungen an die Legierung, den H\u00e4rtegrad oder die Spezifikation k\u00f6nnen auf Ihre Anfrage hin er\u00f6rtert werden.<\/td>\n<\/tr>\n<\/table>\n<h2>Unsere Produktionsbasis<\/h2>\n<h3>Fabrik-Panorama<\/h3>\n<p><img decoding=\"async\" src=\"\/wp-content\/uploads\/factory-01.webp\"\/><\/p>\n<h3>Werkstatt zur Herstellung von Aluminiumstangen<\/h3>\n<p><img decoding=\"async\" src=\"\/wp-content\/uploads\/factory-02.webp\"\/><\/p>\n<p><img decoding=\"async\" src=\"\/wp-content\/uploads\/factory-03.webp\"\/><\/p>\n<h3>Lagerhaus f\u00fcr Formen<\/h3>\n<p><img decoding=\"async\" src=\"\/wp-content\/uploads\/factory-04.webp\"\/><\/p>\n<h3>43 Aluminium-Strangpressanlagen (500\u00e2\u20ac\"5500 Tonnen)<\/h3>\n<p><img decoding=\"async\" src=\"\/wp-content\/uploads\/factory-05.webp\"\/><\/p>\n<p><img decoding=\"async\" src=\"\/wp-content\/uploads\/factory-06.webp\"\/><\/p>\n<p><img decoding=\"async\" src=\"\/wp-content\/uploads\/factory-07.webp\"\/><\/p>\n<h3>Werkstatt f\u00fcr Pulverbeschichtung<\/h3>\n<p><img decoding=\"async\" src=\"\/wp-content\/uploads\/factory-09.webp\"\/><\/p>\n<h3>Eloxal-Werkstatt<\/h3>\n<p><img decoding=\"async\" src=\"\/wp-content\/uploads\/factory-10.webp\"\/><\/p>\n<h3>Workshop zur Tiefenverarbeitung<\/h3>\n<p><img decoding=\"async\" src=\"\/wp-content\/uploads\/factory-11.webp\"\/><\/p>\n<h3>CNC-Pr\u00e4zisionsbearbeitungswerkstatt<\/h3>\n<p><img decoding=\"async\" src=\"\/wp-content\/uploads\/factory-11.5.webp\"\/><\/p>\n<h3>Lager f\u00fcr Fertigprodukte und Export<\/h3>\n<p><img decoding=\"async\" src=\"\/wp-content\/uploads\/factory-12.webp\"\/><\/p>\n<p><img decoding=\"async\" src=\"\/wp-content\/uploads\/factory-13.webp\"\/><\/p>\n<p><img decoding=\"async\" src=\"\/wp-content\/uploads\/factory-14.webp\"\/><\/p>\n<h2>FAQ<\/h2>\n<p><p><b>1. wof\u00fcr werden pulverbeschichtete Aluminium-Strangpressprofile verwendet?<\/b><\/p>\n<p>Pulverbeschichtete Aluminiumstrangpressprofile werden im Bauwesen, in der Automobilindustrie, in der M\u00f6belindustrie, in der Elektronik und in der Architektur eingesetzt, um die Haltbarkeit und \u00c4sthetik zu verbessern.<br \/>\n<\/p><br \/>\n<br \/>\n<p><b>2. was sind die Hauptvorteile von pulverbeschichteten Aluminium-Strangpressprofilen?<\/b><\/p>\n<p>Pulverbeschichtetes Aluminium bietet hervorragende Korrosionsbest\u00e4ndigkeit, Kratzfestigkeit, UV-Schutz und eine gleichm\u00e4\u00dfige, langlebige Oberfl\u00e4che.<br \/>\n<\/p><br \/>\n<br \/>\n<p><b>3. warum die Pulverbeschichtung f\u00fcr Aluminium-Strangpressprofile der traditionellen Lackierung vorzuziehen ist?<\/b><\/p>\n<p>Die Pulverbeschichtung ist umweltfreundlich, erzeugt weniger Abfall, bietet eine dickere und gleichm\u00e4\u00dfigere Beschichtung und ist im Vergleich zu Fl\u00fcssiglacken haltbarer.<br \/>\n<\/p><br \/>\n<br \/>\n<p><b>4. k\u00f6nnen pulverbeschichtete Aluminium-Strangpressprofile individuell angepasst werden?<\/b><\/p>\n<p>Ja, sie k\u00f6nnen in Farbe, Textur, Glanzgrad und Dicke individuell angepasst werden, um bestimmte Design- und Leistungsanforderungen zu erf\u00fcllen.<br \/>\n<\/p><br \/>\n<br \/>\n<p><b>5. welche Oberfl\u00e4chenausf\u00fchrungen sind f\u00fcr pulverbeschichtete Aluminium-Strangpressprofile erh\u00e4ltlich?<\/b><\/p>\n<p>Die Pulverbeschichtung bietet eine breite Palette von Farben und Oberfl\u00e4chen, wie z. B. matte, gl\u00e4nzende und strukturierte Oberfl\u00e4chen, die das Aussehen und den Schutz verbessern.<br \/>\n<\/p><br \/>\n<br \/>\n<p><b>6. sind pulverbeschichtete Aluminiumstrangpressprofile f\u00fcr den Au\u00dfeneinsatz geeignet?<\/b><\/p>\n<p>Ja, pulverbeschichtete Aluminium-Strangpressprofile bieten eine hervorragende Witterungsbest\u00e4ndigkeit und sch\u00fctzen vor UV-Strahlen, Feuchtigkeit und Korrosion in Au\u00dfenbereichen.<br \/>\n<\/p><br \/>\n<br \/>\n<p><b>7. wie tr\u00e4gt die Pulverbeschichtung zur nachhaltigen Herstellung von Aluminium-Strangpressprofilen bei?<\/b><\/p>\n<p>Die Pulverbeschichtung ist ein VOC-armes, energieeffizientes Verfahren, und Aluminium ist 100% recycelbar, was pulverbeschichtete Strangpressprofile zu einem umweltfreundlichen Baumaterial macht.<br \/>\n<\/p><br \/>\n<br \/>\n<p><b>8. in welchen Branchen wird pulverbeschichtetes Strangpressaluminium \u00fcblicherweise verwendet?<\/b><\/p>\n<p>Branchen wie die Bau-, Automobil-, M\u00f6bel-, Elektronik- und Beschilderungsindustrie verwenden pulverbeschichtete Aluminiumstrangpressprofile aufgrund ihrer Haltbarkeit, \u00c4sthetik und Korrosionsbest\u00e4ndigkeit.<br \/>\n<\/p><br \/><\/p>","protected":false},"featured_media":6494,"template":"","categories":[61],"class_list":["post-6495","product","type-product","status-publish","has-post-thumbnail","hentry","category-powder-coating-aluminum-profile"],"meta_box":{"hilight_text_group":{"product_hilight_text":"<li>Durable powder coating enhances corrosion resistance and surface hardness<\/li>\r\r\n<li>Available in various colors and finishes for versatile applications<\/li>\r\r\n<li>Lightweight aluminum extrusion offers high strength-to-weight ratio<\/li>\r\r\n<li>Ideal for architectural, automotive, and industrial projects<\/li>\r\r\n<li>Supports custom sizes and bulk orders with reliable supply<\/li>","product_chanpin_blog":"<ul>\r\r\n<li><a href=\"https:\/\/sinoextrud.com\/t-slot-v-slot-differences\/\" target=\"_blank\">t slot vs v slot<\/a><\/li>\r\r\n<li><a href=\"https:\/\/sinoextrud.com\/what-is-4040-aluminium-extrud\/\" target=\"_blank\">4040 aluminium extrusion<\/a><\/li>\r\r\n<li><a href=\"https:\/\/sinoextrud.com\/what-is-4040-aluminium-extrud\/\" target=\"_blank\">aluminum extrusions for industrial racks<\/a><\/li>\r\r\n<li><a href=\"https:\/\/sinoextrud.com\/powder-coating-aluminium-process\/\" target=\"_blank\">powder coating aluminium<\/a><\/li>\r\r\n<li><a href=\"https:\/\/sinoextrud.com\/what-is-an-aluminium-strip-ceiling\/\" target=\"_blank\">aluminium strip ceiling<\/a><\/li>\r\r\n<li><a href=\"https:\/\/sinoextrud.com\/what-is-a-heat-sink\/\" target=\"_blank\">what is a heat sink<\/a><\/li>\r\r\n<\/ul>","product_chanpin_chanpin":"<li><a href=\"https:\/\/sinoextrud.com\/product\/6061-oval-aluminum-tubing\/\" target=\"_blank\">6061 Oval Aluminum Tubing<\/a><\/li>\r\n<li><a href=\"https:\/\/sinoextrud.com\/product\/extruded-aluminum-rectangular-tubing\/\" target=\"_blank\">Extruded Aluminum Rectangular Tubing<\/a><\/li>\r\n<li><a href=\"https:\/\/sinoextrud.com\/product\/power-coating-standard-aluminium-profiles\/\" target=\"_blank\">Power Coating Standard Aluminium Profiles<\/a><\/li>\r\n<li><a href=\"https:\/\/sinoextrud.com\/product\/aluminum-tube-coated-powder-price-per-kg-for-lowes-aluminum-pipe-fence-china\/\" target=\"_blank\">aluminum tube coated powder price per kg for lowes aluminum pipe fence china<\/a><\/li>\r\n<li><a href=\"https:\/\/sinoextrud.com\/product\/powder-coated-aluminium-extrusion\/\" target=\"_blank\">Powder Coated Aluminium Extrusion<\/a><\/li>\r\n<li><a href=\"https:\/\/sinoextrud.com\/product\/aluminium-extrusion-profile-with-pvdf-coating\/\" target=\"_blank\">Aluminium Extrusion Profile With PVDF Coating<\/a><\/li>\r\n<li><a href=\"https:\/\/sinoextrud.com\/product\/powder-coated-extrusions-aluminum-corrosion-resistant-for-10-years-in-door\/\" target=\"_blank\">Powder Coated Extrusions Aluminum Corrosion Resistant For 10 Years In Door<\/a><\/li>\r\n<li><a href=\"https:\/\/sinoextrud.com\/product\/powder-coating-surface-aluminum-profile\/\" target=\"_blank\">Powder Coating Surface Aluminum Profile<\/a><\/li>\r\n<li><a href=\"https:\/\/sinoextrud.com\/product\/customized-powder-coated-tube-decorative-anodized-aluminum-louver-fence-panel-for-modern-garden\/\" target=\"_blank\">Customized Powder Coated Tube Decorative Anodized Aluminum Louver Fence Panel For Modern Garden<\/a><\/li>\r\n<li><a href=\"https:\/\/sinoextrud.com\/product\/aluminum-t-slot-profile\/\" target=\"_blank\">Aluminum T Slot Profile<\/a><\/li>\r\n<li><a href=\"https:\/\/sinoextrud.com\/product\/oem-aluminum-manufacturing-processes-cnc-machining\/\" target=\"_blank\">OEM Aluminum Manufacturing Processes CNC Machining<\/a><\/li>"},"feature_list":[]},"_links":{"self":[{"href":"https:\/\/sinoextrud.com\/de\/wp-json\/wp\/v2\/product\/6495","targetHints":{"allow":["GET"]}}],"collection":[{"href":"https:\/\/sinoextrud.com\/de\/wp-json\/wp\/v2\/product"}],"about":[{"href":"https:\/\/sinoextrud.com\/de\/wp-json\/wp\/v2\/types\/product"}],"wp:featuredmedia":[{"embeddable":true,"href":"https:\/\/sinoextrud.com\/de\/wp-json\/wp\/v2\/media\/6494"}],"wp:attachment":[{"href":"https:\/\/sinoextrud.com\/de\/wp-json\/wp\/v2\/media?parent=6495"}],"wp:term":[{"taxonomy":"category","embeddable":true,"href":"https:\/\/sinoextrud.com\/de\/wp-json\/wp\/v2\/categories?post=6495"}],"curies":[{"name":"wp","href":"https:\/\/api.w.org\/{rel}","templated":true}]}}