{"id":6493,"date":"2025-05-29T03:36:00","date_gmt":"2025-05-29T03:36:00","guid":{"rendered":"https:\/\/sinoextrud.com\/product\/aluminum-tube-coated-powder-price-per-kg-for-lowes-aluminum-pipe-fence-china\/"},"modified":"2025-06-24T06:11:00","modified_gmt":"2025-06-24T06:11:00","slug":"aluminiumrohr-beschichtet-pulver-preis-pro-kg-fur-lowes-aluminiumrohr-zaun-china","status":"publish","type":"product","link":"https:\/\/sinoextrud.com\/de\/product\/aluminum-tube-coated-powder-price-per-kg-for-lowes-aluminum-pipe-fence-china\/","title":{"rendered":"Aluminiumrohr beschichtet Pulver Preis pro kg f\u00fcr Lowes Aluminiumrohr Zaun China"},"content":{"rendered":"<h2>Produkte Details<\/h2>\n<table class=\"custom-table\">\n<tr>\n<td class=\"label\">Artikel<\/td>\n<td>Aluminiumrohr beschichtet Pulver Preis pro kg f\u00fcr Lowes Aluminiumrohr Zaun China<\/td>\n<\/tr>\n<tr>\n<td class=\"label\">Verwendung:<\/td>\n<td>Aluminiumzaun Porzellan<\/td>\n<\/tr>\n<tr>\n<td class=\"label\">Note:<\/td>\n<td>Serie 6000<\/td>\n<\/tr>\n<tr>\n<td class=\"label\">Oberfl\u00e4che:<\/td>\n<td>Mill Finish, Eloxiert, Pulverbeschichtet<\/td>\n<\/tr>\n<tr>\n<td class=\"label\">Modell Nr.:<\/td>\n<td>6061 6063 6082 6463<\/td>\n<\/tr>\n<tr>\n<td class=\"label\">Art:<\/td>\n<td>Aluminium-Profile<\/td>\n<\/tr>\n<tr>\n<td class=\"label\">Ist Legierung:<\/td>\n<td>Legierung<\/td>\n<\/tr>\n<tr>\n<td class=\"label\">Prozess:<\/td>\n<td>Extrusion<\/td>\n<\/tr>\n<tr>\n<td class=\"label\">HS-Code:<\/td>\n<td>7604299000<\/td>\n<\/tr>\n<tr>\n<td class=\"label\">Anwendung:<\/td>\n<td>Aluminium-Rohrprofile<\/td>\n<\/tr>\n<tr>\n<td class=\"label\">Die Technik:<\/td>\n<td>Stranggepresst<\/td>\n<\/tr>\n<tr>\n<td class=\"label\">Temperament:<\/td>\n<td>T3 - T8<\/td>\n<\/tr>\n<tr>\n<td class=\"label\">Warenzeichen:<\/td>\n<td>Sinoextrud<\/td>\n<\/tr>\n<tr>\n<td class=\"label\">Herkunft:<\/td>\n<td>Guangdong, China<\/td>\n<\/tr>\n<tr>\n<td class=\"label\">Die Form:<\/td>\n<td>Quadratisch<\/td>\n<\/tr>\n<tr>\n<td class=\"label\">Zertifizierung:<\/td>\n<td>ASTM, GB\/T, EN<\/td>\n<\/tr>\n<tr>\n<td class=\"label\">Spezifikation:<\/td>\n<td>30*20mm<\/td>\n<\/tr>\n<tr>\n<td class=\"label\">MOQ:<\/td>\n<td>200KG f\u00fcr jedes Profil<\/td>\n<\/tr>\n<\/table>\n<h2>Unsere Produktionsbasis<\/h2>\n<h3>Fabrik-Panorama<\/h3>\n<p><img decoding=\"async\" src=\"\/wp-content\/uploads\/factory-01.webp\"\/><\/p>\n<h3>Werkstatt zur Herstellung von Aluminiumstangen<\/h3>\n<p><img decoding=\"async\" src=\"\/wp-content\/uploads\/factory-02.webp\"\/><\/p>\n<p><img decoding=\"async\" src=\"\/wp-content\/uploads\/factory-03.webp\"\/><\/p>\n<h3>Lagerhaus f\u00fcr Formen<\/h3>\n<p><img decoding=\"async\" src=\"\/wp-content\/uploads\/factory-04.webp\"\/><\/p>\n<h3>43 Aluminium-Strangpressanlagen (500-5500 Tonnen)<\/h3>\n<p><img decoding=\"async\" src=\"\/wp-content\/uploads\/factory-05.webp\"\/><\/p>\n<p><img decoding=\"async\" src=\"\/wp-content\/uploads\/factory-06.webp\"\/><\/p>\n<p><img decoding=\"async\" src=\"\/wp-content\/uploads\/factory-07.webp\"\/><\/p>\n<h3>Werkstatt f\u00fcr Pulverbeschichtung<\/h3>\n<p><img decoding=\"async\" src=\"\/wp-content\/uploads\/factory-09.webp\"\/><\/p>\n<h3>Eloxal-Werkstatt<\/h3>\n<p><img decoding=\"async\" src=\"\/wp-content\/uploads\/factory-10.webp\"\/><\/p>\n<h3>Workshop zur Tiefenverarbeitung<\/h3>\n<p><img decoding=\"async\" src=\"\/wp-content\/uploads\/factory-11.webp\"\/><\/p>\n<h3>CNC-Pr\u00e4zisionsbearbeitungswerkstatt<\/h3>\n<p><img decoding=\"async\" src=\"\/wp-content\/uploads\/factory-11.5.webp\"\/><\/p>\n<h3>Lager f\u00fcr Fertigprodukte und Export<\/h3>\n<p><img decoding=\"async\" src=\"\/wp-content\/uploads\/factory-12.webp\"\/><\/p>\n<p><img decoding=\"async\" src=\"\/wp-content\/uploads\/factory-13.webp\"\/><\/p>\n<p><img decoding=\"async\" src=\"\/wp-content\/uploads\/factory-14.webp\"\/><\/p>\n<h2>FAQ<\/h2>\n<p><p><b>1. wie hoch ist der typische Preis pro kg f\u00fcr Lowe's Aluminium-Rohrzaun aus China?<\/b><\/p>\n<p>Der Preis variiert je nach Spezifikation, bietet aber in der Regel wettbewerbsf\u00e4hige Preise pro kg, da wir direkt von chinesischen Herstellern beziehen, was kosteng\u00fcnstige Zaunl\u00f6sungen gew\u00e4hrleistet.<br \/>\n<\/p><br \/>\n<br \/>\n<p><b>2. was sind die Vorteile von pulverbeschichteten Aluminiumrohren f\u00fcr Z\u00e4une?<\/b><\/p>\n<p>Die Pulverbeschichtung bietet eine ausgezeichnete Korrosionsbest\u00e4ndigkeit, UV-Schutz und eine dauerhafte Oberfl\u00e4che, die die Lebensdauer von Aluminiumrohrz\u00e4unen bei minimaler Wartung verl\u00e4ngert.<br \/>\n<\/p><br \/>\n<br \/>\n<p><b>3. warum Aluminiumrohr Pulverbeschichtung f\u00fcr Lowe's Aluminiumrohr Zaun w\u00e4hlen?<\/b><\/p>\n<p>Die Pulverbeschichtung steigert die \u00c4sthetik durch eine Vielzahl von Farben, verbessert die Witterungsbest\u00e4ndigkeit und bietet eine umweltfreundliche, VOC-arme Oberfl\u00e4che im Vergleich zur traditionellen Lackierung.<br \/>\n<\/p><br \/>\n<br \/>\n<p><b>4. wie wirkt sich die Beschaffung von pulverbeschichteten Aluminiumrohren aus China auf den Preis aus?<\/b><\/p>\n<p>Chinesische Zulieferer bieten niedrigere Herstellungskosten und die M\u00f6glichkeit der Massenproduktion, was erschwingliche Kilopreise ohne Qualit\u00e4tseinbu\u00dfen f\u00fcr Lowe's Aluminiumrohrz\u00e4une erm\u00f6glicht.<br \/>\n<\/p><br \/>\n<br \/>\n<p><b>5. k\u00f6nnen pulverbeschichtete Aluminiumrohrz\u00e4une individuell gestaltet werden?<\/b><\/p>\n<p>Ja, sie k\u00f6nnen in Bezug auf Rohrdurchmesser, Wandst\u00e4rke, Farbe der Pulverbeschichtung und Oberfl\u00e4che individuell angepasst werden, um spezifische Anforderungen an Design und Haltbarkeit zu erf\u00fcllen.<br \/>\n<\/p><br \/>\n<br \/>\n<p><b>6. sind pulverbeschichtete Aluminiumrohre f\u00fcr Z\u00e4une im Au\u00dfenbereich geeignet?<\/b><\/p>\n<p>Die pulverbeschichteten Aluminiumrohre sind absolut resistent gegen Rost, Ausbleichen und Abnutzung und eignen sich daher ideal f\u00fcr langlebige und wartungsarme Zaunanlagen im Freien.<br \/>\n<\/p><br \/>\n<br \/>\n<p><b>7. wie unterst\u00fctzt das Pulverbeschichtungsverfahren nachhaltige Zaunprodukte?<\/b><\/p>\n<p>Die Pulverbeschichtung ist ein umweltfreundliches, abfallarmes Verfahren, und die Recyclingf\u00e4higkeit von Aluminium sorgt daf\u00fcr, dass pulverbeschichtete Aluminiumz\u00e4une zu einer nachhaltigen Baupraxis beitragen.<br \/>\n<\/p><br \/>\n<br \/>\n<p><b>8. welche Faktoren beeinflussen den Endpreis von pulverbeschichteten Aluminiumrohren f\u00fcr Z\u00e4une?<\/b><\/p>\n<p>Zu den Faktoren geh\u00f6ren die Legierungssorte, die Rohrabmessungen, die Beschichtungsdicke, die Farbauswahl, die Bestellmenge und die Versandlogistik von China zum Zielmarkt.<br \/>\n<\/p><br \/><\/p>","protected":false},"featured_media":6492,"template":"","categories":[61],"class_list":["post-6493","product","type-product","status-publish","has-post-thumbnail","hentry","category-powder-coating-aluminum-profile"],"meta_box":{"hilight_text_group":{"product_hilight_text":"<li>Competitive powder-coated aluminum tubes priced per kg for cost efficiency<\/li>\r\r\n<li>Durable coating enhances corrosion resistance and extends product life<\/li>\r\r\n<li>Ideal for aluminum pipe fences with attractive finish and low maintenance<\/li>\r\r\n<li>Manufactured in China with high-quality standards and bulk supply capacity<\/li>\r\r\n<li>Supports custom sizes, colors, and fast delivery for large projects<\/li>","product_chanpin_blog":"<ul>\r\r\n<li><a href=\"https:\/\/sinoextrud.com\/t-slot-v-slot-differences\/\" target=\"_blank\">t slot vs v slot<\/a><\/li>\r\r\n<li><a href=\"https:\/\/sinoextrud.com\/what-is-4040-aluminium-extrud\/\" target=\"_blank\">4040 aluminium extrusion<\/a><\/li>\r\r\n<li><a href=\"https:\/\/sinoextrud.com\/what-is-4040-aluminium-extrud\/\" target=\"_blank\">aluminum extrusions for industrial racks<\/a><\/li>\r\r\n<li><a href=\"https:\/\/sinoextrud.com\/powder-coating-aluminium-process\/\" target=\"_blank\">powder coating aluminium<\/a><\/li>\r\r\n<li><a href=\"https:\/\/sinoextrud.com\/what-is-an-aluminium-strip-ceiling\/\" target=\"_blank\">aluminium strip ceiling<\/a><\/li>\r\r\n<li><a href=\"https:\/\/sinoextrud.com\/what-is-a-heat-sink\/\" target=\"_blank\">what is a heat sink<\/a><\/li>\r\r\n<\/ul>","product_chanpin_chanpin":"<li><a href=\"https:\/\/sinoextrud.com\/product\/anodized-aluminum-tubes\/\" target=\"_blank\">Anodized Aluminum Tubes<\/a><\/li>\r\n<li><a href=\"https:\/\/sinoextrud.com\/product\/6061-oval-aluminum-tubing\/\" target=\"_blank\">6061 Oval Aluminum Tubing<\/a><\/li>\r\n<li><a href=\"https:\/\/sinoextrud.com\/product\/extruded-aluminum-rectangular-tubing\/\" target=\"_blank\">Extruded Aluminum Rectangular Tubing<\/a><\/li>\r\n<li><a href=\"https:\/\/sinoextrud.com\/product\/power-coating-standard-aluminium-profiles\/\" target=\"_blank\">Power Coating Standard Aluminium Profiles<\/a><\/li>\r\n<li><a href=\"https:\/\/sinoextrud.com\/product\/aluminum-tube-coated-powder-price-per-kg-for-lowes-aluminum-pipe-fence-china\/\" target=\"_blank\">aluminum tube coated powder price per kg for lowes aluminum pipe fence china<\/a><\/li>\r\n<li><a href=\"https:\/\/sinoextrud.com\/product\/powder-coated-aluminium-extrusion\/\" target=\"_blank\">Powder Coated Aluminium Extrusion<\/a><\/li>\r\n<li><a href=\"https:\/\/sinoextrud.com\/product\/aluminium-extrusion-profile-with-pvdf-coating\/\" target=\"_blank\">Aluminium Extrusion Profile With PVDF Coating<\/a><\/li>\r\n<li><a href=\"https:\/\/sinoextrud.com\/product\/powder-coated-extrusions-aluminum-corrosion-resistant-for-10-years-in-door\/\" target=\"_blank\">Powder Coated Extrusions Aluminum Corrosion Resistant For 10 Years In Door<\/a><\/li>\r\n<li><a href=\"https:\/\/sinoextrud.com\/product\/powder-coating-surface-aluminum-profile\/\" target=\"_blank\">Powder Coating Surface Aluminum Profile<\/a><\/li>\r\n<li><a href=\"https:\/\/sinoextrud.com\/product\/cnc-machined-6063-heavy-duty-industrial-part\/\" target=\"_blank\">CNC Machined 6063 Heavy-duty Industrial Part<\/a><\/li>\r\n<li><a href=\"https:\/\/sinoextrud.com\/product\/aluminium-profile-h\/\" target=\"_blank\">Aluminium Profile H<\/a><\/li>"},"feature_list":[]},"_links":{"self":[{"href":"https:\/\/sinoextrud.com\/de\/wp-json\/wp\/v2\/product\/6493","targetHints":{"allow":["GET"]}}],"collection":[{"href":"https:\/\/sinoextrud.com\/de\/wp-json\/wp\/v2\/product"}],"about":[{"href":"https:\/\/sinoextrud.com\/de\/wp-json\/wp\/v2\/types\/product"}],"wp:featuredmedia":[{"embeddable":true,"href":"https:\/\/sinoextrud.com\/de\/wp-json\/wp\/v2\/media\/6492"}],"wp:attachment":[{"href":"https:\/\/sinoextrud.com\/de\/wp-json\/wp\/v2\/media?parent=6493"}],"wp:term":[{"taxonomy":"category","embeddable":true,"href":"https:\/\/sinoextrud.com\/de\/wp-json\/wp\/v2\/categories?post=6493"}],"curies":[{"name":"wp","href":"https:\/\/api.w.org\/{rel}","templated":true}]}}