{"id":6482,"date":"2025-05-29T03:03:02","date_gmt":"2025-05-29T03:03:02","guid":{"rendered":"https:\/\/sinoextrud.com\/product\/6061-oval-aluminum-tubing\/"},"modified":"2025-06-24T06:11:00","modified_gmt":"2025-06-24T06:11:00","slug":"6061-ovale-aluminium-rohre","status":"publish","type":"product","link":"https:\/\/sinoextrud.com\/de\/product\/6061-oval-aluminum-tubing\/","title":{"rendered":"6061 Ovale Aluminium-Rohre"},"content":{"rendered":"<h2>Produkte Details<\/h2>\n<table class=\"custom-table\">\n<tr>\n<td class=\"label\">Produktname<\/td>\n<td>6061 ovale Aluminium-Rohre<\/td>\n<\/tr>\n<tr>\n<td class=\"label\">Produktpalette<\/td>\n<td>Aluminium-Strangpressprofile f\u00fcr Aluminium-Rohr, Aluminium-Rohr, Aluminium-Vierkantrohr, Aluminium-Ovalrohr, etc.<\/td>\n<\/tr>\n<tr>\n<td class=\"label\">Oberfl\u00e4chenbehandlung<\/td>\n<td>walzblank, eloxiert, Holzmaserung, Pulverbeschichtung, Sandstrahlen, Elektrophorese, geb\u00fcrstet, poliert, etc.<\/td>\n<\/tr>\n<tr>\n<td class=\"label\">CNC-Tiefenbearbeitung<\/td>\n<td>Schneiden, Bohren, Zerspanen, Stanzen, Biegen, Gewindeschneiden und so weiter<\/td>\n<\/tr>\n<tr>\n<td class=\"label\">Zertifizierungen<\/td>\n<td>CE, ISO, SGS, TUV, ROHS<\/td>\n<\/tr>\n<tr>\n<td class=\"label\">Proben<\/td>\n<td>kostenlose Probe. 1-3 Tage an Sie geliefert.<\/td>\n<\/tr>\n<tr>\n<td class=\"label\">MOQ<\/td>\n<td>300KG f\u00fcr jedes Profil (100kg Lagerartikel)<\/td>\n<\/tr>\n<tr>\n<td class=\"label\">Lieferfrist<\/td>\n<td>Die Entwicklung der Form und die Anfertigung des Musters dauern 12-15 Tage, die Produktion dauert 15-25 Tage nach Eingang der Anzahlung des K\u00e4ufers.<\/td>\n<\/tr>\n<tr>\n<td class=\"label\">Zahlungsbedingungen<\/td>\n<td>30% Anzahlung vor der Produktion, und der Restbetrag vor dem Versand.<\/td>\n<\/tr>\n<tr>\n<td class=\"label\">Sendung<\/td>\n<td>per 20GP-, 40GP-, 40HQ-Container oder Massengutfrachter<\/td>\n<\/tr>\n<tr>\n<td class=\"label\">Gr\u00f6\u00dfe\/St\u00e4rke<\/td>\n<td>\u00dcber 0,8mm, L\u00e4nge von 1m-9m oder kundenspezifisch; Eloxalschutzschichtdicke von 8~25 um, Pulverbeschichtung von 40 ~ 120 um.<\/td>\n<\/tr>\n<\/table>\n<h2>Unsere Produktionsbasis<\/h2>\n<h3>Fabrik-Panorama<\/h3>\n<p><img decoding=\"async\" src=\"\/wp-content\/uploads\/factory-01.webp\"\/><\/p>\n<h3>Werkstatt zur Herstellung von Aluminiumstangen<\/h3>\n<p><img decoding=\"async\" src=\"\/wp-content\/uploads\/factory-02.webp\"\/><\/p>\n<p><img decoding=\"async\" src=\"\/wp-content\/uploads\/factory-03.webp\"\/><\/p>\n<h3>Lagerhaus f\u00fcr Formen<\/h3>\n<p><img decoding=\"async\" src=\"\/wp-content\/uploads\/factory-04.webp\"\/><\/p>\n<h3>43 Aluminium-Strangpressanlagen (500\u00e2\u20ac\"5500 Tonnen)<\/h3>\n<p><img decoding=\"async\" src=\"\/wp-content\/uploads\/factory-05.webp\"\/><\/p>\n<p><img decoding=\"async\" src=\"\/wp-content\/uploads\/factory-06.webp\"\/><\/p>\n<p><img decoding=\"async\" src=\"\/wp-content\/uploads\/factory-07.webp\"\/><\/p>\n<h3>Werkstatt f\u00fcr Pulverbeschichtung<\/h3>\n<p><img decoding=\"async\" src=\"\/wp-content\/uploads\/factory-09.webp\"\/><\/p>\n<h3>Eloxal-Werkstatt<\/h3>\n<p><img decoding=\"async\" src=\"\/wp-content\/uploads\/factory-10.webp\"\/><\/p>\n<h3>Workshop zur Tiefenverarbeitung<\/h3>\n<p><img decoding=\"async\" src=\"\/wp-content\/uploads\/factory-11.webp\"\/><\/p>\n<h3>CNC-Pr\u00e4zisionsbearbeitungswerkstatt<\/h3>\n<p><img decoding=\"async\" src=\"\/wp-content\/uploads\/factory-11.5.webp\"\/><\/p>\n<h3>Lager f\u00fcr Fertigprodukte und Export<\/h3>\n<p><img decoding=\"async\" src=\"\/wp-content\/uploads\/factory-12.webp\"\/><\/p>\n<p><img decoding=\"async\" src=\"\/wp-content\/uploads\/factory-13.webp\"\/><\/p>\n<p><img decoding=\"async\" src=\"\/wp-content\/uploads\/factory-14.webp\"\/><\/p>\n<h2>FAQ<\/h2>\n<p><p><b>1. 6061 ovale Aluminiumrohre: Wof\u00fcr werden sie verwendet?<\/b><\/p>\n<p>6061 ovale Aluminiumrohre werden aufgrund ihrer Festigkeit, ihres geringen Gewichts und ihrer Korrosionsbest\u00e4ndigkeit f\u00fcr Automobilteile, M\u00f6bel, strukturelle Rahmen und Schiffsanwendungen verwendet.<br \/>\n<\/p><br \/>\n<br \/>\n<p><b>2) Was sind die Hauptvorteile von 6061 ovalen Aluminiumrohren?<\/b><\/p>\n<p>Ovale Aluminiumrohre aus 6061 bieten ein ausgezeichnetes Verh\u00e4ltnis von Festigkeit zu Gewicht, hervorragende Korrosionsbest\u00e4ndigkeit und eine glatte Oberfl\u00e4che f\u00fcr funktionelle und dekorative Zwecke.<br \/>\n<\/p><br \/>\n<br \/>\n<p><b>3. warum 6061 Legierung f\u00fcr ovale Aluminiumrohre w\u00e4hlen?<\/b><\/p>\n<p>Die Legierung 6061 bietet eine hohe mechanische Festigkeit, gute Schwei\u00dfbarkeit und ausgezeichnete Korrosionsbest\u00e4ndigkeit und ist damit ideal f\u00fcr anspruchsvolle strukturelle Anwendungen.<br \/>\n<\/p><br \/>\n<br \/>\n<p><b>4. 6061 ovale Aluminiumrohre k\u00f6nnen angepasst werden?<\/b><\/p>\n<p>Ja, es kann in Bezug auf Abmessungen, Wandst\u00e4rke, L\u00e4nge und Oberfl\u00e4chenbeschaffenheit individuell angepasst werden, um spezifische technische und gestalterische Anforderungen zu erf\u00fcllen.<br \/>\n<\/p><br \/>\n<br \/>\n<p><b>5. welche Oberfl\u00e4chenbehandlungen sind f\u00fcr 6061 ovale Aluminiumrohre erh\u00e4ltlich?<\/b><\/p>\n<p>Zu den \u00fcblichen Oberfl\u00e4chenbehandlungen geh\u00f6ren Eloxieren, Pulverbeschichtung und Walzoberfl\u00e4che, die den Korrosionsschutz, die Haltbarkeit und die \u00c4sthetik verbessern.<br \/>\n<\/p><br \/>\n<br \/>\n<p><b>6. sind 6061 ovale Aluminiumrohre f\u00fcr den Au\u00dfeneinsatz geeignet?<\/b><\/p>\n<p>Ja, mit der richtigen Oberfl\u00e4chenbehandlung sind die ovalen 6061-Aluminiumrohre resistent gegen UV-Strahlung, Feuchtigkeit und raue Witterungseinfl\u00fcsse, was sie ideal f\u00fcr den Au\u00dfenbereich und die Schifffahrt macht.<br \/>\n<\/p><br \/>\n<br \/>\n<p><b>7. wie unterst\u00fctzen 6061 ovale Aluminiumrohre nachhaltiges Design?<\/b><\/p>\n<p>6061 ovale Aluminiumrohre sind 100% recycelbar und energieeffizient in der Herstellung, was die Umweltbelastung reduziert und eine umweltfreundliche Produktion unterst\u00fctzt.<br \/>\n<\/p><br \/>\n<br \/>\n<p><b>8. welche Branchen verwenden \u00fcblicherweise 6061 ovale Aluminiumrohre?<\/b><\/p>\n<p>Die Automobil-, Schifffahrts-, Luft- und Raumfahrt-, M\u00f6bel- und Bauindustrie verwenden 6061 ovale Aluminiumrohre wegen ihrer Kombination aus Festigkeit, Korrosionsbest\u00e4ndigkeit und Designflexibilit\u00e4t.<br \/>\n<\/p><br \/><\/p>","protected":false},"featured_media":6481,"template":"","categories":[60],"class_list":["post-6482","product","type-product","status-publish","has-post-thumbnail","hentry","category-general-tubes-and-bars"],"meta_box":{"hilight_text_group":{"product_hilight_text":"<li>Made from durable 6061 aluminum alloy with excellent strength<\/li>\r\r\n<li>Unique oval shape ideal for aerodynamic and aesthetic applications<\/li>\r\r\n<li>Corrosion-resistant surface suitable for indoor and outdoor use<\/li>\r\r\n<li>Available in custom sizes, wall thicknesses, and finishes<\/li>\r\r\n<li>Supports OEM customization and bulk order fulfillment<\/li>","product_chanpin_blog":"<ul>\r\r\n<li><a href=\"https:\/\/sinoextrud.com\/t-slot-v-slot-differences\/\" target=\"_blank\">t slot vs v slot<\/a><\/li>\r\r\n<li><a href=\"https:\/\/sinoextrud.com\/what-is-4040-aluminium-extrud\/\" target=\"_blank\">4040 aluminium extrusion<\/a><\/li>\r\r\n<li><a href=\"https:\/\/sinoextrud.com\/what-is-4040-aluminium-extrud\/\" target=\"_blank\">aluminum extrusions for industrial racks<\/a><\/li>\r\r\n<li><a href=\"https:\/\/sinoextrud.com\/powder-coating-aluminium-process\/\" target=\"_blank\">powder coating aluminium<\/a><\/li>\r\r\n<li><a href=\"https:\/\/sinoextrud.com\/what-is-an-aluminium-strip-ceiling\/\" target=\"_blank\">aluminium strip ceiling<\/a><\/li>\r\r\n<li><a href=\"https:\/\/sinoextrud.com\/what-is-a-heat-sink\/\" target=\"_blank\">what is a heat sink<\/a><\/li>\r\r\n<\/ul>","product_chanpin_chanpin":"<li><a href=\"https:\/\/sinoextrud.com\/product\/aluminum-square-tube-powder-coating-6063-t5-extruded-profiles\/\" target=\"_blank\">aluminum square tube powder coating 6063 t5 extruded profiles<\/a><\/li>\r\n<li><a href=\"https:\/\/sinoextrud.com\/product\/custom-large-diameter-extruded-aluminum-pipe\/\" target=\"_blank\">Custom Large Diameter Extruded Aluminum Pipe<\/a><\/li>\r\n<li><a href=\"https:\/\/sinoextrud.com\/product\/china-aluminum-extrusion-6061-6063-anodized-aluminum-pipe\/\" target=\"_blank\">China Aluminum Extrusion 6061 6063 Anodized Aluminum Pipe<\/a><\/li>\r\n<li><a href=\"https:\/\/sinoextrud.com\/product\/anodized-aluminum-tubes\/\" target=\"_blank\">Anodized Aluminum Tubes<\/a><\/li>\r\n<li><a href=\"https:\/\/sinoextrud.com\/product\/6061-oval-aluminum-tubing\/\" target=\"_blank\">6061 Oval Aluminum Tubing<\/a><\/li>\r\n<li><a href=\"https:\/\/sinoextrud.com\/product\/extruded-aluminum-rectangular-tubing\/\" target=\"_blank\">Extruded Aluminum Rectangular Tubing<\/a><\/li>\r\n<li><a href=\"https:\/\/sinoextrud.com\/product\/power-coating-standard-aluminium-profiles\/\" target=\"_blank\">Power Coating Standard Aluminium Profiles<\/a><\/li>\r\n<li><a href=\"https:\/\/sinoextrud.com\/product\/aluminum-tube-coated-powder-price-per-kg-for-lowes-aluminum-pipe-fence-china\/\" target=\"_blank\">aluminum tube coated powder price per kg for lowes aluminum pipe fence china<\/a><\/li>\r\n<li><a href=\"https:\/\/sinoextrud.com\/product\/powder-coated-aluminium-extrusion\/\" target=\"_blank\">Powder Coated Aluminium Extrusion<\/a><\/li>\r\n<li><a href=\"https:\/\/sinoextrud.com\/product\/custom-aluminum-extrusion\/\" target=\"_blank\">Custom Aluminum Extrusion<\/a><\/li>\r\n<li><a href=\"https:\/\/sinoextrud.com\/product\/aluminum-heatsink-extrusion-profile\/\" target=\"_blank\">Aluminum Heatsink Extrusion Profile<\/a><\/li>"},"feature_list":[]},"_links":{"self":[{"href":"https:\/\/sinoextrud.com\/de\/wp-json\/wp\/v2\/product\/6482","targetHints":{"allow":["GET"]}}],"collection":[{"href":"https:\/\/sinoextrud.com\/de\/wp-json\/wp\/v2\/product"}],"about":[{"href":"https:\/\/sinoextrud.com\/de\/wp-json\/wp\/v2\/types\/product"}],"wp:featuredmedia":[{"embeddable":true,"href":"https:\/\/sinoextrud.com\/de\/wp-json\/wp\/v2\/media\/6481"}],"wp:attachment":[{"href":"https:\/\/sinoextrud.com\/de\/wp-json\/wp\/v2\/media?parent=6482"}],"wp:term":[{"taxonomy":"category","embeddable":true,"href":"https:\/\/sinoextrud.com\/de\/wp-json\/wp\/v2\/categories?post=6482"}],"curies":[{"name":"wp","href":"https:\/\/api.w.org\/{rel}","templated":true}]}}