{"id":6478,"date":"2025-05-29T02:56:35","date_gmt":"2025-05-29T02:56:35","guid":{"rendered":"https:\/\/sinoextrud.com\/product\/china-aluminum-extrusion-6061-6063-anodized-aluminum-pipe\/"},"modified":"2025-06-24T06:10:59","modified_gmt":"2025-06-24T06:10:59","slug":"china-aluminium-strangpressen-6061-6063-eloxiertes-aluminium-rohr","status":"publish","type":"product","link":"https:\/\/sinoextrud.com\/de\/product\/china-aluminum-extrusion-6061-6063-anodized-aluminum-pipe\/","title":{"rendered":"China Aluminium-Extrusion 6061 6063 Eloxiertes Aluminium-Rohr"},"content":{"rendered":"<h2>Produkte Details<\/h2>\n<table class=\"custom-table\">\n<tr>\n<td class=\"label\">Artikel<\/td>\n<td>China Aluminium-Extrusion 6061 6063 Eloxiertes Aluminium-Rohr Lieferant<\/td>\n<\/tr>\n<tr>\n<td class=\"label\">Aluminium-Legierung Nr.<\/td>\n<td>6061, 6063, usw.<\/td>\n<\/tr>\n<tr>\n<td class=\"label\">W\u00e4rmebehandlung<\/td>\n<td>T4, T5, T6<\/td>\n<\/tr>\n<tr>\n<td class=\"label\">Form<\/td>\n<td>Quadratisches Rohr \/ Rechteckiges Rohr \/ Rundes Rohr \/ Ovales Rohr \/ Dreieckiges Rohr \/ Trapezf\u00f6rmiges Rohr \/ Halbkreisf\u00f6rmiges Rohr \/ Spezialrohr<\/td>\n<\/tr>\n<tr>\n<td class=\"label\">Oberfl\u00e4che<\/td>\n<td>walzblank, eloxiert, Holzmaserung, Pulverbeschichtung, Sandstrahlen, Elektrophorese, geb\u00fcrstet, poliert, etc.<\/td>\n<\/tr>\n<tr>\n<td class=\"label\">CNC-Tiefenbearbeitung<\/td>\n<td>Schneiden, Bohren, Zerspanen, Stanzen, Biegen, Gewindeschneiden und so weiter<\/td>\n<\/tr>\n<tr>\n<td class=\"label\">Schimmelpilz<\/td>\n<td>Tausende von verf\u00fcgbaren Formen auf Lager<\/td>\n<\/tr>\n<tr>\n<td class=\"label\">Form<\/td>\n<td>rund, quadratisch, rechteckig, oval<\/td>\n<\/tr>\n<tr>\n<td class=\"label\">L\u00e4nge<\/td>\n<td>angepasst<\/td>\n<\/tr>\n<tr>\n<td class=\"label\">Verpackung<\/td>\n<td>angepasst<\/td>\n<\/tr>\n<\/table>\n<h2>Unsere Produktionsbasis<\/h2>\n<h3>Fabrik-Panorama<\/h3>\n<p><img decoding=\"async\" src=\"\/wp-content\/uploads\/factory-01.webp\"\/><\/p>\n<h3>Werkstatt zur Herstellung von Aluminiumstangen<\/h3>\n<p><img decoding=\"async\" src=\"\/wp-content\/uploads\/factory-02.webp\"\/><\/p>\n<p><img decoding=\"async\" src=\"\/wp-content\/uploads\/factory-03.webp\"\/><\/p>\n<h3>Lagerhaus f\u00fcr Formen<\/h3>\n<p><img decoding=\"async\" src=\"\/wp-content\/uploads\/factory-04.webp\"\/><\/p>\n<h3>43 Aluminium-Strangpressanlagen (500\u00e2\u20ac\"5500 Tonnen)<\/h3>\n<p><img decoding=\"async\" src=\"\/wp-content\/uploads\/factory-05.webp\"\/><\/p>\n<p><img decoding=\"async\" src=\"\/wp-content\/uploads\/factory-06.webp\"\/><\/p>\n<p><img decoding=\"async\" src=\"\/wp-content\/uploads\/factory-07.webp\"\/><\/p>\n<h3>Werkstatt f\u00fcr Pulverbeschichtung<\/h3>\n<p><img decoding=\"async\" src=\"\/wp-content\/uploads\/factory-09.webp\"\/><\/p>\n<h3>Eloxal-Werkstatt<\/h3>\n<p><img decoding=\"async\" src=\"\/wp-content\/uploads\/factory-10.webp\"\/><\/p>\n<h3>Workshop zur Tiefenverarbeitung<\/h3>\n<p><img decoding=\"async\" src=\"\/wp-content\/uploads\/factory-11.webp\"\/><\/p>\n<h3>CNC-Pr\u00e4zisionsbearbeitungswerkstatt<\/h3>\n<p><img decoding=\"async\" src=\"\/wp-content\/uploads\/factory-11.5.webp\"\/><\/p>\n<h3>Lager f\u00fcr Fertigprodukte und Export<\/h3>\n<p><img decoding=\"async\" src=\"\/wp-content\/uploads\/factory-12.webp\"\/><\/p>\n<p><img decoding=\"async\" src=\"\/wp-content\/uploads\/factory-13.webp\"\/><\/p>\n<p><img decoding=\"async\" src=\"\/wp-content\/uploads\/factory-14.webp\"\/><\/p>\n<h2>FAQ<\/h2>\n<p><p><b>1. welche Produkte bietet ein China Aluminium Extrusion 6061 6063 Anodized Aluminium Pipe Supplier?<\/b><\/p>\n<p>Sie bieten qualitativ hochwertige 6061- und 6063-Aluminiumrohre mit eloxierten Oberfl\u00e4chen, die sich f\u00fcr Bau-, Automobil-, Marine- und Industrieanwendungen eignen.<br \/>\n<\/p><br \/>\n<br \/>\n<p><b>2. was sind die Vorteile von 6061 und 6063 eloxierten Aluminiumrohren?<\/b><\/p>\n<p>Die Legierungen 6061 und 6063 bieten eine ausgezeichnete Korrosionsbest\u00e4ndigkeit und eine gute mechanische Festigkeit, und die eloxierte Oberfl\u00e4che verbessert die Haltbarkeit und die \u00c4sthetik.<br \/>\n<\/p><br \/>\n<br \/>\n<p><b>3. warum ein China Aluminium Extrusion Lieferant f\u00fcr 6061 und 6063 eloxiertem Aluminium Rohre w\u00e4hlen?<\/b><\/p>\n<p>Chinesische Lieferanten bieten wettbewerbsf\u00e4hige Preise, fortschrittliche Fertigungstechnologie und schnelle Produktionsm\u00f6glichkeiten unter Einhaltung internationaler Qualit\u00e4tsstandards.<br \/>\n<\/p><br \/>\n<br \/>\n<p><b>4. k\u00f6nnen 6061 und 6063 eloxierte Aluminiumrohre angepasst werden?<\/b><\/p>\n<p>Ja, die Lieferanten bieten die M\u00f6glichkeit, den Durchmesser, die Wandst\u00e4rke, die L\u00e4nge und die Eloxalfarbe der Rohre an die jeweiligen Projektanforderungen anzupassen.<br \/>\n<\/p><br \/>\n<br \/>\n<p><b>5. welche Oberfl\u00e4chenbehandlungen sind f\u00fcr Aluminiumrohre von chinesischen Lieferanten erh\u00e4ltlich?<\/b><\/p>\n<p>Neben dem Eloxieren k\u00f6nnen die Lieferanten auch Pulverbeschichtung, Polieren und Fr\u00e4sen anbieten, um die Korrosionsbest\u00e4ndigkeit und die optische Qualit\u00e4t zu verbessern.<br \/>\n<\/p><br \/>\n<br \/>\n<p><b>6. sind 6061 und 6063 eloxierte Aluminiumrohre f\u00fcr den Au\u00dfeneinsatz geeignet?<\/b><\/p>\n<p>Ja, Eloxalbeschichtungen bieten einen hervorragenden Schutz gegen UV-Strahlung, Feuchtigkeit und raue Witterungsbedingungen und machen diese Rohre ideal f\u00fcr Au\u00dfenanwendungen.<br \/>\n<\/p><br \/>\n<br \/>\n<p><b>7. wie unterst\u00fctzt die Beschaffung bei einem chinesischen Anbieter von Aluminium-Strangpressprofilen eine nachhaltige Produktion?<\/b><\/p>\n<p>Die chinesischen Lieferanten verwenden recycelbares Aluminium und fortschrittliche Strangpressverfahren, um den Abfall zu minimieren und eine umweltfreundliche Produktion zu unterst\u00fctzen.<br \/>\n<\/p><br \/>\n<br \/>\n<p><b>8. welche Branchen verwenden \u00fcblicherweise 6061 und 6063 eloxierte Aluminiumrohre von chinesischen Lieferanten?<\/b><\/p>\n<p>Bau-, Automobil-, Schiffs-, Elektronik- und M\u00f6belindustrie verlassen sich auf diese Rohre wegen ihrer St\u00e4rke, Haltbarkeit und Korrosionsbest\u00e4ndigkeit.<br \/>\n<\/p><br \/><\/p>","protected":false},"featured_media":6477,"template":"","categories":[60],"class_list":["post-6478","product","type-product","status-publish","has-post-thumbnail","hentry","category-general-tubes-and-bars"],"meta_box":{"hilight_text_group":{"product_hilight_text":"<li>Leading China supplier of 6061 and 6063 anodized aluminum pipes<\/li>\r\r\n<li>High-quality anodizing process enhances corrosion resistance and surface durability<\/li>\r\r\n<li>Wide range of sizes and custom specifications available<\/li>\r\r\n<li>Competitive pricing with reliable bulk supply and timely delivery<\/li>\r\r\n<li>Supports OEM services and customized extrusion solutions<\/li>","product_chanpin_blog":"<ul>\r\r\n<li><a href=\"https:\/\/sinoextrud.com\/t-slot-v-slot-differences\/\" target=\"_blank\">t slot vs v slot<\/a><\/li>\r\r\n<li><a href=\"https:\/\/sinoextrud.com\/what-is-4040-aluminium-extrud\/\" target=\"_blank\">4040 aluminium extrusion<\/a><\/li>\r\r\n<li><a href=\"https:\/\/sinoextrud.com\/what-is-4040-aluminium-extrud\/\" target=\"_blank\">aluminum extrusions for industrial racks<\/a><\/li>\r\r\n<li><a href=\"https:\/\/sinoextrud.com\/powder-coating-aluminium-process\/\" target=\"_blank\">powder coating aluminium<\/a><\/li>\r\r\n<li><a href=\"https:\/\/sinoextrud.com\/what-is-an-aluminium-strip-ceiling\/\" target=\"_blank\">aluminium strip ceiling<\/a><\/li>\r\r\n<li><a href=\"https:\/\/sinoextrud.com\/what-is-a-heat-sink\/\" target=\"_blank\">what is a heat sink<\/a><\/li>\r\r\n<\/ul>","product_chanpin_chanpin":"<li><a href=\"https:\/\/sinoextrud.com\/product\/6063-aluminum-pipe-fire-hydrant-aluminum-profile\/\" target=\"_blank\">6063 Aluminum Pipe Fire Hydrant Aluminum Profile<\/a><\/li>\r\n<li><a href=\"https:\/\/sinoextrud.com\/product\/aluminum-extrusion-electrophoresis-aluminum-tube\/\" target=\"_blank\">Aluminum Extrusion Electrophoresis Aluminum Tube<\/a><\/li>\r\n<li><a href=\"https:\/\/sinoextrud.com\/product\/aluminum-square-tube-powder-coating-6063-t5-extruded-profiles\/\" target=\"_blank\">aluminum square tube powder coating 6063 t5 extruded profiles<\/a><\/li>\r\n<li><a href=\"https:\/\/sinoextrud.com\/product\/custom-large-diameter-extruded-aluminum-pipe\/\" target=\"_blank\">Custom Large Diameter Extruded Aluminum Pipe<\/a><\/li>\r\n<li><a href=\"https:\/\/sinoextrud.com\/product\/china-aluminum-extrusion-6061-6063-anodized-aluminum-pipe\/\" target=\"_blank\">China Aluminum Extrusion 6061 6063 Anodized Aluminum Pipe<\/a><\/li>\r\n<li><a href=\"https:\/\/sinoextrud.com\/product\/anodized-aluminum-tubes\/\" target=\"_blank\">Anodized Aluminum Tubes<\/a><\/li>\r\n<li><a href=\"https:\/\/sinoextrud.com\/product\/6061-oval-aluminum-tubing\/\" target=\"_blank\">6061 Oval Aluminum Tubing<\/a><\/li>\r\n<li><a href=\"https:\/\/sinoextrud.com\/product\/extruded-aluminum-rectangular-tubing\/\" target=\"_blank\">Extruded Aluminum Rectangular Tubing<\/a><\/li>\r\n<li><a href=\"https:\/\/sinoextrud.com\/product\/power-coating-standard-aluminium-profiles\/\" target=\"_blank\">Power Coating Standard Aluminium Profiles<\/a><\/li>\r\n<li><a href=\"https:\/\/sinoextrud.com\/product\/aluminum-glazing-extrusions\/\" target=\"_blank\">Aluminum Glazing Extrusions<\/a><\/li>\r\n<li><a href=\"https:\/\/sinoextrud.com\/product\/10-series-golden-aluminum-extrusion-profiles\/\" target=\"_blank\">10 Series Golden Aluminum Extrusion Profiles<\/a><\/li>"},"feature_list":[]},"_links":{"self":[{"href":"https:\/\/sinoextrud.com\/de\/wp-json\/wp\/v2\/product\/6478","targetHints":{"allow":["GET"]}}],"collection":[{"href":"https:\/\/sinoextrud.com\/de\/wp-json\/wp\/v2\/product"}],"about":[{"href":"https:\/\/sinoextrud.com\/de\/wp-json\/wp\/v2\/types\/product"}],"wp:featuredmedia":[{"embeddable":true,"href":"https:\/\/sinoextrud.com\/de\/wp-json\/wp\/v2\/media\/6477"}],"wp:attachment":[{"href":"https:\/\/sinoextrud.com\/de\/wp-json\/wp\/v2\/media?parent=6478"}],"wp:term":[{"taxonomy":"category","embeddable":true,"href":"https:\/\/sinoextrud.com\/de\/wp-json\/wp\/v2\/categories?post=6478"}],"curies":[{"name":"wp","href":"https:\/\/api.w.org\/{rel}","templated":true}]}}