{"id":6474,"date":"2025-05-29T02:50:06","date_gmt":"2025-05-29T02:50:06","guid":{"rendered":"https:\/\/sinoextrud.com\/product\/aluminum-square-tube-powder-coating-6063-t5-extruded-profiles\/"},"modified":"2025-06-24T06:10:59","modified_gmt":"2025-06-24T06:10:59","slug":"aluminium-vierkantrohr-pulverbeschichtung-6063-t5-strangpressprofile","status":"publish","type":"product","link":"https:\/\/sinoextrud.com\/de\/product\/aluminum-square-tube-powder-coating-6063-t5-extruded-profiles\/","title":{"rendered":"Aluminium-Vierkantrohr Pulverbeschichtung 6063 t5 Strangpressprofile"},"content":{"rendered":"<h2>Produkte Details<\/h2>\n<table class=\"custom-table\">\n<tr>\n<td class=\"label\">Oberfl\u00e4chenbehandlung:<\/td>\n<td> Aluminium-Pulverbeschichtung<\/td>\n<\/tr>\n<tr>\n<td class=\"label\">Lieferzeiten:<\/td>\n<td> 20 Tage nach Erhalt der Einzahlung<\/td>\n<\/tr>\n<tr>\n<td class=\"label\">Zahlungsfrist:<\/td>\n<td> T\/T, 30% Anzahlung, w\u00e4hrend der Restbetrag gezahlt werden soll<\/td>\n<\/tr>\n<tr>\n<td class=\"label\">B\u00fcrgschaft:<\/td>\n<td> Die Oberfl\u00e4chenfarbe kann 10 bis 20 Jahre lang erhalten bleiben<\/td>\n<\/tr>\n<tr>\n<td class=\"label\">Material:<\/td>\n<td> 6063-T5, 6061-T6, 6463-T5, 7075-T6, 6082<\/td>\n<\/tr>\n<tr>\n<td class=\"label\">Warenzeichen:<\/td>\n<td> OEM<\/td>\n<\/tr>\n<tr>\n<td class=\"label\">Spezifikation:<\/td>\n<td> 1m-9m oder kundenspezifische Gr\u00f6\u00dfe<\/td>\n<\/tr>\n<tr>\n<td class=\"label\">HS-Code:<\/td>\n<td> 76042100<\/td>\n<\/tr>\n<tr>\n<td class=\"label\">Die Form:<\/td>\n<td> Quadratisch,Kundenspezifisch<\/td>\n<\/tr>\n<tr>\n<td class=\"label\">Note:<\/td>\n<td> Serie 6000<\/td>\n<\/tr>\n<tr>\n<td class=\"label\">Temperament:<\/td>\n<td> T3 - T8<\/td>\n<\/tr>\n<tr>\n<td class=\"label\">Farben:<\/td>\n<td> Pulverbeschichtung<\/td>\n<\/tr>\n<tr>\n<td class=\"label\">MOQ:<\/td>\n<td> 200KG f\u00fcr jeden Artikel<\/td>\n<\/tr>\n<tr>\n<td class=\"label\">Transport-Paket:<\/td>\n<td> Plastikfolie oder Polybeutel, wasserfestes Bastelpapier<\/td>\n<\/tr>\n<tr>\n<td class=\"label\">Herkunft:<\/td>\n<td> Foshan, China<\/td>\n<\/tr>\n<\/table>\n<h2>Unsere Produktionsbasis<\/h2>\n<h3>Fabrik-Panorama<\/h3>\n<p><img decoding=\"async\" src=\"\/wp-content\/uploads\/factory-01.webp\"\/><\/p>\n<h3>Werkstatt zur Herstellung von Aluminiumstangen<\/h3>\n<p><img decoding=\"async\" src=\"\/wp-content\/uploads\/factory-02.webp\"\/><\/p>\n<\/p>\n<p><img decoding=\"async\" src=\"\/wp-content\/uploads\/factory-03.webp\"\/><\/p>\n<h3>Lagerhaus f\u00fcr Formen<\/h3>\n<p><img decoding=\"async\" src=\"\/wp-content\/uploads\/factory-04.webp\"\/><\/p>\n<h3>43 Aluminium-Strangpressanlagen (500\u00e2\u20ac\"5500 Tonnen)<\/h3>\n<p><img decoding=\"async\" src=\"\/wp-content\/uploads\/factory-05.webp\"\/><\/p>\n<p><img decoding=\"async\" src=\"\/wp-content\/uploads\/factory-06.webp\"\/><\/p>\n<p><img decoding=\"async\" src=\"\/wp-content\/uploads\/factory-07.webp\"\/><\/p>\n<h3>Werkstatt f\u00fcr Pulverbeschichtung<\/h3>\n<p><img decoding=\"async\" src=\"\/wp-content\/uploads\/factory-09.webp\"\/><\/p>\n<h3>Eloxal-Werkstatt<\/h3>\n<p><img decoding=\"async\" src=\"\/wp-content\/uploads\/factory-10.webp\"\/><\/p>\n<h3>Workshop zur Tiefenverarbeitung<\/h3>\n<p><img decoding=\"async\" src=\"\/wp-content\/uploads\/factory-11.webp\"\/><\/p>\n<h3>CNC-Pr\u00e4zisionsbearbeitungswerkstatt<\/h3>\n<p><img decoding=\"async\" src=\"\/wp-content\/uploads\/factory-11.5.webp\"\/><\/p>\n<h3>Lager f\u00fcr Fertigprodukte und Export<\/h3>\n<p><img decoding=\"async\" src=\"\/wp-content\/uploads\/factory-12.webp\"\/><\/p>\n<p><img decoding=\"async\" src=\"\/wp-content\/uploads\/factory-13.webp\"\/><\/p>\n<p><img decoding=\"async\" src=\"\/wp-content\/uploads\/factory-14.webp\"\/><\/p>\n<h2>FAQ<\/h2>\n<p><b>1. was ist Aluminium-Vierkantrohr Pulverbeschichtung 6063 T5 stranggepresste Profile f\u00fcr verwendet?<\/b><\/p>\n<p>Diese Profile werden aufgrund ihrer Festigkeit, Haltbarkeit und \u00e4sthetischen Ausf\u00fchrung h\u00e4ufig im Bauwesen, in der Automobilindustrie, in der M\u00f6belindustrie und in der Architektur eingesetzt.\n<\/p>\n<p><\/p>\n<p><b>2. was sind die wichtigsten Vorteile von Aluminium-Vierkantrohr Pulverbeschichtung 6063 T5 stranggepresste Profile?<\/b><\/p>\n<p>Sie bieten ein hohes Verh\u00e4ltnis von Festigkeit zu Gewicht, ausgezeichnete Korrosionsbest\u00e4ndigkeit und eine haltbare, lebendige Pulverbeschichtung, die die Langlebigkeit erh\u00f6ht.\n<\/p>\n<p><\/p>\n<p><b>3. warum 6063 T5-Legierung f\u00fcr Aluminium-Vierkantrohr Strangpressen w\u00e4hlen?<\/b><\/p>\n<p>Die Legierung 6063 T5 bietet hervorragende mechanische Eigenschaften, gute Bearbeitbarkeit und ausgezeichnete Korrosionsbest\u00e4ndigkeit und ist daher ideal f\u00fcr strukturelle und dekorative Anwendungen.\n<\/p>\n<p><\/p>\n<p><b>4. wie profitiert die Pulverbeschichtung von Aluminium-Vierkantrohr 6063 T5 Strangpressprofilen?<\/b><\/p>\n<p>Die Pulverbeschichtung bietet eine robuste, gleichm\u00e4\u00dfige Oberfl\u00e4che, die Kratzern, UV-Sch\u00e4den und Korrosion widersteht und sowohl die Haltbarkeit als auch das Aussehen verbessert.\n<\/p>\n<p><\/p>\n<p><b>5. kann Aluminium Vierkantrohr Pulverbeschichtung 6063 T5 stranggepresste Profile angepasst werden?<\/b><\/p>\n<p>Ja, diese Profile k\u00f6nnen in Bezug auf Gr\u00f6\u00dfe, Wandst\u00e4rke, Farbe und Oberfl\u00e4che an die jeweiligen Projektanforderungen angepasst werden.\n<\/p>\n<p><\/p>\n<p><b>6. sind pulverbeschichtete 6063 T5 Aluminium-Vierkantrohre f\u00fcr Au\u00dfenanwendungen geeignet?<\/b><\/p>\n<p>Ja, die Pulverbeschichtung bietet einen verbesserten Schutz gegen Witterungseinfl\u00fcsse, UV-Strahlen und Feuchtigkeit und ist damit ideal f\u00fcr den Au\u00dfenbereich.\n<\/p>\n<p><\/p>\n<p><b>7. wie unterst\u00fctzt die Pulverbeschichtung von Aluminium-Vierkantrohren 6063 T5 das nachhaltige Bauen?<\/b><\/p>\n<p>6063 T5-Aluminium ist 100% recycelbar, und die Pulverbeschichtung ist ein umweltfreundliches Veredelungsverfahren, das zu einer nachhaltigen Baupraxis beitr\u00e4gt.\n<\/p>\n<p><\/p>\n<p><b>8. welche Branchen profitieren am meisten von der Pulverbeschichtung von Aluminium-Vierkantrohr 6063 T5 Strangpressprofilen?<\/b><\/p>\n<p>Branchen wie das Baugewerbe, das Transportwesen, die M\u00f6belherstellung und die architektonische Gestaltung verlassen sich auf diese Profile wegen ihrer St\u00e4rke, Haltbarkeit und \u00c4sthetik.\n<\/p>\n<p><\/p>","protected":false},"featured_media":6473,"template":"","categories":[60],"class_list":["post-6474","product","type-product","status-publish","has-post-thumbnail","hentry","category-general-tubes-and-bars"],"meta_box":{"hilight_text_group":{"product_hilight_text":"<li>Made from 6063 T5 aluminum alloy for high strength and durability<\/li>\r\r\n<li>Powder coating provides excellent corrosion resistance and vibrant finish<\/li>\r\r\n<li>Precision extruded square tube profiles with consistent dimensions<\/li>\r\r\n<li>Lightweight design suitable for structural and decorative applications<\/li>\r\r\n<li>Supports custom sizes, colors, and bulk orders with reliable supply<\/li>","product_chanpin_blog":"<ul>\r\r\n<li><a href=\"https:\/\/sinoextrud.com\/t-slot-v-slot-differences\/\" target=\"_blank\">t slot vs v slot<\/a><\/li>\r\r\n<li><a href=\"https:\/\/sinoextrud.com\/what-is-4040-aluminium-extrud\/\" target=\"_blank\">4040 aluminium extrusion<\/a><\/li>\r\r\n<li><a href=\"https:\/\/sinoextrud.com\/what-is-4040-aluminium-extrud\/\" target=\"_blank\">aluminum extrusions for industrial racks<\/a><\/li>\r\r\n<li><a href=\"https:\/\/sinoextrud.com\/powder-coating-aluminium-process\/\" target=\"_blank\">powder coating aluminium<\/a><\/li>\r\r\n<li><a href=\"https:\/\/sinoextrud.com\/what-is-an-aluminium-strip-ceiling\/\" target=\"_blank\">aluminium strip ceiling<\/a><\/li>\r\r\n<li><a href=\"https:\/\/sinoextrud.com\/what-is-a-heat-sink\/\" target=\"_blank\">what is a heat sink<\/a><\/li>\r\r\n<\/ul>","product_chanpin_chanpin":"<li><a href=\"https:\/\/sinoextrud.com\/product\/3003-aluminum-tube-and-pipe\/\" target=\"_blank\">3003 Aluminum Tube And Pipe<\/a><\/li>\r\n<li><a href=\"https:\/\/sinoextrud.com\/product\/triangle-champagne-aluminum-extruded-tube\/\" target=\"_blank\">Triangle Champagne Aluminum Extruded Tube<\/a><\/li>\r\n<li><a href=\"https:\/\/sinoextrud.com\/product\/6063-aluminum-pipe-fire-hydrant-aluminum-profile\/\" target=\"_blank\">6063 Aluminum Pipe Fire Hydrant Aluminum Profile<\/a><\/li>\r\n<li><a href=\"https:\/\/sinoextrud.com\/product\/aluminum-extrusion-electrophoresis-aluminum-tube\/\" target=\"_blank\">Aluminum Extrusion Electrophoresis Aluminum Tube<\/a><\/li>\r\n<li><a href=\"https:\/\/sinoextrud.com\/product\/aluminum-square-tube-powder-coating-6063-t5-extruded-profiles\/\" target=\"_blank\">aluminum square tube powder coating 6063 t5 extruded profiles<\/a><\/li>\r\n<li><a href=\"https:\/\/sinoextrud.com\/product\/custom-large-diameter-extruded-aluminum-pipe\/\" target=\"_blank\">Custom Large Diameter Extruded Aluminum Pipe<\/a><\/li>\r\n<li><a href=\"https:\/\/sinoextrud.com\/product\/china-aluminum-extrusion-6061-6063-anodized-aluminum-pipe\/\" target=\"_blank\">China Aluminum Extrusion 6061 6063 Anodized Aluminum Pipe<\/a><\/li>\r\n<li><a href=\"https:\/\/sinoextrud.com\/product\/anodized-aluminum-tubes\/\" target=\"_blank\">Anodized Aluminum Tubes<\/a><\/li>\r\n<li><a href=\"https:\/\/sinoextrud.com\/product\/6061-oval-aluminum-tubing\/\" target=\"_blank\">6061 Oval Aluminum Tubing<\/a><\/li>\r\n<li><a href=\"https:\/\/sinoextrud.com\/product\/color-anodized-structural-aluminum-extrusions-profile-for-window-frame-extruded-aluminium-alloys-6063\/\" target=\"_blank\">Color Anodized structural aluminum extrusions Profile for Window Frame extruded aluminium alloys 6063<\/a><\/li>\r\n<li><a href=\"https:\/\/sinoextrud.com\/product\/double-angle-aluminium-extrusion\/\" target=\"_blank\">Double Angle Aluminium Extrusion<\/a><\/li>"},"feature_list":[]},"_links":{"self":[{"href":"https:\/\/sinoextrud.com\/de\/wp-json\/wp\/v2\/product\/6474","targetHints":{"allow":["GET"]}}],"collection":[{"href":"https:\/\/sinoextrud.com\/de\/wp-json\/wp\/v2\/product"}],"about":[{"href":"https:\/\/sinoextrud.com\/de\/wp-json\/wp\/v2\/types\/product"}],"wp:featuredmedia":[{"embeddable":true,"href":"https:\/\/sinoextrud.com\/de\/wp-json\/wp\/v2\/media\/6473"}],"wp:attachment":[{"href":"https:\/\/sinoextrud.com\/de\/wp-json\/wp\/v2\/media?parent=6474"}],"wp:term":[{"taxonomy":"category","embeddable":true,"href":"https:\/\/sinoextrud.com\/de\/wp-json\/wp\/v2\/categories?post=6474"}],"curies":[{"name":"wp","href":"https:\/\/api.w.org\/{rel}","templated":true}]}}