{"id":6468,"date":"2025-05-29T02:40:05","date_gmt":"2025-05-29T02:40:05","guid":{"rendered":"https:\/\/sinoextrud.com\/product\/triangle-champagne-aluminum-extruded-tube\/"},"modified":"2025-06-24T06:10:57","modified_gmt":"2025-06-24T06:10:57","slug":"dreieck-champagnerfarbenes-stranggepresstes-aluminiumrohr","status":"publish","type":"product","link":"https:\/\/sinoextrud.com\/de\/product\/triangle-champagne-aluminum-extruded-tube\/","title":{"rendered":"Dreieck Champagner Aluminium stranggepresstes Rohr"},"content":{"rendered":"<h2>Produkte Details<\/h2>\n<table class=\"custom-table\">\n<tr>\n<td class=\"label\">Titel<\/td>\n<td>Aluminium Stranggepresstes Rohr, Triangle Champagne Aluminium Stranggepresstes Rohr<\/td>\n<\/tr>\n<tr>\n<td class=\"label\">Kategorie<\/td>\n<td>Aluminium-Profil<\/td>\n<\/tr>\n<tr>\n<td class=\"label\">Material<\/td>\n<td>Aluminiumlegierung (6063, 6061, 6464, 6082)<\/td>\n<\/tr>\n<tr>\n<td class=\"label\">Temperament<\/td>\n<td>T5<\/td>\n<\/tr>\n<tr>\n<td class=\"label\">Gr\u00f6\u00dfe<\/td>\n<td>Die L\u00e4nge ist von 1-9m oder nach Wunsch des Kunden<\/td>\n<\/tr>\n<tr>\n<td class=\"label\">Form<\/td>\n<td>Dreieck oder stranggepresst nach Zeichnung des Kunden<\/td>\n<\/tr>\n<tr>\n<td class=\"label\">Oberfl\u00e4chenbehandlung<\/td>\n<td>Eloxiert, Sandgestrahlt, Poliert, Elektrophorese, Pulverbeschichtung<\/td>\n<\/tr>\n<tr>\n<td class=\"label\">Farbe<\/td>\n<td>Champagner und Sonderanfertigungen sind erh\u00e4ltlich<\/td>\n<\/tr>\n<tr>\n<td class=\"label\">Zertifikat<\/td>\n<td>TUV, ASTM, GB<\/td>\n<\/tr>\n<tr>\n<td class=\"label\">Von<\/td>\n<td>Guangdong, China<\/td>\n<\/tr>\n<\/table>\n<h2>Unsere Produktionsbasis<\/h2>\n<h3>Fabrik-Panorama<\/h3>\n<p><img decoding=\"async\" src=\"\/wp-content\/uploads\/factory-01.webp\"\/><\/p>\n<h3>Werkstatt zur Herstellung von Aluminiumstangen<\/h3>\n<p><img decoding=\"async\" src=\"\/wp-content\/uploads\/factory-02.webp\"\/><\/p>\n<p><img decoding=\"async\" src=\"\/wp-content\/uploads\/factory-03.webp\"\/><\/p>\n<h3>Lagerhaus f\u00fcr Formen<\/h3>\n<p><img decoding=\"async\" src=\"\/wp-content\/uploads\/factory-04.webp\"\/><\/p>\n<h3>43 Aluminium-Strangpressanlagen (500-5500 Tonnen)<\/h3>\n<p><img decoding=\"async\" src=\"\/wp-content\/uploads\/factory-05.webp\"\/><\/p>\n<p><img decoding=\"async\" src=\"\/wp-content\/uploads\/factory-06.webp\"\/><\/p>\n<p><img decoding=\"async\" src=\"\/wp-content\/uploads\/factory-07.webp\"\/><\/p>\n<h3>Werkstatt f\u00fcr Pulverbeschichtung<\/h3>\n<p><img decoding=\"async\" src=\"\/wp-content\/uploads\/factory-09.webp\"\/><\/p>\n<h3>Eloxal-Werkstatt<\/h3>\n<p><img decoding=\"async\" src=\"\/wp-content\/uploads\/factory-10.webp\"\/><\/p>\n<h3>Workshop zur Tiefenverarbeitung<\/h3>\n<p><img decoding=\"async\" src=\"\/wp-content\/uploads\/factory-11.webp\"\/><\/p>\n<h3>CNC-Pr\u00e4zisionsbearbeitungswerkstatt<\/h3>\n<p><img decoding=\"async\" src=\"\/wp-content\/uploads\/factory-11.5.webp\"\/><\/p>\n<h3>Lager f\u00fcr Fertigprodukte und Export<\/h3>\n<p><img decoding=\"async\" src=\"\/wp-content\/uploads\/factory-12.webp\"\/><\/p>\n<p><img decoding=\"async\" src=\"\/wp-content\/uploads\/factory-13.webp\"\/><\/p>\n<p><img decoding=\"async\" src=\"\/wp-content\/uploads\/factory-14.webp\"\/><\/p>\n<h2>FAQ<\/h2>\n<p><p><b>1. wof\u00fcr wird ein dreieckiges, stranggepresstes Champagner-Aluminiumrohr verwendet?<\/b><\/p>\n<p>Triangle Champagne Aluminum Extruded Tubes werden aufgrund ihrer einzigartigen Form und eleganten Oberfl\u00e4che f\u00fcr dekorative Verkleidungen, architektonische Akzente, Ausstellungsst\u00fccke und Beleuchtungsanwendungen verwendet.<br \/>\n<\/p><br \/>\n<br \/>\n<p><b>2. was sind die Hauptvorteile eines Triangle Champagne Aluminum Extruded Tube?<\/b><\/p>\n<p>Triangle Champagne Aluminum Extruded Tubes bieten ein hohes Verh\u00e4ltnis von Festigkeit zu Gewicht, Korrosionsbest\u00e4ndigkeit und eine hochwertige champagnerfarbene Eloxierung f\u00fcr Haltbarkeit und \u00c4sthetik.<br \/>\n<\/p><br \/>\n<br \/>\n<p><b>3. warum sollten Sie sich f\u00fcr ein stranggepresstes Aluminium-Dreiecksprofil im Vergleich zu Standardprofilen entscheiden?<\/b><\/p>\n<p>Im Vergleich zu Standardprofilen bieten die stranggepressten Aluminiumrohre von Triangle Champagne eine unverwechselbare Geometrie, eine hervorragende Lastverteilung und ein gehobenes Erscheinungsbild bei minimalem Wartungsaufwand.<br \/>\n<\/p><br \/>\n<br \/>\n<p><b>4. kann Triangle Champagne Aluminium stranggepresste Rohre angepasst werden?<\/b><\/p>\n<p>Ja, die stranggepressten Aluminiumrohre von Triangle Champagne k\u00f6nnen in L\u00e4nge, Wandst\u00e4rke, Legierungsgrad und Oberfl\u00e4chenbehandlung auf die spezifischen Design- und Strukturanforderungen zugeschnitten werden.<br \/>\n<\/p><br \/>\n<br \/>\n<p><b>5. welche Oberfl\u00e4chenbehandlungen sind f\u00fcr stranggepresste Aluminiumrohre von Triangle Champagne erh\u00e4ltlich?<\/b><\/p>\n<p>Zu den \u00fcblichen Oberfl\u00e4chenbehandlungen geh\u00f6ren champagnerfarbenes Eloxieren, Pulverbeschichtung in kundenspezifischen Farbt\u00f6nen und klares Walzfinish zur Verbesserung des Korrosionsschutzes und der optischen Attraktivit\u00e4t.<br \/>\n<\/p><br \/>\n<br \/>\n<p><b>6. sind die stranggepressten Aluminiumrohre von Triangle Champagne f\u00fcr den Au\u00dfeneinsatz geeignet?<\/b><\/p>\n<p>Ja, mit einer robusten champagnerfarbenen Eloxalschicht sind die stranggepressten Rohre von Triangle Champagne Aluminium widerstandsf\u00e4hig gegen UV-Strahlung, Feuchtigkeit und raue Witterungseinfl\u00fcsse und damit ideal f\u00fcr Au\u00dfeninstallationen.<br \/>\n<\/p><br \/>\n<br \/>\n<p><b>7. wie verbessert die champagnerfarbene Eloxierung die Triangle Aluminum Extruded Tubes?<\/b><\/p>\n<p>Die champagnerfarbene Eloxierung der stranggepressten Aluminiumrohre von Triangle erh\u00f6ht die Oberfl\u00e4chenh\u00e4rte, sch\u00fctzt vor Kratzern und sorgt f\u00fcr eine gleichm\u00e4\u00dfige, lang anhaltende Farbe bei hochwertigen Anwendungen.<br \/>\n<\/p><br \/>\n<br \/>\n<p><b>Welche Branchen profitieren am meisten von Triangle Champagne Aluminum Extruded Tubes?<\/b><\/p>\n<p>Architekturb\u00fcros, Hersteller von Einzelhandelsdisplays, Beleuchtungsdesigner und Innenarchitekten nutzen die stranggepressten Aluminiumrohre von Triangle Champagne wegen ihrer Mischung aus Form, Funktion und luxuri\u00f6sem Finish.<br \/>\n<\/p><br \/><\/p>","protected":false},"featured_media":6467,"template":"","categories":[60],"class_list":["post-6468","product","type-product","status-publish","has-post-thumbnail","hentry","category-general-tubes-and-bars"],"meta_box":{"hilight_text_group":{"product_hilight_text":"<li>Elegant champagne finish enhances aesthetic appeal for premium projects<\/li>\r\r\n<li>Unique triangle shape offers superior structural stability<\/li>\r\r\n<li>Made from high-quality aluminum alloy with excellent corrosion resistance<\/li>\r\r\n<li>Lightweight and easy to machine for versatile applications<\/li>\r\r\n<li>Supports custom sizes and bulk orders with reliable supply<\/li>","product_chanpin_blog":"<ul>\r\r\n<li><a href=\"https:\/\/sinoextrud.com\/t-slot-v-slot-differences\/\" target=\"_blank\">t slot vs v slot<\/a><\/li>\r\r\n<li><a href=\"https:\/\/sinoextrud.com\/what-is-4040-aluminium-extrud\/\" target=\"_blank\">4040 aluminium extrusion<\/a><\/li>\r\r\n<li><a href=\"https:\/\/sinoextrud.com\/what-is-4040-aluminium-extrud\/\" target=\"_blank\">aluminum extrusions for industrial racks<\/a><\/li>\r\r\n<li><a href=\"https:\/\/sinoextrud.com\/powder-coating-aluminium-process\/\" target=\"_blank\">powder coating aluminium<\/a><\/li>\r\r\n<li><a href=\"https:\/\/sinoextrud.com\/what-is-an-aluminium-strip-ceiling\/\" target=\"_blank\">aluminium strip ceiling<\/a><\/li>\r\r\n<li><a href=\"https:\/\/sinoextrud.com\/what-is-a-heat-sink\/\" target=\"_blank\">what is a heat sink<\/a><\/li>\r\r\n<\/ul>","product_chanpin_chanpin":"<li><a href=\"https:\/\/sinoextrud.com\/product\/u-shaped-aluminum-extrusion\/\" target=\"_blank\">U Shaped Aluminum Extrusion<\/a><\/li>\r\n<li><a href=\"https:\/\/sinoextrud.com\/product\/40-x-40-aluminium-extrusion\/\" target=\"_blank\">40 X 40 Aluminium Extrusion<\/a><\/li>\r\n<li><a href=\"https:\/\/sinoextrud.com\/product\/aluminium-bars\/\" target=\"_blank\">Aluminium Bars<\/a><\/li>\r\n<li><a href=\"https:\/\/sinoextrud.com\/product\/3003-aluminum-tube-and-pipe\/\" target=\"_blank\">3003 Aluminum Tube And Pipe<\/a><\/li>\r\n<li><a href=\"https:\/\/sinoextrud.com\/product\/triangle-champagne-aluminum-extruded-tube\/\" target=\"_blank\">Triangle Champagne Aluminum Extruded Tube<\/a><\/li>\r\n<li><a href=\"https:\/\/sinoextrud.com\/product\/6063-aluminum-pipe-fire-hydrant-aluminum-profile\/\" target=\"_blank\">6063 Aluminum Pipe Fire Hydrant Aluminum Profile<\/a><\/li>\r\n<li><a href=\"https:\/\/sinoextrud.com\/product\/aluminum-extrusion-electrophoresis-aluminum-tube\/\" target=\"_blank\">Aluminum Extrusion Electrophoresis Aluminum Tube<\/a><\/li>\r\n<li><a href=\"https:\/\/sinoextrud.com\/product\/aluminum-square-tube-powder-coating-6063-t5-extruded-profiles\/\" target=\"_blank\">aluminum square tube powder coating 6063 t5 extruded profiles<\/a><\/li>\r\n<li><a href=\"https:\/\/sinoextrud.com\/product\/custom-large-diameter-extruded-aluminum-pipe\/\" target=\"_blank\">Custom Large Diameter Extruded Aluminum Pipe<\/a><\/li>\r\n<li><a href=\"https:\/\/sinoextrud.com\/product\/profile-aluminum-cnc\/\" target=\"_blank\">Profile Aluminum CNC<\/a><\/li>\r\n<li><a href=\"https:\/\/sinoextrud.com\/product\/made-extrusion-square-tube-aluminium-profiles-in-stock\/\" target=\"_blank\">Made Extrusion Square Tube Aluminium Profiles in Stock<\/a><\/li>"},"feature_list":[]},"_links":{"self":[{"href":"https:\/\/sinoextrud.com\/de\/wp-json\/wp\/v2\/product\/6468","targetHints":{"allow":["GET"]}}],"collection":[{"href":"https:\/\/sinoextrud.com\/de\/wp-json\/wp\/v2\/product"}],"about":[{"href":"https:\/\/sinoextrud.com\/de\/wp-json\/wp\/v2\/types\/product"}],"wp:featuredmedia":[{"embeddable":true,"href":"https:\/\/sinoextrud.com\/de\/wp-json\/wp\/v2\/media\/6467"}],"wp:attachment":[{"href":"https:\/\/sinoextrud.com\/de\/wp-json\/wp\/v2\/media?parent=6468"}],"wp:term":[{"taxonomy":"category","embeddable":true,"href":"https:\/\/sinoextrud.com\/de\/wp-json\/wp\/v2\/categories?post=6468"}],"curies":[{"name":"wp","href":"https:\/\/api.w.org\/{rel}","templated":true}]}}